{"id":2928,"date":"2020-09-14T01:21:52","date_gmt":"2020-09-13T22:21:52","guid":{"rendered":"https:\/\/www.drfatihirmak.com\/?page_id=2928"},"modified":"2023-01-14T23:03:09","modified_gmt":"2023-01-14T20:03:09","slug":"rinoplastia-no-peru","status":"publish","type":"page","link":"https:\/\/www.drfatihirmak.com\/pt\/rhinoplasty-in-turkey","title":{"rendered":"Rinoplastia na Turquia"},"content":{"rendered":"<p>Desde a corre\u00e7\u00e3o de feridas de batalha at\u00e9 ao al\u00edvio de problemas respirat\u00f3rios, a arte e a ci\u00eancia da <strong>rinoplastia<\/strong> tem sido aperfei\u00e7oada ao longo de centenas de anos. Os antigos eg\u00edpcios foram os primeiros a experimentar a reforma do nariz atrav\u00e9s de cirurgia, e os escritos indianos de 500 a.C. retratam uma experi\u00eancia precoce na modela\u00e7\u00e3o da cartilagem e do osso nasais. A ci\u00eancia moderna, iniciada h\u00e1 apenas 200 anos, permitiu o r\u00e1pido avan\u00e7o de t\u00e9cnicas cir\u00fargicas comprovadas e verdadeiras. Atualmente, \u00e9 mais r\u00e1pido, mais seguro e com menos tempo de paragem do que nunca.<\/p>\n<p>A escolha de um cirurgi\u00e3o pl\u00e1stico \u00e9 possivelmente o passo mais importante no processo de obten\u00e7\u00e3o de uma cirurgia de rinoplastia. Como todos os procedimentos m\u00e9dicos, os cirurgi\u00f5es requerem uma s\u00f3lida forma\u00e7\u00e3o cient\u00edfica e m\u00e9dica. Um sinal seguro de um cirurgi\u00e3o qualificado \u00e9 a certifica\u00e7\u00e3o de um conselho conceituado, como a Sociedade Americana de Cirurgi\u00f5es Pl\u00e1sticos. \u00c9 importante notar que qualquer m\u00e9dico licenciado pode anunciar legalmente como \"cirurgi\u00e3o pl\u00e1stico\" ou \"cirurgi\u00e3o cosm\u00e9tico\". Encontrar um m\u00e9dico que tenha sido reconhecido no campo da cirurgia pl\u00e1stica como tendo educa\u00e7\u00e3o e forma\u00e7\u00e3o especializada \u00e9 fundamental.<\/p>\n<h2>Rinoplastia na Turquia<\/h2>\n<p>Ao contr\u00e1rio de outras cirurgias est\u00e9ticas simples, como a mamoplastia de aumento, esta requer delicadeza e um olho de artista para os pormenores e \u00e9 uma das mais dif\u00edceis de todas as cirurgias pl\u00e1sticas. Esculpir o nariz na forma perfeita desejada n\u00e3o \u00e9 muito diferente de esculpir uma obra de arte em pedra. Por isso, \u00e9 fundamental pesquisar <strong>rinoplastia<\/strong> Os especialistas s\u00e3o avaliados n\u00e3o s\u00f3 pela sua forma\u00e7\u00e3o e pelo seu estatuto de certificado, mas tamb\u00e9m pela sua carteira de trabalho. Os cirurgi\u00f5es ter\u00e3o uma s\u00e9rie de fotografias de antes e depois de pacientes anteriores, muitas das quais est\u00e3o dispon\u00edveis no s\u00edtio Web da cl\u00ednica. Deve-se procurar pacientes anteriores que tenham um tamanho e forma de nariz semelhantes para melhor avaliar o trabalho que um cirurgi\u00e3o pl\u00e1stico \u00e9 capaz de efetuar.<\/p>\n<p>O estabelecimento de contactos com outras pessoas que tenham recebido tratamento tamb\u00e9m desempenha um papel importante na investiga\u00e7\u00e3o. Algumas pessoas podem ter queixas sobre os resultados do seu procedimento, enquanto outras podem n\u00e3o gostar da maneira de estar do m\u00e9dico. Esta informa\u00e7\u00e3o permite tomar uma decis\u00e3o mais informada ao escolher um cirurgi\u00e3o pl\u00e1stico. Tenha em mente que o cirurgi\u00e3o mais adequado pode n\u00e3o viver num raio de 50 milhas de casa. Contactar doentes de todo o pa\u00eds alarga a pesquisa e aumenta as probabilidades de encontrar o m\u00e9dico certo. O inc\u00f3modo e o custo da desloca\u00e7\u00e3o devem ser ponderados em rela\u00e7\u00e3o \u00e0 import\u00e2ncia de obter bons resultados. Os veteranos do procedimento tamb\u00e9m podem ter dicas \u00fateis sobre o que esperar antes, durante e ap\u00f3s o procedimento.<\/p>\n<p>Todas as interven\u00e7\u00f5es no nariz come\u00e7am com uma consulta m\u00e9dica. As discuss\u00f5es com um cirurgi\u00e3o pl\u00e1stico abrangem normalmente a raz\u00e3o para procurar tratamento, o resultado desejado e uma s\u00e9rie de op\u00e7\u00f5es de tratamento. As raz\u00f5es para procurar tratamento podem incluir o endireitamento da ponte, a simetriza\u00e7\u00e3o das narinas ou uma mir\u00edade de outras raz\u00f5es est\u00e9ticas, bem como a necessidade m\u00e9dica, como uma les\u00e3o e\/ou dificuldade em respirar. Os m\u00e9dicos devem ajudar o doente a definir um objetivo claro. Por vezes, isto \u00e9 conseguido se o doente trouxer fotografias de narizes que possam ser adequados ao seu rosto; al\u00e9m disso, <strong>rinoplastia naTurquia<\/strong> Os especialistas utilizam frequentemente imagens geradas por computador para mostrar ao doente o aspeto que poder\u00e1 ter ap\u00f3s a cirurgia. Em \u00faltima an\u00e1lise, o m\u00e9dico deve determinar se os pedidos do doente s\u00e3o realistas e se este est\u00e1 mentalmente apto para a cirurgia pl\u00e1stica. Os bons candidatos \u00e0 cirurgia podem enumerar quest\u00f5es de auto-confian\u00e7a ou de bullying, mas sinais claros de problemas como a dismorfia corporal podem ser motivo para o cirurgi\u00e3o se recusar a tratar o doente. Uma vez que o m\u00e9dico e o paciente cheguem a um acordo sobre a melhor op\u00e7\u00e3o de tratamento e os planos de pagamento tenham sido combinados, pode ser marcada uma data para a cirurgia.<\/p>\n<p>Durante <strong>rinoplastia <\/strong>Na cirurgia, o cirurgi\u00e3o utiliza um de dois m\u00e9todos principais. Para muitos doentes, a maioria das incis\u00f5es \u00e9 efectuada no interior do nariz, atrav\u00e9s da narina, para reduzir as cicatrizes. Esta t\u00e9cnica \u00e9 conhecida como \"procedimento fechado...\" Dependendo das necessidades do paciente, o cirurgi\u00e3o pode optar por fazer uma incis\u00e3o na pele entre as narinas, conhecida como columela. Esta \"abertura\" permite que a pele seja levantada para um acesso total por baixo. O cirurgi\u00e3o esculpe ent\u00e3o cuidadosamente o nariz, inserindo ou removendo cartilagem e\/ou osso, antes de suturar o nariz. Os pontos modernos s\u00e3o concebidos para serem dissolv\u00edveis e reabsorvidos inofensivamente pelo corpo, evitando a necessidade de voltar ao m\u00e9dico para os remover. A cicatriza\u00e7\u00e3o total pode demorar at\u00e9 um ano, enquanto o incha\u00e7o e as n\u00f3doas negras devem desaparecer numa quest\u00e3o de dias. \u00c9 extremamente importante manter o nariz no lugar com talas e evitar ferimentos na \u00e1rea at\u00e9 que esteja definido. Mesmo favorecer um lado quando se dorme pode fazer com que o nariz se desloque e cicatrize de forma incorrecta. Os cuidados p\u00f3s-cir\u00fargicos devem ser discutidos com o m\u00e9dico e recebidos por escrito para garantir os melhores resultados.<\/p>\n<p>Nenhuma considera\u00e7\u00e3o sobre a pl\u00e1stica do nariz est\u00e1 completa sem ter em conta os custos. A maioria das companhias de seguros n\u00e3o cobre cirurgias cosm\u00e9ticas ou opcionais. Alguns procedimentos no nariz, como as septoplastias, s\u00e3o cobertos como tratamento m\u00e9dico para aliviar infec\u00e7\u00f5es cr\u00f3nicas dos seios nasais, problemas respirat\u00f3rios, defeitos cong\u00e9nitos e outras condi\u00e7\u00f5es semelhantes. Uma vez que muitos pacientes pagam do pr\u00f3prio bolso por pequenos ajustes est\u00e9ticos, pode haver uma tend\u00eancia para se inclinarem para cirurgi\u00f5es menos dispendiosos. No entanto, esses investimentos muitas vezes n\u00e3o compensam a longo prazo. Uma boa parte das rinoplastias s\u00e3o correctivas, o que significa que os cirurgi\u00f5es est\u00e3o a corrigir o que outros m\u00e9dicos produziram porque o paciente estava insatisfeito com os resultados iniciais. O custo de m\u00faltiplas cirurgias est\u00e9ticas pode disparar. Assim, \u00e9 imperativo que a primeira cirurgia produza os melhores resultados poss\u00edveis, mesmo que isso signifique pagar um pouco mais adiantado. Uma cirurgia pl\u00e1stica qualificada e experiente, com conhecimentos especializados em <strong>rinoplastia<\/strong> faz toda a diferen\u00e7a.<\/p>","protected":false},"excerpt":{"rendered":"<p>From correcting battle wounds to alleviating breathing problems, the art and science of rhinoplasty has been refined over hundreds of years. Ancient Egyptians were the first known to experiment in reformation of the nose through surgery, and Indian writings from 500 B.C. depict an early expertise in the shaping of nasal cartilage and bone. Modern [&hellip;]<\/p>\n","protected":false},"author":1,"featured_media":0,"parent":0,"menu_order":0,"comment_status":"closed","ping_status":"closed","template":"","meta":{"_et_pb_use_builder":"","_et_pb_old_content":"","_et_gb_content_width":"","footnotes":""},"class_list":["post-2928","page","type-page","status-publish","hentry"],"_links":{"self":[{"href":"https:\/\/www.drfatihirmak.com\/pt\/wp-json\/wp\/v2\/pages\/2928","targetHints":{"allow":["GET"]}}],"collection":[{"href":"https:\/\/www.drfatihirmak.com\/pt\/wp-json\/wp\/v2\/pages"}],"about":[{"href":"https:\/\/www.drfatihirmak.com\/pt\/wp-json\/wp\/v2\/types\/page"}],"author":[{"embeddable":true,"href":"https:\/\/www.drfatihirmak.com\/pt\/wp-json\/wp\/v2\/users\/1"}],"replies":[{"embeddable":true,"href":"https:\/\/www.drfatihirmak.com\/pt\/wp-json\/wp\/v2\/comments?post=2928"}],"version-history":[{"count":0,"href":"https:\/\/www.drfatihirmak.com\/pt\/wp-json\/wp\/v2\/pages\/2928\/revisions"}],"wp:attachment":[{"href":"https:\/\/www.drfatihirmak.com\/pt\/wp-json\/wp\/v2\/media?parent=2928"}],"curies":[{"name":"wp","href":"https:\/\/api.w.org\/{rel}","templated":true}]}}