{"id":2291,"date":"2020-06-11T19:01:56","date_gmt":"2020-06-11T16:01:56","guid":{"rendered":"https:\/\/www.drfatihirmak.com\/yuz-gozler\/yuz-germe\/"},"modified":"2024-11-19T20:13:14","modified_gmt":"2024-11-19T17:13:14","slug":"lifting-facial-2","status":"publish","type":"page","link":"https:\/\/www.drfatihirmak.com\/pt\/yuz-gozler\/yuz-germe","title":{"rendered":"LIFTING FACIAL"},"content":{"rendered":"<p>[et_pb_section fb_built=&#8221;1&#8243; _builder_version=&#8221;4.16&#8243; custom_padding=&#8221;1%||1%||true|false&#8221; global_colors_info=&#8221;{}&#8221; da_is_popup=&#8221;off&#8221; da_exit_intent=&#8221;off&#8221; da_has_close=&#8221;on&#8221; da_alt_close=&#8221;off&#8221; da_dark_close=&#8221;off&#8221; da_not_modal=&#8221;on&#8221; da_is_singular=&#8221;off&#8221; da_with_loader=&#8221;off&#8221; da_has_shadow=&#8221;on&#8221; da_disable_devices=&#8221;off|off|off&#8221;][et_pb_row column_structure=&#8221;1_4,3_4&#8243; use_custom_gutter=&#8221;on&#8221; gutter_width=&#8221;2&#8243; _builder_version=&#8221;4.16&#8243; width=&#8221;90%&#8221; max_width=&#8221;88%&#8221; custom_margin=&#8221;0px||0px||true|false&#8221; custom_padding=&#8221;0px||0px||false|false&#8221; global_colors_info=&#8221;{}&#8221;][et_pb_column type=&#8221;1_4&#8243; _builder_version=&#8221;4.16&#8243; background_enable_image=&#8221;off&#8221; background_size=&#8221;contain&#8221; custom_padding=&#8221;2%||2%||true|false&#8221; global_colors_info=&#8221;{}&#8221;][et_pb_text _builder_version=&#8221;4.16&#8243; _dynamic_attributes=&#8221;content&#8221; text_font=&#8221;|700|||||||&#8221; text_font_size=&#8221;35px&#8221; text_line_height=&#8221;0.8em&#8221; background_image=&#8221;https:\/\/drfatihirmak.com\/wp-content\/uploads\/2020\/02\/icon-bg.png&#8221; background_size=&#8221;contain&#8221; global_colors_info=&#8221;{}&#8221;]@ET-DC@eyJkeW5hbWljIjp0cnVlLCJjb250ZW50IjoicG9zdF90aXRsZSIsInNldHRpbmdzIjp7ImJlZm9yZSI6IiIsImFmdGVyIjoiIn19@[\/et_pb_text][\/et_pb_column][et_pb_column type=&#8221;3_4&#8243; _builder_version=&#8221;4.16&#8243; custom_padding=&#8221;2%||2%||true|false&#8221; global_colors_info=&#8221;{}&#8221;][\/et_pb_column][\/et_pb_row][\/et_pb_section][et_pb_section fb_built=&#8221;1&#8243; _builder_version=&#8221;4.3.3&#8243; custom_padding=&#8221;0px||0px||false|false&#8221; global_module=&#8221;920&#8243; global_colors_info=&#8221;{}&#8221; da_is_popup=&#8221;off&#8221; da_exit_intent=&#8221;off&#8221; da_has_close=&#8221;on&#8221; da_alt_close=&#8221;off&#8221; da_dark_close=&#8221;off&#8221; da_not_modal=&#8221;on&#8221; da_is_singular=&#8221;off&#8221; da_with_loader=&#8221;off&#8221; da_has_shadow=&#8221;on&#8221; da_disable_devices=&#8221;off|off|off&#8221;][et_pb_row use_custom_gutter=&#8221;on&#8221; gutter_width=&#8221;2&#8243; _builder_version=&#8221;4.16&#8243; background_color=&#8221;#3a3839&#8243; width=&#8221;100%&#8221; max_width=&#8221;100%&#8221; custom_margin=&#8221;0px||0px||true|false&#8221; custom_padding=&#8221;0px||0px||true|false&#8221; global_colors_info=&#8221;{}&#8221;][et_pb_column type=&#8221;4_4&#8243; _builder_version=&#8221;4.16&#8243; background_enable_image=&#8221;off&#8221; background_size=&#8221;contain&#8221; custom_padding=&#8221;0%||0%||true|false&#8221; global_colors_info=&#8221;{}&#8221;][et_pb_image src=&#8221;@ET-DC@eyJkeW5hbWljIjp0cnVlLCJjb250ZW50IjoicG9zdF9mZWF0dXJlZF9pbWFnZSIsInNldHRpbmdzIjp7fX0=@&#8221; align=&#8221;center&#8221; force_fullwidth=&#8221;on&#8221; _builder_version=&#8221;4.16&#8243; _dynamic_attributes=&#8221;src&#8221; global_colors_info=&#8221;{}&#8221;][\/et_pb_image][\/et_pb_column][\/et_pb_row][\/et_pb_section][et_pb_section fb_built=&#8221;1&#8243; _builder_version=&#8221;4.16&#8243; custom_margin=&#8221;||40px||false|false&#8221; custom_padding=&#8221;0px||0px||false|false&#8221; global_colors_info=&#8221;{}&#8221; da_is_popup=&#8221;off&#8221; da_exit_intent=&#8221;off&#8221; da_has_close=&#8221;on&#8221; da_alt_close=&#8221;off&#8221; da_dark_close=&#8221;off&#8221; da_not_modal=&#8221;on&#8221; da_is_singular=&#8221;off&#8221; da_with_loader=&#8221;off&#8221; da_has_shadow=&#8221;on&#8221; da_disable_devices=&#8221;off|off|off&#8221;][et_pb_row column_structure=&#8221;1_3,1_3,1_3&#8243; use_custom_gutter=&#8221;on&#8221; gutter_width=&#8221;1&#8243; _builder_version=&#8221;4.16&#8243; width=&#8221;100%&#8221; max_width=&#8221;100%&#8221; module_alignment=&#8221;center&#8221; global_colors_info=&#8221;{}&#8221;][et_pb_column type=&#8221;1_3&#8243; _builder_version=&#8221;4.16&#8243; global_colors_info=&#8221;{}&#8221;][et_pb_button button_url=&#8221;#i\u015flemler&#8221; button_text=&#8221;\u0130\u015eLEMLER&#8221; button_alignment=&#8221;center&#8221; _builder_version=&#8221;4.16&#8243; custom_button=&#8221;on&#8221; button_text_size=&#8221;16px&#8221; button_text_color=&#8221;#210454&#8243; button_border_width=&#8221;0px&#8221; button_letter_spacing=&#8221;0px&#8221; button_font=&#8221;|600|||||||&#8221; button_use_icon=&#8221;off&#8221; global_colors_info=&#8221;{}&#8221;][\/et_pb_button][\/et_pb_column][et_pb_column type=&#8221;1_3&#8243; _builder_version=&#8221;4.16&#8243; global_colors_info=&#8221;{}&#8221;][et_pb_button button_url=&#8221;#Kim&#8221; button_text=&#8221;\u0130Y\u0130 B\u0130R ADAY K\u0130MD\u0130R?&#8221; button_alignment=&#8221;center&#8221; _builder_version=&#8221;4.16&#8243; custom_button=&#8221;on&#8221; button_text_size=&#8221;16px&#8221; button_text_color=&#8221;#210454&#8243; button_border_width=&#8221;0px&#8221; button_letter_spacing=&#8221;0px&#8221; button_font=&#8221;|600|||||||&#8221; button_use_icon=&#8221;off&#8221; global_colors_info=&#8221;{}&#8221;][\/et_pb_button][\/et_pb_column][et_pb_column type=&#8221;1_3&#8243; _builder_version=&#8221;4.16&#8243; global_colors_info=&#8221;{}&#8221;][et_pb_button button_url=&#8221;#uluslararas\u0131&#8221; button_text=&#8221;ULUSLARARASI HASTALAR \u0130\u00c7\u0130N&#8221; button_alignment=&#8221;center&#8221; _builder_version=&#8221;4.16&#8243; custom_button=&#8221;on&#8221; button_text_size=&#8221;16px&#8221; button_text_color=&#8221;#210454&#8243; button_border_width=&#8221;0px&#8221; button_letter_spacing=&#8221;0px&#8221; button_font=&#8221;|600|||||||&#8221; button_use_icon=&#8221;off&#8221; global_colors_info=&#8221;{}&#8221;][\/et_pb_button][\/et_pb_column][\/et_pb_row][et_pb_row use_custom_gutter=&#8221;on&#8221; gutter_width=&#8221;2&#8243; module_id=&#8221;procedure&#8221; _builder_version=&#8221;4.16&#8243; max_width=&#8221;80%&#8221; border_width_top=&#8221;4px&#8221; border_color_top=&#8221;#210454&#8243; border_style_top=&#8221;double&#8221; global_colors_info=&#8221;{}&#8221;][et_pb_column type=&#8221;4_4&#8243; _builder_version=&#8221;4.16&#8243; global_colors_info=&#8221;{}&#8221;][et_pb_text _builder_version=&#8221;4.16&#8243; text_font_size=&#8221;18px&#8221; header_2_font=&#8221;|600|||||||&#8221; header_2_text_color=&#8221;#2a7cc8&#8243; header_2_line_height=&#8221;1.7em&#8221; locked=&#8221;off&#8221; global_colors_info=&#8221;{}&#8221;]<\/p>\n<h2>Y\u00fcz germe (ritidektomi) nedir?<\/h2>\n<p>Ritidektomi olarak da bilinen y\u00fcz germe, y\u00fcz ve boyuna daha gen\u00e7 bir g\u00f6r\u00fcn\u00fcm kazand\u0131rmak i\u00e7in kullan\u0131lan kozmetik cerrahi bir prosed\u00fcrd\u00fcr. Y\u00fcz germe esas olarak alt y\u00fcz ve boyundaki ya\u015flanmay\u0131 ele al\u0131r.<\/p>\n<p>Y\u00fcz bir\u00e7ok y\u00f6nden ya\u015flan\u0131r, ancak en \u00e7ok cilt y\u00fczeyinin fark\u0131nda oluruz . Deri\u00a0 elastikiyetini kaybeder ve y\u00f6r\u00fcnge, kulaklar, burun ve a\u011f\u0131z etraf\u0131nda sabitlendi\u011fi yerden d\u00fc\u015fer. Ya\u011f ve kastan olu\u015fan yumu\u015fak dokular ve kemikte gen\u00e7li\u011fin s\u0131k\u0131l\u0131\u011f\u0131 azalarak s\u00f6ner .<\/p>\n<p>Bu ameliyat s\u0131ras\u0131nda derin \u00e7izgiler ve k\u0131r\u0131\u015f\u0131kl\u0131klar yumu\u015fat\u0131l\u0131r, \u00e7ene kald\u0131r\u0131l\u0131r ve boyun derisi s\u0131k\u0131la\u015ft\u0131r\u0131l\u0131r. Y\u00fcz germe y\u00fcz\u00fcn\u00fcz\u00fc yakla\u015f\u0131k\u00a0 olarak 10 ila 15 y\u0131l gen\u00e7le\u015ftirir.<\/p>\n<p>Bu prosed\u00fcrde sadece cilt de\u011fil, ayn\u0131 zamanda platysma ad\u0131 verilen cildin alt kas\u0131, kulaklar\u0131n \u00e7evresinden fazla deri \u00e7\u0131kar\u0131larak\u00a0 uygun seviyelere\u00a0 getirilir. Bu kald\u0131rma genellikle ya\u011f a\u015f\u0131lama, \u00e7ene,\u00a0 \u00e7izgisi, dudaklar, yanaklar ve \u015fakaklar\u0131n doldurulmas\u0131 ile birle\u015ftirilir.<\/p>\n<p>Y\u00fcz germe ameliyat\u0131ndaki e\u011filim art\u0131k kay\u0131p hacmi geri kazand\u0131rma\u00a0 ve dokular\u0131 do\u011fal konumlar\u0131na geri d\u00f6nd\u00fcrmeye daha fazla \u00f6nem vermektedir. Ba\u015far\u0131l\u0131 bir y\u00fcz germe, geni\u015f \u00f6l\u00e7\u00fcde\u00a0 cildin \u00e7\u0131kar\u0131lmas\u0131na ve cildin s\u0131k\u0131ca gerilmesine\u00a0 dayanmaz. Y\u00fcz germe s\u0131ras\u0131nda tipik olarak sadece minimum cilt\u00a0 \u00e7\u0131kar\u0131l\u0131r. Genel olarak s\u00f6ylemek gerekirse \u00e7o\u011fu hasta \u00e7ene b\u00f6lgesinde , alt y\u00fcz ve boynunda biraz gev\u015fek cildine sahip olacakt\u0131r. Y\u00fczdeki kay\u0131p hacmi geri kazand\u0131rmak, y\u00fcz gen\u00e7le\u015ftirme s\u0131ras\u0131nda\u00a0 daha \u00f6nemlidir.<\/p>\n<p>Bu, v\u00fccudun bir b\u00f6lgesinden (\u00f6rn. Kar\u0131n) ya\u011flar\u0131n\u0131 al\u0131p\u00a0 ve daha sonra ba\u015fka bir b\u00f6lgeye (\u00f6rne\u011fin y\u00fcz \/ yanaklar) aktaran bir ya\u011f transferi yoluyla ger\u00e7ekle\u015ftirilir. Bu ayr\u0131ca, orta y\u00fcz ve \u00e7ene \u00e7izgisine daha gen\u00e7 bir g\u00f6r\u00fcn\u00fcm sa\u011flamak i\u00e7in y\u00fcz\u00fcn yumu\u015fak dokular\u0131n\u0131n (\u201cSMAS\u201d olarak adland\u0131r\u0131l\u0131r) y\u00fckseltilmesi ile birle\u015ftirilir.<\/p>\n<p>Ba\u015far\u0131l\u0131 bir y\u00fcz germenin\u00a0 amac\u0131 daha gen\u00e7 ve do\u011fal g\u00f6r\u00fcnmektir.[\/et_pb_text][\/et_pb_column][\/et_pb_row][\/et_pb_section][et_pb_section fb_built=&#8221;1&#8243; disabled_on=&#8221;off|off|off&#8221; _builder_version=&#8221;4.16&#8243; use_background_color_gradient=&#8221;on&#8221; background_color_gradient_direction=&#8221;90deg&#8221; background_color_gradient_stops=&#8221;#2a7cc8 0%|#210454 100%&#8221; background_color_gradient_start=&#8221;#2a7cc8&#8243; background_color_gradient_end=&#8221;#210454&#8243; global_colors_info=&#8221;{}&#8221; da_is_popup=&#8221;off&#8221; da_exit_intent=&#8221;off&#8221; da_has_close=&#8221;on&#8221; da_alt_close=&#8221;off&#8221; da_dark_close=&#8221;off&#8221; da_not_modal=&#8221;on&#8221; da_is_singular=&#8221;off&#8221; da_with_loader=&#8221;off&#8221; da_has_shadow=&#8221;on&#8221; da_disable_devices=&#8221;off|off|off&#8221;][et_pb_row column_structure=&#8221;1_3,1_3,1_3&#8243; _builder_version=&#8221;4.16&#8243; max_width=&#8221;80%&#8221; global_colors_info=&#8221;{}&#8221;][et_pb_column type=&#8221;1_3&#8243; _builder_version=&#8221;4.16&#8243; global_colors_info=&#8221;{}&#8221;][divienhancer_image_comparison before_upload=&#8221;https:\/\/drfatihirmak.com\/wp-content\/uploads\/2020\/04\/1-facelift-before.jpg&#8221; before_text=&#8221;\u00d6ncesi&#8221; after_upload=&#8221;https:\/\/drfatihirmak.com\/wp-content\/uploads\/2020\/04\/1-facelift-after.jpg&#8221; after_text=&#8221;Sonras\u0131&#8221; _builder_version=&#8221;4.16&#8243; background_color=&#8221;#88959e&#8221; custom_padding=&#8221;||||true|false&#8221; global_colors_info=&#8221;{}&#8221;][\/divienhancer_image_comparison][\/et_pb_column][et_pb_column type=&#8221;1_3&#8243; _builder_version=&#8221;4.16&#8243; global_colors_info=&#8221;{}&#8221;][divienhancer_image_comparison before_upload=&#8221;https:\/\/drfatihirmak.com\/wp-content\/uploads\/2020\/04\/2-facelift-before.jpg&#8221; before_text=&#8221;\u00d6ncesi&#8221; after_upload=&#8221;https:\/\/drfatihirmak.com\/wp-content\/uploads\/2020\/04\/2-facelift-after.jpg&#8221; after_text=&#8221;Sonras\u0131&#8221; _builder_version=&#8221;4.16&#8243; background_color=&#8221;#88959e&#8221; custom_padding=&#8221;||||true|false&#8221; global_colors_info=&#8221;{}&#8221;][\/divienhancer_image_comparison][\/et_pb_column][et_pb_column type=&#8221;1_3&#8243; _builder_version=&#8221;4.16&#8243; global_colors_info=&#8221;{}&#8221;][divienhancer_image_comparison before_upload=&#8221;https:\/\/drfatihirmak.com\/wp-content\/uploads\/2020\/04\/4-facelift-before.jpg&#8221; before_text=&#8221;\u00d6ncesi&#8221; after_upload=&#8221;https:\/\/drfatihirmak.com\/wp-content\/uploads\/2020\/04\/4-facelift-after.jpg&#8221; after_text=&#8221;Sonras\u0131&#8221; _builder_version=&#8221;4.16&#8243; background_color=&#8221;#88959e&#8221; custom_padding=&#8221;||||true|false&#8221; global_colors_info=&#8221;{}&#8221;][\/divienhancer_image_comparison][\/et_pb_column][\/et_pb_row][\/et_pb_section][et_pb_section fb_built=&#8221;1&#8243; _builder_version=&#8221;4.16&#8243; custom_padding=&#8221;||0px|||&#8221; global_colors_info=&#8221;{}&#8221; da_is_popup=&#8221;off&#8221; da_exit_intent=&#8221;off&#8221; da_has_close=&#8221;on&#8221; da_alt_close=&#8221;off&#8221; da_dark_close=&#8221;off&#8221; da_not_modal=&#8221;on&#8221; da_is_singular=&#8221;off&#8221; da_with_loader=&#8221;off&#8221; da_has_shadow=&#8221;on&#8221; da_disable_devices=&#8221;off|off|off&#8221;][et_pb_row use_custom_gutter=&#8221;on&#8221; gutter_width=&#8221;2&#8243; module_id=&#8221;whois&#8221; _builder_version=&#8221;4.16&#8243; max_width=&#8221;80%&#8221; border_color_top=&#8221;#210454&#8243; border_style_top=&#8221;double&#8221; global_colors_info=&#8221;{}&#8221;][et_pb_column type=&#8221;4_4&#8243; _builder_version=&#8221;4.16&#8243; global_colors_info=&#8221;{}&#8221;][et_pb_text _builder_version=&#8221;4.16&#8243; text_font_size=&#8221;18px&#8221; header_2_font=&#8221;|600|||||||&#8221; header_2_text_color=&#8221;#2a7cc8&#8243; header_2_line_height=&#8221;1.7em&#8221; locked=&#8221;off&#8221; global_colors_info=&#8221;{}&#8221;]<\/p>\n<h2>Fatih Irmak&#8217;\u0131n yapaca\u011f\u0131 prosed\u00fcr hakk\u0131nda<\/h2>\n<p>Y\u00fcz germe i\u015fleminiz i\u00e7in birka\u00e7 teknik se\u00e7enek vard\u0131r. Kullan\u0131lanlar, istedi\u011finiz d\u00fczeltme t\u00fcr\u00fcne ba\u011fl\u0131 olacakt\u0131r ve Dr. Irmak, ihtiyac\u0131n\u0131za en uygun tekni\u011fe karar verecektir Bu teknikler \u015funlar\u0131 i\u00e7erir:<\/p>\n<ul>\n<li><strong>Geleneksel<\/strong>: Sarkan cildi ve a\u015f\u0131r\u0131 ya\u011f\u0131 olan hastalar i\u00e7in idealdir<\/li>\n<li><strong>Derin D\u00fczlem<\/strong>: Sigara k\u0131r\u0131\u015f\u0131kl\u0131klar\u0131 veya yara izleri gibi cildin y\u00fczeyinden\u00a0 zarar g\u00f6rm\u00fc\u015f hastalar i\u00e7in en uygun tekniktir.<\/li>\n<li><strong>S-Lift<\/strong>: Eski yanaklar\u0131na kavu\u015fmak isteyen\u00a0 ve boynunda minimal sarkma olan gen\u00e7 hastalar i\u00e7in tasarlanm\u0131\u015ft\u0131r<\/li>\n<li><strong>SMAS<\/strong>: Zay\u0131f y\u00fcz kaslar\u0131 sebebiyle\u00a0 a\u015f\u0131r\u0131 y\u00fcz sarkmas\u0131 olan hastalar i\u00e7in<\/li>\n<\/ul>\n<h2>Y\u00fcz germe prosed\u00fcr\u00fc i\u00e7in iyi bir aday kimdir?<\/h2>\n<p>Alt y\u00fcz\u00fcn\u00fcz\u00fcn ve boynunuzun gen\u00e7le\u015fmesi ile ilgilenen sa\u011fl\u0131kl\u0131 , sigara i\u00e7meyen biriyseniz, y\u00fcz germe i\u00e7in aday olabilirsiniz. Baz\u0131 hastalar \u201chindi boynu\u201d g\u00f6r\u00fcn\u00fcm\u00fc bildirir veya \u00e7ene \u00e7izgisi boyunca g\u0131d\u0131dan\u00a0 \u015fikayet eder.<\/p>\n<h2>\u0130\u015flemden sonra y\u00fczde\u00a0 herhangi bir yara izi olacak m\u0131?<\/h2>\n<p>Y\u00fcz\u00fcn\u00fczde olu\u015facak yara izleri t\u00fcm plastik ameliyatlar i\u00e7inde en iyisidir .. \u00c7ok iyi gizlenirler . \u0130yi yap\u0131lm\u0131\u015f bir y\u00fcz germeden sonra olu\u015fan\u00a0 yaralar herhangi bir soruna neden olmaz.<\/p>\n<p>Y\u00fcz germe daha az yara izi b\u0131rak\u0131r. Prosed\u00fcr\u00fcn standart yara izleri k\u0131sa ve y\u00fcz\u00fcn \u00e7evresine, kula\u011f\u0131n \u00f6n\u00fcne, kulak memesinin alt\u0131na ve kula\u011f\u0131n arkas\u0131ndaki \u00e7izgiye\u00a0 gizlenmi\u015ftir.<\/p>\n<p>\u00c7o\u011fu yara , ilk g\u00fcnden itibaren sa\u00e7 i\u00e7inde gizlenecek ve diki\u015fler \u00e7\u0131kar\u0131ld\u0131ktan hemen sonra makyaj uygulanabilecektir.<\/p>\n<h2>Y\u00fcz germe ameliyat\u0131n\u0131z s\u00fcresince<\/h2>\n<p>Ameliyat\u0131n\u0131z lokal anestezi veya genel anestezi alt\u0131nda yap\u0131lacakt\u0131r. Fatih Irmak, kesikleri kula\u011f\u0131n\u0131z\u0131n y\u00fcz\u00fcn\u00fczle bulu\u015ftu\u011fu yer boyunca yapar , b\u00f6ylece her \u015fey iyile\u015fti\u011finde yara iziniz\u00a0 iyi gizlenir. Kesi sa\u00e7 \u00e7izgisi boyunca yukar\u0131 veya a\u015fa\u011f\u0131 do\u011fru uzanabilir. Y\u00fcz\u00fcn\u00fcz\u00fcn derin katmanlar\u0131 s\u0131k\u0131\u015ft\u0131tl\u0131r ve ekstra deri \u00e7\u0131kar\u0131l\u0131r. Boyun genellikle \u00e7enenizin alt\u0131ndaki k\u00fc\u00e7\u00fck bir\u00a0 kesi ile s\u0131k\u0131\u015ft\u0131r\u0131l\u0131r.<\/p>\n<h2>Y\u00fcz germe ameliyat\u0131 i\u00e7in haz\u0131rl\u0131k<\/h2>\n<p>Fatih Irmak, ameliyattan birka\u00e7 hafta \u00f6nce cildin uygulamalarla haz\u0131rlanmas\u0131n\u0131 i\u00e7eren ayr\u0131nt\u0131l\u0131 tavsiyeler verecektir. En \u00f6nemli tavsiye sigara i\u00e7enlerin en az iki hafta boyunca sigaray\u0131 b\u0131rakmalar\u0131d\u0131r, ancak d\u00f6rt hafta veya daha uzun daha iyidir.<\/p>\n<p>Aspirin ve antienflamatuar ila\u00e7lar ve bitkisel takviyeler gibi ila\u00e7lardan ka\u00e7\u0131nman\u0131z gerekir, \u00e7\u00fcnk\u00fc bunlar\u0131n hepsi kanama riskini art\u0131r\u0131r.<\/p>\n<p>Y\u00fcksek tansiyon ba\u015fka bir risktir ve ameliyat s\u0131ras\u0131nda iyi kontrol edilmelidir.<\/p>\n<p>Sorumlu bir ki\u015finin sizi klinikten almas\u0131n\u0131 ve gece boyunca yan\u0131n\u0131zda kalmas\u0131n\u0131 sa\u011flay\u0131n. Ertesi sabah pansuman i\u00e7in klini\u011fe d\u00f6nmeniz gerekecek.<\/p>\n<h2>Y\u00fcz germe ameliyat\u0131n\u0131n sonu\u00e7lar\u0131: Sonsuza dek s\u00fcrecek mi?<\/h2>\n<p>Y\u00fcz germe ameliyat\u0131n\u0131z\u0131n faydalar\u0131n\u0131 daima koruyacaks\u0131n\u0131z. Saati geri al\u0131p tekrar ba\u015fl\u0131yorsunuz. Bununla birlikte, ya\u015flanma s\u00fcrecine kar\u015f\u0131s\u0131n\u0131z. E\u011fer bir facelift sizi 10 ya\u015f daha gen\u00e7 g\u00f6sterirse, her zaman bu 10 y\u0131ll\u0131k avantaj\u0131 koruyaca\u011f\u0131n\u0131z\u0131 s\u00f6ylemek do\u011fru olur.<\/p>\n<p>Bir faceliftin ne kadar s\u00fcrece\u011fini belirleyen, hastan\u0131n ya\u015f\u0131 ve\u00a0 cildinin durumu gibi ba\u015fka fakt\u00f6rler vard\u0131r. Sa\u011fl\u0131kl\u0131 bir durumda olan daha koyu cilt, g\u00fcne\u015f hasar\u0131 olan veya daha ince olan daha a\u00e7\u0131k olan cildin aksine, ameliyat s\u0131ras\u0131nda daha iyi tepki verecektir. Bununla birlikte, 60 ya\u015f\u0131n alt\u0131ndaki hastalar tipik olarak en uzun s\u00fcren sonu\u00e7lara sahiptir.<\/p>\n<p>Cerrah\u0131n becerisi ve kullan\u0131lan teknik, y\u00fcz germe i\u015fleminin \u00f6mr\u00fcnde de \u00f6nemli bir fakt\u00f6rd\u00fcr. Do\u011fal ya\u015flanma s\u00fcreci\u00a0 y\u00fcz germe sonras\u0131nda devam edecektir, ancak yetenekli bir cerrah ve uygun bak\u0131m ile prosed\u00fcr\u00fc takip eden en az 5 y\u0131l boyunca mevcut ya\u015f\u0131n\u0131zdan 10 y\u0131l daha gen\u00e7 g\u00f6r\u00fcnmeyi bekleyebilirsiniz. T\u00fcm yarar\u0131 koruyan ve bir daha asla ya\u015flanmayan \u015fansl\u0131 bir ka\u00e7 ki\u015fi var.<\/p>\n<h2>Fatih Irmak sizin i\u00e7in en iyi \u015fans olabilir!<\/h2>\n<p>Prof. Dr. Fatih Irmak, y\u00fcz germe prosed\u00fcrlerinde \u00e7ok deneyimlidir ve ayr\u0131ca rejeneratif ve destekleyici prosed\u00fcrler, buhar h\u00fccresi dolgular\u0131, ba\u015far\u0131l\u0131 , kal\u0131c\u0131 ve do\u011fal sonu\u00e7lar i\u00e7eren ya\u011f transferi gibi \u00e7ok \u00f6zel teknikler uygulamaktad\u0131r.<\/p>\n<p>[\/et_pb_text][\/et_pb_column][\/et_pb_row][et_pb_row use_custom_gutter=&#8221;on&#8221; gutter_width=&#8221;2&#8243; module_id=&#8221;aware&#8221; _builder_version=&#8221;4.16&#8243; max_width=&#8221;80%&#8221; custom_padding=&#8221;0px|||||&#8221; border_color_top=&#8221;#210454&#8243; border_style_top=&#8221;double&#8221; global_colors_info=&#8221;{}&#8221;][et_pb_column type=&#8221;4_4&#8243; _builder_version=&#8221;4.16&#8243; global_colors_info=&#8221;{}&#8221;][et_pb_accordion _builder_version=&#8221;4.16&#8243; global_colors_info=&#8221;{}&#8221;][et_pb_accordion_item title=&#8221;Prof. Dr. Fatih Irmak bu prosed\u00fcr\u00fc nerede yap\u0131yor?&#8221; open=&#8221;on&#8221; open_toggle_text_color=&#8221;#f4f4f3&#8243; open_toggle_background_color=&#8221;#ffffff&#8221; closed_toggle_background_color=&#8221;#6bffff&#8221; icon_color=&#8221;#6bffff&#8221; _builder_version=&#8221;4.16&#8243; body_text_color=&#8221;#f4f4f3&#8243; use_background_color_gradient=&#8221;on&#8221; background_color_gradient_direction=&#8221;90deg&#8221; background_color_gradient_stops=&#8221;#2a7cc8 0%|#210454 100%&#8221; background_color_gradient_start=&#8221;#2a7cc8&#8243; background_color_gradient_end=&#8221;#210454&#8243; custom_margin=&#8221;0px||0px||false|false&#8221; global_colors_info=&#8221;{}&#8221; toggle_text_color=&#8221;#6bffff&#8221; toggle_level=&#8221;h5&#8243; toggle_font=&#8221;|700|||||||&#8221; toggle_font_size=&#8221;18px&#8221; closed_toggle_font=&#8221;|600|||||||&#8221; closed_toggle_text_align=&#8221;left&#8221; background__hover_enabled=&#8221;on|desktop&#8221; title__hover_enabled=&#8221;off|desktop&#8221;]Fatih Irmak, uluslararas\u0131 onayl\u0131 bir hastanede ve mevcut en ileri teknolojilerle donat\u0131lm\u0131\u015f cerrahi merkezinde poliklinik\u00a0 olarak uygulamaktad\u0131r.[\/et_pb_accordion_item][et_pb_accordion_item title=&#8221;Y\u00fcz germe prosed\u00fcr\u00fc i\u00e7in ne t\u00fcr bir anestezi kullan\u0131l\u0131r?&#8221; open_toggle_text_color=&#8221;#f4f4f3&#8243; open_toggle_background_color=&#8221;#ffffff&#8221; closed_toggle_background_color=&#8221;#6bffff&#8221; icon_color=&#8221;#6bffff&#8221; _builder_version=&#8221;4.16&#8243; body_text_color=&#8221;#f4f4f3&#8243; use_background_color_gradient=&#8221;on&#8221; background_color_gradient_direction=&#8221;90deg&#8221; background_color_gradient_stops=&#8221;#2a7cc8 0%|#210454 100%&#8221; background_color_gradient_start=&#8221;#2a7cc8&#8243; background_color_gradient_end=&#8221;#210454&#8243; custom_margin=&#8221;0px||0px||false|false&#8221; global_colors_info=&#8221;{}&#8221; toggle_text_color=&#8221;#6bffff&#8221; toggle_level=&#8221;h5&#8243; toggle_font=&#8221;|700|||||||&#8221; toggle_font_size=&#8221;18px&#8221; closed_toggle_font=&#8221;|600|||||||&#8221; closed_toggle_text_align=&#8221;left&#8221; background__hover_enabled=&#8221;on|desktop&#8221; title__hover_enabled=&#8221;off|desktop&#8221; open=&#8221;off&#8221;]Y\u00fcz germe i\u015flemi\u00a0 genel anestezi alt\u0131nda yap\u0131l\u0131r.[\/et_pb_accordion_item][et_pb_accordion_item title=&#8221;Y\u00fcz germe ameliyat\u0131 ne kadar s\u00fcrer?&#8221; open_toggle_text_color=&#8221;#f4f4f3&#8243; open_toggle_background_color=&#8221;#ffffff&#8221; closed_toggle_background_color=&#8221;#6bffff&#8221; icon_color=&#8221;#6bffff&#8221; _builder_version=&#8221;4.16&#8243; body_text_color=&#8221;#f4f4f3&#8243; use_background_color_gradient=&#8221;on&#8221; background_color_gradient_direction=&#8221;90deg&#8221; background_color_gradient_stops=&#8221;#2a7cc8 0%|#210454 100%&#8221; background_color_gradient_start=&#8221;#2a7cc8&#8243; background_color_gradient_end=&#8221;#210454&#8243; custom_margin=&#8221;0px||0px||false|false&#8221; global_colors_info=&#8221;{}&#8221; toggle_text_color=&#8221;#6bffff&#8221; toggle_level=&#8221;h5&#8243; toggle_font=&#8221;|700|||||||&#8221; toggle_font_size=&#8221;18px&#8221; closed_toggle_font=&#8221;|600|||||||&#8221; closed_toggle_text_align=&#8221;left&#8221; background__hover_enabled=&#8221;on|desktop&#8221; title__hover_enabled=&#8221;off|desktop&#8221; open=&#8221;off&#8221;]Prosed\u00fcr, prosed\u00fcrlerin kombinasyonuna veya en iyi sonu\u00e7lar i\u00e7in kullan\u0131lan tekniklere ba\u011fl\u0131 olarak 1.5 ila 4 saat s\u00fcrebilir.[\/et_pb_accordion_item][\/et_pb_accordion][\/et_pb_column][\/et_pb_row][\/et_pb_section]<\/p>\n","protected":false},"excerpt":{"rendered":"<p>Y\u00fcz germe (ritidektomi) nedir? Ritidektomi olarak da bilinen y\u00fcz germe, y\u00fcz ve boyuna daha gen\u00e7 bir g\u00f6r\u00fcn\u00fcm kazand\u0131rmak i\u00e7in kullan\u0131lan kozmetik cerrahi bir prosed\u00fcrd\u00fcr. Y\u00fcz germe esas olarak alt y\u00fcz ve boyundaki ya\u015flanmay\u0131 ele al\u0131r. Y\u00fcz bir\u00e7ok y\u00f6nden ya\u015flan\u0131r, ancak en \u00e7ok cilt y\u00fczeyinin fark\u0131nda oluruz . Deri\u00a0 elastikiyetini kaybeder ve y\u00f6r\u00fcnge, kulaklar, burun ve [&hellip;]<\/p>\n","protected":false},"author":1,"featured_media":2876,"parent":2278,"menu_order":0,"comment_status":"closed","ping_status":"closed","template":"","meta":{"_et_pb_use_builder":"on","_et_pb_old_content":"","_et_gb_content_width":"","footnotes":""},"class_list":["post-2291","page","type-page","status-publish","has-post-thumbnail","hentry"],"_links":{"self":[{"href":"https:\/\/www.drfatihirmak.com\/pt\/wp-json\/wp\/v2\/pages\/2291","targetHints":{"allow":["GET"]}}],"collection":[{"href":"https:\/\/www.drfatihirmak.com\/pt\/wp-json\/wp\/v2\/pages"}],"about":[{"href":"https:\/\/www.drfatihirmak.com\/pt\/wp-json\/wp\/v2\/types\/page"}],"author":[{"embeddable":true,"href":"https:\/\/www.drfatihirmak.com\/pt\/wp-json\/wp\/v2\/users\/1"}],"replies":[{"embeddable":true,"href":"https:\/\/www.drfatihirmak.com\/pt\/wp-json\/wp\/v2\/comments?post=2291"}],"version-history":[{"count":1,"href":"https:\/\/www.drfatihirmak.com\/pt\/wp-json\/wp\/v2\/pages\/2291\/revisions"}],"predecessor-version":[{"id":4042,"href":"https:\/\/www.drfatihirmak.com\/pt\/wp-json\/wp\/v2\/pages\/2291\/revisions\/4042"}],"up":[{"embeddable":true,"href":"https:\/\/www.drfatihirmak.com\/pt\/wp-json\/wp\/v2\/pages\/2278"}],"wp:featuredmedia":[{"embeddable":true,"href":"https:\/\/www.drfatihirmak.com\/pt\/wp-json\/wp\/v2\/media\/2876"}],"wp:attachment":[{"href":"https:\/\/www.drfatihirmak.com\/pt\/wp-json\/wp\/v2\/media?parent=2291"}],"curies":[{"name":"wp","href":"https:\/\/api.w.org\/{rel}","templated":true}]}}