{"id":2282,"date":"2020-06-11T18:41:32","date_gmt":"2020-06-11T15:41:32","guid":{"rendered":"https:\/\/www.drfatihirmak.com\/yuz-gozler\/kas-kaldirma\/"},"modified":"2024-11-19T20:13:01","modified_gmt":"2024-11-19T17:13:01","slug":"levantamento-de-musculos","status":"publish","type":"page","link":"https:\/\/www.drfatihirmak.com\/pt\/yuz-gozler\/kas-kaldirma","title":{"rendered":"Levantamento de sobrancelhas"},"content":{"rendered":"<p>[et_pb_section fb_built=&#8221;1&#8243; _builder_version=&#8221;4.16&#8243; custom_padding=&#8221;1%||1%||true|false&#8221; global_colors_info=&#8221;{}&#8221; da_is_popup=&#8221;off&#8221; da_exit_intent=&#8221;off&#8221; da_has_close=&#8221;on&#8221; da_alt_close=&#8221;off&#8221; da_dark_close=&#8221;off&#8221; da_not_modal=&#8221;on&#8221; da_is_singular=&#8221;off&#8221; da_with_loader=&#8221;off&#8221; da_has_shadow=&#8221;on&#8221; da_disable_devices=&#8221;off|off|off&#8221;][et_pb_row column_structure=&#8221;1_4,3_4&#8243; use_custom_gutter=&#8221;on&#8221; gutter_width=&#8221;2&#8243; _builder_version=&#8221;4.16&#8243; width=&#8221;90%&#8221; max_width=&#8221;88%&#8221; custom_margin=&#8221;0px||0px||true|false&#8221; custom_padding=&#8221;0px||0px||false|false&#8221; global_colors_info=&#8221;{}&#8221;][et_pb_column type=&#8221;1_4&#8243; _builder_version=&#8221;4.16&#8243; background_enable_image=&#8221;off&#8221; background_size=&#8221;contain&#8221; custom_padding=&#8221;2%||2%||true|false&#8221; global_colors_info=&#8221;{}&#8221;][et_pb_text _builder_version=&#8221;4.16&#8243; _dynamic_attributes=&#8221;content&#8221; text_font=&#8221;|700|||||||&#8221; text_font_size=&#8221;35px&#8221; text_line_height=&#8221;0.8em&#8221; background_image=&#8221;https:\/\/drfatihirmak.com\/wp-content\/uploads\/2020\/02\/icon-bg.png&#8221; background_size=&#8221;contain&#8221; global_colors_info=&#8221;{}&#8221;]@ET-DC@eyJkeW5hbWljIjp0cnVlLCJjb250ZW50IjoicG9zdF90aXRsZSIsInNldHRpbmdzIjp7ImJlZm9yZSI6IiIsImFmdGVyIjoiIn19@[\/et_pb_text][\/et_pb_column][et_pb_column type=&#8221;3_4&#8243; _builder_version=&#8221;4.16&#8243; custom_padding=&#8221;2%||2%||true|false&#8221; global_colors_info=&#8221;{}&#8221;][\/et_pb_column][\/et_pb_row][\/et_pb_section][et_pb_section fb_built=&#8221;1&#8243; _builder_version=&#8221;4.3.3&#8243; custom_padding=&#8221;0px||0px||false|false&#8221; global_module=&#8221;920&#8243; global_colors_info=&#8221;{}&#8221; da_is_popup=&#8221;off&#8221; da_exit_intent=&#8221;off&#8221; da_has_close=&#8221;on&#8221; da_alt_close=&#8221;off&#8221; da_dark_close=&#8221;off&#8221; da_not_modal=&#8221;on&#8221; da_is_singular=&#8221;off&#8221; da_with_loader=&#8221;off&#8221; da_has_shadow=&#8221;on&#8221; da_disable_devices=&#8221;off|off|off&#8221;][et_pb_row use_custom_gutter=&#8221;on&#8221; gutter_width=&#8221;2&#8243; _builder_version=&#8221;4.16&#8243; background_color=&#8221;#3a3839&#8243; width=&#8221;100%&#8221; max_width=&#8221;100%&#8221; custom_margin=&#8221;0px||0px||true|false&#8221; custom_padding=&#8221;0px||0px||true|false&#8221; global_colors_info=&#8221;{}&#8221;][et_pb_column type=&#8221;4_4&#8243; _builder_version=&#8221;4.16&#8243; background_enable_image=&#8221;off&#8221; background_size=&#8221;contain&#8221; custom_padding=&#8221;0%||0%||true|false&#8221; global_colors_info=&#8221;{}&#8221;][et_pb_image src=&#8221;@ET-DC@eyJkeW5hbWljIjp0cnVlLCJjb250ZW50IjoicG9zdF9mZWF0dXJlZF9pbWFnZSIsInNldHRpbmdzIjp7fX0=@&#8221; align=&#8221;center&#8221; force_fullwidth=&#8221;on&#8221; _builder_version=&#8221;4.16&#8243; _dynamic_attributes=&#8221;src&#8221; global_colors_info=&#8221;{}&#8221;][\/et_pb_image][\/et_pb_column][\/et_pb_row][\/et_pb_section][et_pb_section fb_built=&#8221;1&#8243; _builder_version=&#8221;4.16&#8243; custom_margin=&#8221;||40px||false|false&#8221; custom_padding=&#8221;0px||0px||false|false&#8221; global_colors_info=&#8221;{}&#8221; da_is_popup=&#8221;off&#8221; da_exit_intent=&#8221;off&#8221; da_has_close=&#8221;on&#8221; da_alt_close=&#8221;off&#8221; da_dark_close=&#8221;off&#8221; da_not_modal=&#8221;on&#8221; da_is_singular=&#8221;off&#8221; da_with_loader=&#8221;off&#8221; da_has_shadow=&#8221;on&#8221; da_disable_devices=&#8221;off|off|off&#8221;][et_pb_row column_structure=&#8221;1_5,1_5,1_5,1_5,1_5&#8243; use_custom_gutter=&#8221;on&#8221; gutter_width=&#8221;1&#8243; _builder_version=&#8221;4.16&#8243; width=&#8221;100%&#8221; max_width=&#8221;100%&#8221; module_alignment=&#8221;center&#8221; global_colors_info=&#8221;{}&#8221;][et_pb_column type=&#8221;1_5&#8243; _builder_version=&#8221;4.16&#8243; global_colors_info=&#8221;{}&#8221;][et_pb_button button_url=&#8221;#i\u015flemler&#8221; button_text=&#8221;\u0130\u015eLEMLER&#8221; button_alignment=&#8221;center&#8221; _builder_version=&#8221;4.16&#8243; custom_button=&#8221;on&#8221; button_text_size=&#8221;16px&#8221; button_text_color=&#8221;#210454&#8243; button_border_width=&#8221;0px&#8221; button_letter_spacing=&#8221;0px&#8221; button_font=&#8221;|600|||||||&#8221; button_use_icon=&#8221;off&#8221; global_colors_info=&#8221;{}&#8221;][\/et_pb_button][\/et_pb_column][et_pb_column type=&#8221;1_5&#8243; _builder_version=&#8221;4.16&#8243; global_colors_info=&#8221;{}&#8221;][et_pb_button button_url=&#8221;#kim&#8221; button_text=&#8221;\u0130Y\u0130 B\u0130R ADAY K\u0130MD\u0130R?&#8221; button_alignment=&#8221;center&#8221; _builder_version=&#8221;4.16&#8243; custom_button=&#8221;on&#8221; button_text_size=&#8221;16px&#8221; button_text_color=&#8221;#210454&#8243; button_border_width=&#8221;0px&#8221; button_letter_spacing=&#8221;0px&#8221; button_font=&#8221;|600|||||||&#8221; button_use_icon=&#8221;off&#8221; global_colors_info=&#8221;{}&#8221;][\/et_pb_button][\/et_pb_column][et_pb_column type=&#8221;1_5&#8243; _builder_version=&#8221;4.16&#8243; global_colors_info=&#8221;{}&#8221;][et_pb_button button_url=&#8221;#beklenti&#8221; button_text=&#8221;BEKLENT\u0130LER\u0130N\u0130Z NELER&#8221; button_alignment=&#8221;center&#8221; _builder_version=&#8221;4.16&#8243; custom_button=&#8221;on&#8221; button_text_size=&#8221;16px&#8221; button_text_color=&#8221;#210454&#8243; button_border_width=&#8221;0px&#8221; button_letter_spacing=&#8221;0px&#8221; button_font=&#8221;|600|||||||&#8221; button_use_icon=&#8221;off&#8221; global_colors_info=&#8221;{}&#8221;][\/et_pb_button][\/et_pb_column][et_pb_column type=&#8221;1_5&#8243; _builder_version=&#8221;4.16&#8243; global_colors_info=&#8221;{}&#8221;][et_pb_button button_url=&#8221;#ka\u00e7\u0131n\u0131n&#8221; button_text=&#8221;KA\u00c7INILMASI GEREKENLER&#8221; button_alignment=&#8221;center&#8221; _builder_version=&#8221;4.16&#8243; custom_button=&#8221;on&#8221; button_text_size=&#8221;16px&#8221; button_text_color=&#8221;#210454&#8243; button_border_width=&#8221;0px&#8221; button_letter_spacing=&#8221;0px&#8221; button_font=&#8221;|600|||||||&#8221; button_use_icon=&#8221;off&#8221; global_colors_info=&#8221;{}&#8221;][\/et_pb_button][\/et_pb_column][et_pb_column type=&#8221;1_5&#8243; _builder_version=&#8221;4.16&#8243; global_colors_info=&#8221;{}&#8221;][et_pb_button button_url=&#8221;#uluslararas\u0131&#8221; button_text=&#8221;ULUSLARARASI HASTALAR \u0130\u00c7\u0130N&#8221; button_alignment=&#8221;center&#8221; _builder_version=&#8221;4.16&#8243; custom_button=&#8221;on&#8221; button_text_size=&#8221;16px&#8221; button_text_color=&#8221;#210454&#8243; button_border_width=&#8221;0px&#8221; button_letter_spacing=&#8221;0px&#8221; button_font=&#8221;|600|||||||&#8221; button_use_icon=&#8221;off&#8221; global_colors_info=&#8221;{}&#8221;][\/et_pb_button][\/et_pb_column][\/et_pb_row][et_pb_row use_custom_gutter=&#8221;on&#8221; gutter_width=&#8221;2&#8243; module_id=&#8221;procedure&#8221; _builder_version=&#8221;4.16&#8243; max_width=&#8221;80%&#8221; border_width_top=&#8221;4px&#8221; border_color_top=&#8221;#210454&#8243; border_style_top=&#8221;double&#8221; global_colors_info=&#8221;{}&#8221;][et_pb_column type=&#8221;4_4&#8243; _builder_version=&#8221;4.16&#8243; global_colors_info=&#8221;{}&#8221;][et_pb_text _builder_version=&#8221;4.16&#8243; text_font_size=&#8221;18px&#8221; header_2_font=&#8221;|600|||||||&#8221; header_2_text_color=&#8221;#2a7cc8&#8243; header_2_line_height=&#8221;1.7em&#8221; locked=&#8221;off&#8221; global_colors_info=&#8221;{}&#8221;]<\/p>\n<h2>Ka\u015f Kald\u0131rma Nedir?<\/h2>\n<p>Ka\u015flar\u0131 kald\u0131rmak i\u00e7in kozmetik bir prosed\u00fcrd\u00fcr. Ayn\u0131 zamanda al\u0131n kald\u0131rma olarak da bilinir. Ka\u015f kald\u0131rma\u00a0 ayn\u0131 zamanda aln\u0131 ve ka\u015flar\u0131 kald\u0131rarak \u00fcst g\u00f6z kapaklar\u0131n\u0131 da iyile\u015ftirir, \u00fcst g\u00f6z kapaklar\u0131n\u0131n derisi yukar\u0131 do\u011fru \u00e7ekilir, bazen g\u00f6z kapa\u011f\u0131 azalmas\u0131na (blefaroplasti) gerek kalmaz.<\/p>\n<p>Ka\u015f kald\u0131rma, genellikle ya\u015flanma belirtileri g\u00f6steren ilk alanlardan\u00a0 olan g\u00f6zlerin \u00fcst\u00fcndeki alana daha gen\u00e7 ve yenilenmi\u015f bir g\u00f6r\u00fcn\u00fcm\u00fc geri getirir. Ayr\u0131ca al\u0131n kald\u0131rma prosed\u00fcr\u00fcnde\u00a0 Prof. Dr. Fatih Irmak , sark\u0131k ka\u015flar\u0131 d\u00fczeltmek ve al\u0131nda s\u0131kl\u0131kla g\u00f6r\u00fclen yatay \u00e7izgileri ve oluklar\u0131 azaltmak i\u00e7in sarkma veya k\u0131r\u0131\u015f\u0131kl\u0131\u011fa\u00a0 neden olan kaslar ve dokular\u0131 \u00e7\u0131kar\u0131r veya d\u00fczeltir.<\/p>\n<p>Ka\u015flar\u0131m\u0131z sarkmaya ba\u015flad\u0131\u011f\u0131nda, g\u00f6rmeyi engelleyebilir\u00a0 ve yorgun, k\u0131zg\u0131n, mutsuz veya depresif g\u00f6r\u00fcnmemize neden olabilir. Ya\u015flanma, genetik, ya\u015fam tarz\u0131 ve yer\u00e7ekimi dahil olmak \u00fczere bir\u00e7ok fakt\u00f6r sarkm\u0131\u015f\u00a0 ka\u015flara ve k\u0131r\u0131\u015f\u0131kl\u0131klara sebep olur.<\/p>\n<h2>Ka\u015f Kald\u0131rma Prosed\u00fcr\u00fcn\u00fcn Faydalar\u0131<\/h2>\n<p><strong>Ka\u015f sarkmas\u0131<\/strong> : Ka\u015flar y\u00fczde do\u011fal ve gen\u00e7 bir pozisyona getirilir.<\/p>\n<p><strong>Ka\u015flar aras\u0131ndaki oluklar<\/strong>: Cildi gererek ve d\u00fczelterek mutsuz g\u00f6r\u00fcn\u00fcm ortadan kald\u0131r\u0131l\u0131r(ka\u015flar aras\u0131ndaki dikey k\u0131r\u0131\u015f\u0131kl\u0131klar).<\/p>\n<p><strong>Yatay al\u0131n k\u0131r\u0131\u015f\u0131kl\u0131klar\u0131<\/strong>: Daha p\u00fcr\u00fczs\u00fcz bir doku elde etmek i\u00e7in fazla\u00a0 cilt \u00e7\u0131kar\u0131l\u0131r.[\/et_pb_text][\/et_pb_column][\/et_pb_row][\/et_pb_section][et_pb_section fb_built=&#8221;1&#8243; disabled_on=&#8221;on|on|on&#8221; _builder_version=&#8221;4.16&#8243; use_background_color_gradient=&#8221;on&#8221; background_color_gradient_direction=&#8221;90deg&#8221; background_color_gradient_stops=&#8221;#2a7cc8 0%|#210454 100%&#8221; background_color_gradient_start=&#8221;#2a7cc8&#8243; background_color_gradient_end=&#8221;#210454&#8243; disabled=&#8221;on&#8221; global_colors_info=&#8221;{}&#8221; da_is_popup=&#8221;off&#8221; da_exit_intent=&#8221;off&#8221; da_has_close=&#8221;on&#8221; da_alt_close=&#8221;off&#8221; da_dark_close=&#8221;off&#8221; da_not_modal=&#8221;on&#8221; da_is_singular=&#8221;off&#8221; da_with_loader=&#8221;off&#8221; da_has_shadow=&#8221;on&#8221; da_disable_devices=&#8221;off|off|off&#8221;][et_pb_row column_structure=&#8221;1_3,1_3,1_3&#8243; _builder_version=&#8221;4.16&#8243; max_width=&#8221;80%&#8221; global_colors_info=&#8221;{}&#8221;][et_pb_column type=&#8221;1_3&#8243; _builder_version=&#8221;4.16&#8243; global_colors_info=&#8221;{}&#8221;][divienhancer_image_comparison before_upload=&#8221;https:\/\/drfatihirmak.com\/wp-content\/uploads\/2020\/02\/section-bg-hero2.png&#8221; before_text=&#8221;\u00d6ncesi&#8221; after_upload=&#8221;https:\/\/drfatihirmak.com\/wp-content\/uploads\/2020\/02\/section-bg-hero3.png&#8221; after_text=&#8221;Sonras\u0131&#8221; disabled_on=&#8221;off|off|off&#8221; _builder_version=&#8221;4.16&#8243; background_color=&#8221;#88959e&#8221; custom_padding=&#8221;||||true|false&#8221; global_colors_info=&#8221;{}&#8221;][\/divienhancer_image_comparison][\/et_pb_column][et_pb_column type=&#8221;1_3&#8243; _builder_version=&#8221;4.16&#8243; global_colors_info=&#8221;{}&#8221;][divienhancer_image_comparison before_upload=&#8221;https:\/\/drfatihirmak.com\/wp-content\/uploads\/2020\/02\/section-bg-hero2.png&#8221; before_text=&#8221;\u00d6ncesi&#8221; after_upload=&#8221;https:\/\/drfatihirmak.com\/wp-content\/uploads\/2020\/02\/section-bg-hero3.png&#8221; after_text=&#8221;Sonras\u0131&#8221; _builder_version=&#8221;4.16&#8243; background_color=&#8221;#88959e&#8221; custom_padding=&#8221;||||true|false&#8221; global_colors_info=&#8221;{}&#8221;][\/divienhancer_image_comparison][\/et_pb_column][et_pb_column type=&#8221;1_3&#8243; _builder_version=&#8221;4.16&#8243; global_colors_info=&#8221;{}&#8221;][divienhancer_image_comparison before_upload=&#8221;https:\/\/drfatihirmak.com\/wp-content\/uploads\/2020\/02\/section-bg-hero2.png&#8221; before_text=&#8221;\u00d6ncesi&#8221; after_upload=&#8221;https:\/\/drfatihirmak.com\/wp-content\/uploads\/2020\/02\/section-bg-hero3.png&#8221; after_text=&#8221;Sonras\u0131&#8221; _builder_version=&#8221;4.16&#8243; background_color=&#8221;#88959e&#8221; custom_padding=&#8221;||||true|false&#8221; global_colors_info=&#8221;{}&#8221;][\/divienhancer_image_comparison][\/et_pb_column][\/et_pb_row][\/et_pb_section][et_pb_section fb_built=&#8221;1&#8243; _builder_version=&#8221;4.16&#8243; custom_padding=&#8221;||0px|||&#8221; global_colors_info=&#8221;{}&#8221; da_is_popup=&#8221;off&#8221; da_exit_intent=&#8221;off&#8221; da_has_close=&#8221;on&#8221; da_alt_close=&#8221;off&#8221; da_dark_close=&#8221;off&#8221; da_not_modal=&#8221;on&#8221; da_is_singular=&#8221;off&#8221; da_with_loader=&#8221;off&#8221; da_has_shadow=&#8221;on&#8221; da_disable_devices=&#8221;off|off|off&#8221;][et_pb_row use_custom_gutter=&#8221;on&#8221; gutter_width=&#8221;2&#8243; module_id=&#8221;whocan&#8221; _builder_version=&#8221;4.16&#8243; max_width=&#8221;80%&#8221; border_color_top=&#8221;#210454&#8243; border_style_top=&#8221;double&#8221; global_colors_info=&#8221;{}&#8221;][et_pb_column type=&#8221;4_4&#8243; _builder_version=&#8221;4.16&#8243; global_colors_info=&#8221;{}&#8221;][et_pb_text _builder_version=&#8221;4.16&#8243; text_font_size=&#8221;18px&#8221; header_2_font=&#8221;|600|||||||&#8221; header_2_text_color=&#8221;#2a7cc8&#8243; header_2_line_height=&#8221;1.7em&#8221; locked=&#8221;off&#8221; global_colors_info=&#8221;{}&#8221;]<\/p>\n<h2>Ka\u015f kald\u0131rma prosed\u00fcr\u00fc i\u00e7in iyi bir aday kimdir?<\/h2>\n<p>Ka\u015f kald\u0131rma\u00a0 genel sa\u011fl\u0131k durumu iyi olan 40 ila 60 ya\u015flar\u0131 aras\u0131ndaki kad\u0131n ve erkeklere yap\u0131l\u0131r. bu prosed\u00fcr , stres veya kas aktivitesi nedeniyle veya kal\u0131tsal olarak olu\u015fan\u00a0 \u00e7atlak ve\u00a0 \u00e7izgileri d\u00fczeltmeye yard\u0131mc\u0131 olur..[\/et_pb_text][\/et_pb_column][\/et_pb_row][et_pb_row use_custom_gutter=&#8221;on&#8221; gutter_width=&#8221;2&#8243; module_id=&#8221;aware&#8221; _builder_version=&#8221;4.16&#8243; max_width=&#8221;80%&#8221; custom_padding=&#8221;0px|||||&#8221; border_color_top=&#8221;#210454&#8243; border_style_top=&#8221;double&#8221; global_colors_info=&#8221;{}&#8221;][et_pb_column type=&#8221;4_4&#8243; _builder_version=&#8221;4.16&#8243; global_colors_info=&#8221;{}&#8221;][et_pb_accordion _builder_version=&#8221;4.16&#8243; global_colors_info=&#8221;{}&#8221;][et_pb_accordion_item title=&#8221;Prof. Dr. Fatih Irmak bu prosed\u00fcr\u00fc nerede yap\u0131yor?&#8221; open=&#8221;on&#8221; open_toggle_text_color=&#8221;#f4f4f3&#8243; open_toggle_background_color=&#8221;#ffffff&#8221; closed_toggle_background_color=&#8221;#6bffff&#8221; icon_color=&#8221;#6bffff&#8221; _builder_version=&#8221;4.16&#8243; body_text_color=&#8221;#f4f4f3&#8243; use_background_color_gradient=&#8221;on&#8221; background_color_gradient_direction=&#8221;90deg&#8221; background_color_gradient_stops=&#8221;#2a7cc8 0%|#210454 100%&#8221; background_color_gradient_start=&#8221;#2a7cc8&#8243; background_color_gradient_end=&#8221;#210454&#8243; custom_margin=&#8221;0px||0px||false|false&#8221; global_colors_info=&#8221;{}&#8221; toggle_text_color=&#8221;#6bffff&#8221; toggle_level=&#8221;h5&#8243; toggle_font=&#8221;|700|||||||&#8221; toggle_font_size=&#8221;18px&#8221; closed_toggle_font=&#8221;|600|||||||&#8221; closed_toggle_text_align=&#8221;left&#8221; background__hover_enabled=&#8221;on|desktop&#8221;]Fatih Irmak, uluslararas\u0131 tan\u0131nm\u0131\u015f bir hastanede ve mevcut en ileri teknolojilerle donat\u0131lm\u0131\u015f cerrahi merkezinde poliklinik\u00a0 olarak uygulamaktad\u0131r.[\/et_pb_accordion_item][et_pb_accordion_item title=&#8221;Ka\u015f kald\u0131rma i\u015flemi i\u00e7in ne t\u00fcr anestezi kullan\u0131l\u0131r?&#8221; open_toggle_text_color=&#8221;#f4f4f3&#8243; open_toggle_background_color=&#8221;#ffffff&#8221; closed_toggle_background_color=&#8221;#6bffff&#8221; icon_color=&#8221;#6bffff&#8221; _builder_version=&#8221;4.16&#8243; body_text_color=&#8221;#f4f4f3&#8243; use_background_color_gradient=&#8221;on&#8221; background_color_gradient_direction=&#8221;90deg&#8221; background_color_gradient_stops=&#8221;#2a7cc8 0%|#210454 100%&#8221; background_color_gradient_start=&#8221;#2a7cc8&#8243; background_color_gradient_end=&#8221;#210454&#8243; custom_margin=&#8221;0px||0px||false|false&#8221; global_colors_info=&#8221;{}&#8221; toggle_text_color=&#8221;#6bffff&#8221; toggle_level=&#8221;h5&#8243; toggle_font=&#8221;|700|||||||&#8221; toggle_font_size=&#8221;18px&#8221; closed_toggle_font=&#8221;|600|||||||&#8221; closed_toggle_text_align=&#8221;left&#8221; background__hover_enabled=&#8221;on|desktop&#8221; title__hover_enabled=&#8221;off|desktop&#8221; open=&#8221;off&#8221;]Ka\u015f kald\u0131rma prosed\u00fcr\u00fc genel anestezi veya lokal anestezi kullan\u0131larak yap\u0131l\u0131r.[\/et_pb_accordion_item][et_pb_accordion_item title=&#8221;Ka\u015f kald\u0131rma prosed\u00fcr\u00fc ne kadar s\u00fcrer?&#8221; open_toggle_text_color=&#8221;#f4f4f3&#8243; open_toggle_background_color=&#8221;#ffffff&#8221; closed_toggle_background_color=&#8221;#6bffff&#8221; icon_color=&#8221;#6bffff&#8221; _builder_version=&#8221;4.16&#8243; body_text_color=&#8221;#f4f4f3&#8243; use_background_color_gradient=&#8221;on&#8221; background_color_gradient_direction=&#8221;90deg&#8221; background_color_gradient_stops=&#8221;#2a7cc8 0%|#210454 100%&#8221; background_color_gradient_start=&#8221;#2a7cc8&#8243; background_color_gradient_end=&#8221;#210454&#8243; custom_margin=&#8221;0px||0px||false|false&#8221; global_colors_info=&#8221;{}&#8221; toggle_text_color=&#8221;#6bffff&#8221; toggle_level=&#8221;h5&#8243; toggle_font=&#8221;|700|||||||&#8221; toggle_font_size=&#8221;18px&#8221; closed_toggle_font=&#8221;|600|||||||&#8221; closed_toggle_text_align=&#8221;left&#8221; background__hover_enabled=&#8221;on|desktop&#8221; title__hover_enabled=&#8221;off|desktop&#8221; open=&#8221;off&#8221;]i\u015flem 1 ile 3 saat s\u00fcrer[\/et_pb_accordion_item][\/et_pb_accordion][\/et_pb_column][\/et_pb_row][et_pb_row use_custom_gutter=&#8221;on&#8221; gutter_width=&#8221;2&#8243; module_id=&#8221;expect&#8221; _builder_version=&#8221;4.16&#8243; max_width=&#8221;80%&#8221; custom_padding=&#8221;0px|||||&#8221; border_color_top=&#8221;#210454&#8243; border_style_top=&#8221;double&#8221; global_colors_info=&#8221;{}&#8221;][et_pb_column type=&#8221;4_4&#8243; _builder_version=&#8221;4.16&#8243; global_colors_info=&#8221;{}&#8221;][et_pb_text _builder_version=&#8221;4.19.5&#8243; text_font_size=&#8221;18px&#8221; header_2_font=&#8221;|600|||||||&#8221; header_2_text_color=&#8221;#2a7cc8&#8243; header_2_line_height=&#8221;1.7em&#8221; locked=&#8221;off&#8221; global_colors_info=&#8221;{}&#8221;]<\/p>\n<h2>Ameliyattan sonra ne beklenir ?<\/h2>\n<p>&nbsp;<\/p>\n<table width=\"100%\">\n<tbody>\n<tr>\n<td><strong>Aktivite<\/strong><\/td>\n<td><strong>Ne zaman<\/strong><\/td>\n<\/tr>\n<tr>\n<td>Du\u015f veya sa\u00e7 y\u0131kama<\/td>\n<td>Ameliyattan 2 g\u00fcn sonra<\/td>\n<\/tr>\n<tr>\n<td>Diki\u015flerin al\u0131nmas\u0131<\/td>\n<td>Ameliyattan sonraki 2 hafta i\u00e7inde<\/td>\n<\/tr>\n<tr>\n<td>\u0130\u015fe d\u00f6n\u00fc\u015f<\/td>\n<td>Ameliyattan 2 hafta sonra<\/td>\n<\/tr>\n<tr>\n<td>Araba kullanma<\/td>\n<td>Kendinizi iyi hissetti\u011finizde<\/td>\n<\/tr>\n<tr>\n<td>Yorucu aktiviteler<\/td>\n<td>Ameliyattan 6 hafta sonra<\/td>\n<\/tr>\n<tr>\n<td>\u0130zlerin yok olmas\u0131<\/td>\n<td>Ameliyattan bir ka\u00e7 ay ve sene sonra<\/td>\n<\/tr>\n<\/tbody>\n<\/table>\n<p>[\/et_pb_text][\/et_pb_column][\/et_pb_row][et_pb_row use_custom_gutter=&#8221;on&#8221; gutter_width=&#8221;2&#8243; module_id=&#8221;aware&#8221; _builder_version=&#8221;4.16&#8243; max_width=&#8221;80%&#8221; custom_padding=&#8221;0px|||||&#8221; border_color_top=&#8221;#210454&#8243; border_style_top=&#8221;double&#8221; global_colors_info=&#8221;{}&#8221;][et_pb_column type=&#8221;4_4&#8243; _builder_version=&#8221;4.16&#8243; global_colors_info=&#8221;{}&#8221;][et_pb_text _builder_version=&#8221;4.19.4&#8243; text_font_size=&#8221;18px&#8221; header_2_font=&#8221;|600|||||||&#8221; header_2_text_color=&#8221;#2a7cc8&#8243; header_2_line_height=&#8221;1.7em&#8221; locked=&#8221;off&#8221; global_colors_info=&#8221;{}&#8221;]<\/p>\n<h2>Ameliyat sonras\u0131 dikkat edilmesi gerekenler<\/h2>\n<p>Ameliyat b\u00f6lgesinde his veya uyu\u015fukluk kayb\u0131 ya\u015fayabilirsiniz. Bu tamamen normaldir ve kaybolmas\u0131 birka\u00e7 ay s\u00fcrebilir.<\/p>\n<p>Cerrahi b\u00f6lgede ka\u015f\u0131nt\u0131 veya kar\u0131ncalanma hissi g\u00f6rebilirsiniz. Bu his b\u00f6lgedeki sinirlerin iyile\u015fmesinin bir sonucudur ve prosed\u00fcr\u00fcn\u00fczden birka\u00e7 ay sonra kaybolur.<\/p>\n<p>Kesi etraf\u0131ndaki sa\u00e7lar\u0131n\u0131z\u0131n bir k\u0131sm\u0131 d\u00f6k\u00fclebilir ve ge\u00e7ici olarak normalden biraz daha ince olabilir. Normal sa\u00e7 b\u00fcy\u00fcmesi genellikle birka\u00e7 haftadan bir aya kadar devam eder.<\/p>\n<p>[\/et_pb_text][\/et_pb_column][\/et_pb_row][\/et_pb_section]<\/p>\n","protected":false},"excerpt":{"rendered":"<p>Ka\u015f Kald\u0131rma Nedir? Ka\u015flar\u0131 kald\u0131rmak i\u00e7in kozmetik bir prosed\u00fcrd\u00fcr. Ayn\u0131 zamanda al\u0131n kald\u0131rma olarak da bilinir. Ka\u015f kald\u0131rma\u00a0 ayn\u0131 zamanda aln\u0131 ve ka\u015flar\u0131 kald\u0131rarak \u00fcst g\u00f6z kapaklar\u0131n\u0131 da iyile\u015ftirir, \u00fcst g\u00f6z kapaklar\u0131n\u0131n derisi yukar\u0131 do\u011fru \u00e7ekilir, bazen g\u00f6z kapa\u011f\u0131 azalmas\u0131na (blefaroplasti) gerek kalmaz. Ka\u015f kald\u0131rma, genellikle ya\u015flanma belirtileri g\u00f6steren ilk alanlardan\u00a0 olan g\u00f6zlerin \u00fcst\u00fcndeki alana [&hellip;]<\/p>\n","protected":false},"author":1,"featured_media":2867,"parent":2278,"menu_order":0,"comment_status":"closed","ping_status":"closed","template":"","meta":{"_et_pb_use_builder":"on","_et_pb_old_content":"","_et_gb_content_width":"","footnotes":""},"class_list":["post-2282","page","type-page","status-publish","has-post-thumbnail","hentry"],"_links":{"self":[{"href":"https:\/\/www.drfatihirmak.com\/pt\/wp-json\/wp\/v2\/pages\/2282","targetHints":{"allow":["GET"]}}],"collection":[{"href":"https:\/\/www.drfatihirmak.com\/pt\/wp-json\/wp\/v2\/pages"}],"about":[{"href":"https:\/\/www.drfatihirmak.com\/pt\/wp-json\/wp\/v2\/types\/page"}],"author":[{"embeddable":true,"href":"https:\/\/www.drfatihirmak.com\/pt\/wp-json\/wp\/v2\/users\/1"}],"replies":[{"embeddable":true,"href":"https:\/\/www.drfatihirmak.com\/pt\/wp-json\/wp\/v2\/comments?post=2282"}],"version-history":[{"count":1,"href":"https:\/\/www.drfatihirmak.com\/pt\/wp-json\/wp\/v2\/pages\/2282\/revisions"}],"predecessor-version":[{"id":4040,"href":"https:\/\/www.drfatihirmak.com\/pt\/wp-json\/wp\/v2\/pages\/2282\/revisions\/4040"}],"up":[{"embeddable":true,"href":"https:\/\/www.drfatihirmak.com\/pt\/wp-json\/wp\/v2\/pages\/2278"}],"wp:featuredmedia":[{"embeddable":true,"href":"https:\/\/www.drfatihirmak.com\/pt\/wp-json\/wp\/v2\/media\/2867"}],"wp:attachment":[{"href":"https:\/\/www.drfatihirmak.com\/pt\/wp-json\/wp\/v2\/media?parent=2282"}],"curies":[{"name":"wp","href":"https:\/\/api.w.org\/{rel}","templated":true}]}}