{"id":2271,"date":"2020-06-11T18:04:26","date_gmt":"2020-06-11T15:04:26","guid":{"rendered":"https:\/\/www.drfatihirmak.com\/dr-fatih-irmak\/"},"modified":"2024-11-19T20:07:02","modified_gmt":"2024-11-19T17:07:02","slug":"sobre-mim","status":"publish","type":"page","link":"https:\/\/www.drfatihirmak.com\/pt\/hakkimda","title":{"rendered":"Dr. Fatih Irmak"},"content":{"rendered":"<p>[et_pb_section fb_built=&#8221;1&#8243; _builder_version=&#8221;4.16&#8243; custom_padding=&#8221;1%||1%||true|false&#8221; global_colors_info=&#8221;{}&#8221; da_is_popup=&#8221;off&#8221; da_exit_intent=&#8221;off&#8221; da_has_close=&#8221;on&#8221; da_alt_close=&#8221;off&#8221; da_dark_close=&#8221;off&#8221; da_not_modal=&#8221;on&#8221; da_is_singular=&#8221;off&#8221; da_with_loader=&#8221;off&#8221; da_has_shadow=&#8221;on&#8221; da_disable_devices=&#8221;off|off|off&#8221;][et_pb_row column_structure=&#8221;1_3,2_3&#8243; use_custom_gutter=&#8221;on&#8221; gutter_width=&#8221;2&#8243; _builder_version=&#8221;4.16&#8243; width=&#8221;90%&#8221; max_width=&#8221;88%&#8221; custom_margin=&#8221;0px||0px||true|false&#8221; custom_padding=&#8221;0px||0px||false|false&#8221; global_colors_info=&#8221;{}&#8221;][et_pb_column type=&#8221;1_3&#8243; _builder_version=&#8221;4.16&#8243; background_enable_image=&#8221;off&#8221; background_size=&#8221;contain&#8221; custom_padding=&#8221;2%||2%||true|false&#8221; global_colors_info=&#8221;{}&#8221;][et_pb_text _builder_version=&#8221;4.16&#8243; _dynamic_attributes=&#8221;content&#8221; text_font=&#8221;|700|||||||&#8221; text_font_size=&#8221;35px&#8221; background_image=&#8221;https:\/\/drfatihirmak.com\/wp-content\/uploads\/2020\/02\/icon-bg.png&#8221; background_size=&#8221;contain&#8221; global_colors_info=&#8221;{}&#8221;]@ET-DC@eyJkeW5hbWljIjp0cnVlLCJjb250ZW50IjoicG9zdF90aXRsZSIsInNldHRpbmdzIjp7ImJlZm9yZSI6Ik1lZXQgIiwiYWZ0ZXIiOiIifX0=@[\/et_pb_text][\/et_pb_column][et_pb_column type=&#8221;2_3&#8243; _builder_version=&#8221;4.16&#8243; custom_padding=&#8221;2%||2%||true|false&#8221; global_colors_info=&#8221;{}&#8221;][\/et_pb_column][\/et_pb_row][\/et_pb_section][et_pb_section fb_built=&#8221;1&#8243; specialty=&#8221;on&#8221; _builder_version=&#8221;4.16&#8243; inner_width=&#8221;88%&#8221; inner_max_width=&#8221;88%&#8221; custom_padding=&#8221;0px||0px||false|false&#8221; global_colors_info=&#8221;{}&#8221; da_is_popup=&#8221;off&#8221; da_exit_intent=&#8221;off&#8221; da_has_close=&#8221;on&#8221; da_alt_close=&#8221;off&#8221; da_dark_close=&#8221;off&#8221; da_not_modal=&#8221;on&#8221; da_is_singular=&#8221;off&#8221; da_with_loader=&#8221;off&#8221; da_has_shadow=&#8221;on&#8221; da_disable_devices=&#8221;off|off|off&#8221;][et_pb_column type=&#8221;1_2&#8243; _builder_version=&#8221;4.16&#8243; custom_padding=&#8221;|||&#8221; global_colors_info=&#8221;{}&#8221; custom_padding__hover=&#8221;|||&#8221;][et_pb_image src=&#8221;https:\/\/drfatihirmak.com\/wp-content\/uploads\/2020\/04\/fatih-irmak.jpg&#8221; force_fullwidth=&#8221;on&#8221; _builder_version=&#8221;4.16&#8243; global_colors_info=&#8221;{}&#8221;][\/et_pb_image][et_pb_button button_url=&#8221;@ET-DC@eyJkeW5hbWljIjp0cnVlLCJjb250ZW50IjoicG9zdF9saW5rX3VybF9wYWdlIiwic2V0dGluZ3MiOnsicG9zdF9pZCI6IjIyOTMifX0=@&#8221; button_text=&#8221;\u00d6zge\u00e7mi\u015f &#8221; button_alignment=&#8221;center&#8221; _builder_version=&#8221;4.19.4&#8243; _dynamic_attributes=&#8221;button_url&#8221; custom_button=&#8221;on&#8221; button_text_color=&#8221;#ffffff&#8221; button_bg_use_color_gradient=&#8221;on&#8221; button_bg_color_gradient_direction=&#8221;90deg&#8221; button_bg_color_gradient_stops=&#8221;#2a7cc8 0%|#210454 100%&#8221; button_bg_color_gradient_start=&#8221;#2a7cc8&#8243; button_bg_color_gradient_end=&#8221;#210454&#8243; button_border_width=&#8221;0px&#8221; button_border_radius=&#8221;0px&#8221; global_colors_info=&#8221;{}&#8221;][\/et_pb_button][\/et_pb_column][et_pb_column type=&#8221;1_2&#8243; specialty_columns=&#8221;2&#8243; _builder_version=&#8221;4.16&#8243; custom_padding=&#8221;|||&#8221; global_colors_info=&#8221;{}&#8221; custom_padding__hover=&#8221;|||&#8221;][et_pb_row_inner _builder_version=&#8221;4.16&#8243; global_colors_info=&#8221;{}&#8221;][et_pb_column_inner saved_specialty_column_type=&#8221;1_2&#8243; _builder_version=&#8221;4.16&#8243; global_colors_info=&#8221;{}&#8221;][et_pb_text _builder_version=&#8221;4.16&#8243; header_font=&#8221;|600|||||||&#8221; header_text_align=&#8221;left&#8221; header_font_size=&#8221;38px&#8221; header_2_font=&#8221;|600|||||||&#8221; header_2_text_align=&#8221;right&#8221; header_2_text_color=&#8221;#2a7cc8&#8243; custom_padding=&#8221;0%||0%||true|false&#8221; header_2_text_align_tablet=&#8221;left&#8221; header_2_text_align_phone=&#8221;&#8221; header_2_text_align_last_edited=&#8221;on|tablet&#8221; global_colors_info=&#8221;{}&#8221;]<\/p>\n<h2>Prof. Dr. Fatih IRMAK<\/h2>\n<h2>Avrupa Yeterlilik Sertifikas\u0131na sahip (EBOBRAS)<\/h2>\n<h2>Plastik ve Estetik cerrah<\/h2>\n<p>[\/et_pb_text][et_pb_text _builder_version=&#8221;4.16&#8243; text_font_size=&#8221;18px&#8221; header_font=&#8221;|600|||||||&#8221; header_text_align=&#8221;center&#8221; header_font_size=&#8221;38px&#8221; header_2_font=&#8221;|600|||||||&#8221; header_2_text_align=&#8221;right&#8221; header_4_text_align=&#8221;right&#8221; text_orientation=&#8221;justified&#8221; custom_padding=&#8221;0%||0%||true|false&#8221; header_2_text_align_tablet=&#8221;left&#8221; header_2_text_align_phone=&#8221;&#8221; header_2_text_align_last_edited=&#8221;on|tablet&#8221; global_colors_info=&#8221;{}&#8221;]Kozmetik ve estetik ihtiya\u00e7lar\u0131n\u0131z i\u00e7in \u0130stanbul&#8217;a geldi\u011finizde bir hasta olarak, se\u00e7ti\u011finiz cerrahtan\u00a0 belirli nitelikler beklemelisiniz.<\/p>\n<p>Cerrah\u0131n\u0131z size \u00f6zel planlamalar sunmal\u0131d\u0131r; hasta odakl\u0131 bir yakla\u015f\u0131ma sahip olmal\u0131, g\u00fcvenli\u011finize ve rahat\u0131n\u0131za \u00f6ncelik vermeli ve arzu edilen, tatmin edici ve do\u011fal g\u00f6r\u00fcnen sonu\u00e7lar elde etmek i\u00e7in t\u0131p ve sanat\u0131n nas\u0131l birle\u015ftirilece\u011fini bilmelidir.<\/p>\n<p>Avrupa Board Sertifikal\u0131 (EBOBRAS) cerrah Prof.Dr.Fatih Irmak, hastalara m\u00fckemmel bak\u0131m standard\u0131 ve \u015fahsa \u00f6zel\u00a0 \u00a0t\u0131bbi deneyim sunmak i\u00e7in bu nitelikleri birle\u015ftirmektedir.<\/p>\n<p>Y\u00fcz, burun, meme, v\u00fccut \u015fekillendirme ve BBL (Brezilya Poposu) prosed\u00fcrleri konusunda uzmanla\u015fm\u0131\u015f, \u0130stanbul&#8217;da tan\u0131\u015fabilece\u011finiz en yetenekli cerrahlardan biridir. Ayr\u0131ca botoks ve dolgu uygulamlar\u0131 gibi cerrahi olmayan se\u00e7enekler de\u00a0 sunar.<\/p>\n<p>&nbsp;<\/p>\n<h2>Sertifika ve E\u011fitimler<\/h2>\n<p>&nbsp;<\/p>\n<p>T\u00fcrkiye Sa\u011fl\u0131k Bakanl\u0131\u011f\u0131 taraf\u0131ndan Plastik, Rekonstr\u00fcktif ve Estetik Cerrahi Do\u00e7enti \u00fcnvan\u0131, 2019<\/p>\n<p>EBOPRAS (Avrupa Plastik, Rekonstr\u00fcktif ve Estetik Cerrahi Kurulu) Sertifikas\u0131 , Br\u00fcksel-Bel\u00e7ika, 2013<\/p>\n<p>T\u00fcrk Plastik, Rekonstr\u00fcktif ve Estetik Cerrahi Kurulu taraf\u0131ndan onaylanan Plastik, Rekonstr\u00fcktif ve Estetik Cerrahide Yeterlilik, 2013<\/p>\n<p>T\u00fcrkiye Sa\u011fl\u0131k Bakanl\u0131\u011f\u0131 taraf\u0131ndan Plastik, Rekonstr\u00fcktif ve Estetik Cerrahi Uzman\u0131 \u00fcnvan\u0131, 2013[\/et_pb_text][\/et_pb_column_inner][\/et_pb_row_inner][\/et_pb_column][\/et_pb_section][et_pb_section fb_built=&#8221;1&#8243; _builder_version=&#8221;4.16&#8243; custom_padding=&#8221;0px||0px|||&#8221; global_colors_info=&#8221;{}&#8221; da_is_popup=&#8221;off&#8221; da_exit_intent=&#8221;off&#8221; da_has_close=&#8221;on&#8221; da_alt_close=&#8221;off&#8221; da_dark_close=&#8221;off&#8221; da_not_modal=&#8221;on&#8221; da_is_singular=&#8221;off&#8221; da_with_loader=&#8221;off&#8221; da_has_shadow=&#8221;on&#8221; da_disable_devices=&#8221;off|off|off&#8221;][et_pb_row column_structure=&#8221;1_2,1_2&#8243; _builder_version=&#8221;4.16&#8243; width=&#8221;88%&#8221; max_width=&#8221;88%&#8221; custom_padding=&#8221;||21px|||&#8221; global_colors_info=&#8221;{}&#8221;][et_pb_column type=&#8221;1_2&#8243; _builder_version=&#8221;4.16&#8243; global_colors_info=&#8221;{}&#8221;][et_pb_text _builder_version=&#8221;4.16&#8243; text_font_size=&#8221;18px&#8221; header_font=&#8221;|600|||||||&#8221; header_text_align=&#8221;center&#8221; header_font_size=&#8221;38px&#8221; header_2_font=&#8221;|600|||||||&#8221; header_2_text_color=&#8221;#2a7cc8&#8243; header_4_text_align=&#8221;right&#8221; text_orientation=&#8221;justified&#8221; custom_padding=&#8221;0%||0%||true|false&#8221; global_colors_info=&#8221;{}&#8221;]<\/p>\n<h2>T\u0131p\u00a0 ve Cerrahi E\u011fitim<\/h2>\n<p>Plastik, Rekonstr\u00fcktif ve Estetik Cerrahi Uzmanl\u0131\u011f\u0131, \u015ei\u015fli Etfal E\u011fitim ve Ara\u015ft\u0131rma Hastanesi, \u0130stanbul (2007-2013)<\/p>\n<p>T\u0131p Fak\u00fcltesi: \u0130stanbul \u00dcniversitesi (2001-2007)<\/p>\n<h2>Yurtd\u0131\u015f\u0131 Deneyimi<\/h2>\n<p>EBOPRAS (Avrupa Plastik Cerrahi) E\u011fitim Program\u0131, 2013<\/p>\n<p>Klinik Ara\u015ft\u0131rma ve E\u011fitim Program\u0131: Tokyo \u00dcniversitesi, Japonya, 2012<\/p>\n<p>Klinik Ara\u015ft\u0131rma ve E\u011fitim Program\u0131: Showa \u00dcniversitesi, Japonya, 2012[\/et_pb_text][\/et_pb_column][et_pb_column type=&#8221;1_2&#8243; _builder_version=&#8221;4.16&#8243; global_colors_info=&#8221;{}&#8221;][et_pb_text _builder_version=&#8221;4.16&#8243; text_font_size=&#8221;18px&#8221; header_font=&#8221;|600|||||||&#8221; header_text_align=&#8221;center&#8221; header_font_size=&#8221;38px&#8221; header_2_font=&#8221;|600|||||||&#8221; header_2_text_color=&#8221;#2a7cc8&#8243; header_4_text_align=&#8221;right&#8221; text_orientation=&#8221;justified&#8221; custom_padding=&#8221;0%||0%||true|false&#8221; global_colors_info=&#8221;{}&#8221;]<span style=\"color: #2a7cc8; font-size: 26px; font-weight: 600;\">Kongreler<\/span><\/p>\n<p>Ulusal ve Uluslararas\u0131 d\u00fczeyde bir \u00e7ok kongrede konu\u015fmac\u0131 ve oturum ba\u015fkan\u0131 olarak g\u00f6rev ald\u0131.<\/p>\n<h2>Dr. Irmak\u2019\u0131n Uzmanl\u0131klar\u0131 ve ilgi alanlar\u0131<\/h2>\n<ul>\n<li>Estetik Cerrahi (Rinoplasti, Meme Cerrahisi, Y\u00fcz Esteti\u011fi, V\u00fccut Esteti\u011fi, Otoplasti)<\/li>\n<li>Rekonstr\u00fcktif Cerrahi (Meme Rekonstr\u00fcksiyonu, T\u00fcm\u00f6r ve Travmatik defekt rekonstr\u00fcksiyonlar\u0131)<\/li>\n<li>El Cerrahisi<\/li>\n<li>Mikrocerrahi<\/li>\n<li>Ba\u015f Boyun Cerrahisi<\/li>\n<\/ul>\n<p>[\/et_pb_text][\/et_pb_column][\/et_pb_row][\/et_pb_section][et_pb_section fb_built=&#8221;1&#8243; _builder_version=&#8221;4.16&#8243; custom_padding=&#8221;0px||0px||false|false&#8221; global_module=&#8221;3361&#8243; saved_tabs=&#8221;all&#8221; locked=&#8221;off&#8221; global_colors_info=&#8221;{}&#8221; da_is_popup=&#8221;off&#8221; da_exit_intent=&#8221;off&#8221; da_has_close=&#8221;on&#8221; da_alt_close=&#8221;off&#8221; da_dark_close=&#8221;off&#8221; da_not_modal=&#8221;on&#8221; da_is_singular=&#8221;off&#8221; da_with_loader=&#8221;off&#8221; da_has_shadow=&#8221;on&#8221; da_disable_devices=&#8221;off|off|off&#8221;][et_pb_row use_custom_gutter=&#8221;on&#8221; gutter_width=&#8221;1&#8243; make_equal=&#8221;on&#8221; _builder_version=&#8221;4.16&#8243; max_width=&#8221;80%&#8221; custom_margin=&#8221;0px||0px||true|false&#8221; global_colors_info=&#8221;{}&#8221;][et_pb_column type=&#8221;4_4&#8243; _builder_version=&#8221;4.16&#8243; global_colors_info=&#8221;{}&#8221;][et_pb_text _builder_version=&#8221;4.19.4&#8243; text_font=&#8221;|700|||||||&#8221; text_font_size=&#8221;35px&#8221; header_2_font=&#8221;|700|||||||&#8221; header_2_font_size=&#8221;38px&#8221; background_image=&#8221;https:\/\/drfatihirmak.com\/wp-content\/uploads\/2020\/02\/icon-bg.png&#8221; background_size=&#8221;contain&#8221; header_2_font_size_tablet=&#8221;&#8221; header_2_font_size_phone=&#8221;&#8221; header_2_font_size_last_edited=&#8221;on|phone&#8221; global_colors_info=&#8221;{}&#8221;]<\/p>\n<h2 style=\"text-align: center;\">Dr. Irmak\u2019\u0131n Uzmanl\u0131k Alanlar\u0131<\/h2>\n<p>[\/et_pb_text][\/et_pb_column][\/et_pb_row][et_pb_row column_structure=&#8221;1_3,1_3,1_3&#8243; use_custom_gutter=&#8221;on&#8221; gutter_width=&#8221;1&#8243; make_equal=&#8221;on&#8221; _builder_version=&#8221;4.16&#8243; max_width=&#8221;80%&#8221; custom_margin=&#8221;0px||0px||true|false&#8221; global_colors_info=&#8221;{}&#8221;][et_pb_column type=&#8221;1_3&#8243; _builder_version=&#8221;4.16&#8243; custom_padding=&#8221;|||10px|false|false&#8221; custom_padding_tablet=&#8221;||20px|10px|false|false&#8221; custom_padding_phone=&#8221;&#8221; custom_padding_last_edited=&#8221;on|phone&#8221; border_width_left=&#8221;4px&#8221; border_color_left=&#8221;#210454&#8243; global_colors_info=&#8221;{}&#8221;][et_pb_text _builder_version=&#8221;4.16&#8243; text_font=&#8221;||||||||&#8221; header_2_font=&#8221;|600||on|||||&#8221; header_2_text_color=&#8221;#2a7cc8&#8243; global_colors_info=&#8221;{}&#8221;]<\/p>\n<h2>Rinoplasti ve Revizyon Rinoplasti<\/h2>\n<p>[\/et_pb_text][et_pb_button button_url=&#8221;@ET-DC@eyJkeW5hbWljIjp0cnVlLCJjb250ZW50IjoicG9zdF9saW5rX3VybF9wYWdlIiwic2V0dGluZ3MiOnsicG9zdF9pZCI6IjIyMjUifX0=@&#8221; button_text=&#8221;TEDAV\u0130Y\u0130  KE\u015eFED\u0130N&#8221; button_alignment=&#8221;left&#8221; _builder_version=&#8221;4.19.4&#8243; _dynamic_attributes=&#8221;button_url&#8221; custom_button=&#8221;on&#8221; button_text_color=&#8221;#ffffff&#8221; button_bg_use_color_gradient=&#8221;on&#8221; button_bg_color_gradient_direction=&#8221;90deg&#8221; button_bg_color_gradient_stops=&#8221;#2a7cc8 0%|#210454 100%&#8221; button_bg_color_gradient_start=&#8221;#2a7cc8&#8243; button_bg_color_gradient_end=&#8221;#210454&#8243; button_border_width=&#8221;0px&#8221; button_border_radius=&#8221;0px&#8221; global_colors_info=&#8221;{}&#8221;][\/et_pb_button][\/et_pb_column][et_pb_column type=&#8221;1_3&#8243; _builder_version=&#8221;4.16&#8243; custom_padding=&#8221;|||10px|false|false&#8221; custom_padding_tablet=&#8221;||20px|10px|false|false&#8221; custom_padding_phone=&#8221;&#8221; custom_padding_last_edited=&#8221;on|phone&#8221; border_width_left=&#8221;4px&#8221; border_color_left=&#8221;#210454&#8243; global_colors_info=&#8221;{}&#8221;][et_pb_text _builder_version=&#8221;4.16&#8243; text_font=&#8221;||||||||&#8221; header_2_font=&#8221;|600||on|||||&#8221; header_2_text_color=&#8221;#2a7cc8&#8243; custom_margin=&#8221;||22px||false|false&#8221; global_colors_info=&#8221;{}&#8221;]<\/p>\n<h2>Popo \u015eekillendirme<\/h2>\n<p>[\/et_pb_text][et_pb_button button_url=&#8221;@ET-DC@eyJkeW5hbWljIjp0cnVlLCJjb250ZW50IjoicG9zdF9saW5rX3VybF9wYWdlIiwic2V0dGluZ3MiOnsicG9zdF9pZCI6IjIxMDIifX0=@&#8221; button_text=&#8221;TEDAV\u0130Y\u0130  KE\u015eFED\u0130N&#8221; button_alignment=&#8221;left&#8221; _builder_version=&#8221;4.19.4&#8243; _dynamic_attributes=&#8221;button_url&#8221; custom_button=&#8221;on&#8221; button_text_color=&#8221;#ffffff&#8221; button_bg_use_color_gradient=&#8221;on&#8221; button_bg_color_gradient_direction=&#8221;90deg&#8221; button_bg_color_gradient_stops=&#8221;#2a7cc8 0%|#210454 100%&#8221; button_bg_color_gradient_start=&#8221;#2a7cc8&#8243; button_bg_color_gradient_end=&#8221;#210454&#8243; button_border_width=&#8221;0px&#8221; button_border_radius=&#8221;0px&#8221; global_colors_info=&#8221;{}&#8221;][\/et_pb_button][\/et_pb_column][et_pb_column type=&#8221;1_3&#8243; _builder_version=&#8221;4.16&#8243; custom_padding=&#8221;|||10px|false|false&#8221; border_width_left=&#8221;4px&#8221; border_color_left=&#8221;#210454&#8243; global_colors_info=&#8221;{}&#8221;][et_pb_text _builder_version=&#8221;4.16&#8243; text_font=&#8221;||||||||&#8221; header_2_font=&#8221;|600||on|||||&#8221; header_2_text_color=&#8221;#2a7cc8&#8243; custom_margin=&#8221;||22px||false|false&#8221; global_colors_info=&#8221;{}&#8221;]<\/p>\n<h2>Meme B\u00fcy\u00fctme<\/h2>\n<p>[\/et_pb_text][et_pb_button button_url=&#8221;@ET-DC@eyJkeW5hbWljIjp0cnVlLCJjb250ZW50IjoicG9zdF9saW5rX3VybF9wYWdlIiwic2V0dGluZ3MiOnsicG9zdF9pZCI6IjIxNjkifX0=@&#8221; button_text=&#8221;TEDAV\u0130Y\u0130  KE\u015eFED\u0130N&#8221; button_alignment=&#8221;left&#8221; _builder_version=&#8221;4.19.4&#8243; _dynamic_attributes=&#8221;button_url&#8221; custom_button=&#8221;on&#8221; button_text_color=&#8221;#ffffff&#8221; button_bg_use_color_gradient=&#8221;on&#8221; button_bg_color_gradient_direction=&#8221;90deg&#8221; button_bg_color_gradient_stops=&#8221;#2a7cc8 0%|#210454 100%&#8221; button_bg_color_gradient_start=&#8221;#2a7cc8&#8243; button_bg_color_gradient_end=&#8221;#210454&#8243; button_border_width=&#8221;0px&#8221; button_border_radius=&#8221;0px&#8221; global_colors_info=&#8221;{}&#8221;][\/et_pb_button][\/et_pb_column][\/et_pb_row][et_pb_row column_structure=&#8221;1_3,1_3,1_3&#8243; use_custom_gutter=&#8221;on&#8221; gutter_width=&#8221;1&#8243; make_equal=&#8221;on&#8221; _builder_version=&#8221;4.16&#8243; max_width=&#8221;80%&#8221; custom_margin=&#8221;0px||0px||true|false&#8221; global_colors_info=&#8221;{}&#8221;][et_pb_column type=&#8221;1_3&#8243; _builder_version=&#8221;4.16&#8243; custom_padding=&#8221;|||10px|false|false&#8221; custom_padding_tablet=&#8221;||20px||false|false&#8221; custom_padding_phone=&#8221;&#8221; custom_padding_last_edited=&#8221;on|tablet&#8221; border_width_left=&#8221;4px&#8221; border_color_left=&#8221;#210454&#8243; global_colors_info=&#8221;{}&#8221;][et_pb_text _builder_version=&#8221;4.16&#8243; text_font=&#8221;||||||||&#8221; header_2_font=&#8221;|600||on|||||&#8221; header_2_text_color=&#8221;#2a7cc8&#8243; custom_margin=&#8221;||22px||false|false&#8221; global_colors_info=&#8221;{}&#8221;]<\/p>\n<h2>Meme Rekonstr\u00fcksiyonu<\/h2>\n<p>[\/et_pb_text][et_pb_button button_url=&#8221;@ET-DC@eyJkeW5hbWljIjp0cnVlLCJjb250ZW50IjoicG9zdF9saW5rX3VybF9wYWdlIiwic2V0dGluZ3MiOnsicG9zdF9pZCI6IjIyMzQifX0=@&#8221; button_text=&#8221;TEDAV\u0130Y\u0130  KE\u015eFED\u0130N&#8221; button_alignment=&#8221;left&#8221; _builder_version=&#8221;4.19.4&#8243; _dynamic_attributes=&#8221;button_url&#8221; custom_button=&#8221;on&#8221; button_text_color=&#8221;#ffffff&#8221; button_bg_use_color_gradient=&#8221;on&#8221; button_bg_color_gradient_direction=&#8221;90deg&#8221; button_bg_color_gradient_stops=&#8221;#2a7cc8 0%|#210454 100%&#8221; button_bg_color_gradient_start=&#8221;#2a7cc8&#8243; button_bg_color_gradient_end=&#8221;#210454&#8243; button_border_width=&#8221;0px&#8221; button_border_radius=&#8221;0px&#8221; global_colors_info=&#8221;{}&#8221;][\/et_pb_button][\/et_pb_column][et_pb_column type=&#8221;1_3&#8243; _builder_version=&#8221;4.16&#8243; custom_padding=&#8221;|||10px|false|false&#8221; custom_padding_tablet=&#8221;||20px|10px|false|false&#8221; custom_padding_phone=&#8221;&#8221; custom_padding_last_edited=&#8221;on|tablet&#8221; border_width_left=&#8221;4px&#8221; border_color_left=&#8221;#210454&#8243; global_colors_info=&#8221;{}&#8221;][et_pb_text _builder_version=&#8221;4.16&#8243; text_font=&#8221;||||||||&#8221; header_2_font=&#8221;|600||on|||||&#8221; header_2_text_color=&#8221;#2a7cc8&#8243; custom_margin=&#8221;||22px||false|false&#8221; global_colors_info=&#8221;{}&#8221;]<\/p>\n<h2>Y\u00fcz Germe<\/h2>\n<p>[\/et_pb_text][et_pb_button button_url=&#8221;@ET-DC@eyJkeW5hbWljIjp0cnVlLCJjb250ZW50IjoicG9zdF9saW5rX3VybF9wYWdlIiwic2V0dGluZ3MiOnsicG9zdF9pZCI6IjIyNTgifX0=@&#8221; button_text=&#8221;TEDAV\u0130Y\u0130  KE\u015eFED\u0130N&#8221; button_alignment=&#8221;left&#8221; _builder_version=&#8221;4.19.4&#8243; _dynamic_attributes=&#8221;button_url&#8221; custom_button=&#8221;on&#8221; button_text_color=&#8221;#ffffff&#8221; button_bg_use_color_gradient=&#8221;on&#8221; button_bg_color_gradient_direction=&#8221;90deg&#8221; button_bg_color_gradient_stops=&#8221;#2a7cc8 0%|#210454 100%&#8221; button_bg_color_gradient_start=&#8221;#2a7cc8&#8243; button_bg_color_gradient_end=&#8221;#210454&#8243; button_border_width=&#8221;0px&#8221; button_border_radius=&#8221;0px&#8221; global_colors_info=&#8221;{}&#8221;][\/et_pb_button][\/et_pb_column][et_pb_column type=&#8221;1_3&#8243; _builder_version=&#8221;4.16&#8243; custom_padding=&#8221;|||10px|false|false&#8221; border_width_left=&#8221;4px&#8221; border_color_left=&#8221;#210454&#8243; global_colors_info=&#8221;{}&#8221;][et_pb_text _builder_version=&#8221;4.16&#8243; text_font=&#8221;||||||||&#8221; header_2_font=&#8221;|600||on|||||&#8221; header_2_text_color=&#8221;#2a7cc8&#8243; custom_margin=&#8221;||22px||false|false&#8221; global_colors_info=&#8221;{}&#8221;]<\/p>\n<h2>Liposuction<\/h2>\n<p>[\/et_pb_text][et_pb_button button_url=&#8221;@ET-DC@eyJkeW5hbWljIjp0cnVlLCJjb250ZW50IjoicG9zdF9saW5rX3VybF9wYWdlIiwic2V0dGluZ3MiOnsicG9zdF9pZCI6IjIxMDUifX0=@&#8221; button_text=&#8221;TEDAV\u0130Y\u0130  KE\u015eFED\u0130N&#8221; button_alignment=&#8221;left&#8221; _builder_version=&#8221;4.19.4&#8243; _dynamic_attributes=&#8221;button_url&#8221; custom_button=&#8221;on&#8221; button_text_color=&#8221;#ffffff&#8221; button_bg_use_color_gradient=&#8221;on&#8221; button_bg_color_gradient_direction=&#8221;90deg&#8221; button_bg_color_gradient_stops=&#8221;#2a7cc8 0%|#210454 100%&#8221; button_bg_color_gradient_start=&#8221;#2a7cc8&#8243; button_bg_color_gradient_end=&#8221;#210454&#8243; button_border_width=&#8221;0px&#8221; button_border_radius=&#8221;0px&#8221; global_colors_info=&#8221;{}&#8221;][\/et_pb_button][\/et_pb_column][\/et_pb_row][et_pb_row column_structure=&#8221;1_3,1_3,1_3&#8243; use_custom_gutter=&#8221;on&#8221; gutter_width=&#8221;1&#8243; make_equal=&#8221;on&#8221; _builder_version=&#8221;4.22.2&#8243; max_width=&#8221;80%&#8221; custom_margin=&#8221;0px||0px||true|false&#8221; global_colors_info=&#8221;{}&#8221;][et_pb_column type=&#8221;1_3&#8243; _builder_version=&#8221;4.16&#8243; custom_padding=&#8221;|||10px|false|false&#8221; custom_padding_tablet=&#8221;||20px|10px|false|false&#8221; custom_padding_phone=&#8221;&#8221; custom_padding_last_edited=&#8221;on|tablet&#8221; border_width_left=&#8221;4px&#8221; border_color_left=&#8221;#210454&#8243; global_colors_info=&#8221;{}&#8221;][et_pb_text _builder_version=&#8221;4.16&#8243; text_font=&#8221;||||||||&#8221; header_2_font=&#8221;|600||on|||||&#8221; header_2_text_color=&#8221;#2a7cc8&#8243; custom_margin=&#8221;||22px||false|false&#8221; global_colors_info=&#8221;{}&#8221;]<\/p>\n<h2>Dolgu<\/h2>\n<p>[\/et_pb_text][et_pb_button button_url=&#8221;@ET-DC@eyJkeW5hbWljIjp0cnVlLCJjb250ZW50IjoicG9zdF9saW5rX3VybF9wYWdlIiwic2V0dGluZ3MiOnsicG9zdF9pZCI6IjIyNDYifX0=@&#8221; button_text=&#8221;TEDAV\u0130Y\u0130  KE\u015eFED\u0130N&#8221; button_alignment=&#8221;left&#8221; _builder_version=&#8221;4.19.4&#8243; _dynamic_attributes=&#8221;button_url&#8221; custom_button=&#8221;on&#8221; button_text_color=&#8221;#ffffff&#8221; button_bg_use_color_gradient=&#8221;on&#8221; button_bg_color_gradient_direction=&#8221;90deg&#8221; button_bg_color_gradient_stops=&#8221;#2a7cc8 0%|#210454 100%&#8221; button_bg_color_gradient_start=&#8221;#2a7cc8&#8243; button_bg_color_gradient_end=&#8221;#210454&#8243; button_border_width=&#8221;0px&#8221; button_border_radius=&#8221;0px&#8221; global_colors_info=&#8221;{}&#8221;][\/et_pb_button][\/et_pb_column][et_pb_column type=&#8221;1_3&#8243; _builder_version=&#8221;4.16&#8243; custom_padding=&#8221;|||10px|false|false&#8221; border_width_left=&#8221;4px&#8221; border_color_left=&#8221;#210454&#8243; global_colors_info=&#8221;{}&#8221;][et_pb_text _builder_version=&#8221;4.16&#8243; text_font=&#8221;||||||||&#8221; header_2_font=&#8221;|600||on|||||&#8221; header_2_text_color=&#8221;#2a7cc8&#8243; global_colors_info=&#8221;{}&#8221;]<\/p>\n<h2>T\u00fcm\u00f6r ve Travmatik kusurlar\u0131n yap\u0131land\u0131r\u0131lmas\u0131<\/h2>\n<p>[\/et_pb_text][et_pb_button button_url=&#8221;#&#8221; button_text=&#8221;TEDAV\u0130Y\u0130  KE\u015eFED\u0130N&#8221; button_alignment=&#8221;left&#8221; _builder_version=&#8221;4.19.4&#8243; custom_button=&#8221;on&#8221; button_text_color=&#8221;#ffffff&#8221; button_bg_use_color_gradient=&#8221;on&#8221; button_bg_color_gradient_direction=&#8221;90deg&#8221; button_bg_color_gradient_stops=&#8221;#2a7cc8 0%|#210454 100%&#8221; button_bg_color_gradient_start=&#8221;#2a7cc8&#8243; button_bg_color_gradient_end=&#8221;#210454&#8243; button_border_width=&#8221;0px&#8221; button_border_radius=&#8221;0px&#8221; global_colors_info=&#8221;{}&#8221;][\/et_pb_button][\/et_pb_column][et_pb_column type=&#8221;1_3&#8243; _builder_version=&#8221;4.22.2&#8243; _module_preset=&#8221;default&#8221; global_colors_info=&#8221;{}&#8221;][\/et_pb_column][\/et_pb_row][\/et_pb_section]<\/p>\n","protected":false},"excerpt":{"rendered":"<p>Prof. Dr. Fatih IRMAK Avrupa Yeterlilik Sertifikas\u0131na sahip (EBOBRAS) Plastik ve Estetik cerrah Kozmetik ve estetik ihtiya\u00e7lar\u0131n\u0131z i\u00e7in \u0130stanbul&#8217;a geldi\u011finizde bir hasta olarak, se\u00e7ti\u011finiz cerrahtan\u00a0 belirli nitelikler beklemelisiniz. Cerrah\u0131n\u0131z size \u00f6zel planlamalar sunmal\u0131d\u0131r; hasta odakl\u0131 bir yakla\u015f\u0131ma sahip olmal\u0131, g\u00fcvenli\u011finize ve rahat\u0131n\u0131za \u00f6ncelik vermeli ve arzu edilen, tatmin edici ve do\u011fal g\u00f6r\u00fcnen sonu\u00e7lar elde etmek [&hellip;]<\/p>\n","protected":false},"author":1,"featured_media":0,"parent":0,"menu_order":4,"comment_status":"closed","ping_status":"closed","template":"","meta":{"_et_pb_use_builder":"on","_et_pb_old_content":"","_et_gb_content_width":"","footnotes":""},"class_list":["post-2271","page","type-page","status-publish","hentry"],"_links":{"self":[{"href":"https:\/\/www.drfatihirmak.com\/pt\/wp-json\/wp\/v2\/pages\/2271","targetHints":{"allow":["GET"]}}],"collection":[{"href":"https:\/\/www.drfatihirmak.com\/pt\/wp-json\/wp\/v2\/pages"}],"about":[{"href":"https:\/\/www.drfatihirmak.com\/pt\/wp-json\/wp\/v2\/types\/page"}],"author":[{"embeddable":true,"href":"https:\/\/www.drfatihirmak.com\/pt\/wp-json\/wp\/v2\/users\/1"}],"replies":[{"embeddable":true,"href":"https:\/\/www.drfatihirmak.com\/pt\/wp-json\/wp\/v2\/comments?post=2271"}],"version-history":[{"count":1,"href":"https:\/\/www.drfatihirmak.com\/pt\/wp-json\/wp\/v2\/pages\/2271\/revisions"}],"predecessor-version":[{"id":4029,"href":"https:\/\/www.drfatihirmak.com\/pt\/wp-json\/wp\/v2\/pages\/2271\/revisions\/4029"}],"wp:attachment":[{"href":"https:\/\/www.drfatihirmak.com\/pt\/wp-json\/wp\/v2\/media?parent=2271"}],"curies":[{"name":"wp","href":"https:\/\/api.w.org\/{rel}","templated":true}]}}