{"id":2238,"date":"2020-06-10T18:53:06","date_gmt":"2020-06-10T15:53:06","guid":{"rendered":"https:\/\/www.drfatihirmak.com\/rinoplasti-revizyonu-rinoplasti-yenileme\/"},"modified":"2024-11-19T20:13:30","modified_gmt":"2024-11-19T17:13:30","slug":"revisao-de-rinoplastia-renovacao-de-rinoplastia","status":"publish","type":"page","link":"https:\/\/www.drfatihirmak.com\/pt\/burun\/rinoplasti-revizyonu-rinoplasti-yenileme","title":{"rendered":"Rinoplastia de revis\u00e3o (Rinoplastia para um lifting facial)"},"content":{"rendered":"<p>[et_pb_section fb_built=&#8221;1&#8243; _builder_version=&#8221;4.16&#8243; custom_padding=&#8221;1%||1%||true|false&#8221; collapsed=&#8221;off&#8221; global_colors_info=&#8221;{}&#8221; da_is_popup=&#8221;off&#8221; da_exit_intent=&#8221;off&#8221; da_has_close=&#8221;on&#8221; da_alt_close=&#8221;off&#8221; da_dark_close=&#8221;off&#8221; da_not_modal=&#8221;on&#8221; da_is_singular=&#8221;off&#8221; da_with_loader=&#8221;off&#8221; da_has_shadow=&#8221;on&#8221; da_disable_devices=&#8221;off|off|off&#8221;][et_pb_row column_structure=&#8221;1_2,1_2&#8243; use_custom_gutter=&#8221;on&#8221; gutter_width=&#8221;2&#8243; _builder_version=&#8221;4.16&#8243; width=&#8221;90%&#8221; max_width=&#8221;88%&#8221; custom_margin=&#8221;0px||0px||true|false&#8221; custom_padding=&#8221;0px||0px||false|false&#8221; global_colors_info=&#8221;{}&#8221;][et_pb_column type=&#8221;1_2&#8243; _builder_version=&#8221;4.16&#8243; background_enable_image=&#8221;off&#8221; background_size=&#8221;contain&#8221; custom_padding=&#8221;0%||0%||true|false&#8221; global_colors_info=&#8221;{}&#8221;][et_pb_text admin_label=&#8221;Metin&#8221; _builder_version=&#8221;4.16&#8243; _dynamic_attributes=&#8221;content&#8221; text_font=&#8221;|700|||||||&#8221; text_font_size=&#8221;35px&#8221; text_line_height=&#8221;1em&#8221; background_image=&#8221;https:\/\/drfatihirmak.com\/wp-content\/uploads\/2020\/02\/icon-bg.png&#8221; background_size=&#8221;contain&#8221; global_colors_info=&#8221;{}&#8221;]@ET-DC@eyJkeW5hbWljIjp0cnVlLCJjb250ZW50IjoicG9zdF90aXRsZSIsInNldHRpbmdzIjp7ImJlZm9yZSI6IiIsImFmdGVyIjoiIn19@[\/et_pb_text][\/et_pb_column][et_pb_column type=&#8221;1_2&#8243; _builder_version=&#8221;4.16&#8243; custom_padding=&#8221;2%||2%||true|false&#8221; global_colors_info=&#8221;{}&#8221;][\/et_pb_column][\/et_pb_row][\/et_pb_section][et_pb_section fb_built=&#8221;1&#8243; _builder_version=&#8221;4.16&#8243; custom_padding=&#8221;0px||0px||false|false&#8221; global_colors_info=&#8221;{}&#8221; da_is_popup=&#8221;off&#8221; da_exit_intent=&#8221;off&#8221; da_has_close=&#8221;on&#8221; da_alt_close=&#8221;off&#8221; da_dark_close=&#8221;off&#8221; da_not_modal=&#8221;on&#8221; da_is_singular=&#8221;off&#8221; da_with_loader=&#8221;off&#8221; da_has_shadow=&#8221;on&#8221; da_disable_devices=&#8221;off|off|off&#8221;][et_pb_row use_custom_gutter=&#8221;on&#8221; gutter_width=&#8221;2&#8243; _builder_version=&#8221;4.16&#8243; background_color=&#8221;#3a3839&#8243; width=&#8221;100%&#8221; max_width=&#8221;100%&#8221; custom_margin=&#8221;0px||0px||true|false&#8221; custom_padding=&#8221;0px||0px||true|false&#8221; global_colors_info=&#8221;{}&#8221;][et_pb_column type=&#8221;4_4&#8243; _builder_version=&#8221;4.16&#8243; background_enable_image=&#8221;off&#8221; background_size=&#8221;contain&#8221; custom_padding=&#8221;0%||0%||true|false&#8221; global_colors_info=&#8221;{}&#8221;][et_pb_image src=&#8221;@ET-DC@eyJkeW5hbWljIjp0cnVlLCJjb250ZW50IjoicG9zdF9mZWF0dXJlZF9pbWFnZSIsInNldHRpbmdzIjp7fX0=@&#8221; align=&#8221;center&#8221; force_fullwidth=&#8221;on&#8221; _builder_version=&#8221;4.16&#8243; _dynamic_attributes=&#8221;src&#8221; global_colors_info=&#8221;{}&#8221;][\/et_pb_image][\/et_pb_column][\/et_pb_row][\/et_pb_section][et_pb_section fb_built=&#8221;1&#8243; _builder_version=&#8221;4.16&#8243; custom_margin=&#8221;||40px||false|false&#8221; custom_padding=&#8221;0px||0px||false|false&#8221; global_colors_info=&#8221;{}&#8221; da_is_popup=&#8221;off&#8221; da_exit_intent=&#8221;off&#8221; da_has_close=&#8221;on&#8221; da_alt_close=&#8221;off&#8221; da_dark_close=&#8221;off&#8221; da_not_modal=&#8221;on&#8221; da_is_singular=&#8221;off&#8221; da_with_loader=&#8221;off&#8221; da_has_shadow=&#8221;on&#8221; da_disable_devices=&#8221;off|off|off&#8221;][et_pb_row use_custom_gutter=&#8221;on&#8221; gutter_width=&#8221;2&#8243; module_id=&#8221;procedure&#8221; _builder_version=&#8221;4.16&#8243; max_width=&#8221;80%&#8221; custom_padding=&#8221;||0px|||&#8221; border_color_top=&#8221;#210454&#8243; border_style_top=&#8221;double&#8221; global_colors_info=&#8221;{}&#8221;][et_pb_column type=&#8221;4_4&#8243; _builder_version=&#8221;4.16&#8243; global_colors_info=&#8221;{}&#8221;][et_pb_text admin_label=&#8221;Metin&#8221; _builder_version=&#8221;4.16&#8243; text_font_size=&#8221;18px&#8221; header_2_font=&#8221;|600|||||||&#8221; header_2_text_color=&#8221;#2a7cc8&#8243; header_2_line_height=&#8221;1.7em&#8221; locked=&#8221;off&#8221; global_colors_info=&#8221;{}&#8221;]<\/p>\n<p id=\"tw-target-text\" class=\"tw-data-text tw-text-large XcVN5d tw-ta\" dir=\"ltr\" data-placeholder=\"\u00c7eviri\"><span lang=\"tr\"><strong>Primer rinoplasti<\/strong>, bir hastan\u0131n ge\u00e7irdi\u011fi ilk rinoplastidir. \u00c7o\u011fu durumda, primer\u00a0 rinoplasti ideal, kal\u0131c\u0131 sonu\u00e7lar verir ve gerekli olan tek cerrahidir. <\/span><\/p>\n<p class=\"tw-data-text tw-text-large XcVN5d tw-ta\" dir=\"ltr\" data-placeholder=\"\u00c7eviri\"><span lang=\"tr\">Ancak baz\u0131 durumlarda olumsuz sonu\u00e7lar veya ilave bir ameliyat gerektirebilir. Buna rinoplasti revizyonu denir.<\/span><\/p>\n<p>Her iki prosed\u00fcr de benzer \u015fekilde yap\u0131l\u0131r, ancak rinoplasti revizyonu yara\u00a0 dokusu \u00e7evresinde ekstra bak\u0131m gerektirir. Bu, arzular\u0131n\u0131z\u0131 tam olarak anlayan ve potansiyel sonu\u00e7lar\u0131n\u0131z hakk\u0131nda size ger\u00e7ek\u00e7i beklentiler sunan bir cerrah se\u00e7menin \u00e7ok \u00f6nemli oldu\u011fu anlam\u0131na gelir.<\/p>\n<p>\u00d6nceki bir burun ameliyat\u0131 sonu\u00e7lar\u0131ndan memnun olmayan, eri\u015fkinli\u011fe ula\u015fm\u0131\u015f, sa\u011fl\u0131kl\u0131 olan ve sonu\u00e7lardan\u00a0 ger\u00e7ek\u00e7i beklentileri olan hastalar rinoplasti revizyonu i\u00e7in ideal adaylard\u0131r.<\/p>\n<p dir=\"ltr\" data-placeholder=\"\u00c7eviri\">Burun esteti\u011fi ameliyat\u0131n\u0131n ana nedeni \u00e7ok basittir. Y\u00fcze uyan bir burun. Do\u011fal g\u00f6r\u00fcn\u00fcml\u00fc burun, di\u011fer y\u00fcz \u00f6zelliklerinizle de denge kurar. Duygular\u0131n\u0131z bu basit ihtiya\u00e7lara uymuyorsa,rinoplasti revizyonu i\u00e7in ideal bir aday olabilirsiniz.<\/p>\n<p dir=\"ltr\" data-placeholder=\"\u00c7eviri\">Prof. Dr.Fatih Irmak&#8217;\u0131n rinoplasti konusundaki temel uzmanl\u0131\u011f\u0131 rinoplasti revizyon prosed\u00fcrleridir. Rinoplasti cerrahisi hakk\u0131nda ge\u00e7mi\u015fte tatmin edici olmayan deneyimlere sahip hastalar\u0131n ihtiya\u00e7lar\u0131 i\u00e7in \u00e7ok \u00f6zel teknikler geli\u015ftirmi\u015ftir.Ve bu teknikler d\u00fcnyan\u0131n en pop\u00fcler Plastik Cerrahi dergilerinde yay\u0131nlanm\u0131\u015ft\u0131r.<\/p>\n<p>[\/et_pb_text][\/et_pb_column][\/et_pb_row][\/et_pb_section][et_pb_section fb_built=&#8221;1&#8243; _builder_version=&#8221;4.16&#8243; use_background_color_gradient=&#8221;on&#8221; background_color_gradient_direction=&#8221;90deg&#8221; background_color_gradient_stops=&#8221;#2a7cc8 0%|#210454 100%&#8221; background_color_gradient_start=&#8221;#2a7cc8&#8243; background_color_gradient_end=&#8221;#210454&#8243; global_colors_info=&#8221;{}&#8221; da_is_popup=&#8221;off&#8221; da_exit_intent=&#8221;off&#8221; da_has_close=&#8221;on&#8221; da_alt_close=&#8221;off&#8221; da_dark_close=&#8221;off&#8221; da_not_modal=&#8221;on&#8221; da_is_singular=&#8221;off&#8221; da_with_loader=&#8221;off&#8221; da_has_shadow=&#8221;on&#8221; da_disable_devices=&#8221;off|off|off&#8221;][et_pb_row column_structure=&#8221;1_3,1_3,1_3&#8243; _builder_version=&#8221;4.16&#8243; max_width=&#8221;80%&#8221; global_colors_info=&#8221;{}&#8221;][et_pb_column type=&#8221;1_3&#8243; _builder_version=&#8221;4.16&#8243; global_colors_info=&#8221;{}&#8221;][divienhancer_image_comparison before_upload=&#8221;https:\/\/drfatihirmak.com\/wp-content\/uploads\/2020\/04\/1-before-revision-rhinoplasty.jpg&#8221; before_text=&#8221;\u00d6ncesi&#8221; after_upload=&#8221;https:\/\/drfatihirmak.com\/wp-content\/uploads\/2020\/04\/1-after-revision-rhinoplasty.jpg&#8221; after_text=&#8221;Sonras\u0131&#8221; _builder_version=&#8221;4.16&#8243; background_color=&#8221;#88959e&#8221; custom_padding=&#8221;||||true|false&#8221; global_colors_info=&#8221;{}&#8221;][\/divienhancer_image_comparison][\/et_pb_column][et_pb_column type=&#8221;1_3&#8243; _builder_version=&#8221;4.16&#8243; global_colors_info=&#8221;{}&#8221;][divienhancer_image_comparison before_upload=&#8221;https:\/\/drfatihirmak.com\/wp-content\/uploads\/2020\/04\/2-before-revision-rhinoplasty.jpg&#8221; before_text=&#8221;\u00d6ncesi&#8221; after_upload=&#8221;https:\/\/drfatihirmak.com\/wp-content\/uploads\/2020\/04\/2-after-revision-rhinoplasty.jpg&#8221; after_text=&#8221;Sonras\u0131&#8221; _builder_version=&#8221;4.16&#8243; background_color=&#8221;#88959e&#8221; custom_padding=&#8221;||||true|false&#8221; global_colors_info=&#8221;{}&#8221;][\/divienhancer_image_comparison][\/et_pb_column][et_pb_column type=&#8221;1_3&#8243; _builder_version=&#8221;4.16&#8243; global_colors_info=&#8221;{}&#8221;][divienhancer_image_comparison before_upload=&#8221;https:\/\/drfatihirmak.com\/wp-content\/uploads\/2020\/04\/3-before-revision-rhinoplasty.jpg&#8221; before_text=&#8221;\u00d6ncesi&#8221; after_upload=&#8221;https:\/\/drfatihirmak.com\/wp-content\/uploads\/2020\/04\/3-after-revision-rhinoplasty.jpg&#8221; after_text=&#8221;Sonras\u0131&#8221; _builder_version=&#8221;4.16&#8243; background_color=&#8221;#88959e&#8221; custom_padding=&#8221;||||true|false&#8221; global_colors_info=&#8221;{}&#8221;][\/divienhancer_image_comparison][\/et_pb_column][\/et_pb_row][\/et_pb_section]<\/p>\n","protected":false},"excerpt":{"rendered":"<p>Primer rinoplasti, bir hastan\u0131n ge\u00e7irdi\u011fi ilk rinoplastidir. \u00c7o\u011fu durumda, primer\u00a0 rinoplasti ideal, kal\u0131c\u0131 sonu\u00e7lar verir ve gerekli olan tek cerrahidir. Ancak baz\u0131 durumlarda olumsuz sonu\u00e7lar veya ilave bir ameliyat gerektirebilir. Buna rinoplasti revizyonu denir. Her iki prosed\u00fcr de benzer \u015fekilde yap\u0131l\u0131r, ancak rinoplasti revizyonu yara\u00a0 dokusu \u00e7evresinde ekstra bak\u0131m gerektirir. Bu, arzular\u0131n\u0131z\u0131 tam olarak anlayan [&hellip;]<\/p>\n","protected":false},"author":1,"featured_media":2906,"parent":2242,"menu_order":0,"comment_status":"closed","ping_status":"closed","template":"","meta":{"_et_pb_use_builder":"on","_et_pb_old_content":"","_et_gb_content_width":"","footnotes":""},"class_list":["post-2238","page","type-page","status-publish","has-post-thumbnail","hentry"],"_links":{"self":[{"href":"https:\/\/www.drfatihirmak.com\/pt\/wp-json\/wp\/v2\/pages\/2238","targetHints":{"allow":["GET"]}}],"collection":[{"href":"https:\/\/www.drfatihirmak.com\/pt\/wp-json\/wp\/v2\/pages"}],"about":[{"href":"https:\/\/www.drfatihirmak.com\/pt\/wp-json\/wp\/v2\/types\/page"}],"author":[{"embeddable":true,"href":"https:\/\/www.drfatihirmak.com\/pt\/wp-json\/wp\/v2\/users\/1"}],"replies":[{"embeddable":true,"href":"https:\/\/www.drfatihirmak.com\/pt\/wp-json\/wp\/v2\/comments?post=2238"}],"version-history":[{"count":1,"href":"https:\/\/www.drfatihirmak.com\/pt\/wp-json\/wp\/v2\/pages\/2238\/revisions"}],"predecessor-version":[{"id":4047,"href":"https:\/\/www.drfatihirmak.com\/pt\/wp-json\/wp\/v2\/pages\/2238\/revisions\/4047"}],"up":[{"embeddable":true,"href":"https:\/\/www.drfatihirmak.com\/pt\/wp-json\/wp\/v2\/pages\/2242"}],"wp:featuredmedia":[{"embeddable":true,"href":"https:\/\/www.drfatihirmak.com\/pt\/wp-json\/wp\/v2\/media\/2906"}],"wp:attachment":[{"href":"https:\/\/www.drfatihirmak.com\/pt\/wp-json\/wp\/v2\/media?parent=2238"}],"curies":[{"name":"wp","href":"https:\/\/api.w.org\/{rel}","templated":true}]}}