{"id":2228,"date":"2020-06-10T01:29:03","date_gmt":"2020-06-09T22:29:03","guid":{"rendered":"https:\/\/www.drfatihirmak.com\/kullanim-sartlari\/"},"modified":"2023-01-15T12:21:08","modified_gmt":"2023-01-15T09:21:08","slug":"condicoes-de-utilizacao","status":"publish","type":"page","link":"https:\/\/www.drfatihirmak.com\/pt\/kullanim-sartlari","title":{"rendered":"Termos de utiliza\u00e7\u00e3o"},"content":{"rendered":"<p>[et_pb_section fb_built=&#8221;1&#8243; _builder_version=&#8221;4.3.2&#8243; custom_padding=&#8221;||0px|||&#8221;][et_pb_row _builder_version=&#8221;4.4.3&#8243; custom_margin=&#8221;||||false|false&#8221; box_shadow_style=&#8221;preset4&#8243; box_shadow_horizontal=&#8221;-5vw&#8221; box_shadow_vertical=&#8221;0px&#8221; box_shadow_color=&#8221;#6bffff&#8221;][et_pb_column type=&#8221;4_4&#8243; _builder_version=&#8221;4.3.2&#8243;][et_pb_text ul_type=&#8221;square&#8221; ul_position=&#8221;inside&#8221; ul_item_indent=&#8221;5vw&#8221; module_class=&#8221;column-list&#8221; _builder_version=&#8221;4.4.3&#8243; text_font=&#8221;Montserrat|700|||||||&#8221; link_text_color=&#8221;#333333&#8243; ul_text_color=&#8221;#c5e0dc&#8221; header_2_font=&#8221;Montserrat|700|||||||&#8221; header_2_font_size=&#8221;3vw&#8221; header_2_line_height=&#8221;1.8em&#8221; custom_margin=&#8221;|||-2vw|false|false&#8221; header_2_font_size_tablet=&#8221;36px&#8221; header_2_font_size_phone=&#8221;&#8221; header_2_font_size_last_edited=&#8221;on|desktop&#8221;]<\/p>\n<h2>Kullan\u0131m \u015eartlar\u0131<\/h2>\n<p>[\/et_pb_text][\/et_pb_column][\/et_pb_row][et_pb_row _builder_version=&#8221;4.4.3&#8243; width=&#8221;90%&#8221; max_width=&#8221;80%&#8221; custom_padding=&#8221;0px||0px|||&#8221;][et_pb_column type=&#8221;4_4&#8243; _builder_version=&#8221;4.4.3&#8243;][et_pb_text _builder_version=&#8221;4.4.3&#8243; text_font_size=&#8221;17px&#8221; custom_padding=&#8221;50px|||||&#8221;]Son g\u00fcncelleme: 22 Nisan 2020<\/p>\n<p>Hizmetimizi kullanmadan \u00f6nce l\u00fctfen bu h\u00fck\u00fcm ve ko\u015fullar\u0131 dikkatlice okuyun.<\/p>\n<p>Yorum ve Tan\u0131mlar<\/p>\n<h2>Yorum<\/h2>\n<p>\u0130lk harfi b\u00fcy\u00fck yaz\u0131lm\u0131\u015f s\u00f6zc\u00fckler, a\u015fa\u011f\u0131daki ko\u015fullar alt\u0131nda tan\u0131mlanan anlamlara sahiptir.<\/p>\n<p>A\u015fa\u011f\u0131daki tan\u0131mlar, tekil veya \u00e7o\u011ful olarak g\u00f6r\u00fcnseler de ayn\u0131 anlama gelecektir.<\/p>\n<h2>Tan\u0131mlar<\/h2>\n<p>Bu H\u00fck\u00fcm ve Ko\u015fullar\u0131n ama\u00e7lar\u0131 do\u011frultusunda:<\/p>\n<p><strong>. Ba\u011fl\u0131 Kurulu\u015f,<\/strong> bir taraf\u00e7a kontrol edilen veya bir tarafla ortak kontrol alt\u0131nda olan bir kurulu\u015f anlam\u0131na gelir. Burada &#8220;kontrol&#8221;, y\u00f6netim veya di\u011fer y\u00f6netim otoritesinin se\u00e7iminde oy kullanma yetkisi tan\u0131yan hisse senedi veya di\u011fer menkul k\u0131ymetlerin m\u00fclkiyetine sahip hissedarlar\u0131n % 50 veya daha fazlas\u0131 anlam\u0131ndad\u0131r.<\/p>\n<p><strong>.\u015eirket<\/strong> ile (bu anla\u015fmada &#8220;Biz&#8221;, &#8220;Bizler&#8221; veya \u2018\u2019Bizim&#8221; olarak an\u0131lanlar gibi) Prof. Dr. Fatih Irmak\u2019a at\u0131fta bulunulmaktad\u0131r.<\/p>\n<p><strong>.\u00dclke<\/strong> ile at\u0131fta bulunulan: T\u00fcrkiye\u2019dir<\/p>\n<p><strong>.Cihaz<\/strong>, hizmete eri\u015febilen bilgisayar, cep telefonu veya dijital tablet gibi herhangi bir ayg\u0131t anlam\u0131na gelir .<\/p>\n<p><strong>.Hizmet,<\/strong> Web Sitesini ifade eder.<\/p>\n<p><strong>.H\u00fck\u00fcm ve Ko\u015fullar<\/strong> (&#8220;H\u00fck\u00fcmler&#8221; olarak da bilinir), \u015eirket ile aran\u0131zdaki s\u00f6zle\u015fmenin tamam\u0131n\u0131 olu\u015fturan, Hizmetin kullan\u0131m\u0131na ili\u015fkin H\u00fck\u00fcm ve Ko\u015fullar anlam\u0131ndad\u0131r. Bu H\u00fck\u00fcm ve Ko\u015fullar s\u00f6zle\u015fmesi H\u00fck\u00fcm ve Ko\u015fullar Olu\u015fturucu\u2019nun yard\u0131m\u0131yla olu\u015fturulmu\u015ftur.<\/p>\n<p><strong>.\u00dc\u00e7\u00fcnc\u00fc Taraf Sosyal Medya Hizmeti<\/strong>, bir \u00fc\u00e7\u00fcnc\u00fc taraf\u00e7a sa\u011flanan, Hizmet taraf\u0131ndan g\u00f6sterim, izleme veya sunumu yap\u0131lan herhangi bir hizmet veya i\u00e7erik (veri, bilgi, \u00fcr\u00fcn veya servis dahil) anlam\u0131na gelir.<\/p>\n<p><strong>.Web sitesi,<\/strong> ornektir.net\/fatih adresinden eri\u015filebilen Prof. Dr. Fatih Irmak\u2019a at\u0131fta bulunmaktad\u0131r. .<strong>Siz<\/strong>, Hizmete eri\u015fen veya bu hizmeti kullanan ki\u015fi veya \u015firket ya da ge\u00e7erli bi\u00e7imde ki\u015fi hesab\u0131na bu hizmete eri\u015fen veya bu hizmeti kullanan ba\u015fka bir t\u00fczel ki\u015fi anlam\u0131na gelir.<\/p>\n<p>Bilgilendirme<\/p>\n<p>Bunlar, bu Hizmetin kullan\u0131m\u0131n\u0131 ve Siz ve \u015eirket aras\u0131nda i\u015fleyen s\u00f6zle\u015fmeyi d\u00fczenleyen H\u00fck\u00fcm ve Ko\u015fullard\u0131r. Bu H\u00fck\u00fcm ve Ko\u015fullar, Hizmetin kullan\u0131m\u0131na ili\u015fkin t\u00fcm kullan\u0131c\u0131lar\u0131n hak ve y\u00fck\u00fcml\u00fcl\u00fcklerini belirler.<\/p>\n<p>Hizmete eri\u015fiminiz ve Hizmeti kullanman\u0131z, bu H\u00fck\u00fcm ve Ko\u015fullar\u0131 kabul etmeniz ve bunlara uyman\u0131z \u015fart\u0131na ba\u011fl\u0131d\u0131r. Bu H\u00fck\u00fcm ve Ko\u015fullar, Hizmete eri\u015fen veya Hizmeti kullanan t\u00fcm ziyaret\u00e7iler,kullan\u0131c\u0131lar ve di\u011ferleri i\u00e7in ge\u00e7erlidir.<\/p>\n<p>Hizmete eri\u015ferek veya Hizmeti kullanarak bu H\u00fck\u00fcm ve Ko\u015fullara ba\u011fl\u0131 kalmay\u0131 kabul etmi\u015f<br \/>\nolursunuz. Bu H\u00fck\u00fcm ve Ko\u015fullar\u0131n herhangi bir b\u00f6l\u00fcm\u00fcn\u00fc kabul etmemeniz halinde, Hizmete<br \/>\neri\u015femeyebilirsiniz.<br \/>\n18 ya\u015f\u0131ndan b\u00fcy\u00fck oldu\u011funuzu beyan etmektesiniz. \u015eirket, 18 ya\u015f\u0131n alt\u0131ndakilerin Hizmeti<br \/>\nkullanmas\u0131na izin vermez.<br \/>\nHizmete eri\u015fiminiz ve Hizmet\u2019ii kullanman\u0131z, ayr\u0131ca \u015eirket Gizlilik Politikas\u0131n\u0131 kabul etmeniz ve bunlara<br \/>\nuyman\u0131z ko\u015fuluna ba\u011fl\u0131d\u0131r. Gizlilik Politikam\u0131z, Uygulamay\u0131 veya Web Sitesini kulland\u0131\u011f\u0131n\u0131zda ki\u015fiselbilgilerinizin toplanmas\u0131, kullan\u0131lmas\u0131 ve if\u015fa edilmesine ili\u015fkin politika ve prosed\u00fcrlerimizi a\u00e7\u0131klar ve size mahremiyet haklar\u0131n\u0131z ve yasalar\u0131n Sizi ne \u015fekilde korudu\u011funu anlat\u0131r. Hizmetimizi kullanmadan \u00f6nce l\u00fctfen Gizlilik Politikam\u0131z\u0131 dikkatle okuyunuz.<br \/>\nDi\u011fer Web Sitelerine Ba\u011flant\u0131lar<br \/>\nHizmetimiz, \u015eirketin sahibi olmad\u0131\u011f\u0131 veya \u015eirket taraf\u0131ndan kontrol edilmeyen \u00fc\u00e7\u00fcnc\u00fc taraf web<br \/>\nsitelerine veya hizmetlerine ba\u011flant\u0131lar i\u00e7erebilir.<br \/>\n\u015eirket, herhangi bir \u00fc\u00e7\u00fcnc\u00fc taraf web sitesi veya hizmetinin i\u00e7eri\u011fi, gizlilik politikalar\u0131 veya uygulamalar\u0131 \u00fczerinde hi\u00e7bir denetime sahip de\u011fildir ve hi\u00e7bir sorumluluk kabul etmemektedir. Bunun \u00f6tesinde, \u015eirketin bu t\u00fcr web siteleri veya hizmetler arac\u0131l\u0131\u011f\u0131yla sa\u011flanm\u0131\u015f<br \/>\ni\u00e7erik, mal veya hizmetlerin kullan\u0131m\u0131yla ilgili veya bunlarla ba\u011flant\u0131l\u0131 olarak ortaya \u00e7\u0131kan veya<br \/>\nbunlarla ba\u011flant\u0131l\u0131 oldu\u011fu iddia edilen hasar veya kay\u0131plardan do\u011frudan veya dolayl\u0131 olarak sorumlu<br \/>\nveya y\u00fck\u00fcml\u00fc olmayaca\u011f\u0131n\u0131 kabul ve beyan etmektesiniz.<br \/>\nZiyaret etti\u011finiz \u00fc\u00e7\u00fcnc\u00fc taraf web sitelerinin veya hizmetlerinin kay\u0131t ve ko\u015fullar\u0131n\u0131 ve gizlilik<br \/>\npolitikalar\u0131n\u0131 okuman\u0131z\u0131 \u00f6nemle tavsiye ederiz.<\/p>\n<p>Sonland\u0131rma<\/p>\n<p>Bu H\u00fck\u00fcm ve Ko\u015fullar\u0131 ihlal ederseniz, s\u0131n\u0131rlama olmaks\u0131z\u0131n herhangi bir nedenle \u00f6nceden bildirimde<br \/>\nbulunmak veya y\u00fck\u00fcml\u00fcl\u00fck alt\u0131na girmeksizin eri\u015fiminizi derhal feshedebilir veya ask\u0131ya alabiliriz.<br \/>\nFesih halinde, Hizmeti kullanma hakk\u0131n\u0131z derhal sona erecektir.<\/p>\n<p>Sorumluluk S\u0131n\u0131rlamas\u0131<\/p>\n<p>Kar\u015f\u0131la\u015fabilece\u011finiz herhangi bir zarara ra\u011fmen, bu Ko\u015fullar\u0131n herhangi bir h\u00fckm\u00fc alt\u0131nda \u015eirket&#8217;in ve<br \/>\ntedarik\u00e7ilerinin t\u00fcm sorumlulu\u011fu ve yukar\u0131da belirtilenlerin t\u00fcm\u00fc i\u00e7in m\u00fcnhas\u0131r \u00e7\u00f6z\u00fcm\u00fcn\u00fcz, Hizmet i\u00e7in fiilen \u00f6demi\u015f oldu\u011funuz tutar veya Hizmet arac\u0131l\u0131\u011f\u0131yla hi\u00e7bir \u015fey sat\u0131n almad\u0131ysan\u0131z 100 ABD Dolar\u0131 kar\u015f\u0131l\u0131\u011f\u0131 T\u00fcrk Liras\u0131 ile s\u0131n\u0131rl\u0131 olacakt\u0131r. .<\/p>\n<p>Y\u00fcr\u00fcrl\u00fckteki yasalar\u0131n izin verdi\u011fi azami \u00f6l\u00e7\u00fcde, hi\u00e7bir durumda \u015eirket veya tedarik\u00e7ileri (bunlar\u0131 i\u00e7eren ve bunlarla s\u0131n\u0131rl\u0131 kalmamak \u00fczere k\u00e2r kayb\u0131ndan, veri kayb\u0131ndan, i\u015f kesintisi, ki\u015fisel yaralanma,Hizmetten kaynaklanan veya herhangi bir \u015fekilde Hizmetin kullan\u0131lmas\u0131 veya kullan\u0131lamamas\u0131ndan yada \u00fc\u00e7\u00fcnc\u00fc taraf yaz\u0131l\u0131mlar ve \/ veya Hizmetle birlikte kullan\u0131lan \u00fc\u00e7\u00fcnc\u00fc taraf donan\u0131mlardan kaynaklanan gizlilik kayb\u0131ndan, ya da veri kayb\u0131na y\u00f6nelik herhangi bir \u00f6zel, ar\u0131zi ya da dolayl\u0131 zarardan ve di\u011fer durumlarda bu \u015eartlar\u0131n ba\u015fka herhangi bir h\u00fckm\u00fc ile ba\u011flant\u0131l\u0131 olarak) \u015eirket veya herhangi bir tedarik\u00e7iye bu t\u00fcr zararlar\u0131n ortaya \u00e7\u0131kma olas\u0131l\u0131\u011f\u0131 konusunda bilgi verilmi\u015f ve bu temel gayeye ili\u015fkin \u00e7\u00f6z\u00fcmde ba\u015far\u0131s\u0131z olundu\u011fu taktirde bile sorumlu tutulamaz..<br \/>\nBaz\u0131 devlet ya da eyaletler z\u0131mni garantilerin hari\u00e7 tutulmas\u0131na veya ar\u0131zi ya da sonradan ortaya \u00e7\u0131kan<br \/>\nzararlar i\u00e7in sorumluluk s\u0131n\u0131rlamas\u0131na izin vermez, bu da yukar\u0131daki s\u0131n\u0131rlamalar\u0131n baz\u0131lar\u0131n\u0131n ge\u00e7erli<br \/>\nolmayabilece\u011fi anlam\u0131na gelir. Bu devlet ya da eyaletlerde, her bir taraf\u0131n y\u00fck\u00fcml\u00fcl\u00fc\u011f\u00fc yasalar\u0131n izin verdi\u011fi en geni\u015f \u00f6l\u00e7\u00fcde s\u0131n\u0131rland\u0131r\u0131lacakt\u0131r.<\/p>\n<p>&#8220;OLDU\u011eU G\u0130B\u0130&#8221; ve &#8220;MEVCUT OLDU\u011eU G\u0130B\u0130&#8221;<\/p>\n<p>Hizmet, &#8220;OLDU\u011eU G\u0130B\u0130&#8221; ve &#8220;MEVCUT OLDU\u011eU G\u0130B\u0130&#8221; ve herhangi bir garanti verilmeksizin t\u00fcm ar\u0131za<br \/>\nve kusurlarla birlikte Size sa\u011flan\u0131r. Y\u00fcr\u00fcrl\u00fckteki yasalar \u00e7er\u00e7evesinde izin verilen azami \u00f6l\u00e7\u00fcde, \u015eirket, kendi ad\u0131na ve Ba\u011fl\u0131 Ortaklar\u0131 ile bunlar\u0131n lisans verenleri ve hizmet sa\u011flay\u0131c\u0131lar\u0131 ad\u0131na Hizmete ili\u015fkin, ticari olarak sat\u0131labilirlik, belirli bir amaca uygunluk, unvan ve hak ihlallerine ili\u015fkin t\u00fcm garantilerle, anla\u015fma, performans seyri, kullan\u0131m veya ticaret prati\u011finden do\u011fabilecek garantiler dahil a\u00e7\u0131k, z\u0131mni, yasal veya ba\u015fka t\u00fcrl\u00fc t\u00fcm garantileri a\u00e7\u0131k\u00e7a reddeder. Yukar\u0131dakilerle s\u0131n\u0131rl\u0131 kalmaks\u0131z\u0131n \u015eirket, Hizmetin gereksinimlerinizi kar\u015f\u0131layaca\u011f\u0131, ama\u00e7lanan sonu\u00e7lar\u0131n elde edilece\u011fi, ba\u015fka herhangi bir yaz\u0131l\u0131m, uygulama, sistem veya servisle \u00e7al\u0131\u015faca\u011f\u0131 veya uyumlu olaca\u011f\u0131 kesintisiz faaliyet, t\u00fcm performans veya g\u00fcvenilirlik standartlar\u0131n\u0131 kar\u015f\u0131lama veya hatadan \u00e2ri olma, her bir hata veya kusurun d\u00fczeltilebilir veya d\u00fczeltilecek oldu\u011fu y\u00f6n\u00fcnde hi\u00e7bir garanti veya taahh\u00fctte ya da herhangi bir beyanda bulunmaz<\/p>\n<p>Yukar\u0131dakileri s\u0131n\u0131rlamaks\u0131z\u0131n, ne \u015eirket ne de \u015firketin sa\u011flay\u0131c\u0131lar\u0131, (i) Hizmetin i\u015fletilmesi veya kullan\u0131labilirli\u011fi veya bilgi, i\u00e7erik ve malzeme veya buna dahil \u00fcr\u00fcnler hakk\u0131nda; (ii) Hizmetin kesintisiz veya hatas\u0131z olaca\u011f\u0131; (iii) Hizmet arac\u0131l\u0131\u011f\u0131yla sa\u011flanan herhangi bir bilgi veya i\u00e7eri\u011fin do\u011frulu\u011fu, g\u00fcvenilirli\u011fi veya ge\u00e7erlili\u011fi ile ilgili olarak; veya (iv) Hizmet sunucular\u0131n\u0131n, \u015eirket&#8217;ten veya \u015eirket ad\u0131na g\u00f6nderilen i\u00e7eri\u011fin veya e-postalar\u0131n vir\u00fcs, komut dosyas\u0131, truva at\u0131, solucan, k\u00f6t\u00fc ama\u00e7l\u0131 yaz\u0131l\u0131m, zaman bombas\u0131 veya di\u011fer zararl\u0131 bile\u015fenlerden ar\u0131nm\u0131\u015f olmas\u0131 hakk\u0131nda a\u00e7\u0131k veya z\u0131mni herhangi bir beyanda bulunmaz veya garanti vermez.<br \/>\nBaz\u0131 yarg\u0131 \u00e7evreleri, bir t\u00fcketicinin ge\u00e7erli yasal haklar\u0131na ili\u015fkin belirli t\u00fcrden garantilerin veya<br \/>\ns\u0131n\u0131rlamalar\u0131n hari\u00e7 tutulmas\u0131na izin vermez, bu nedenle yukar\u0131daki hari\u00e7 tutma ve s\u0131n\u0131rlamalar\u0131n<br \/>\nbaz\u0131lar\u0131 veya t\u00fcm\u00fc sizin i\u00e7in ge\u00e7erli olmayabilir. Ancak b\u00f6yle bir durumda, bu b\u00f6l\u00fcmde ortaya konan<br \/>\nistisnalar ve s\u0131n\u0131rlamalar, y\u00fcr\u00fcrl\u00fckteki yasalar \u00e7er\u00e7evesinde uygulanabilen en geni\u015f \u00f6l\u00e7\u00fcde<br \/>\nuygulanacakt\u0131r.<\/p>\n<p>Ge\u00e7erli Kanun<\/p>\n<p>\u00dclke yasalar\u0131, kanunlar ihtilaf\u0131 kurallar\u0131 hari\u00e7, \u015eartlar\u0131 ve Hizmet kullan\u0131m\u0131n\u0131z\u0131 idare edecektir.<br \/>\nUygulamay\u0131 kullan\u0131m\u0131n\u0131z ayr\u0131ca di\u011fer yerel, eyalet, ulusal veya uluslararas\u0131 yasalara tabi olabilir.<\/p>\n<p>Anla\u015fmazl\u0131klar\u0131n \u00c7\u00f6z\u00fcm\u00fc,<\/p>\n<p>Hizmetle ilgili herhangi bir endi\u015feniz veya anla\u015fmazl\u0131\u011f\u0131n\u0131z varsa, \u00f6ncelikle \u015eirketle ileti\u015fime ge\u00e7erek anla\u015fmazl\u0131\u011f\u0131 gayri resmi olarak \u00e7\u00f6zmeye \u00e7al\u0131\u015fmay\u0131 kabul etmektesinizdir.<\/p>\n<p>Avrupa Birli\u011fi (AB) Kullan\u0131c\u0131lar\u0131 i\u00e7in<\/p>\n<p>Avrupa Birli\u011fi t\u00fcketicisiyseniz, ikamet etti\u011finiz \u00fclkenin hukukunun emredici h\u00fck\u00fcmlerinden<br \/>\nyararlan\u0131rs\u0131n\u0131z.<\/p>\n<p>Amerika Birle\u015fik Devletleri Yasal Uygunlu\u011fu<\/p>\n<p>(\u0130) Birle\u015fik Devletler h\u00fck\u00fcmeti ambargosuna tabi olan veya Birle\u015fik Devletler h\u00fck\u00fcmeti taraf\u0131ndan<br \/>\n\u201cter\u00f6rist destekleyici\u201d bir \u00fclke olarak belirlenmi\u015f bir \u00fclkede bulunmad\u0131\u011f\u0131n\u0131z\u0131 ve (ii) Birle\u015fik Devletler<br \/>\nh\u00fck\u00fcmetinin yasaklanm\u0131\u015f veya k\u0131s\u0131tlanm\u0131\u015f taraflar listesinde bulunmad\u0131\u011f\u0131n\u0131z\u0131, beyan ve temin<br \/>\netmektesiniz.<\/p>\n<p>B\u00f6l\u00fcnebilirlik ve Feragat<\/p>\n<h2>B\u00f6l\u00fcnebilirlik<\/h2>\n<p>Bu \u015eartlar\u0131n herhangi bir h\u00fckm\u00fcn\u00fcn uygulanamaz veya ge\u00e7ersiz oldu\u011funa karar verilirse, bu h\u00fck\u00fcm<br \/>\ny\u00fcr\u00fcrl\u00fckteki yasalar \u00e7er\u00e7evesinde o h\u00fckm\u00fcn ama\u00e7lar\u0131n\u0131 m\u00fcmk\u00fcn olan en \u00fcst d\u00fczeyde<br \/>\nger\u00e7ekle\u015ftirmek \u00fczere de\u011fi\u015ftirilecek ve yorumlanacak ve geriye kalan h\u00fck\u00fcmlerin etkisi tam olarak<br \/>\ns\u00fcrmeye devam edecektir.<\/p>\n<h2>Feragat<\/h2>\n<p>Burada belirtilen durumlar d\u0131\u015f\u0131nda, bu \u015eartlar&#8217;\u0131n gerektirdi\u011fi bir hakk\u0131n kullan\u0131lmamas\u0131 veya bir<br \/>\ny\u00fck\u00fcml\u00fcl\u00fc\u011f\u00fcn yerine getirilmesi talebinde bulunulmamas\u0131, bir taraf\u0131n bu hakk\u0131 kullanma veya bundan sonra herhangi bir zamanda b\u00f6yle bir yerine getirme talebinde bulunma kabiliyetini etkilemedi\u011fi gibi daha sonra ger\u00e7ekle\u015fecek ihlaller a\u00e7\u0131s\u0131ndan da bir feragat te\u015fkil etmeyecektir.<\/p>\n<p>\u00c7eviri S\u00f6zl\u00fc\u011f\u00fc<\/p>\n<p>Bu \u015eartlar ve Ko\u015fullar, Bizim bunlar\u0131 Hizmetimizde Sizin kullan\u0131m\u0131n\u0131za sunmam\u0131z i\u00e7in terc\u00fcme edilmi\u015f<br \/>\nolabilir.Bir anla\u015fmazl\u0131k durumunda orijinal \u0130ngilizce metnin ge\u00e7erli olaca\u011f\u0131n\u0131 kabul etmektesiniz.<\/p>\n<p>H\u00fck\u00fcm ve Ko\u015fullardaki De\u011fi\u015fiklikler<\/p>\n<p>Tamamen Kendi Takdirimize ba\u011fl\u0131 olarak, Ko\u015fullarda herhangi bir zamanda de\u011fi\u015fiklik yapma hakk\u0131m\u0131z\u0131 sakl\u0131 tutar\u0131z. Bir de\u011fi\u015fikli\u011fin \u00f6nemli olmas\u0131 halinde Yeni \u015eartlar\u0131n y\u00fcr\u00fcrl\u00fc\u011fe girmesinden en az 30 g\u00fcn \u00f6nce bildirimde bulunmak i\u00e7in makul \u00e7abay\u0131 g\u00f6sterece\u011fiz. \u00d6nemli bir de\u011fi\u015fikli\u011fi neyin olu\u015fturdu\u011fu tamamen Kendi Takdirimize ba\u011fl\u0131 olarak belirlenecektir.<br \/>\nBu de\u011fi\u015fiklikler y\u00fcr\u00fcrl\u00fc\u011fe girdikten sonra Hizmetimize eri\u015fmeye veya kullanmaya devam ederek, de\u011fi\u015fiklik yap\u0131lm\u0131\u015f \u015fartlara ba\u011fl\u0131 kalmay\u0131 kabul etmi\u015f olursunuz. Yeni \u015fartlar\u0131 tamamen veya k\u0131smen kabul etmiyorsan\u0131z, l\u00fctfen web sitesini ve Hizmeti kullanmay\u0131 b\u0131rak\u0131n\u0131z.[\/et_pb_text][\/et_pb_column][\/et_pb_row][\/et_pb_section]<\/p>\n","protected":false},"excerpt":{"rendered":"<p>Kullan\u0131m \u015eartlar\u0131Son g\u00fcncelleme: 22 Nisan 2020 Hizmetimizi kullanmadan \u00f6nce l\u00fctfen bu h\u00fck\u00fcm ve ko\u015fullar\u0131 dikkatlice okuyun. Yorum ve Tan\u0131mlar Yorum \u0130lk harfi b\u00fcy\u00fck yaz\u0131lm\u0131\u015f s\u00f6zc\u00fckler, a\u015fa\u011f\u0131daki ko\u015fullar alt\u0131nda tan\u0131mlanan anlamlara sahiptir. A\u015fa\u011f\u0131daki tan\u0131mlar, tekil veya \u00e7o\u011ful olarak g\u00f6r\u00fcnseler de ayn\u0131 anlama gelecektir. Tan\u0131mlar Bu H\u00fck\u00fcm ve Ko\u015fullar\u0131n ama\u00e7lar\u0131 do\u011frultusunda: . Ba\u011fl\u0131 Kurulu\u015f, bir taraf\u00e7a kontrol [&hellip;]<\/p>\n","protected":false},"author":1,"featured_media":0,"parent":0,"menu_order":11,"comment_status":"closed","ping_status":"closed","template":"","meta":{"_et_pb_use_builder":"on","_et_pb_old_content":"","_et_gb_content_width":"","footnotes":""},"class_list":["post-2228","page","type-page","status-publish","hentry"],"_links":{"self":[{"href":"https:\/\/www.drfatihirmak.com\/pt\/wp-json\/wp\/v2\/pages\/2228","targetHints":{"allow":["GET"]}}],"collection":[{"href":"https:\/\/www.drfatihirmak.com\/pt\/wp-json\/wp\/v2\/pages"}],"about":[{"href":"https:\/\/www.drfatihirmak.com\/pt\/wp-json\/wp\/v2\/types\/page"}],"author":[{"embeddable":true,"href":"https:\/\/www.drfatihirmak.com\/pt\/wp-json\/wp\/v2\/users\/1"}],"replies":[{"embeddable":true,"href":"https:\/\/www.drfatihirmak.com\/pt\/wp-json\/wp\/v2\/comments?post=2228"}],"version-history":[{"count":0,"href":"https:\/\/www.drfatihirmak.com\/pt\/wp-json\/wp\/v2\/pages\/2228\/revisions"}],"wp:attachment":[{"href":"https:\/\/www.drfatihirmak.com\/pt\/wp-json\/wp\/v2\/media?parent=2228"}],"curies":[{"name":"wp","href":"https:\/\/api.w.org\/{rel}","templated":true}]}}