{"id":2122,"date":"2020-06-08T10:09:07","date_gmt":"2020-06-08T07:09:07","guid":{"rendered":"https:\/\/www.drfatihirmak.com\/site-haritasi\/"},"modified":"2023-01-15T12:21:01","modified_gmt":"2023-01-15T09:21:01","slug":"mapa-do-sitio","status":"publish","type":"page","link":"https:\/\/www.drfatihirmak.com\/pt\/site-haritasi","title":{"rendered":"Mapa do s\u00edtio"},"content":{"rendered":"<p>[et_pb_section fb_built=&#8221;1&#8243; _builder_version=&#8221;4.3.2&#8243;][et_pb_row _builder_version=&#8221;4.4.3&#8243; custom_margin=&#8221;||5vw||false|false&#8221; box_shadow_style=&#8221;preset4&#8243; box_shadow_horizontal=&#8221;-5vw&#8221; box_shadow_vertical=&#8221;0px&#8221; box_shadow_color=&#8221;#6bffff&#8221;][et_pb_column type=&#8221;4_4&#8243; _builder_version=&#8221;4.3.2&#8243;][et_pb_text ul_type=&#8221;square&#8221; ul_position=&#8221;inside&#8221; ul_item_indent=&#8221;5vw&#8221; module_class=&#8221;column-list&#8221; _builder_version=&#8221;4.4.3&#8243; text_font=&#8221;Montserrat|700|||||||&#8221; link_text_color=&#8221;#333333&#8243; ul_text_color=&#8221;#c5e0dc&#8221; header_2_font=&#8221;Montserrat|700|||||||&#8221; header_2_font_size=&#8221;3vw&#8221; header_2_line_height=&#8221;1.8em&#8221; custom_margin=&#8221;|||-2vw|false|false&#8221; hover_enabled=&#8221;0&#8243; header_2_font_size_tablet=&#8221;36px&#8221; header_2_font_size_phone=&#8221;&#8221; header_2_font_size_last_edited=&#8221;on|desktop&#8221;]<\/p>\n<h2>Sitemap<\/h2>\n<p><div class=\"wsp-container\"><ul class=\"wsp-pages-list\">\n<li class=\"page_item page-item-3718\"><a href=\"https:\/\/www.drfatihirmak.com\/pt\/blog\">BLOG<\/a><\/li>\n<li class=\"page_item page-item-2922\"><a href=\"https:\/\/www.drfatihirmak.com\/pt\/burun-estetigi-ameliyati\">Burun Esteti\u011fi Ameliyat\u0131<\/a><\/li>\n<li class=\"page_item page-item-2931\"><a href=\"https:\/\/www.drfatihirmak.com\/pt\/meme-buyutme-istanbul\">Meme B\u00fcy\u00fctme \u0130stanbul<\/a><\/li>\n<li class=\"page_item page-item-3910\"><a href=\"https:\/\/www.drfatihirmak.com\/pt\/popo-sekillendirme-oncesi-sonrasi\">Popo \u015eekillendirme \u00d6ncesi\/Sonras\u0131<\/a><\/li>\n<li class=\"page_item page-item-2928\"><a href=\"https:\/\/www.drfatihirmak.com\/pt\/rhinoplasty-in-turkey\">Rhinoplasty in Turkey<\/a><\/li>\n<li class=\"page_item page-item-2085\"><a href=\"https:\/\/www.drfatihirmak.com\/pt\/\">ANA SAYFA<\/a><\/li>\n<li class=\"page_item page-item-2087 page_item_has_children\"><a href=\"https:\/\/www.drfatihirmak.com\/pt\/vucut\">V\u00fccut<\/a>\n<ul class='children'>\n\t<li class=\"page_item page-item-2089\"><a href=\"https:\/\/www.drfatihirmak.com\/pt\/vucut\/abdominoplasti-karin-germe\">Abdominoplasti- Kar\u0131n Germe<\/a><\/li>\n\t<li class=\"page_item page-item-2107\"><a href=\"https:\/\/www.drfatihirmak.com\/pt\/vucut\/dogum-sonrasi-toparlanma\">Do\u011fum Sonras\u0131 Yenilenme<\/a><\/li>\n\t<li class=\"page_item page-item-2104\"><a href=\"https:\/\/www.drfatihirmak.com\/pt\/vucut\/kalca-dolgunlastirma\">Kal\u00e7a Dolgunla\u015ft\u0131rma<\/a><\/li>\n\t<li class=\"page_item page-item-2091\"><a href=\"https:\/\/www.drfatihirmak.com\/pt\/vucut\/kol-ve-uyluk-germe\">Kol ve Uyluk Germe<\/a><\/li>\n\t<li class=\"page_item page-item-2105\"><a href=\"https:\/\/www.drfatihirmak.com\/pt\/vucut\/liposuction\">Liposuction<\/a><\/li>\n\t<li class=\"page_item page-item-2102\"><a href=\"https:\/\/www.drfatihirmak.com\/pt\/vucut\/popo-sekillendirme\">Popo \u015eekillendirme<\/a><\/li>\n\t<li class=\"page_item page-item-4186\"><a href=\"https:\/\/www.drfatihirmak.com\/pt\/vucut\/turkiyede-brazilian-butt-lift-bbl-ameliyati\">T\u00fcrkiye\u2019de Brazilian Butt Lift (BBL) Ameliyat\u0131<\/a><\/li>\n\t<li class=\"page_item page-item-4139\"><a href=\"https:\/\/www.drfatihirmak.com\/pt\/vucut\/istanbul-turkiyede-en-iyi-bbl-doktoru-brezilya-kalca-estetigi\">T\u00fcrkiye\u2019de En \u0130yi BBL Doktoru (Brezilya Kal\u00e7a Esteti\u011fi)<\/a><\/li>\n\t<li class=\"page_item page-item-2110\"><a href=\"https:\/\/www.drfatihirmak.com\/pt\/vucut\/vajinal-genclestirme\">Vajinal Gen\u00e7le\u015ftirme<\/a><\/li>\n<\/ul>\n<\/li>\n<li class=\"page_item page-item-2113 page_item_has_children\"><a href=\"https:\/\/www.drfatihirmak.com\/pt\/meme\">Meme<\/a>\n<ul class='children'>\n\t<li class=\"page_item page-item-2169\"><a href=\"https:\/\/www.drfatihirmak.com\/pt\/meme\/meme-buyutme\">Meme B\u00fcy\u00fctme<\/a><\/li>\n\t<li class=\"page_item page-item-2217\"><a href=\"https:\/\/www.drfatihirmak.com\/pt\/meme\/meme-diklestirme\">Meme Dikle\u015ftirme<\/a><\/li>\n\t<li class=\"page_item page-item-2268\"><a href=\"https:\/\/www.drfatihirmak.com\/pt\/meme\/meme-implantlarinin-degistirilmesi-meme-buyutme-revizyonu\">Meme \u0130mplantlar\u0131n\u0131n De\u011fi\u015ftirilmesi (Meme B\u00fcy\u00fctme Revizyonu)<\/a><\/li>\n\t<li class=\"page_item page-item-2240\"><a href=\"https:\/\/www.drfatihirmak.com\/pt\/meme\/meme-kucultme\">Meme K\u00fc\u00e7\u00fcltme<\/a><\/li>\n\t<li class=\"page_item page-item-2234\"><a href=\"https:\/\/www.drfatihirmak.com\/pt\/meme\/meme-rekonstruksiyonu\">Meme Rekonstr\u00fcksiyonu<\/a><\/li>\n\t<li class=\"page_item page-item-2265\"><a href=\"https:\/\/www.drfatihirmak.com\/pt\/meme\/meme-ucu-ve-areola-kucultme\">Meme Ucu ve Areola K\u00fc\u00e7\u00fcltme<\/a><\/li>\n<\/ul>\n<\/li>\n<li class=\"page_item page-item-2271 page_item_has_children\"><a href=\"https:\/\/www.drfatihirmak.com\/pt\/hakkimda\">DR. Fatih Irmak<\/a>\n<ul class='children'>\n\t<li class=\"page_item page-item-2120\"><a href=\"https:\/\/www.drfatihirmak.com\/pt\/hakkimda\/konferans-toplantilar\">Konferans &#038; Toplant\u0131lar<\/a><\/li>\n\t<li class=\"page_item page-item-2293\"><a href=\"https:\/\/www.drfatihirmak.com\/pt\/hakkimda\/ozgecmis\">\u00d6zge\u00e7mi\u015f<\/a><\/li>\n\t<li class=\"page_item page-item-2127\"><a href=\"https:\/\/www.drfatihirmak.com\/pt\/hakkimda\/sertifikalar\">Sertifikalar<\/a><\/li>\n\t<li class=\"page_item page-item-2275\"><a href=\"https:\/\/www.drfatihirmak.com\/pt\/hakkimda\/yayinlar\">Yay\u0131nlar<\/a><\/li>\n<\/ul>\n<\/li>\n<li class=\"page_item page-item-2278 page_item_has_children\"><a href=\"https:\/\/www.drfatihirmak.com\/pt\/yuz-gozler\">Y\u00fcz  &#038; G\u00f6zler<\/a>\n<ul class='children'>\n\t<li class=\"page_item page-item-2288\"><a href=\"https:\/\/www.drfatihirmak.com\/pt\/yuz-gozler\/goz-kapagi-kucultme-blefaroplasti\">G\u00f6z Kapa\u011f\u0131 K\u00fc\u00e7\u00fcltme (Blefaroplasti)<\/a><\/li>\n\t<li class=\"page_item page-item-2282\"><a href=\"https:\/\/www.drfatihirmak.com\/pt\/yuz-gozler\/kas-kaldirma\">Ka\u015f Kald\u0131rma<\/a><\/li>\n\t<li class=\"page_item page-item-2285\"><a href=\"https:\/\/www.drfatihirmak.com\/pt\/yuz-gozler\/kulak-sekillendirme-otoplasti\">Kulak \u015eekillendirme (Otoplasti)<\/a><\/li>\n\t<li class=\"page_item page-item-2296\"><a href=\"https:\/\/www.drfatihirmak.com\/pt\/yuz-gozler\/yara-revizyonu\">Yara Revizyonu<\/a><\/li>\n\t<li class=\"page_item page-item-2291\"><a href=\"https:\/\/www.drfatihirmak.com\/pt\/yuz-gozler\/yuz-germe\">Y\u00fcz Germe<\/a><\/li>\n<\/ul>\n<\/li>\n<li class=\"page_item page-item-2262 page_item_has_children\"><a href=\"https:\/\/www.drfatihirmak.com\/pt\/erkekler-icin\">Erkekler \u0130\u00e7in<\/a>\n<ul class='children'>\n\t<li class=\"page_item page-item-2256\"><a href=\"https:\/\/www.drfatihirmak.com\/pt\/erkekler-icin\/erkekler-icin-liposuction\">Erkekler i\u00e7in Liposuction<\/a><\/li>\n\t<li class=\"page_item page-item-2260\"><a href=\"https:\/\/www.drfatihirmak.com\/pt\/erkekler-icin\/meme-kucultme-gynaecomastia\">Erkeklerde Meme Esteti\u011fi (Jinekomasti)<\/a><\/li>\n\t<li class=\"page_item page-item-2258\"><a href=\"https:\/\/www.drfatihirmak.com\/pt\/erkekler-icin\/yuz-germe\">Y\u00fcz Germe<\/a><\/li>\n<\/ul>\n<\/li>\n<li class=\"page_item page-item-2251 page_item_has_children\"><a href=\"https:\/\/www.drfatihirmak.com\/pt\/cerrahi-olmayan-islemler\">Cerrahi Olmayan \u0130\u015flemler<\/a>\n<ul class='children'>\n\t<li class=\"page_item page-item-2249\"><a href=\"https:\/\/www.drfatihirmak.com\/pt\/cerrahi-olmayan-islemler\/botulimun-toksin-uygulamasi\">Botulinum Toksin Uygulamas\u0131<\/a><\/li>\n\t<li class=\"page_item page-item-2246\"><a href=\"https:\/\/www.drfatihirmak.com\/pt\/cerrahi-olmayan-islemler\/dolgu-yuzgerme\">Dolgu Y\u00fcz Germe<\/a><\/li>\n<\/ul>\n<\/li>\n<li class=\"page_item page-item-2242 page_item_has_children\"><a href=\"https:\/\/www.drfatihirmak.com\/pt\/burun\">Burun Esteti\u011fi<\/a>\n<ul class='children'>\n\t<li class=\"page_item page-item-2225\"><a href=\"https:\/\/www.drfatihirmak.com\/pt\/burun\/rinoplasti\">Rinoplasti<\/a><\/li>\n\t<li class=\"page_item page-item-2238\"><a href=\"https:\/\/www.drfatihirmak.com\/pt\/burun\/rinoplasti-revizyonu-rinoplasti-yenileme\">Rinoplasti Revizyonu ( Rinoplasti Yenileme)<\/a><\/li>\n<\/ul>\n<\/li>\n<li class=\"page_item page-item-2122\"><a href=\"https:\/\/www.drfatihirmak.com\/pt\/site-haritasi\">Site haritas\u0131<\/a><\/li>\n<li class=\"page_item page-item-2330\"><a href=\"https:\/\/www.drfatihirmak.com\/pt\/gizlilik-politikasi\">Gizlilik politikas\u0131<\/a><\/li>\n<li class=\"page_item page-item-2228\"><a href=\"https:\/\/www.drfatihirmak.com\/pt\/kullanim-sartlari\">Kullan\u0131m \u015eartlar\u0131<\/a><\/li>\n<\/ul>\n<\/div>[\/et_pb_text][\/et_pb_column][\/et_pb_row][\/et_pb_section]<\/p>\n","protected":false},"excerpt":{"rendered":"<p>Mapa do s\u00edtio <div class=\"wsp-container\"><ul class=\"wsp-pages-list\">\n<li class=\"page_item page-item-3718\"><a href=\"https:\/\/www.drfatihirmak.com\/pt\/blog\">BLOG<\/a><\/li>\n<li class=\"page_item page-item-2922\"><a href=\"https:\/\/www.drfatihirmak.com\/pt\/burun-estetigi-ameliyati\">Cirurgia est\u00e9tica do nariz<\/a><\/li>\n<li class=\"page_item page-item-2931\"><a href=\"https:\/\/www.drfatihirmak.com\/pt\/meme-buyutme-istanbul\">Aumento dos seios Istambul<\/a><\/li>\n<li class=\"page_item page-item-3910\"><a href=\"https:\/\/www.drfatihirmak.com\/pt\/popo-sekillendirme-oncesi-sonrasi\">Antes \/ Depois do contorno do rabo<\/a><\/li>\n<li class=\"page_item page-item-2928\"><a href=\"https:\/\/www.drfatihirmak.com\/pt\/rhinoplasty-in-turkey\">Rinoplastia na Turquia<\/a><\/li>\n<li class=\"page_item page-item-2085\"><a href=\"https:\/\/www.drfatihirmak.com\/pt\/\">P\u00c1GINA INICIAL<\/a><\/li>\n<li class=\"page_item page-item-2087 page_item_has_children\"><a href=\"https:\/\/www.drfatihirmak.com\/pt\/vucut\">Corpo<\/a>\n<ul class='children'>\n\t<li class=\"page_item page-item-2089\"><a href=\"https:\/\/www.drfatihirmak.com\/pt\/vucut\/abdominoplasti-karin-germe\">Abdominoplastia - Abdominoplastia<\/a><\/li>\n\t<li class=\"page_item page-item-2107\"><a href=\"https:\/\/www.drfatihirmak.com\/pt\/vucut\/dogum-sonrasi-toparlanma\">Regenera\u00e7\u00e3o p\u00f3s-parto<\/a><\/li>\n\t<li class=\"page_item page-item-2104\"><a href=\"https:\/\/www.drfatihirmak.com\/pt\/vucut\/kalca-dolgunlastirma\">Aumento das n\u00e1degas<\/a><\/li>\n\t<li class=\"page_item page-item-2091\"><a href=\"https:\/\/www.drfatihirmak.com\/pt\/vucut\/kol-ve-uyluk-germe\">Alongamento dos bra\u00e7os e das coxas<\/a><\/li>\n\t<li class=\"page_item page-item-2105\"><a href=\"https:\/\/www.drfatihirmak.com\/pt\/vucut\/liposuction\">LIPOASPIRA\u00c7\u00c3O<\/a><\/li>\n\t<li class=\"page_item page-item-2102\"><a href=\"https:\/\/www.drfatihirmak.com\/pt\/vucut\/popo-sekillendirme\">MOLDAGEM DE GL\u00daTEOS<\/a><\/li>\n\t<li class=\"page_item page-item-4186\"><a href=\"https:\/\/www.drfatihirmak.com\/pt\/vucut\/turkiyede-brazilian-butt-lift-bbl-ameliyati\">Cirurgia de Brazilian Butt Lift na Turquia<\/a><\/li>\n\t<li class=\"page_item page-item-4139\"><a href=\"https:\/\/www.drfatihirmak.com\/pt\/vucut\/istanbul-turkiyede-en-iyi-bbl-doktoru-brezilya-kalca-estetigi\">T\u00fcrkiye\u2019de En \u0130yi BBL Doktoru (Brezilya Kal\u00e7a Esteti\u011fi)<\/a><\/li>\n\t<li class=\"page_item page-item-2110\"><a href=\"https:\/\/www.drfatihirmak.com\/pt\/vucut\/vajinal-genclestirme\">Rejuvenescimento vaginal<\/a><\/li>\n<\/ul>\n<\/li>\n<li class=\"page_item page-item-2113 page_item_has_children\"><a href=\"https:\/\/www.drfatihirmak.com\/pt\/meme\">Peito<\/a>\n<ul class='children'>\n\t<li class=\"page_item page-item-2169\"><a href=\"https:\/\/www.drfatihirmak.com\/pt\/meme\/meme-buyutme\">AUMENTO DO MAM\u00c1RIA<\/a><\/li>\n\t<li class=\"page_item page-item-2217\"><a href=\"https:\/\/www.drfatihirmak.com\/pt\/meme\/meme-diklestirme\">Eleva\u00e7\u00e3o do peito<\/a><\/li>\n\t<li class=\"page_item page-item-2268\"><a href=\"https:\/\/www.drfatihirmak.com\/pt\/meme\/meme-implantlarinin-degistirilmesi-meme-buyutme-revizyonu\">Substitui\u00e7\u00e3o de implantes mam\u00e1rios (revis\u00e3o de mamoplastia de aumento)<\/a><\/li>\n\t<li class=\"page_item page-item-2240\"><a href=\"https:\/\/www.drfatihirmak.com\/pt\/meme\/meme-kucultme\">Redu\u00e7\u00e3o do peito<\/a><\/li>\n\t<li class=\"page_item page-item-2234\"><a href=\"https:\/\/www.drfatihirmak.com\/pt\/meme\/meme-rekonstruksiyonu\">RECONSTRU\u00c7\u00c3O MAM\u00c1RIA<\/a><\/li>\n\t<li class=\"page_item page-item-2265\"><a href=\"https:\/\/www.drfatihirmak.com\/pt\/meme\/meme-ucu-ve-areola-kucultme\">Redu\u00e7\u00e3o do mamilo e da ar\u00e9ola<\/a><\/li>\n<\/ul>\n<\/li>\n<li class=\"page_item page-item-2271 page_item_has_children\"><a href=\"https:\/\/www.drfatihirmak.com\/pt\/hakkimda\">Dr. Fatih Irmak<\/a>\n<ul class='children'>\n\t<li class=\"page_item page-item-2120\"><a href=\"https:\/\/www.drfatihirmak.com\/pt\/hakkimda\/konferans-toplantilar\">Confer\u00eancias e reuni\u00f5es<\/a><\/li>\n\t<li class=\"page_item page-item-2293\"><a href=\"https:\/\/www.drfatihirmak.com\/pt\/hakkimda\/ozgecmis\">CV<\/a><\/li>\n\t<li class=\"page_item page-item-2127\"><a href=\"https:\/\/www.drfatihirmak.com\/pt\/hakkimda\/sertifikalar\">Certificados<\/a><\/li>\n\t<li class=\"page_item page-item-2275\"><a href=\"https:\/\/www.drfatihirmak.com\/pt\/hakkimda\/yayinlar\">Publica\u00e7\u00f5es<\/a><\/li>\n<\/ul>\n<\/li>\n<li class=\"page_item page-item-2278 page_item_has_children\"><a href=\"https:\/\/www.drfatihirmak.com\/pt\/yuz-gozler\">Rosto e olhos<\/a>\n<ul class='children'>\n\t<li class=\"page_item page-item-2288\"><a href=\"https:\/\/www.drfatihirmak.com\/pt\/yuz-gozler\/goz-kapagi-kucultme-blefaroplasti\">Redu\u00e7\u00e3o das p\u00e1lpebras (Blefaroplastia)<\/a><\/li>\n\t<li class=\"page_item page-item-2282\"><a href=\"https:\/\/www.drfatihirmak.com\/pt\/yuz-gozler\/kas-kaldirma\">Levantamento de sobrancelhas<\/a><\/li>\n\t<li class=\"page_item page-item-2285\"><a href=\"https:\/\/www.drfatihirmak.com\/pt\/yuz-gozler\/kulak-sekillendirme-otoplasti\">Modela\u00e7\u00e3o da orelha (Otoplastia)<\/a><\/li>\n\t<li class=\"page_item page-item-2296\"><a href=\"https:\/\/www.drfatihirmak.com\/pt\/yuz-gozler\/yara-revizyonu\">Narbenrevision<\/a><\/li>\n\t<li class=\"page_item page-item-2291\"><a href=\"https:\/\/www.drfatihirmak.com\/pt\/yuz-gozler\/yuz-germe\">LIFTING FACIAL<\/a><\/li>\n<\/ul>\n<\/li>\n<li class=\"page_item page-item-2262 page_item_has_children\"><a href=\"https:\/\/www.drfatihirmak.com\/pt\/erkekler-icin\">Para homens<\/a>\n<ul class='children'>\n\t<li class=\"page_item page-item-2256\"><a href=\"https:\/\/www.drfatihirmak.com\/pt\/erkekler-icin\/erkekler-icin-liposuction\">Lipoaspira\u00e7\u00e3o para homens<\/a><\/li>\n\t<li class=\"page_item page-item-2260\"><a href=\"https:\/\/www.drfatihirmak.com\/pt\/erkekler-icin\/meme-kucultme-gynaecomastia\">Est\u00e9tica Mam\u00e1ria Nos Homens (Ginecomastia)<\/a><\/li>\n\t<li class=\"page_item page-item-2258\"><a href=\"https:\/\/www.drfatihirmak.com\/pt\/erkekler-icin\/yuz-germe\">LIFTING FACIAL<\/a><\/li>\n<\/ul>\n<\/li>\n<li class=\"page_item page-item-2251 page_item_has_children\"><a href=\"https:\/\/www.drfatihirmak.com\/pt\/cerrahi-olmayan-islemler\">Procedimentos n\u00e3o cir\u00fargicos<\/a>\n<ul class='children'>\n\t<li class=\"page_item page-item-2249\"><a href=\"https:\/\/www.drfatihirmak.com\/pt\/cerrahi-olmayan-islemler\/botulimun-toksin-uygulamasi\">Aplica\u00e7\u00e3o da Toxina Botul\u00ednica<\/a><\/li>\n\t<li class=\"page_item page-item-2246\"><a href=\"https:\/\/www.drfatihirmak.com\/pt\/cerrahi-olmayan-islemler\/dolgu-yuzgerme\">Preenchimento de Lifting Facial<\/a><\/li>\n<\/ul>\n<\/li>\n<li class=\"page_item page-item-2242 page_item_has_children\"><a href=\"https:\/\/www.drfatihirmak.com\/pt\/burun\">Est\u00e9tica do nariz<\/a>\n<ul class='children'>\n\t<li class=\"page_item page-item-2225\"><a href=\"https:\/\/www.drfatihirmak.com\/pt\/burun\/rinoplasti\">Rinoplastia<\/a><\/li>\n\t<li class=\"page_item page-item-2238\"><a href=\"https:\/\/www.drfatihirmak.com\/pt\/burun\/rinoplasti-revizyonu-rinoplasti-yenileme\">Rinoplastia de revis\u00e3o (Rinoplastia para um lifting facial)<\/a><\/li>\n<\/ul>\n<\/li>\n<li class=\"page_item page-item-2122\"><a href=\"https:\/\/www.drfatihirmak.com\/pt\/site-haritasi\">Mapa do s\u00edtio<\/a><\/li>\n<li class=\"page_item page-item-2330\"><a href=\"https:\/\/www.drfatihirmak.com\/pt\/gizlilik-politikasi\">Pol\u00edtica de privacidade<\/a><\/li>\n<li class=\"page_item page-item-2228\"><a href=\"https:\/\/www.drfatihirmak.com\/pt\/kullanim-sartlari\">Termos de utiliza\u00e7\u00e3o<\/a><\/li>\n<\/ul>\n<\/div><\/p>","protected":false},"author":1,"featured_media":0,"parent":0,"menu_order":9,"comment_status":"closed","ping_status":"closed","template":"","meta":{"_et_pb_use_builder":"on","_et_pb_old_content":"","_et_gb_content_width":"","footnotes":""},"class_list":["post-2122","page","type-page","status-publish","hentry"],"_links":{"self":[{"href":"https:\/\/www.drfatihirmak.com\/pt\/wp-json\/wp\/v2\/pages\/2122","targetHints":{"allow":["GET"]}}],"collection":[{"href":"https:\/\/www.drfatihirmak.com\/pt\/wp-json\/wp\/v2\/pages"}],"about":[{"href":"https:\/\/www.drfatihirmak.com\/pt\/wp-json\/wp\/v2\/types\/page"}],"author":[{"embeddable":true,"href":"https:\/\/www.drfatihirmak.com\/pt\/wp-json\/wp\/v2\/users\/1"}],"replies":[{"embeddable":true,"href":"https:\/\/www.drfatihirmak.com\/pt\/wp-json\/wp\/v2\/comments?post=2122"}],"version-history":[{"count":0,"href":"https:\/\/www.drfatihirmak.com\/pt\/wp-json\/wp\/v2\/pages\/2122\/revisions"}],"wp:attachment":[{"href":"https:\/\/www.drfatihirmak.com\/pt\/wp-json\/wp\/v2\/media?parent=2122"}],"curies":[{"name":"wp","href":"https:\/\/api.w.org\/{rel}","templated":true}]}}