{"id":2113,"date":"2020-06-07T13:23:26","date_gmt":"2020-06-07T10:23:26","guid":{"rendered":"https:\/\/www.drfatihirmak.com\/meme\/"},"modified":"2024-11-19T20:09:55","modified_gmt":"2024-11-19T17:09:55","slug":"peito","status":"publish","type":"page","link":"https:\/\/www.drfatihirmak.com\/pt\/meme","title":{"rendered":"Peito"},"content":{"rendered":"<p>[et_pb_section fb_built=&#8221;1&#8243; _builder_version=&#8221;4.16&#8243; custom_padding=&#8221;1%||1%||true|false&#8221; global_colors_info=&#8221;{}&#8221; da_is_popup=&#8221;off&#8221; da_exit_intent=&#8221;off&#8221; da_has_close=&#8221;on&#8221; da_alt_close=&#8221;off&#8221; da_dark_close=&#8221;off&#8221; da_not_modal=&#8221;on&#8221; da_is_singular=&#8221;off&#8221; da_with_loader=&#8221;off&#8221; da_has_shadow=&#8221;on&#8221; da_disable_devices=&#8221;off|off|off&#8221;][et_pb_row column_structure=&#8221;1_3,2_3&#8243; use_custom_gutter=&#8221;on&#8221; gutter_width=&#8221;2&#8243; _builder_version=&#8221;4.16&#8243; width=&#8221;90%&#8221; max_width=&#8221;88%&#8221; custom_margin=&#8221;0px||0px||true|false&#8221; custom_padding=&#8221;0px||0px||false|false&#8221; global_colors_info=&#8221;{}&#8221;][et_pb_column type=&#8221;1_3&#8243; _builder_version=&#8221;4.16&#8243; background_enable_image=&#8221;off&#8221; background_size=&#8221;contain&#8221; custom_padding=&#8221;2%||2%||true|false&#8221; global_colors_info=&#8221;{}&#8221;][et_pb_text _builder_version=&#8221;4.16&#8243; _dynamic_attributes=&#8221;content&#8221; text_font=&#8221;|700|||||||&#8221; text_font_size=&#8221;35px&#8221; background_image=&#8221;https:\/\/drfatihirmak.com\/wp-content\/uploads\/2020\/02\/icon-bg.png&#8221; background_size=&#8221;contain&#8221; global_colors_info=&#8221;{}&#8221;]@ET-DC@eyJkeW5hbWljIjp0cnVlLCJjb250ZW50IjoicG9zdF90aXRsZSIsInNldHRpbmdzIjp7ImJlZm9yZSI6IiIsImFmdGVyIjoiIEVzdGV0aVx1MDExZmkifX0=@[\/et_pb_text][\/et_pb_column][et_pb_column type=&#8221;2_3&#8243; _builder_version=&#8221;4.16&#8243; custom_padding=&#8221;2%||2%||true|false&#8221; global_colors_info=&#8221;{}&#8221;][\/et_pb_column][\/et_pb_row][\/et_pb_section][et_pb_section fb_built=&#8221;1&#8243; _builder_version=&#8221;4.16&#8243; custom_padding=&#8221;0px||0px||false|false&#8221; global_colors_info=&#8221;{}&#8221; da_is_popup=&#8221;off&#8221; da_exit_intent=&#8221;off&#8221; da_has_close=&#8221;on&#8221; da_alt_close=&#8221;off&#8221; da_dark_close=&#8221;off&#8221; da_not_modal=&#8221;on&#8221; da_is_singular=&#8221;off&#8221; da_with_loader=&#8221;off&#8221; da_has_shadow=&#8221;on&#8221; da_disable_devices=&#8221;off|off|off&#8221;][et_pb_row use_custom_gutter=&#8221;on&#8221; gutter_width=&#8221;2&#8243; _builder_version=&#8221;4.16&#8243; background_color=&#8221;#3a3839&#8243; width=&#8221;100%&#8221; max_width=&#8221;100%&#8221; custom_margin=&#8221;0px||0px||true|false&#8221; custom_padding=&#8221;0px||0px||true|false&#8221; global_colors_info=&#8221;{}&#8221;][et_pb_column type=&#8221;4_4&#8243; _builder_version=&#8221;4.16&#8243; background_enable_image=&#8221;off&#8221; background_size=&#8221;contain&#8221; custom_padding=&#8221;0%||0%||true|false&#8221; global_colors_info=&#8221;{}&#8221;][et_pb_image src=&#8221;@ET-DC@eyJkeW5hbWljIjp0cnVlLCJjb250ZW50IjoicG9zdF9mZWF0dXJlZF9pbWFnZSIsInNldHRpbmdzIjp7fX0=@&#8221; align=&#8221;center&#8221; force_fullwidth=&#8221;on&#8221; _builder_version=&#8221;4.16&#8243; _dynamic_attributes=&#8221;src&#8221; global_colors_info=&#8221;{}&#8221;][\/et_pb_image][\/et_pb_column][\/et_pb_row][\/et_pb_section][et_pb_section fb_built=&#8221;1&#8243; _builder_version=&#8221;4.16&#8243; custom_padding=&#8221;0px||0px||false|false&#8221; global_colors_info=&#8221;{}&#8221; da_is_popup=&#8221;off&#8221; da_exit_intent=&#8221;off&#8221; da_has_close=&#8221;on&#8221; da_alt_close=&#8221;off&#8221; da_dark_close=&#8221;off&#8221; da_not_modal=&#8221;on&#8221; da_is_singular=&#8221;off&#8221; da_with_loader=&#8221;off&#8221; da_has_shadow=&#8221;on&#8221; da_disable_devices=&#8221;off|off|off&#8221;][et_pb_row use_custom_gutter=&#8221;on&#8221; gutter_width=&#8221;2&#8243; _builder_version=&#8221;4.16&#8243; max_width=&#8221;80%&#8221; global_colors_info=&#8221;{}&#8221;][et_pb_column type=&#8221;4_4&#8243; _builder_version=&#8221;4.16&#8243; global_colors_info=&#8221;{}&#8221;][et_pb_text _builder_version=&#8221;4.16&#8243; text_font_size=&#8221;20px&#8221; header_font=&#8221;|600|||||||&#8221; header_text_align=&#8221;center&#8221; header_font_size=&#8221;38px&#8221; width_tablet=&#8221;100%&#8221; width_phone=&#8221;&#8221; width_last_edited=&#8221;on|desktop&#8221; module_alignment=&#8221;center&#8221; custom_padding=&#8221;2%||2%||true|false&#8221; global_colors_info=&#8221;{}&#8221;]Avrupa Yeterlilik Sertifikas\u0131na sahip Prof. Dr. Fatih Irmak \u0130stanbul&#8217;da meme ameliyatlar\u0131 uygulamaktad\u0131r. \u0130stanbul, bir medikal turizm destinasyonu olarak d\u00fcnyan\u0131n en b\u00fcy\u00fck 5 kentinden biridir. Her y\u0131l t\u0131bbi prosed\u00fcrler i\u00e7in d\u00fcnyan\u0131n d\u00f6rt bir yan\u0131ndan yar\u0131m milyondan fazla insan \u0130stanbul&#8217;a gelmektedir.<\/p>\n<p>Kenti kozmetik cerrahi ihtiya\u00e7lar\u0131 i\u00e7in tercih eden bu ki\u015filerin% 20&#8217;si, ayn\u0131 anda iki k\u0131tada modern ve tarihi bir araya getiren \u0130stanbul&#8217;un havas\u0131n\u0131n tad\u0131n\u0131 \u00e7\u0131kar\u0131rken kozmetik ve estetik prosed\u00fcrlerine sahip olabiliyorlar.<\/p>\n<p>Prof. Dr. Fatih Irmak, \u00f6zellikle meme rekonstr\u00fcksiyon cerrahisi ve meme b\u00fcy\u00fctme veya revizyon prosed\u00fcrleri konusunda derin deneyime sahip olup, her t\u00fcrl\u00fc meme prosed\u00fcr\u00fcn\u00fc ger\u00e7ekle\u015ftirmektedir.<\/p>\n<p>Her hastan\u0131n farkl\u0131 ihtiya\u00e7lar\u0131 ve hedefleri vard\u0131r. Do\u011fum ve emzirmeden sonra hacmi geri kazanmak ve g\u00f6\u011f\u00fcslerinizi\u00a0 dikle\u015ftirmek\u00a0 i\u00e7in meme cerrahisini ara\u015ft\u0131r\u0131yor olabilirsiniz. Asimetriyi d\u00fczeltmek veya \u00f6nceki dolgunlu\u011fu geri kazanmak istiyor olabilirsiniz.<\/p>\n<p>B\u00fcy\u00fctmeye ek olarak ,Prof. Dr. Fatih Irmak, v\u00fccudunuzla orant\u0131l\u0131 olarak dengeli, \u00e7ekici ve do\u011fal g\u00f6r\u00fcn\u00fcml\u00fc sonu\u00e7lar sunar. .<\/p>\n<p>Bir\u00e7ok kad\u0131n i\u00e7in meme b\u00fcy\u00fckl\u00fc\u011f\u00fc ve \u015fekli genel \u00f6z g\u00fcveni ve sa\u011fl\u0131\u011f\u0131 \u00fczerinde b\u00fcy\u00fck bir etkiye sahiptir. Fatih Irmak, sahip oldu\u011funuz meme g\u00f6r\u00fcn\u00fcm\u00fcn\u00fc iyile\u015ftirme arzunuzu anlar.<\/p>\n<p>\u0130stedi\u011finiz hedeflere ula\u015fman\u0131za yard\u0131mc\u0131 olacak bir\u00e7ok farkl\u0131 prosed\u00fcr vard\u0131r. A\u015fa\u011f\u0131da listelenen farkl\u0131 meme cerrahisi prosed\u00fcrlerine g\u00f6z atabilirsiniz.[\/et_pb_text][\/et_pb_column][\/et_pb_row][et_pb_row column_structure=&#8221;1_3,1_3,1_3&#8243; use_custom_gutter=&#8221;on&#8221; gutter_width=&#8221;1&#8243; make_equal=&#8221;on&#8221; _builder_version=&#8221;4.16&#8243; max_width=&#8221;80%&#8221; custom_margin=&#8221;0px||0px||true|false&#8221; global_colors_info=&#8221;{}&#8221;][et_pb_column type=&#8221;1_3&#8243; _builder_version=&#8221;4.16&#8243; custom_padding=&#8221;|||10px|false|false&#8221; border_width_left=&#8221;4px&#8221; border_color_left=&#8221;#210454&#8243; global_colors_info=&#8221;{}&#8221;][et_pb_text _builder_version=&#8221;4.16&#8243; text_font=&#8221;||||||||&#8221; header_2_font=&#8221;|600||on|||||&#8221; header_2_text_color=&#8221;#2a7cc8&#8243; global_colors_info=&#8221;{}&#8221;]<\/p>\n<h2>Meme B\u00fcy\u00fctme<\/h2>\n<p>[\/et_pb_text][et_pb_button button_url=&#8221;@ET-DC@eyJkeW5hbWljIjp0cnVlLCJjb250ZW50IjoicG9zdF9saW5rX3VybF9wYWdlIiwic2V0dGluZ3MiOnsicG9zdF9pZCI6IjIxNjkifX0=@&#8221; button_text=&#8221;TEDAV\u0130 KE\u015eFED\u0130N&#8221; button_alignment=&#8221;left&#8221; _builder_version=&#8221;4.19.4&#8243; _dynamic_attributes=&#8221;button_url&#8221; custom_button=&#8221;on&#8221; button_text_color=&#8221;#ffffff&#8221; button_bg_use_color_gradient=&#8221;on&#8221; button_bg_color_gradient_direction=&#8221;90deg&#8221; button_bg_color_gradient_stops=&#8221;#2a7cc8 0%|#210454 100%&#8221; button_bg_color_gradient_start=&#8221;#2a7cc8&#8243; button_bg_color_gradient_end=&#8221;#210454&#8243; button_border_width=&#8221;0px&#8221; button_border_radius=&#8221;0px&#8221; global_colors_info=&#8221;{}&#8221;][\/et_pb_button][\/et_pb_column][et_pb_column type=&#8221;1_3&#8243; _builder_version=&#8221;4.16&#8243; custom_padding=&#8221;|||10px|false|false&#8221; border_width_left=&#8221;4px&#8221; border_color_left=&#8221;#210454&#8243; global_colors_info=&#8221;{}&#8221;][et_pb_text _builder_version=&#8221;4.16&#8243; text_font=&#8221;||||||||&#8221; header_2_font=&#8221;|600||on|||||&#8221; header_2_text_color=&#8221;#2a7cc8&#8243; global_colors_info=&#8221;{}&#8221;]<\/p>\n<h2>Meme\u00a0 Dikle\u015ftirme<\/h2>\n<p>[\/et_pb_text][et_pb_button button_url=&#8221;@ET-DC@eyJkeW5hbWljIjp0cnVlLCJjb250ZW50IjoicG9zdF9saW5rX3VybF9wYWdlIiwic2V0dGluZ3MiOnsicG9zdF9pZCI6IjIyMTcifX0=@&#8221; button_text=&#8221;TEDAV\u0130 KE\u015eFED\u0130N&#8221; button_alignment=&#8221;left&#8221; _builder_version=&#8221;4.19.4&#8243; _dynamic_attributes=&#8221;button_url&#8221; custom_button=&#8221;on&#8221; button_text_color=&#8221;#ffffff&#8221; button_bg_use_color_gradient=&#8221;on&#8221; button_bg_color_gradient_direction=&#8221;90deg&#8221; button_bg_color_gradient_stops=&#8221;#2a7cc8 0%|#210454 100%&#8221; button_bg_color_gradient_start=&#8221;#2a7cc8&#8243; button_bg_color_gradient_end=&#8221;#210454&#8243; button_border_width=&#8221;0px&#8221; button_border_radius=&#8221;0px&#8221; global_colors_info=&#8221;{}&#8221;][\/et_pb_button][\/et_pb_column][et_pb_column type=&#8221;1_3&#8243; _builder_version=&#8221;4.16&#8243; custom_padding=&#8221;|||10px|false|false&#8221; border_width_left=&#8221;4px&#8221; border_color_left=&#8221;#210454&#8243; global_colors_info=&#8221;{}&#8221;][et_pb_text _builder_version=&#8221;4.16&#8243; text_font=&#8221;||||||||&#8221; header_2_font=&#8221;|600||on|||||&#8221; header_2_text_color=&#8221;#2a7cc8&#8243; global_colors_info=&#8221;{}&#8221;]<\/p>\n<h2>Meme Rekonstr\u00fcksiyonu<\/h2>\n<p>[\/et_pb_text][et_pb_button button_url=&#8221;@ET-DC@eyJkeW5hbWljIjp0cnVlLCJjb250ZW50IjoicG9zdF9saW5rX3VybF9wYWdlIiwic2V0dGluZ3MiOnsicG9zdF9pZCI6IjIyMzQifX0=@&#8221; button_text=&#8221;TEDAV\u0130 KE\u015eFED\u0130N&#8221; button_alignment=&#8221;left&#8221; _builder_version=&#8221;4.19.4&#8243; _dynamic_attributes=&#8221;button_url&#8221; custom_button=&#8221;on&#8221; button_text_color=&#8221;#ffffff&#8221; button_bg_use_color_gradient=&#8221;on&#8221; button_bg_color_gradient_direction=&#8221;90deg&#8221; button_bg_color_gradient_stops=&#8221;#2a7cc8 0%|#210454 100%&#8221; button_bg_color_gradient_start=&#8221;#2a7cc8&#8243; button_bg_color_gradient_end=&#8221;#210454&#8243; button_border_width=&#8221;0px&#8221; button_border_radius=&#8221;0px&#8221; global_colors_info=&#8221;{}&#8221;][\/et_pb_button][\/et_pb_column][\/et_pb_row][et_pb_row column_structure=&#8221;1_3,1_3,1_3&#8243; use_custom_gutter=&#8221;on&#8221; gutter_width=&#8221;1&#8243; make_equal=&#8221;on&#8221; _builder_version=&#8221;4.16&#8243; max_width=&#8221;80%&#8221; custom_margin=&#8221;0px||0px||true|false&#8221; global_colors_info=&#8221;{}&#8221;][et_pb_column type=&#8221;1_3&#8243; _builder_version=&#8221;4.16&#8243; custom_padding=&#8221;|||10px|false|false&#8221; border_width_left=&#8221;4px&#8221; border_color_left=&#8221;#210454&#8243; global_colors_info=&#8221;{}&#8221;][et_pb_text _builder_version=&#8221;4.16&#8243; text_font=&#8221;||||||||&#8221; header_2_font=&#8221;|600||on|||||&#8221; header_2_text_color=&#8221;#2a7cc8&#8243; global_colors_info=&#8221;{}&#8221;]<\/p>\n<h2>Meme K\u00fc\u00e7\u00fcltme<\/h2>\n<p>[\/et_pb_text][et_pb_button button_url=&#8221;@ET-DC@eyJkeW5hbWljIjp0cnVlLCJjb250ZW50IjoicG9zdF9saW5rX3VybF9wYWdlIiwic2V0dGluZ3MiOnsicG9zdF9pZCI6IjIyNDAifX0=@&#8221; button_text=&#8221;TEDAV\u0130 KE\u015eFED\u0130N&#8221; button_alignment=&#8221;left&#8221; _builder_version=&#8221;4.19.4&#8243; _dynamic_attributes=&#8221;button_url&#8221; custom_button=&#8221;on&#8221; button_text_color=&#8221;#ffffff&#8221; button_bg_use_color_gradient=&#8221;on&#8221; button_bg_color_gradient_direction=&#8221;90deg&#8221; button_bg_color_gradient_stops=&#8221;#2a7cc8 0%|#210454 100%&#8221; button_bg_color_gradient_start=&#8221;#2a7cc8&#8243; button_bg_color_gradient_end=&#8221;#210454&#8243; button_border_width=&#8221;0px&#8221; button_border_radius=&#8221;0px&#8221; global_colors_info=&#8221;{}&#8221;][\/et_pb_button][\/et_pb_column][et_pb_column type=&#8221;1_3&#8243; _builder_version=&#8221;4.16&#8243; custom_padding=&#8221;|||10px|false|false&#8221; border_width_left=&#8221;4px&#8221; border_color_left=&#8221;#210454&#8243; global_colors_info=&#8221;{}&#8221;][et_pb_text _builder_version=&#8221;4.16&#8243; text_font=&#8221;||||||||&#8221; header_2_font=&#8221;|600||on|||||&#8221; header_2_text_color=&#8221;#2a7cc8&#8243; global_colors_info=&#8221;{}&#8221;]<\/p>\n<h2>Meme Ucu K\u00fc\u00e7\u00fcltme<\/h2>\n<p>[\/et_pb_text][et_pb_button button_url=&#8221;@ET-DC@eyJkeW5hbWljIjp0cnVlLCJjb250ZW50IjoicG9zdF9saW5rX3VybF9wYWdlIiwic2V0dGluZ3MiOnsicG9zdF9pZCI6IjIyNjUifX0=@&#8221; button_text=&#8221;TEDAV\u0130 KE\u015eFED\u0130N&#8221; button_alignment=&#8221;left&#8221; _builder_version=&#8221;4.19.4&#8243; _dynamic_attributes=&#8221;button_url&#8221; custom_button=&#8221;on&#8221; button_text_color=&#8221;#ffffff&#8221; button_bg_use_color_gradient=&#8221;on&#8221; button_bg_color_gradient_direction=&#8221;90deg&#8221; button_bg_color_gradient_stops=&#8221;#2a7cc8 0%|#210454 100%&#8221; button_bg_color_gradient_start=&#8221;#2a7cc8&#8243; button_bg_color_gradient_end=&#8221;#210454&#8243; button_border_width=&#8221;0px&#8221; button_border_radius=&#8221;0px&#8221; global_colors_info=&#8221;{}&#8221;][\/et_pb_button][\/et_pb_column][et_pb_column type=&#8221;1_3&#8243; _builder_version=&#8221;4.16&#8243; custom_padding=&#8221;|||10px|false|false&#8221; border_width_left=&#8221;4px&#8221; border_color_left=&#8221;#210454&#8243; global_colors_info=&#8221;{}&#8221;][et_pb_text _builder_version=&#8221;4.16&#8243; text_font=&#8221;||||||||&#8221; header_2_font=&#8221;|600||on|||||&#8221; header_2_text_color=&#8221;#2a7cc8&#8243; global_colors_info=&#8221;{}&#8221;]<\/p>\n<h2>\u0130mplantlar\u0131n De\u011fi\u015ftirilmesi<\/h2>\n<p>[\/et_pb_text][et_pb_button button_url=&#8221;@ET-DC@eyJkeW5hbWljIjp0cnVlLCJjb250ZW50IjoicG9zdF9saW5rX3VybF9wYWdlIiwic2V0dGluZ3MiOnsicG9zdF9pZCI6IjIyNjgifX0=@&#8221; button_text=&#8221;TEDAV\u0130 KE\u015eFED\u0130N&#8221; button_alignment=&#8221;left&#8221; _builder_version=&#8221;4.19.4&#8243; _dynamic_attributes=&#8221;button_url&#8221; custom_button=&#8221;on&#8221; button_text_color=&#8221;#ffffff&#8221; button_bg_use_color_gradient=&#8221;on&#8221; button_bg_color_gradient_direction=&#8221;90deg&#8221; button_bg_color_gradient_stops=&#8221;#2a7cc8 0%|#210454 100%&#8221; button_bg_color_gradient_start=&#8221;#2a7cc8&#8243; button_bg_color_gradient_end=&#8221;#210454&#8243; button_border_width=&#8221;0px&#8221; button_border_radius=&#8221;0px&#8221; global_colors_info=&#8221;{}&#8221;][\/et_pb_button][\/et_pb_column][\/et_pb_row][\/et_pb_section]<\/p>\n","protected":false},"excerpt":{"rendered":"<p>Avrupa Yeterlilik Sertifikas\u0131na sahip Prof. Dr. Fatih Irmak \u0130stanbul&#8217;da meme ameliyatlar\u0131 uygulamaktad\u0131r. \u0130stanbul, bir medikal turizm destinasyonu olarak d\u00fcnyan\u0131n en b\u00fcy\u00fck 5 kentinden biridir. Her y\u0131l t\u0131bbi prosed\u00fcrler i\u00e7in d\u00fcnyan\u0131n d\u00f6rt bir yan\u0131ndan yar\u0131m milyondan fazla insan \u0130stanbul&#8217;a gelmektedir. Kenti kozmetik cerrahi ihtiya\u00e7lar\u0131 i\u00e7in tercih eden bu ki\u015filerin% 20&#8217;si, ayn\u0131 anda iki k\u0131tada modern ve [&hellip;]<\/p>\n","protected":false},"author":1,"featured_media":2809,"parent":0,"menu_order":3,"comment_status":"closed","ping_status":"closed","template":"","meta":{"_et_pb_use_builder":"on","_et_pb_old_content":"","_et_gb_content_width":"","footnotes":""},"class_list":["post-2113","page","type-page","status-publish","has-post-thumbnail","hentry"],"_links":{"self":[{"href":"https:\/\/www.drfatihirmak.com\/pt\/wp-json\/wp\/v2\/pages\/2113","targetHints":{"allow":["GET"]}}],"collection":[{"href":"https:\/\/www.drfatihirmak.com\/pt\/wp-json\/wp\/v2\/pages"}],"about":[{"href":"https:\/\/www.drfatihirmak.com\/pt\/wp-json\/wp\/v2\/types\/page"}],"author":[{"embeddable":true,"href":"https:\/\/www.drfatihirmak.com\/pt\/wp-json\/wp\/v2\/users\/1"}],"replies":[{"embeddable":true,"href":"https:\/\/www.drfatihirmak.com\/pt\/wp-json\/wp\/v2\/comments?post=2113"}],"version-history":[{"count":1,"href":"https:\/\/www.drfatihirmak.com\/pt\/wp-json\/wp\/v2\/pages\/2113\/revisions"}],"predecessor-version":[{"id":4036,"href":"https:\/\/www.drfatihirmak.com\/pt\/wp-json\/wp\/v2\/pages\/2113\/revisions\/4036"}],"wp:featuredmedia":[{"embeddable":true,"href":"https:\/\/www.drfatihirmak.com\/pt\/wp-json\/wp\/v2\/media\/2809"}],"wp:attachment":[{"href":"https:\/\/www.drfatihirmak.com\/pt\/wp-json\/wp\/v2\/media?parent=2113"}],"curies":[{"name":"wp","href":"https:\/\/api.w.org\/{rel}","templated":true}]}}