{"id":2102,"date":"2020-06-06T20:43:47","date_gmt":"2020-06-06T17:43:47","guid":{"rendered":"https:\/\/www.drfatihirmak.com\/vucut\/brazilya-popo-kaldirma\/"},"modified":"2024-11-19T20:14:40","modified_gmt":"2024-11-19T17:14:40","slug":"modelacao-do-rabo","status":"publish","type":"page","link":"https:\/\/www.drfatihirmak.com\/pt\/vucut\/popo-sekillendirme","title":{"rendered":"MOLDAGEM DE GL\u00daTEOS"},"content":{"rendered":"<p>[et_pb_section fb_built=&#8221;1&#8243; _builder_version=&#8221;4.16&#8243; custom_padding=&#8221;1%||1%||true|false&#8221; da_disable_devices=&#8221;off|off|off&#8221; global_colors_info=&#8221;{}&#8221; da_is_popup=&#8221;off&#8221; da_exit_intent=&#8221;off&#8221; da_has_close=&#8221;on&#8221; da_alt_close=&#8221;off&#8221; da_dark_close=&#8221;off&#8221; da_not_modal=&#8221;on&#8221; da_is_singular=&#8221;off&#8221; da_with_loader=&#8221;off&#8221; da_has_shadow=&#8221;on&#8221;][et_pb_row use_custom_gutter=&#8221;on&#8221; gutter_width=&#8221;2&#8243; _builder_version=&#8221;4.16&#8243; width=&#8221;90%&#8221; max_width=&#8221;88%&#8221; custom_margin=&#8221;0px||0px||true|false&#8221; custom_padding=&#8221;0px||0px||false|false&#8221; global_colors_info=&#8221;{}&#8221;][et_pb_column type=&#8221;4_4&#8243; _builder_version=&#8221;4.16&#8243; background_enable_image=&#8221;off&#8221; background_size=&#8221;contain&#8221; custom_padding=&#8221;2%||2%||true|false&#8221; global_colors_info=&#8221;{}&#8221;][et_pb_text _builder_version=&#8221;4.16&#8243; _dynamic_attributes=&#8221;content&#8221; text_font=&#8221;|700|||||||&#8221; text_font_size=&#8221;35px&#8221; text_line_height=&#8221;0.8em&#8221; background_image=&#8221;https:\/\/drfatihirmak.com\/wp-content\/uploads\/2020\/02\/icon-bg.png&#8221; background_size=&#8221;contain&#8221; global_colors_info=&#8221;{}&#8221;]@ET-DC@eyJkeW5hbWljIjp0cnVlLCJjb250ZW50IjoicG9zdF90aXRsZSIsInNldHRpbmdzIjp7ImJlZm9yZSI6IiIsImFmdGVyIjoiIn19@[\/et_pb_text][\/et_pb_column][\/et_pb_row][\/et_pb_section][et_pb_section fb_built=&#8221;1&#8243; _builder_version=&#8221;4.16&#8243; custom_padding=&#8221;0px||0px||false|false&#8221; da_disable_devices=&#8221;off|off|off&#8221; global_colors_info=&#8221;{}&#8221; da_is_popup=&#8221;off&#8221; da_exit_intent=&#8221;off&#8221; da_has_close=&#8221;on&#8221; da_alt_close=&#8221;off&#8221; da_dark_close=&#8221;off&#8221; da_not_modal=&#8221;on&#8221; da_is_singular=&#8221;off&#8221; da_with_loader=&#8221;off&#8221; da_has_shadow=&#8221;on&#8221;][et_pb_row use_custom_gutter=&#8221;on&#8221; gutter_width=&#8221;2&#8243; _builder_version=&#8221;4.16&#8243; background_color=&#8221;#3a3839&#8243; width=&#8221;100%&#8221; max_width=&#8221;100%&#8221; custom_margin=&#8221;0px||0px||true|false&#8221; custom_padding=&#8221;0px||0px||true|false&#8221; global_colors_info=&#8221;{}&#8221;][et_pb_column type=&#8221;4_4&#8243; _builder_version=&#8221;4.16&#8243; background_enable_image=&#8221;off&#8221; background_size=&#8221;contain&#8221; custom_padding=&#8221;0%||0%||true|false&#8221; global_colors_info=&#8221;{}&#8221;][et_pb_image src=&#8221;@ET-DC@eyJkeW5hbWljIjp0cnVlLCJjb250ZW50IjoicG9zdF9mZWF0dXJlZF9pbWFnZSIsInNldHRpbmdzIjp7fX0=@&#8221; align=&#8221;center&#8221; force_fullwidth=&#8221;on&#8221; _builder_version=&#8221;4.16&#8243; _dynamic_attributes=&#8221;src&#8221; global_colors_info=&#8221;{}&#8221;][\/et_pb_image][\/et_pb_column][\/et_pb_row][\/et_pb_section][et_pb_section fb_built=&#8221;1&#8243; _builder_version=&#8221;4.16&#8243; custom_margin=&#8221;||40px||false|false&#8221; custom_padding=&#8221;0px||0px||false|false&#8221; da_disable_devices=&#8221;off|off|off&#8221; global_colors_info=&#8221;{}&#8221; da_is_popup=&#8221;off&#8221; da_exit_intent=&#8221;off&#8221; da_has_close=&#8221;on&#8221; da_alt_close=&#8221;off&#8221; da_dark_close=&#8221;off&#8221; da_not_modal=&#8221;on&#8221; da_is_singular=&#8221;off&#8221; da_with_loader=&#8221;off&#8221; da_has_shadow=&#8221;on&#8221;][et_pb_row column_structure=&#8221;1_5,1_5,1_5,1_5,1_5&#8243; use_custom_gutter=&#8221;on&#8221; gutter_width=&#8221;1&#8243; _builder_version=&#8221;4.16&#8243; width=&#8221;100%&#8221; max_width=&#8221;100%&#8221; module_alignment=&#8221;center&#8221; global_colors_info=&#8221;{}&#8221;][et_pb_column type=&#8221;1_5&#8243; _builder_version=&#8221;4.16&#8243; global_colors_info=&#8221;{}&#8221;][et_pb_button button_url=&#8221;#procedure&#8221; button_text=&#8221;\u0130\u015eLEMLER&#8221; button_alignment=&#8221;center&#8221; _builder_version=&#8221;4.16&#8243; custom_button=&#8221;on&#8221; button_text_size=&#8221;16px&#8221; button_text_color=&#8221;#210454&#8243; button_border_width=&#8221;0px&#8221; button_letter_spacing=&#8221;0px&#8221; button_font=&#8221;|600|||||||&#8221; button_use_icon=&#8221;off&#8221; global_colors_info=&#8221;{}&#8221;][\/et_pb_button][\/et_pb_column][et_pb_column type=&#8221;1_5&#8243; _builder_version=&#8221;4.16&#8243; global_colors_info=&#8221;{}&#8221;][et_pb_button button_url=&#8221;#whocan&#8221; button_text=&#8221;K\u0130MLER YARARLANAB\u0130L\u0130R&#8221; button_alignment=&#8221;center&#8221; _builder_version=&#8221;4.16&#8243; custom_button=&#8221;on&#8221; button_text_size=&#8221;16px&#8221; button_text_color=&#8221;#210454&#8243; button_border_width=&#8221;0px&#8221; button_letter_spacing=&#8221;0px&#8221; button_font=&#8221;|600|||||||&#8221; button_use_icon=&#8221;off&#8221; global_colors_info=&#8221;{}&#8221;][\/et_pb_button][\/et_pb_column][et_pb_column type=&#8221;1_5&#8243; _builder_version=&#8221;4.16&#8243; global_colors_info=&#8221;{}&#8221;][et_pb_button button_url=&#8221;#expect&#8221; button_text=&#8221;BEKLENT\u0130LER\u0130N\u0130Z NELER&#8221; button_alignment=&#8221;center&#8221; _builder_version=&#8221;4.16&#8243; custom_button=&#8221;on&#8221; button_text_size=&#8221;16px&#8221; button_text_color=&#8221;#210454&#8243; button_border_width=&#8221;0px&#8221; button_letter_spacing=&#8221;0px&#8221; button_font=&#8221;|600|||||||&#8221; button_use_icon=&#8221;off&#8221; global_colors_info=&#8221;{}&#8221;][\/et_pb_button][\/et_pb_column][et_pb_column type=&#8221;1_5&#8243; _builder_version=&#8221;4.16&#8243; global_colors_info=&#8221;{}&#8221;][et_pb_button button_url=&#8221;#aware&#8221; button_text=&#8221;KA\u00c7INILMASI GEREKENLER&#8221; button_alignment=&#8221;center&#8221; _builder_version=&#8221;4.16&#8243; custom_button=&#8221;on&#8221; button_text_size=&#8221;16px&#8221; button_text_color=&#8221;#210454&#8243; button_border_width=&#8221;0px&#8221; button_letter_spacing=&#8221;0px&#8221; button_font=&#8221;|600|||||||&#8221; button_use_icon=&#8221;off&#8221; global_colors_info=&#8221;{}&#8221;][\/et_pb_button][\/et_pb_column][et_pb_column type=&#8221;1_5&#8243; _builder_version=&#8221;4.16&#8243; global_colors_info=&#8221;{}&#8221;][et_pb_button button_url=&#8221;#international&#8221; button_text=&#8221;ULUSLARARASI HASTALAR \u0130\u00c7\u0130N&#8221; button_alignment=&#8221;center&#8221; _builder_version=&#8221;4.16&#8243; custom_button=&#8221;on&#8221; button_text_size=&#8221;16px&#8221; button_text_color=&#8221;#210454&#8243; button_border_width=&#8221;0px&#8221; button_letter_spacing=&#8221;0px&#8221; button_font=&#8221;|600|||||||&#8221; button_use_icon=&#8221;off&#8221; global_colors_info=&#8221;{}&#8221;][\/et_pb_button][\/et_pb_column][\/et_pb_row][et_pb_row use_custom_gutter=&#8221;on&#8221; gutter_width=&#8221;2&#8243; module_id=&#8221;procedure&#8221; _builder_version=&#8221;4.16&#8243; max_width=&#8221;80%&#8221; border_width_top=&#8221;4px&#8221; border_color_top=&#8221;#210454&#8243; border_style_top=&#8221;double&#8221; global_colors_info=&#8221;{}&#8221;][et_pb_column type=&#8221;4_4&#8243; _builder_version=&#8221;4.16&#8243; global_colors_info=&#8221;{}&#8221;][et_pb_text _builder_version=&#8221;4.16&#8243; text_font_size=&#8221;18px&#8221; header_2_font=&#8221;|600|||||||&#8221; header_2_text_color=&#8221;#2a7cc8&#8243; header_2_line_height=&#8221;1.7em&#8221; locked=&#8221;off&#8221; global_colors_info=&#8221;{}&#8221;]<\/p>\n<h2>Popo \u015eekillendirme Nedir?<\/h2>\n<p>Popo \u015fekillendirme, Prof. Dr. Fatih Irmak&#8217;\u0131n kal\u00e7alar\u0131 daha belirgin hale getiren, hacimli bir g\u00f6r\u00fcn\u00fcm i\u00e7in\u00a0 dolgunla\u015ft\u0131ran ve \u015fekillendiren cerrahi\u00a0 i\u015flemidir.<\/p>\n<p>D\u00fczg\u00fcn ve belirgin bir kal\u00e7aya sahip olmak giderek daha pop\u00fcler hale gelmektedir. Egzersiz bu \u015fekillendirmeye yard\u0131mc\u0131 olsa da, genellikle boyut veya \u00f6zel \u015fekillendirmede yeterli olmaz.<\/p>\n<p>Bir\u00e7ok durumda, popo \u015fekillendirme, do\u011fum sonras\u0131 revizyon, abdominoplasti (kar\u0131n germe), uyluk germe, sel\u00fclit azaltma gibi di\u011fer v\u00fccut \u015fekillendirme i\u015flemleri ile birlikte ger\u00e7ekle\u015ftirilir. Sizin i\u00e7in en do\u011fru olan ve sonu\u00e7lar\u0131ndan emin olabilece\u011finiz i\u015flemleri Prof. Dr. Fatih Irmak ile birlikte belirleyebilirsiniz. Kal\u00e7an\u0131z\u0131n g\u00f6r\u00fcn\u00fcm\u00fcnden memnun de\u011filseniz ve daha dolgun, ve gen\u00e7 bir g\u00f6r\u00fcn\u00fcm istiyorsan\u0131z, popo \u015fekillendirme sizin i\u00e7in uygun olabilir. Popo \u015fekillendirme de , hacim eklemek ve k\u0131vr\u0131ml\u0131 d\u00fczg\u00fcn kal\u00e7alar elde etmek i\u00e7in i\u00e7in mikro-ya\u011f enjeksiyonu tekni\u011fi kullan\u0131r.[\/et_pb_text][\/et_pb_column][\/et_pb_row][\/et_pb_section][et_pb_section fb_built=&#8221;1&#8243; _builder_version=&#8221;4.16&#8243; use_background_color_gradient=&#8221;on&#8221; background_color_gradient_direction=&#8221;90deg&#8221; background_color_gradient_stops=&#8221;#2a7cc8 0%|#210454 100%&#8221; background_color_gradient_start=&#8221;#2a7cc8&#8243; background_color_gradient_end=&#8221;#210454&#8243; da_disable_devices=&#8221;off|off|off&#8221; saved_tabs=&#8221;all&#8221; locked=&#8221;off&#8221; global_colors_info=&#8221;{}&#8221; da_is_popup=&#8221;off&#8221; da_exit_intent=&#8221;off&#8221; da_has_close=&#8221;on&#8221; da_alt_close=&#8221;off&#8221; da_dark_close=&#8221;off&#8221; da_not_modal=&#8221;on&#8221; da_is_singular=&#8221;off&#8221; da_with_loader=&#8221;off&#8221; da_has_shadow=&#8221;on&#8221;][et_pb_row _builder_version=&#8221;4.16&#8243; max_width=&#8221;80%&#8221; global_colors_info=&#8221;{}&#8221;][et_pb_column type=&#8221;4_4&#8243; _builder_version=&#8221;4.16&#8243; global_colors_info=&#8221;{}&#8221;][et_pb_button button_url=&#8221;@ET-DC@eyJkeW5hbWljIjp0cnVlLCJjb250ZW50IjoicG9zdF9saW5rX3VybF9wYWdlIiwic2V0dGluZ3MiOnsicG9zdF9pZCI6IjM5MTAifX0=@&#8221; button_text=&#8221;\u00d6ncesi \/ Sonras\u0131 Galerisi \u0130\u00e7in T\u0131klay\u0131n\u0131z&#8221; button_alignment=&#8221;center&#8221; _builder_version=&#8221;4.22.2&#8243; _dynamic_attributes=&#8221;button_url&#8221; _module_preset=&#8221;default&#8221; custom_button=&#8221;on&#8221; button_text_color=&#8221;#FFFFFF&#8221; global_colors_info=&#8221;{}&#8221;][\/et_pb_button][\/et_pb_column][\/et_pb_row][\/et_pb_section][et_pb_section fb_built=&#8221;1&#8243; _builder_version=&#8221;4.16&#8243; custom_padding=&#8221;||0px|||&#8221; da_disable_devices=&#8221;off|off|off&#8221; global_colors_info=&#8221;{}&#8221; da_is_popup=&#8221;off&#8221; da_exit_intent=&#8221;off&#8221; da_has_close=&#8221;on&#8221; da_alt_close=&#8221;off&#8221; da_dark_close=&#8221;off&#8221; da_not_modal=&#8221;on&#8221; da_is_singular=&#8221;off&#8221; da_with_loader=&#8221;off&#8221; da_has_shadow=&#8221;on&#8221;][et_pb_row use_custom_gutter=&#8221;on&#8221; gutter_width=&#8221;2&#8243; module_id=&#8221;whocan&#8221; _builder_version=&#8221;4.16&#8243; max_width=&#8221;80%&#8221; border_color_top=&#8221;#210454&#8243; border_style_top=&#8221;double&#8221; global_colors_info=&#8221;{}&#8221;][et_pb_column type=&#8221;4_4&#8243; _builder_version=&#8221;4.16&#8243; global_colors_info=&#8221;{}&#8221;][et_pb_text _builder_version=&#8221;4.16&#8243; text_font_size=&#8221;18px&#8221; header_2_font=&#8221;|600|||||||&#8221; header_2_text_color=&#8221;#2a7cc8&#8243; header_2_line_height=&#8221;1.7em&#8221; locked=&#8221;off&#8221; global_colors_info=&#8221;{}&#8221;]<\/p>\n<h2>Kimler yararlanabilir?<\/h2>\n<p>Kal\u00e7a b\u00f6lgesinden\u00a0 kilo vermeyi veya kal\u00e7a b\u00f6lgesinin etraf\u0131ndaki cildi s\u0131k\u0131la\u015ft\u0131rmay\u0131 arzu eden insanlar bu prosed\u00fcr i\u00e7in g\u00fc\u00e7l\u00fc adaylar olabilir. Popo \u015fekillendirme ile d\u00fczeltilebilen sorunlara, ya\u015flanma veya kilo kayb\u0131 nedeniyle cildin esnekli\u011finin kaybolmas\u0131, sel\u00fclit sorunlar\u0131 nedeniyle buru\u015fmu\u015f ve sarkm\u0131\u015f cildi olan ki\u015filer \u00f6rnek olarak verilebilir. <strong>\u00a0<\/strong><\/p>\n<p><em>\u0130mplant kullanmak yerine ya\u011f enjeksiyonu yapman\u0131n faydalar\u0131<\/em><\/p>\n<ul>\n<li>Do\u011fal g\u00f6r\u00fcn\u00fcm . \u00c7\u00fcnk\u00fc bu i\u015flemde sentetik \u00fcr\u00fcnler kullan\u0131lmaz.<\/li>\n<li>Daha ger\u00e7ek\u00e7i bir kal\u00e7a hissi.<\/li>\n<li>Kesiler, neredeyse hi\u00e7 g\u00f6r\u00fcnmeyecek yerlere \u00e7ok k\u00fc\u00e7\u00fck olarak uygulan\u0131r.<\/li>\n<li>V\u00fccudunuzundaki ya\u011f fazlal\u0131klar\u0131 al\u0131narak \u00f6zel bir i\u015fleme tabi tutulur. Bu da kal\u00e7alar\u0131n\u0131z\u0131 geli\u015ftirmenin yan\u0131 s\u0131ra daha ince v\u00fccut hatlar\u0131 sa\u011flar.<\/li>\n<li>Kal\u0131c\u0131 sonu\u00e7lar elde edilir. <strong style=\"font-size: 18px;\">\u00a0<\/strong><\/li>\n<\/ul>\n<h2>Popo \u015fekillendirme i\u00e7in uygun aday kimdir?<\/h2>\n<p>Kal\u00e7an\u0131z\u0131n d\u00fcz oldu\u011funu veya v\u00fccudunuzun geri kalan k\u0131vr\u0131mlar\u0131na uymad\u0131\u011f\u0131n\u0131 d\u00fc\u015f\u00fcn\u00fcyorsan\u0131z veya o b\u00f6lgedeki cildiniz a\u015f\u0131r\u0131 gev\u015fekse, egzersiz veya diyet bu sorunu \u00e7\u00f6zemedi\u011finde,\u00a0 popo \u015fekillendirme i\u00e7in uygun adays\u0131n\u0131z demektir.<\/p>\n<p>Popo \u015fekillendirme i\u00e7in uygun bir aday olarak kabul edilmek i\u00e7in:<\/p>\n<p>Genel sa\u011fl\u0131\u011f\u0131n\u0131z iyi olmal\u0131 ve doktorunuzla yapaca\u011f\u0131n\u0131z\u00a0 ameliyat \u00f6ncesi g\u00f6r\u00fc\u015fmede prosed\u00fcre uygun oldu\u011funuza karar verilmelidir.<\/p>\n<ul>\n<li>M\u00fcmk\u00fcn olan en iyi sonu\u00e7lar\u0131 elde etmek i\u00e7in, cerrah\u0131n\u0131z\u0131n, kal\u00e7alar\u0131n\u0131za 4 hafta boyunca bask\u0131 uygulamama gibi\u00a0 tavsiyelerine uymaya\u00a0 istekli olun.<\/li>\n<li>E\u011fer sigara i\u00e7iyorsan\u0131z, ameliyattan en az 4 hafta \u00f6nce ve 4 hafta sonra sigaray\u0131 b\u0131rak\u0131n.<\/li>\n<li>Ameliyat\u0131n\u0131z\u0131n sonu\u00e7lar\u0131 i\u00e7in ger\u00e7ek\u00e7i beklentilere sahip olun.<\/li>\n<li>Genel psikolojik sa\u011fl\u0131\u011f\u0131n\u0131z iyi olsun. <strong style=\"font-size: 18px;\">\u00a0<\/strong><\/li>\n<\/ul>\n<p>&nbsp;<\/p>\n<h2>Popo \u015eekillendirme \u0130\u015flemi<\/h2>\n<p>Prof. Dr. Fatih Irmak, e\u011fer yeterli ya\u011f hacminiz varsa gluten implantlar yerine kendi v\u00fccudunuzdan al\u0131nan ya\u011flar\u0131 kullan\u0131r.<\/p>\n<p><em>Popo \u015eekilendirme i\u00e7in ya\u011f nereden al\u0131n\u0131r?<\/em><\/p>\n<p>Hacim ama\u00e7l\u0131 kullanaca\u011f\u0131m\u0131z ya deposu, sorunlu b\u00f6lgelerden al\u0131nacak birikmi\u015f ya\u011flard\u0131r.<\/p>\n<p>Ya\u011f \u00e7\u0131karmak i\u00e7in en iyi alanlar \u015funlard\u0131r:<\/p>\n<ul>\n<li>Kar\u0131n<\/li>\n<li>Uyluk<\/li>\n<li>S\u0131rt<\/li>\n<\/ul>\n<p><strong><em>Popo \u015eekillendirme \u0130\u00e7in Ya\u011f Nas\u0131l toplan\u0131r?<\/em><\/strong><\/p>\n<p>T\u00fcm i\u015flem tipik olarak 2-3 saat s\u00fcrer ve hastalar ameliyattan 1 g\u00fcn sonra eve d\u00f6nebilirler.<\/p>\n<p>Mayo ve bikini giydi\u011finiz zaman zaten \u00e7ok k\u00fc\u00e7\u00fck ameliyat izi asla g\u00f6r\u00fcnmez.<\/p>\n<p>K\u00fc\u00e7\u00fck bir insizyonla, v\u00fccudun kar\u0131n veya uyluk gibi ba\u015fka bir b\u00f6lgesinden ya\u011f alma i\u015flemi ile ya\u011f \u00e7\u0131kar\u0131l\u0131r. Cerrah\u0131n\u0131z daha sonra bu ya\u011f\u0131 \u00f6zel bir i\u015fleme tabi tutarak ar\u0131nd\u0131r\u0131r ve kal\u00e7alara \u015fekil verir. Dr. Irmak, do\u011fal bir g\u00f6r\u00fcn\u00fcm i\u00e7in uygun miktarda hacim vererek bazen fazla cildi \u00e7\u0131karabilir. Baz\u0131 durumlarda, sonu\u00e7lar\u0131 daha da geli\u015ftirmek i\u00e7in kal\u00e7a implantlar\u0131 eklenir. Ameliyat biter bitmez uygun boyutta korse giydirilir.[\/et_pb_text][\/et_pb_column][\/et_pb_row][et_pb_row use_custom_gutter=&#8221;on&#8221; gutter_width=&#8221;2&#8243; _builder_version=&#8221;4.16&#8243; max_width=&#8221;80%&#8221; custom_padding=&#8221;0px|||||&#8221; border_color_top=&#8221;#210454&#8243; border_style_top=&#8221;double&#8221; global_colors_info=&#8221;{}&#8221;][et_pb_column type=&#8221;4_4&#8243; _builder_version=&#8221;4.16&#8243; global_colors_info=&#8221;{}&#8221;][et_pb_accordion _builder_version=&#8221;4.16&#8243; global_colors_info=&#8221;{}&#8221;][et_pb_accordion_item title=&#8221;Prof. Dr. Fatih Irmak bu prosed\u00fcr\u00fc nerede yap\u0131yor?&#8221; open=&#8221;on&#8221; open_toggle_text_color=&#8221;#f4f4f3&#8243; open_toggle_background_color=&#8221;#ffffff&#8221; closed_toggle_background_color=&#8221;#6bffff&#8221; icon_color=&#8221;#6bffff&#8221; _builder_version=&#8221;4.16&#8243; body_text_color=&#8221;#f4f4f3&#8243; use_background_color_gradient=&#8221;on&#8221; background_color_gradient_direction=&#8221;90deg&#8221; background_color_gradient_stops=&#8221;#2a7cc8 0%|#210454 100%&#8221; background_color_gradient_start=&#8221;#2a7cc8&#8243; background_color_gradient_end=&#8221;#210454&#8243; custom_margin=&#8221;0px||0px||false|false&#8221; global_colors_info=&#8221;{}&#8221; toggle_text_color=&#8221;#6bffff&#8221; toggle_level=&#8221;h5&#8243; toggle_font=&#8221;|700|||||||&#8221; toggle_font_size=&#8221;18px&#8221; closed_toggle_font=&#8221;|600|||||||&#8221; closed_toggle_text_align=&#8221;left&#8221; background__hover_enabled=&#8221;on|desktop&#8221;]Dr.Fatih Irmak, bu operasyonu uluslararas\u0131 akredite edilmi\u015f hastanelerde\u00a0 uygulamaktad\u0131r ve kontrolleri mevcut en ileri teknolojilerle donat\u0131lm\u0131\u015f kendi klini\u011finde yapmaktad\u0131r.[\/et_pb_accordion_item][et_pb_accordion_item title=&#8221;Popo \u015fekillendirme i\u015fleminde ne \u00e7e\u015fit anestezi kullan\u0131l\u0131r?&#8221; open_toggle_text_color=&#8221;#f4f4f3&#8243; open_toggle_background_color=&#8221;#ffffff&#8221; closed_toggle_background_color=&#8221;#6bffff&#8221; icon_color=&#8221;#6bffff&#8221; _builder_version=&#8221;4.16&#8243; body_text_color=&#8221;#f4f4f3&#8243; use_background_color_gradient=&#8221;on&#8221; background_color_gradient_direction=&#8221;90deg&#8221; background_color_gradient_stops=&#8221;#2a7cc8 0%|#210454 100%&#8221; background_color_gradient_start=&#8221;#2a7cc8&#8243; background_color_gradient_end=&#8221;#210454&#8243; custom_margin=&#8221;0px||0px||false|false&#8221; global_colors_info=&#8221;{}&#8221; toggle_text_color=&#8221;#6bffff&#8221; toggle_level=&#8221;h5&#8243; toggle_font=&#8221;|700|||||||&#8221; toggle_font_size=&#8221;18px&#8221; closed_toggle_font=&#8221;|600|||||||&#8221; closed_toggle_text_align=&#8221;left&#8221; background__hover_enabled=&#8221;on|desktop&#8221; title__hover_enabled=&#8221;off|desktop&#8221; open=&#8221;off&#8221;]\u0130\u015flem genel anestezi alt\u0131nda uygulan\u0131r.[\/et_pb_accordion_item][et_pb_accordion_item title=&#8221;Popo \u015fekillendirme i\u015flemi ne kadar s\u00fcrer?&#8221; open_toggle_text_color=&#8221;#f4f4f3&#8243; open_toggle_background_color=&#8221;#ffffff&#8221; closed_toggle_background_color=&#8221;#6bffff&#8221; icon_color=&#8221;#6bffff&#8221; _builder_version=&#8221;4.16&#8243; body_text_color=&#8221;#f4f4f3&#8243; use_background_color_gradient=&#8221;on&#8221; background_color_gradient_direction=&#8221;90deg&#8221; background_color_gradient_stops=&#8221;#2a7cc8 0%|#210454 100%&#8221; background_color_gradient_start=&#8221;#2a7cc8&#8243; background_color_gradient_end=&#8221;#210454&#8243; custom_margin=&#8221;0px||0px||false|false&#8221; global_colors_info=&#8221;{}&#8221; toggle_text_color=&#8221;#6bffff&#8221; toggle_level=&#8221;h5&#8243; toggle_font=&#8221;|700|||||||&#8221; toggle_font_size=&#8221;18px&#8221; closed_toggle_font=&#8221;|600|||||||&#8221; closed_toggle_text_align=&#8221;left&#8221; background__hover_enabled=&#8221;on|desktop&#8221; title__hover_enabled=&#8221;off|desktop&#8221; open=&#8221;off&#8221;]Ameliyat hastan\u0131n ihiyac\u0131na ba\u011fl\u0131 olarak 1 ya da 5 saat s\u00fcrer[\/et_pb_accordion_item][\/et_pb_accordion][\/et_pb_column][\/et_pb_row][et_pb_row use_custom_gutter=&#8221;on&#8221; gutter_width=&#8221;2&#8243; _builder_version=&#8221;4.16&#8243; max_width=&#8221;80%&#8221; custom_padding=&#8221;0px|||||&#8221; border_color_top=&#8221;#210454&#8243; border_style_top=&#8221;double&#8221; global_colors_info=&#8221;{}&#8221;][et_pb_column type=&#8221;4_4&#8243; _builder_version=&#8221;4.16&#8243; global_colors_info=&#8221;{}&#8221;][et_pb_text module_id=&#8221;expect&#8221; _builder_version=&#8221;4.16&#8243; text_font_size=&#8221;18px&#8221; header_2_font=&#8221;|600|||||||&#8221; header_2_text_color=&#8221;#2a7cc8&#8243; header_2_line_height=&#8221;1.7em&#8221; locked=&#8221;off&#8221; global_colors_info=&#8221;{}&#8221;]<\/p>\n<h2>Popo \u015fekillendirme ameliyat\u0131ndan sonra nelere dikkat etmeliyiz?<\/h2>\n<table width=\"803\">\n<tbody>\n<tr>\n<td><strong>Aktivite<\/strong><\/td>\n<td><strong>ne zaman<\/strong><\/td>\n<\/tr>\n<tr>\n<td>Y\u00fcr\u00fcme ve ayakta durma<\/td>\n<td>Ameliyattan 1 g\u00fcn sonra<\/td>\n<\/tr>\n<tr>\n<td>Du\u015f<\/td>\n<td>Ameliyattan 4 veya 5 g\u00fcn sonra<\/td>\n<\/tr>\n<tr>\n<td>i\u015fe ba\u015flama<\/td>\n<td>Ameliyattan 7 g\u00fcn sonra<\/td>\n<\/tr>\n<tr>\n<td>Araba kullanma<\/td>\n<td>Ameliyattan 4 veya 6 g\u00fcn sonra<\/td>\n<\/tr>\n<tr>\n<td>izlerin kaybolmas\u0131<\/td>\n<td>4 ay ile 1 sene aras\u0131<\/td>\n<\/tr>\n<\/tbody>\n<\/table>\n<p>[\/et_pb_text][\/et_pb_column][\/et_pb_row][et_pb_row use_custom_gutter=&#8221;on&#8221; gutter_width=&#8221;2&#8243; module_id=&#8221;aware&#8221; _builder_version=&#8221;4.16&#8243; max_width=&#8221;80%&#8221; custom_padding=&#8221;0px|||||&#8221; border_color_top=&#8221;#210454&#8243; border_style_top=&#8221;double&#8221; global_colors_info=&#8221;{}&#8221;][et_pb_column type=&#8221;4_4&#8243; _builder_version=&#8221;4.16&#8243; global_colors_info=&#8221;{}&#8221;][et_pb_text module_id=&#8221;expect&#8221; _builder_version=&#8221;4.16&#8243; text_font_size=&#8221;18px&#8221; header_2_font=&#8221;|600|||||||&#8221; header_2_text_color=&#8221;#2a7cc8&#8243; header_2_line_height=&#8221;1.7em&#8221; locked=&#8221;off&#8221; global_colors_info=&#8221;{}&#8221;]<\/p>\n<h2>Ameliyat Sonras\u0131 Dikkat Edilmesi Gerekenler<\/h2>\n<ul>\n<li>Popo \u015fekillendirme ameliyat\u0131ndan 4-6 ay sonra, ameliyata ba\u011fl\u0131 b\u00fct\u00fcn \u00f6dem geriler ve nihai \u015fekil oturur.<\/li>\n<li>Ameliyat edilen cilt \u015fi\u015flik nedeniyle parlak g\u00f6r\u00fcnebilir. Birka\u00e7 hafta i\u00e7inde \u015fi\u015flik kaybolacak ve cilt normal bir g\u00f6r\u00fcn\u00fcme d\u00f6necektir.<\/li>\n<li>Ameliyat b\u00f6lgesinde his veya uyu\u015fukluk kayb\u0131 ya\u015fayabilirsiniz. Bu tamamen normaldir ve kaybolmas\u0131 birka\u00e7 ay s\u00fcrebilir.<\/li>\n<li>Cerrahi alanda kar\u0131ncalanma hissi olabilir. Bu his b\u00f6lgedeki sinirlerin iyile\u015fmesinin bir sonucudur ve prosed\u00fcr\u00fcn\u00fczden birka\u00e7 ay sonra kaybolur.<\/li>\n<\/ul>\n<p>[\/et_pb_text][\/et_pb_column][\/et_pb_row][\/et_pb_section]<\/p>\n","protected":false},"excerpt":{"rendered":"<p>Popo \u015eekillendirme Nedir? Popo \u015fekillendirme, Prof. Dr. Fatih Irmak&#8217;\u0131n kal\u00e7alar\u0131 daha belirgin hale getiren, hacimli bir g\u00f6r\u00fcn\u00fcm i\u00e7in\u00a0 dolgunla\u015ft\u0131ran ve \u015fekillendiren cerrahi\u00a0 i\u015flemidir. D\u00fczg\u00fcn ve belirgin bir kal\u00e7aya sahip olmak giderek daha pop\u00fcler hale gelmektedir. Egzersiz bu \u015fekillendirmeye yard\u0131mc\u0131 olsa da, genellikle boyut veya \u00f6zel \u015fekillendirmede yeterli olmaz. Bir\u00e7ok durumda, popo \u015fekillendirme, do\u011fum sonras\u0131 revizyon, [&hellip;]<\/p>\n","protected":false},"author":1,"featured_media":2810,"parent":2087,"menu_order":0,"comment_status":"closed","ping_status":"closed","template":"","meta":{"_et_pb_use_builder":"on","_et_pb_old_content":"","_et_gb_content_width":"","footnotes":""},"class_list":["post-2102","page","type-page","status-publish","has-post-thumbnail","hentry"],"_links":{"self":[{"href":"https:\/\/www.drfatihirmak.com\/pt\/wp-json\/wp\/v2\/pages\/2102","targetHints":{"allow":["GET"]}}],"collection":[{"href":"https:\/\/www.drfatihirmak.com\/pt\/wp-json\/wp\/v2\/pages"}],"about":[{"href":"https:\/\/www.drfatihirmak.com\/pt\/wp-json\/wp\/v2\/types\/page"}],"author":[{"embeddable":true,"href":"https:\/\/www.drfatihirmak.com\/pt\/wp-json\/wp\/v2\/users\/1"}],"replies":[{"embeddable":true,"href":"https:\/\/www.drfatihirmak.com\/pt\/wp-json\/wp\/v2\/comments?post=2102"}],"version-history":[{"count":2,"href":"https:\/\/www.drfatihirmak.com\/pt\/wp-json\/wp\/v2\/pages\/2102\/revisions"}],"predecessor-version":[{"id":4063,"href":"https:\/\/www.drfatihirmak.com\/pt\/wp-json\/wp\/v2\/pages\/2102\/revisions\/4063"}],"up":[{"embeddable":true,"href":"https:\/\/www.drfatihirmak.com\/pt\/wp-json\/wp\/v2\/pages\/2087"}],"wp:featuredmedia":[{"embeddable":true,"href":"https:\/\/www.drfatihirmak.com\/pt\/wp-json\/wp\/v2\/media\/2810"}],"wp:attachment":[{"href":"https:\/\/www.drfatihirmak.com\/pt\/wp-json\/wp\/v2\/media?parent=2102"}],"curies":[{"name":"wp","href":"https:\/\/api.w.org\/{rel}","templated":true}]}}