{"id":2931,"date":"2020-09-14T23:33:42","date_gmt":"2020-09-14T20:33:42","guid":{"rendered":"https:\/\/www.drfatihirmak.com\/?page_id=2931"},"modified":"2023-01-14T23:03:09","modified_gmt":"2023-01-14T20:03:09","slug":"augmentation-mammaire-istanbul","status":"publish","type":"page","link":"https:\/\/www.drfatihirmak.com\/fr\/meme-buyutme-istanbul","title":{"rendered":"Augmentation mammaire Istanbul"},"content":{"rendered":"<p><strong>Augmentation mammaire<\/strong> est une op\u00e9ration qui figure parmi les plus fr\u00e9quemment pratiqu\u00e9es aujourd'hui. Les femmes qui ne sont pas satisfaites du volume de leurs seins peuvent d\u00e9sormais obtenir la taille de poitrine qu'elles souhaitent gr\u00e2ce \u00e0 cette intervention pratiqu\u00e9e par un chirurgien plasticien.<br \/>\n<strong>Augmentation mammaire<\/strong> Les op\u00e9rations de chirurgie esth\u00e9tique peuvent d\u00e9sormais \u00eatre r\u00e9alis\u00e9es selon diff\u00e9rentes m\u00e9thodes. Certains m\u00e9decins utilisent la silicone, d'autres la graisse pr\u00e9lev\u00e9e sur le corps de la personne concern\u00e9e. Mais la m\u00e9thode la plus couramment utilis\u00e9e est le silicone. Il existe \u00e9galement diff\u00e9rentes m\u00e9thodes de fabrication du silicone. Certains chirurgiens peuvent proc\u00e9der par le mamelon, d'autres par le dessous du sein ou l'aisselle. La m\u00e9thode g\u00e9n\u00e9ralement utilis\u00e9e est celle qui est pratiqu\u00e9e sous le sein. La silicone est un mat\u00e9riau fabriqu\u00e9 \u00e0 partir d'une mati\u00e8re sp\u00e9ciale et existe en diff\u00e9rentes tailles. Le m\u00e9decin doit d'abord examiner les caract\u00e9ristiques corporelles de la personne et lui indiquer la taille et le type de sein \u00e0 r\u00e9aliser.<\/p>\n<p>Les mensurations, le poids et la taille sont des facteurs tr\u00e8s importants. \u00c9tant donn\u00e9 qu'un tr\u00e8s gros sein destin\u00e9 \u00e0 une femme petite et menue donnera une tr\u00e8s mauvaise impression, l'examen du m\u00e9decin est tr\u00e8s important \u00e0 ce stade. La proth\u00e8se mammaire sera plac\u00e9e dans cette zone lors de l'op\u00e9ration qui aura lieu plus tard. Il est tr\u00e8s important de ne pas porter trop de poids apr\u00e8s l'op\u00e9ration, de ne pas s'allonger sur les proth\u00e8ses et de suivre les recommandations du m\u00e9decin.<br \/>\nChirurgie de r\u00e9duction mammaire<br \/>\nCertaines femmes ont \u00e9galement des probl\u00e8mes de seins tr\u00e8s volumineux. Dans ces cas, les chirurgiens pratiquent une op\u00e9ration de r\u00e9duction mammaire pour ramener les seins \u00e0 une taille normale adapt\u00e9e au corps. Lors de ces op\u00e9rations, le sein est ramen\u00e9 \u00e0 une taille normale en p\u00e9n\u00e9trant sous le sein et en retirant l'exc\u00e8s de graisse et de tissu mammaire sur les bords et \u00e0 l'int\u00e9rieur du sein.<br \/>\nR\u00e9duction mammaire et <strong>l'augmentation mammaire<\/strong> sont des op\u00e9rations efficaces qui sont pratiqu\u00e9es tr\u00e8s fr\u00e9quemment \u00e0 notre \u00e9poque. Apr\u00e8s l'op\u00e9ration, le patient doit se reposer pendant 15 jours, ne pas frapper la zone de la poitrine et ne pas faire de sport intense. En outre, apr\u00e8s ces op\u00e9rations, la personne ne doit pas porter de soutien-gorge normal pendant un certain temps, le soutien-gorge chirurgical appliqu\u00e9 pendant l'op\u00e9ration. Il doit \u00eatre utilis\u00e9 pendant 4 \u00e0 6 semaines.<\/p>\n<h2>Augmentation mammaire Istanbul<\/h2>\n<p>Le sein \u00e9tant un organe qui repr\u00e9sente \u00e0 la fois la maternit\u00e9 et la f\u00e9minit\u00e9 d'une femme, il est tr\u00e8s important pour les femmes d'avoir une belle apparence. Une femme dont les seins sont trop grands ou trop petits par rapport \u00e0 ce qu'ils devraient \u00eatre peut rencontrer de graves probl\u00e8mes. Alors que les femmes ayant de gros seins rencontrent des probl\u00e8mes tels que l'impossibilit\u00e9 de trouver des v\u00eatements, des douleurs dorsales, des rougeurs et des \u00e9ruptions cutan\u00e9es sous les seins, les femmes ayant de petits seins rencontrent des probl\u00e8mes psychologiques tels que le fait de ne pas se sentir femme.<\/p>\n<p>Aujourd'hui, ces deux probl\u00e8mes peuvent \u00eatre r\u00e9solus en tr\u00e8s peu de temps. <strong>Augmentation mammaire<\/strong> est devenue une op\u00e9ration \u00e0 laquelle les femmes recourent tr\u00e8s souvent. Pour cela, elle doit d'abord trouver un bon m\u00e9decin et un bon h\u00f4pital et se sentir pr\u00eate pour l'op\u00e9ration. Apr\u00e8s l'op\u00e9ration, elle doit s'absenter de son travail pendant un certain temps et se reposer. <strong>Augmentation mammaire<\/strong> Ces op\u00e9rations sont r\u00e9alis\u00e9es \u00e0 l'aide de proth\u00e8ses mammaires ou en pr\u00e9levant du tissu adipeux dans le corps de la patiente et en le transplantant dans le sein. L'implantation mammaire est une proc\u00e9dure beaucoup plus courante. Dans cette proc\u00e9dure, le m\u00e9decin p\u00e9n\u00e8tre sous le sein ou par le mamelon, selon sa pr\u00e9f\u00e9rence. Gr\u00e2ce aux progr\u00e8s de la m\u00e9decine, m\u00eame si cette intervention est pratiqu\u00e9e, les canaux lactif\u00e8res ne sont pas endommag\u00e9s et les femmes peuvent m\u00eame allaiter leurs enfants apr\u00e8s ces interventions. Apr\u00e8s ces op\u00e9rations, le m\u00e9decin commence \u00e0 administrer des analg\u00e9siques et un traitement antibiotique et fait quelques recommandations. Les gonflements et les ecchymoses qui peuvent survenir les premiers jours ne doivent pas \u00eatre ignor\u00e9s et dispara\u00eetront spontan\u00e9ment.<\/p>\n<p>Dans les op\u00e9rations de r\u00e9duction mammaire, le m\u00e9decin retire l'exc\u00e8s de graisse et de tissu mammaire de cette zone et redonne au sein une forme normale, en le r\u00e9duisant et en \u00e9liminant son aspect habituel. Apr\u00e8s ces interventions, la patiente doit se reposer pendant 15 jours et utiliser des soutiens-gorge sp\u00e9ciaux, ne pas s'allonger sur le sein et ne pas recevoir de coup dans cette zone.<\/p>\n<p><strong>Op\u00e9ration de lifting des seins (Mastopexie)<\/strong><\/p>\n<p><strong>Risques<\/strong><\/p>\n<p>Les complications habituelles sont une r\u00e9action \u00e0 l'anesth\u00e9sie, un saignement et une infection.Apr\u00e8s un lifting mammaire, il arrive que les seins ne soient pas parfaitement sym\u00e9triques et que la hauteur des mamelons soit l\u00e9g\u00e8rement diff\u00e9rente.Certaines corrections mineures peuvent \u00eatre apport\u00e9es ult\u00e9rieurement.Tr\u00e8s rarement, il peut y avoir une perte permanente de sensibilit\u00e9 autour du mamelon et de l'ar\u00e9ole.<\/p>\n<p><strong>Processus de fonctionnement<\/strong><\/p>\n<p>Cette intervention est r\u00e9alis\u00e9e en ambulatoire, il est donc utile de pr\u00e9voir un accompagnateur qui vous ram\u00e8nera chez vous apr\u00e8s l'intervention et qui restera avec vous au moins la premi\u00e8re nuit.<\/p>\n<p>L'aspirine et diverses tisanes peuvent augmenter le risque de saignement. C'est pourquoi vous ne devez pas prendre ces m\u00e9dicaments pendant un certain temps avant l'op\u00e9ration. Votre m\u00e9decin vous donnera des informations d\u00e9taill\u00e9es sur ce que vous devez et ne devez pas faire avant l'op\u00e9ration.<\/p>\n<p><strong>Op\u00e9ration de lifting des seins (Mastopexie)<\/strong><\/p>\n<p><strong>Activit\u00e9s postop\u00e9ratoires<\/strong><\/p>\n<p>Les patients peuvent g\u00e9n\u00e9ralement reprendre leurs activit\u00e9s quotidiennes normales d\u00e8s le lendemain de l'op\u00e9ration. Toutefois, il faut \u00e9viter certaines activit\u00e9s intenses pendant au moins une semaine et ne pas soulever d'objets de plus de 5 kg pendant les deux premi\u00e8res semaines. Les exercices qui font travailler les muscles de la poitrine, la course et le saut sont risqu\u00e9s pendant environ six semaines.<\/p>\n<p><strong>Attentes postop\u00e9ratoires<\/strong><\/p>\n<p>Il y aura des gonflements et des ecchymoses, et il faudra un certain temps pour que les seins retrouvent leur position naturelle. Cela peut prendre plusieurs semaines, et les r\u00e9sultats exacts de l'intervention seront visibles apr\u00e8s le processus de cicatrisation.<\/p>\n<p>Il peut y avoir une perte de sensibilit\u00e9 du mamelon. Celle-ci revient \u00e0 la normale au bout d'un mois. Bien que tr\u00e8s rare, cette perte de sensibilit\u00e9 peut \u00eatre permanente.<\/p>\n<p><strong>Conclusions<\/strong><\/p>\n<p>Le but du lifting mammaire est de rendre les seins plus fermes et plus droits, de d\u00e9placer le mamelon et l'ar\u00e9ole vers un endroit plus appropri\u00e9 d'un point de vue esth\u00e9tique et d'obtenir une meilleure apparence.<\/p>\n<p>Les incisions pratiqu\u00e9es cicatrisent et s'estompent avec le temps, mais il faut savoir que les cicatrices sont permanentes. Dans certains cas, elles ne subsistent que sous la forme d'une l\u00e9g\u00e8re cicatrice, mais chez certains patients, elles peuvent \u00eatre plus marqu\u00e9es.<\/p>\n<p>\u00c0 moins d'un changement de poids important ou d'une grossesse, les r\u00e9sultats d'un lifting mammaire sont durables, mais la gravit\u00e9 et le vieillissement affecteront bien s\u00fbr la nouvelle forme de vos seins au fil du temps.<\/p>","protected":false},"excerpt":{"rendered":"<p>Meme b\u00fcy\u00fctme i\u015flemi g\u00fcn\u00fcm\u00fczde en s\u0131k yap\u0131lan operasyonlar aras\u0131nda \u00fcst s\u0131ralarda yer alan bir operasyondur. Meme hacminden memnun olmayan kad\u0131nlar art\u0131k estetik cerrah arac\u0131l\u0131\u011f\u0131 ile bu i\u015flemi yapt\u0131rarak istedi\u011fi meme boyutlar\u0131na sahip olabilmektedir. Meme b\u00fcy\u00fctme i\u015flemleri art\u0131k farkl\u0131 y\u00f6ntemler ile yap\u0131labilmektedir. Baz\u0131 hekimler silikon ile bunu yapar iken baz\u0131 hekimlerde ki\u015finin kendi v\u00fccudundan alm\u0131\u015f oldu\u011fu [&hellip;]<\/p>\n","protected":false},"author":1,"featured_media":0,"parent":0,"menu_order":0,"comment_status":"closed","ping_status":"closed","template":"","meta":{"_et_pb_use_builder":"","_et_pb_old_content":"","_et_gb_content_width":"","footnotes":""},"class_list":["post-2931","page","type-page","status-publish","hentry"],"_links":{"self":[{"href":"https:\/\/www.drfatihirmak.com\/fr\/wp-json\/wp\/v2\/pages\/2931","targetHints":{"allow":["GET"]}}],"collection":[{"href":"https:\/\/www.drfatihirmak.com\/fr\/wp-json\/wp\/v2\/pages"}],"about":[{"href":"https:\/\/www.drfatihirmak.com\/fr\/wp-json\/wp\/v2\/types\/page"}],"author":[{"embeddable":true,"href":"https:\/\/www.drfatihirmak.com\/fr\/wp-json\/wp\/v2\/users\/1"}],"replies":[{"embeddable":true,"href":"https:\/\/www.drfatihirmak.com\/fr\/wp-json\/wp\/v2\/comments?post=2931"}],"version-history":[{"count":0,"href":"https:\/\/www.drfatihirmak.com\/fr\/wp-json\/wp\/v2\/pages\/2931\/revisions"}],"wp:attachment":[{"href":"https:\/\/www.drfatihirmak.com\/fr\/wp-json\/wp\/v2\/media?parent=2931"}],"curies":[{"name":"wp","href":"https:\/\/api.w.org\/{rel}","templated":true}]}}