{"id":2928,"date":"2020-09-14T01:21:52","date_gmt":"2020-09-13T22:21:52","guid":{"rendered":"https:\/\/www.drfatihirmak.com\/?page_id=2928"},"modified":"2023-01-14T23:03:09","modified_gmt":"2023-01-14T20:03:09","slug":"rhinoplastie-en-turquie","status":"publish","type":"page","link":"https:\/\/www.drfatihirmak.com\/fr\/rhinoplasty-in-turkey","title":{"rendered":"Rhinoplastie en Turquie"},"content":{"rendered":"<p>De la correction des blessures de guerre \u00e0 l'att\u00e9nuation des probl\u00e8mes respiratoires, l'art et la science de l'art et de la science de l'art et de la science de l'art et de la science. <strong>rhinoplastie<\/strong> a \u00e9t\u00e9 affin\u00e9e au cours de centaines d'ann\u00e9es. Les anciens \u00c9gyptiens ont \u00e9t\u00e9 les premiers \u00e0 exp\u00e9rimenter la r\u00e9forme du nez par la chirurgie, et des \u00e9crits indiens datant de 500 ans avant J.-C. t\u00e9moignent d'une expertise pr\u00e9coce dans le modelage du cartilage et de l'os nasal. La science moderne, qui a d\u00e9but\u00e9 il y a tout juste 200 ans, a permis de faire progresser rapidement des techniques chirurgicales \u00e9prouv\u00e9es. Aujourd'hui, les interventions sont plus rapides, plus s\u00fbres et n\u00e9cessitent moins de temps d'immobilisation qu'auparavant.<\/p>\n<p>Le choix d'un chirurgien plasticien est sans doute l'\u00e9tape la plus importante dans la r\u00e9alisation d'une rhinoplastie. Comme pour toutes les proc\u00e9dures m\u00e9dicales, les chirurgiens ont besoin d'une solide formation scientifique et m\u00e9dicale. L'obtention d'un certificat d\u00e9livr\u00e9 par un organisme r\u00e9put\u00e9, tel que l'American Society of Plastic Surgeons, est le signe d'un chirurgien qualifi\u00e9. Il est important de noter que tout m\u00e9decin agr\u00e9\u00e9 peut l\u00e9galement faire de la publicit\u00e9 en tant que \"chirurgien plastique\" ou \"chirurgien esth\u00e9tique\". Il est essentiel de trouver un m\u00e9decin qui a \u00e9t\u00e9 reconnu dans le domaine de la chirurgie plastique comme ayant une formation sp\u00e9cialis\u00e9e.<\/p>\n<h2>Rhinoplastie en Turquie<\/h2>\n<p>Contrairement \u00e0 d'autres chirurgies esth\u00e9tiques simples, comme l'augmentation mammaire, le nez exige de la finesse et le sens du d\u00e9tail d'un artiste et constitue l'une des chirurgies plastiques les plus difficiles. Sculpter le nez pour lui donner la forme parfaite souhait\u00e9e n'est pas diff\u00e9rent de sculpter un chef-d'\u0153uvre d'art dans la pierre. C'est pourquoi il est essentiel de faire des recherches <strong>rhinoplastie<\/strong> non seulement en fonction de leur formation et de leur certification, mais aussi en fonction de leur portfolio. Les chirurgiens disposent d'une s\u00e9rie de photos avant et apr\u00e8s des patients pr\u00e9c\u00e9dents, dont beaucoup sont disponibles sur le site web du cabinet. Il convient de rechercher d'anciens patients dont la taille et la forme du nez sont similaires afin de juger au mieux du travail qu'un chirurgien plasticien est capable d'effectuer.<\/p>\n<p>La mise en r\u00e9seau avec d'autres personnes ayant b\u00e9n\u00e9fici\u00e9 d'une intervention joue \u00e9galement un r\u00f4le dans la recherche. Certains peuvent se plaindre des r\u00e9sultats de leur intervention, tandis que d'autres peuvent ne pas aimer les mani\u00e8res du m\u00e9decin. Ces informations permettent de prendre une d\u00e9cision plus \u00e9clair\u00e9e lors du choix d'un chirurgien plasticien. Gardez \u00e0 l'esprit que le chirurgien qui vous convient le mieux n'habite peut-\u00eatre pas dans un rayon de 80 km autour de chez vous. Contacter des patients dans tout le pays \u00e9largit la recherche et augmente les chances de trouver le bon m\u00e9decin. Les inconv\u00e9nients et le co\u00fbt des d\u00e9placements doivent \u00eatre mis en balance avec l'importance d'obtenir de bons r\u00e9sultats. Les v\u00e9t\u00e9rans de la proc\u00e9dure peuvent \u00e9galement donner des conseils utiles sur ce \u00e0 quoi il faut s'attendre avant, pendant et apr\u00e8s l'intervention.<\/p>\n<p>Toute intervention sur le nez commence par une consultation m\u00e9dicale. Les discussions avec un chirurgien plasticien portent g\u00e9n\u00e9ralement sur les raisons de la demande de traitement, le r\u00e9sultat souhait\u00e9 et une s\u00e9rie d'options th\u00e9rapeutiques. Les raisons de la demande de traitement peuvent \u00eatre le redressement de l'ar\u00eate, la sym\u00e9trisation des narines ou une myriade d'autres raisons esth\u00e9tiques, ainsi qu'une n\u00e9cessit\u00e9 m\u00e9dicale, telle qu'une blessure et\/ou une difficult\u00e9 \u00e0 respirer. Les m\u00e9decins doivent aider le patient \u00e0 d\u00e9finir un objectif clair. Pour ce faire, le patient apporte parfois des photos de nez qui pourraient convenir \u00e0 son visage, <strong>rhinoplastie en Turquie<\/strong> Les sp\u00e9cialistes utilisent souvent des images g\u00e9n\u00e9r\u00e9es par ordinateur pour montrer au patient \u00e0 quoi il pourrait ressembler apr\u00e8s l'op\u00e9ration. En fin de compte, le m\u00e9decin doit d\u00e9terminer si les demandes du patient sont r\u00e9alistes et s'il est mentalement apte \u00e0 subir une op\u00e9ration de chirurgie plastique. Les bons candidats \u00e0 la chirurgie peuvent \u00e9voquer des probl\u00e8mes de confiance en soi ou d'intimidation, mais des signes \u00e9vidents de probl\u00e8mes tels que la dysmorphie corporelle peuvent inciter le chirurgien \u00e0 refuser de traiter le patient. Une fois que le m\u00e9decin et le patient se sont mis d'accord sur la meilleure option de traitement et que les modalit\u00e9s de paiement ont \u00e9t\u00e9 fix\u00e9es, la date de l'op\u00e9ration peut \u00eatre fix\u00e9e.<\/p>\n<p>Pendant <strong>rhinoplastie <\/strong>Le chirurgien utilisera l'une des deux m\u00e9thodes principales. Pour de nombreux patients, la plupart des incisions sont pratiqu\u00e9es \u00e0 l'int\u00e9rieur du nez, par la narine, afin de r\u00e9duire les cicatrices. Cette technique est connue sous le nom de \"proc\u00e9dure ferm\u00e9e\". En fonction des besoins du patient, le chirurgien peut opter pour une incision sur la peau entre les narines, appel\u00e9e columelle. Cette \"ouverture\" permet de soulever la peau et d'acc\u00e9der \u00e0 la partie inf\u00e9rieure. Le chirurgien sculpte ensuite soigneusement le nez en ins\u00e9rant ou en retirant du cartilage et\/ou de l'os avant de suturer le nez. Les points de suture modernes sont con\u00e7us pour \u00eatre dissous et se r\u00e9sorber de mani\u00e8re inoffensive dans l'organisme, ce qui \u00e9vite de devoir retourner chez le m\u00e9decin pour les faire enlever. La cicatrisation compl\u00e8te peut prendre jusqu'\u00e0 un an, tandis que les gonflements et les ecchymoses disparaissent en quelques jours. Il est extr\u00eamement important de maintenir le nez en place \u00e0 l'aide d'attelles et d'\u00e9viter de blesser la zone jusqu'\u00e0 ce qu'elle soit fix\u00e9e. Le simple fait de privil\u00e9gier un c\u00f4t\u00e9 pendant le sommeil peut entra\u00eener un d\u00e9placement du nez et une mauvaise cicatrisation. Les soins postop\u00e9ratoires doivent \u00eatre discut\u00e9s avec le m\u00e9decin et faire l'objet d'un document \u00e9crit afin de garantir les meilleurs r\u00e9sultats.<\/p>\n<p>Il n'est pas possible d'envisager une op\u00e9ration du nez sans tenir compte du co\u00fbt. La plupart des compagnies d'assurance ne couvrent pas les chirurgies esth\u00e9tiques ou facultatives. Certaines interventions sur le nez, comme les septoplasties, sont couvertes en tant que traitement m\u00e9dical pour soulager les infections chroniques des sinus, les probl\u00e8mes respiratoires, les malformations cong\u00e9nitales et d'autres affections similaires. \u00c9tant donn\u00e9 que de nombreux patients paient de leur poche pour des ajustements esth\u00e9tiques mineurs, ils peuvent avoir tendance \u00e0 se tourner vers des chirurgiens moins chers. Toutefois, ces investissements ne sont souvent pas rentables \u00e0 long terme. Une bonne partie des rhinoplasties sont correctives, c'est-\u00e0-dire que les chirurgiens r\u00e9parent ce que d'autres m\u00e9decins ont produit parce que le patient n'\u00e9tait pas satisfait des r\u00e9sultats initiaux. Le co\u00fbt de plusieurs chirurgies esth\u00e9tiques peut monter en fl\u00e8che. Il est donc imp\u00e9ratif que la premi\u00e8re intervention produise les meilleurs r\u00e9sultats possibles, m\u00eame si cela implique de payer un peu plus cher au d\u00e9part. Un chirurgien plasticien qualifi\u00e9, exp\u00e9riment\u00e9 et sp\u00e9cialis\u00e9 en <strong>rhinoplastie<\/strong> fait toute la diff\u00e9rence.<\/p>","protected":false},"excerpt":{"rendered":"<p>From correcting battle wounds to alleviating breathing problems, the art and science of rhinoplasty has been refined over hundreds of years. Ancient Egyptians were the first known to experiment in reformation of the nose through surgery, and Indian writings from 500 B.C. depict an early expertise in the shaping of nasal cartilage and bone. Modern [&hellip;]<\/p>\n","protected":false},"author":1,"featured_media":0,"parent":0,"menu_order":0,"comment_status":"closed","ping_status":"closed","template":"","meta":{"_et_pb_use_builder":"","_et_pb_old_content":"","_et_gb_content_width":"","footnotes":""},"class_list":["post-2928","page","type-page","status-publish","hentry"],"_links":{"self":[{"href":"https:\/\/www.drfatihirmak.com\/fr\/wp-json\/wp\/v2\/pages\/2928","targetHints":{"allow":["GET"]}}],"collection":[{"href":"https:\/\/www.drfatihirmak.com\/fr\/wp-json\/wp\/v2\/pages"}],"about":[{"href":"https:\/\/www.drfatihirmak.com\/fr\/wp-json\/wp\/v2\/types\/page"}],"author":[{"embeddable":true,"href":"https:\/\/www.drfatihirmak.com\/fr\/wp-json\/wp\/v2\/users\/1"}],"replies":[{"embeddable":true,"href":"https:\/\/www.drfatihirmak.com\/fr\/wp-json\/wp\/v2\/comments?post=2928"}],"version-history":[{"count":0,"href":"https:\/\/www.drfatihirmak.com\/fr\/wp-json\/wp\/v2\/pages\/2928\/revisions"}],"wp:attachment":[{"href":"https:\/\/www.drfatihirmak.com\/fr\/wp-json\/wp\/v2\/media?parent=2928"}],"curies":[{"name":"wp","href":"https:\/\/api.w.org\/{rel}","templated":true}]}}