{"id":2293,"date":"2020-06-11T19:45:52","date_gmt":"2020-06-11T16:45:52","guid":{"rendered":"https:\/\/www.drfatihirmak.com\/dr-fatih-irmak\/ozgecmis\/"},"modified":"2025-12-26T05:23:39","modified_gmt":"2025-12-26T02:23:39","slug":"reprendre","status":"publish","type":"page","link":"https:\/\/www.drfatihirmak.com\/fr\/hakkimda\/ozgecmis","title":{"rendered":"CV"},"content":{"rendered":"<p>[et_pb_section fb_built=&#8221;1&#8243; _builder_version=&#8221;4.16&#8243; custom_padding=&#8221;||0px|||&#8221; global_colors_info=&#8221;{}&#8221; da_is_popup=&#8221;off&#8221; da_exit_intent=&#8221;off&#8221; da_has_close=&#8221;on&#8221; da_alt_close=&#8221;off&#8221; da_dark_close=&#8221;off&#8221; da_not_modal=&#8221;on&#8221; da_is_singular=&#8221;off&#8221; da_with_loader=&#8221;off&#8221; da_has_shadow=&#8221;on&#8221; da_disable_devices=&#8221;off|off|off&#8221;][et_pb_row _builder_version=&#8221;4.16&#8243; custom_margin=&#8221;||||false|false&#8221; box_shadow_style=&#8221;preset4&#8243; box_shadow_horizontal=&#8221;-5vw&#8221; box_shadow_vertical=&#8221;0px&#8221; box_shadow_color=&#8221;#6bffff&#8221; global_colors_info=&#8221;{}&#8221;][et_pb_column type=&#8221;4_4&#8243; _builder_version=&#8221;4.16&#8243; global_colors_info=&#8221;{}&#8221;][et_pb_text ul_type=&#8221;square&#8221; ul_position=&#8221;inside&#8221; ul_item_indent=&#8221;5vw&#8221; module_class=&#8221;column-list&#8221; _builder_version=&#8221;4.16&#8243; text_font=&#8221;Montserrat|700|||||||&#8221; link_text_color=&#8221;#333333&#8243; ul_text_color=&#8221;#c5e0dc&#8221; header_2_font=&#8221;Montserrat|700|||||||&#8221; header_2_font_size=&#8221;3vw&#8221; header_2_line_height=&#8221;1.8em&#8221; custom_margin=&#8221;|||-2vw|false|false&#8221; hover_enabled=&#8221;0&#8243; header_2_font_size_tablet=&#8221;36px&#8221; header_2_font_size_phone=&#8221;&#8221; header_2_font_size_last_edited=&#8221;on|desktop&#8221; global_colors_info=&#8221;{}&#8221; sticky_enabled=&#8221;0&#8243;]<\/p>\n<h2>\u00d6zge\u00e7mi\u015f<\/h2>\n<p>[\/et_pb_text][\/et_pb_column][\/et_pb_row][et_pb_row _builder_version=&#8221;4.16&#8243; width=&#8221;90%&#8221; max_width=&#8221;80%&#8221; custom_padding=&#8221;0px||0px|||&#8221; global_colors_info=&#8221;{}&#8221;][et_pb_column type=&#8221;4_4&#8243; _builder_version=&#8221;4.16&#8243; global_colors_info=&#8221;{}&#8221;][et_pb_text _builder_version=&#8221;4.27.4&#8243; text_font_size=&#8221;17px&#8221; custom_padding=&#8221;50px|||||&#8221; hover_enabled=&#8221;0&#8243; global_colors_info=&#8221;{}&#8221; sticky_enabled=&#8221;0&#8243;]<\/p>\n<p>Prof. Dr. Fatih Irmak<\/p>\n<p>OF\u0130S ADRES\u0130 Te\u015fvikiye mahallesi, Hakk\u0131 Yeten Caddesi, A\u015f\u00e7\u0131o\u011flu Plaza, 2. Kat, Fulya, \u015ei\u015fli, \u0130stanbul, 34400<\/p>\n<p>Telefon +905321648963<\/p>\n<p>E-posta: dr.fatihirmak@gmail.com<\/p>\n<p>Websitesi <a href=\"https:\/\/www.drfatihirmak.com\"><strong>https:\/\/www.drfatihirmak.com<\/strong><\/a><\/p>\n<p>F.E.B.O.B.R.A.S. (Avrupa Kurulu Sertifikal\u0131)<\/p>\n<p>T\u00fcrk Kurulu Sertifikal\u0131<\/p>\n<p>Do\u011fum yeri Antalya, T\u00fcrkiye<\/p>\n<p>Yabanc\u0131 Diller \u0130ngilizce \/ Almanca<\/p>\n<p>E\u011e\u0130T\u0130M T\u0131p doktoru, 2007- \u0130stanbul \u00dcniversitesi, Cerrahpa\u015fa T\u0131p Fak\u00fcltesi, \u0130stanbul, T\u00fcrkiye<\/p>\n<p>Anadolu Y\u00fcksek Okulu-2001- Mersin T.S.O. Anadolu ve Lisesi<\/p>\n<p>DOKTORA SONRASI E\u011e\u0130T\u0130M Plastik, Rekonstr\u00fcktif ve Estetik Cerrahi: 2007-2013<\/p>\n<p>Sa\u011fl\u0131k Bilimleri \u00dcniversitesi,<\/p>\n<p>\u015ei\u015fli Etfal uygulama ve ara\u015ft\u0131rma hastanesi<\/p>\n<p>\u0130stanbul, T\u00fcrkiye<\/p>\n<p>PLAST\u0130K, REKONSTR\u00dcKT\u0130F VE ESTET\u0130K CERRAH\u0130 BURSU<\/p>\n<p>Pediatri Showa \u00dcniversitesi T\u0131p Fak\u00fcltesi<\/p>\n<p>Plastik, Rekonstr\u00fcktif ve Estetik Cerrahi Anabilim Dal\u0131<\/p>\n<p>Tokyo, Japonya, 2012<\/p>\n<p>Estetik Prof.Dr.Kotaro Yoshimura<\/p>\n<p>\u00d6zel Klinik<\/p>\n<p>Tokyo, Japonya, 2012<\/p>\n<p>Estetik Prof. Dr. Rod Rohrich, Dallas Plastik Cerrahi Enstit\u00fcs\u00fc<\/p>\n<p>Dallas, Teksas, Houstan, ABD, 2019<\/p>\n<p>SERT\u0130F\u0130KA\u00a0 \u00a0 \u00a0 \u00a0 Diplomat-T\u0131p Doktoru-2007<\/p>\n<p>Diplomat- Plastik, Rekonstr\u00fcktif ve Estetik Cerrahi, 2013<\/p>\n<p>Avrupa Plastik Cerrahi Kurulu 2014<\/p>\n<p>T\u00fcrk Plastik Cerrahi Kurulu 2014<\/p>\n<p>\u00dcYEL\u0130K ABD Rinoplasti Derne\u011fi<\/p>\n<p>Avrupa Rinoplasti Derne\u011fi<\/p>\n<p>T\u00fcrk Plastik, Rekonstr\u00fcktif ve Estetik Cerrahi Derne\u011fi<\/p>\n<p>Estetik ve Plastik Cerrahi Derne\u011fi<\/p>\n<p>Acil El Bak\u0131m\u0131 ve Mikrocerrahi Derne\u011fi<\/p>\n<p>AKADEM\u0130K RANDEVULAR<\/p>\n<p>Plastik, Rekonstr\u00fcktif ve Estetik Cerrahi Anabilim Dal\u0131, Sa\u011fl\u0131k Bilimleri \u00dcniversitesi, \u015ei\u015fli Etfal Uygulama ve Ara\u015ft\u0131rma Merkezi, 2016-2018<\/p>\n<p>Plastik Rekonstr\u00fcktif ve Estetik Cerrahi Profes\u00f6r, Sa\u011fl\u0131k Bilimleri \u00dcniversitesi, \u015ei\u015fli Etfal Uygulama ve Ara\u015ft\u0131rma Merkezi, 2019<\/p>\n<p>Sa\u011fl\u0131k Bilimleri \u00dcniversitesi, \u015ei\u015fli Etfal Uygulama ve Ara\u015ft\u0131rma Merkezi<\/p>\n<p>Mersin Devlet Hastanesi<\/p>\n<p>Plastik ve Rekonstr\u00fcktif Cerrahi- Hakem<\/p>\n<p>Estetik Plastik Cerrahi- Hakem<\/p>\n<p>T\u00fcrk Plastik Cerrahi Dergisi &#8211; Hakem, Ulusal Yay\u0131n Kurulu<\/p>\n<p>Kas-\u0130skelet Cerrahisi ve Ara\u015ft\u0131rmalar\u0131 Dergisi &#8211; Hakem<\/p>\n<p>YAYINLAR<\/p>\n<ol>\n<li>Irmak F, Yazar SK, Sirvan SS, Yazar M, Karsidag S. Eyer Burun Deformitesinin D\u00fczeltilmesi \u0130\u00e7in \u00c7at\u0131 \u015eeklindeki Kostokondral K\u0131k\u0131rdak Kullan\u0131m\u0131. Plast Reconstr Surg. 2018 Temmuz; 142 (1): 45-52.<\/li>\n<li>Irmak F, Serin M, Sirvan SS, Yazar SK, Kuran I, Sevim KZ, Karsidag S.Tip G\u00fc\u00e7lendirme Kanad\u0131: Burun Ucu Deste\u011fi ve Tan\u0131s\u0131n\u0131n Geli\u015ftirilmesi \u0130\u00e7in Orijinal Bir Teknik Ann Plast Surg. 2019; 82 (6): 604-608.<\/li>\n<li><strong>Irmak F<\/strong>, Kurt Yazar S, \u015eirvan SS, Serin M, \u00d6za\u011far\u0131 A, Karasoy Ye\u015filada A. <a href=\"https:\/\/www.ncbi.nlm.nih.gov\/pubmed\/29656662\" rel=\"nofollow noopener\" target=\"_blank\">Beneficial effects of Salvia miltiorrhiza in the healing of burn wounds: an experimental study in rats.<\/a> J Plast Surg Hand Surg. 2018 Aug;52(4):229-233.<\/li>\n<li>Irmak F, Ye\u015filada A&#8220; Sirvan SS, Sevim KZ. Fleks\u00f6r digitorum superficialis ve palmaris longus kas yoklu\u011funun kas ve hassas varyasyonlar\u0131n\u0131n yayg\u0131nl\u0131\u011f\u0131: bir pop\u00fclasyon \u00e7al\u0131\u015fmas\u0131. Med Bull \u015ei\u015fli Etfal Hosp. 2017; 51 (4): 303-8<\/li>\n<li>Irmak F, \u015eirvan SS, Yazar SK, Sevim KZ, Kar\u015f\u0131da\u011f El yan\u0131klar\u0131n\u0131n tedavisi. Turk J Plast Surg 2017; 25 (3): 132-6<\/li>\n<li>Irmak F, \u015eirvan SS, Serin M, Sevim KZ, Karasoy A, Yazar SK. Elin Skuam\u00f6z H\u00fccreli Karsinomu: Klinik Sunum, Cerrahi Tedavi, Sonu\u00e7 ve Sa\u011fkal\u0131m Oran\u0131: 129 Olgu Serisi. Turk J Dermatol 2019; 13: 30-4<\/li>\n<li>Irmak F, Karsidag S. Alt Ekstremite Nekrotizan Fasiitli Hastalarda Morbidite ve Mortalitenin \u00d6ng\u00f6r\u00fclmesi. Med Bull \u015ei\u015fli Etfal Hastanesi 2019; 53 (1): 27\u201332<\/li>\n<li>Irmak F, Bas S, Sizmaz M, Akbulut HA, Karsidag S. Bas\u0131n\u00e7 \u00dclserlerinin Y\u00f6netimi ve Tedavisi: Klinik Deneyim. Med Bull \u015ei\u015fli Etfal Hastanesi 2019; 53 (1): 37\u201341<\/li>\n<li>Irmak F, Sirvan SS, Sizmaz M, Yazar SK, Akcal A, Karsidag S. \u00dcst medial uyluk perforat\u00f6r flebi kullan\u0131larak fournier gangreni sonras\u0131nda perineoskrotal rekonstr\u00fcksiyon. Turk J Plast Surg 2019; 27: 127-31.<\/li>\n<li>Irmak F. Demir IA, Sirvan SS, Bas S, Karsidag S, Ozagari A. Amlodipin Nikotine Maruz Olan S\u0131\u00e7anlarda Deri Flebi Canl\u0131l\u0131\u011f\u0131n\u0131 Geli\u015ftirir. Turk J Plast Surg 2019; 27: 93-7.<\/li>\n<li>Irmak F, Ba\u015fdelio\u011flu K, \u015eirvan SS, Sevim KZ, Ye\u015filada AK. Elin iyi huylu yumu\u015fak doku t\u00fcm\u00f6rleri: 17 y\u0131ll\u0131k deneyimin geriye d\u00f6n\u00fck incelenmesi. El Microsurg 2018; 7: 88-92<\/li>\n<li>Irmak F, Sirvan SS, \u00d6ner C, Bas S, G\u00fcl Z, Karasoy A. Alt Dudak Skuam\u00f6z H\u00fccreli Karsinom Olgular\u0131nda Boyun Diseksiyonu Endikasyonlar\u0131: 96 Olgudaki Deneyimlerimiz. Clin. \u0130st. Euras. 2019; 30 (1): 64-68<\/li>\n<li>Irmak F, Yenidunya MO. \u0130nterpolasyon flepleri ve pedik\u00fcl ay\u0131rma s\u00fcresinin belirlenmesi. El Microsurg. 2019; 8 (2): 102-108<\/li>\n<li>Yesilada AK, Irmak F, Sevim KZ, Sakiz D. Alt ekstremitede geni\u015f lokal n\u00fcks ve transit metastazl\u0131 malign melanom olgusu. T\u00fcrk Plast Surg 2012; 20 (3): 39-42<\/li>\n<li>Ye\u015filada A, Sevim ZK, Irmak F, Sucu DO, Tatl\u0131dede HS. \u00c7ocuklarda orta falangeal distal kondiler k\u0131r\u0131k yeniden \u015fekillenmesi: Olgu sunumu. A\u00e7ta Chir Plast. 2012; 54 (1): 23-5.<\/li>\n<li>Ye\u015filada AK, Sevim KZ, Sirvan SS, Irmak F, Tatl\u0131dede HS. Diskoid lupus eritematozuslu bir hastada \u015fiddetli simetrik y\u00fcz lipoatrofisi. J Craniofac Surg. 2012 Eyl\u00fcl; 23 (5): e461-3.<\/li>\n<li>Yazar M, Sevim KZ, Irmak F, Yazar SK, Ye\u015filada AK, Kar\u015fida\u011f\u011f SH, Tatl\u0131dede HS. Kulak rekonstr\u00fcksiyonunda ve yeti\u015fkin kulak y\u00fczey alan\u0131 normlar\u0131nda y\u00fczey alan\u0131 \u00f6l\u00e7\u00fcmleri ile cilt kusurlar\u0131n\u0131 tahmin etme. J Craniofac Surg. 2013 Temmuz; 24 (4): 1206-9.<\/li>\n<li>Sevim KZ, Yazar M, Irmak F, Tekke\u015fin MS, Y\u0131ld\u0131z K, \u015eirvan SS. Kompozit kondrok\u00fctan greft tekni\u011fi ile uygulanan trombosit a\u00e7\u0131s\u0131ndan zengin plazma \u00e7\u00f6zeltisinin kullan\u0131m\u0131: tav\u015fan modelinde deneysel bir \u00e7al\u0131\u015fma. J Oral Maxillofac Surg. 2014 Temmuz; 72 (7): 1407-19.<\/li>\n<li>Yazar M, Yazar SK, Sevim KZ, Irmak F, Tekesin MS, Kozano\u011flu E, Karsidag S. Lipofilling kan\u00fcller nas\u0131l tasarlanm\u0131\u015f ve inand\u0131\u011f\u0131m\u0131z kadar g\u00fcvenli midir? Hint J Plast Surg. 2015 May\u0131s-A\u011fustos; 48 (2): 139-43. doi: 10.4103 \/ 0970-0358.163048<\/li>\n<li>Yazar SK, Serin M, Irmak F, Aksoy S. Doku geni\u015fleticilerle meme rekonstr\u00fcksiyonunda inferior dermal flep. BMJ Olgu Sunumlar\u0131<\/li>\n<li>Serin M, Alt\u0131nel D, Leblebici C, Biltekin B, \u00c7elikten M, Irmak F, Yazar SK. Ameliyat \u00f6ncesi deri alt\u0131 sildenafil enjeksiyonu s\u0131\u00e7anlarda rastgele flep sa\u011fkal\u0131m\u0131n\u0131 artt\u0131r\u0131r. A\u00e7ta Cir Bras. 2018 Mar; 33 (3): 216-222. doi: 10.1590 \/ s0102-8650201800300000<\/li>\n<li>Kurt Yazar S, Y\u00fcce E, Serin M, Yazar M, G\u00fcl Z, Irmak F, \u015eirvan SS. Depresyon Sonras\u0131 Trakeostomi Skarlar\u0131n\u0131n Y\u00f6netiminde Yeni Bir Teknik. Ann Plast Surg. 2018 Eyl\u00fcl; 81 (3): 311-315. doi: 10.1097 \/ SAP.0000000000001531.<\/li>\n<li>Kurt Yazar S, Serin M, Rakici Bili\u015fim, Sirvan SS, Irmak F, Yazar M. Piezo\u015firurji, perk\u00fctan osteotomi ve endonazal s\u00fcrekli osteotomi tekniklerinin bir caprine kafatas\u0131 modeli ile kar\u015f\u0131la\u015ft\u0131r\u0131lmas\u0131. J Plast Rekonstr\u00fcksiyon Estetik Surg. 2018 4 Eyl\u00fcl. Pii: S1748-6815 (18) 30318-8. doi: 10.1016 \/ j.bjps.2018.08.025<\/li>\n<li>Serin M, Alt\u0131nel D, Leblebici C, Biltekin B, H\u00fcseyinba\u015f O, Kurt Yazar S, Irmak F, S\u00f6nmez A, Bayrami\u00e7li M. J Plast Surg El Cerrah\u0131. 29 Ekim 2018: 1-8. doi: 10.1080 \/ 2000656X.2018.1531013.<\/li>\n<li>\u015eirvan SS, Sevim KZ, S\u00f6nmez MM, Demir IA, Da\u011fdelen D, Irmak F, Yazar SK, Kar\u015f\u0131da\u011f S. Pilon K\u0131r\u0131klar\u0131nda Ters Ak\u0131\u015fl\u0131 Sural Flep ile Yumu\u015fak Doku Rekonstr\u00fcksiyonu. \u015e.E.E.A.H. T\u0131p B\u00fclteni 2017; 51 (2): 102-8 DOI: 10.5350 \/ SEMB.20170328044424<\/li>\n<li>Sevim KZ, Karasoy A, Irmak F, K\u0131l\u0131n\u00e7 LT, Ye\u015filo\u011flu N. Jinekomasti&#8217;ye cerrahi yakla\u015f\u0131m\u0131m\u0131z ve tekniklerin kar\u015f\u0131la\u015ft\u0131r\u0131lmas\u0131. Med Bull \u015ei\u015fli Etfal Hosp. 2012; 46 (2): 72-78<\/li>\n<li>Sirvan SS, Eren HI, Yazar SK, Gunenc AC, Yesilada AK, Irmak F, Tuncel D. Primer K\u00f6kenli Malign Melanomlu Hastalara Yakla\u015f\u0131m. Med Bull \u015ei\u015fli Etfal Hosp. 2019; 53 (2): 125-131<\/li>\n<li>Yuce E, Sevim KZ, Kiyak MV, Y\u0131ld\u0131z K, Da\u011fdelen D, Irmak F, Karsidag S, K\u0131l\u0131\u00e7 U. N\u00f6trofil Elastaz \u0130nhibit\u00f6r\u00fc Deneysel De\u011fi\u015fen Yaralanmalarda Flep Sa\u011fkal\u0131m\u0131n\u0131 Art\u0131r\u0131r. EPUB Med Bull \u015ei\u015fli Etfal Hosp. 45077 | DOI: 14744 \/ SEMB.2018.45077<\/li>\n<li>G\u00fcnenc AC, Sevim KZ, Erta\u015f Y, Albayrak A, Irmak F. B\u00fcy\u00fck Lumbosakral Defektlerin Ters Ciro ile Kapat\u0131lmas\u0131 Latissimus Dorsi Kas Flebi ve Bilateral Fasciocutan Bipedik\u00fcl\u00fc Flep: Olgu Sunumu. EPUB Med Bull \u015ei\u015fli Etfal Hosp. 81542 | DOI: 14744 \/ SEMB.2018.81542<\/li>\n<li>Kurt Yazar S, Serin M, Diyarbak\u0131rl\u0131o\u011flu M, \u015eirvan SS, Irmak F, Yazar M. Estetik sonucun yuvarlak ve \u00fc\u00e7 kollu y\u0131ld\u0131z flep umbilikoplasti ile kar\u015f\u0131la\u015ft\u0131r\u0131lmas\u0131. J Plast Surg El Cerrah\u0131. 2019 A\u011fustos; 53 (4): 227-231.<\/li>\n<li>Sirvan SS, Demir IA, Irmak F, Kafi M, Budak K, Kar\u015f\u0131ya\u011f S.<br \/>Deri Kanserinde Geni\u015f Eksizyonel Biyopsi Ger\u00e7ek Sentinel Lenf Nodunu Bulmay\u0131 \u00d6nler mi? J Invest Surg. 2019 20 Mart: 1-7.<\/li>\n<li>Ba\u015f S, Ba\u015f V, Irmak F, Kar\u015f\u0131da\u011f SH. Tek tarafl\u0131 kraniyofasiyal mikrozomi ve lateral ankiloglossia ile konjenital lateral yar\u0131k damak. BMJ Davas\u0131 Temsilcisi 2019 Ocak 29; 12 (1): e226104.<\/li>\n<li>\u015eirvan SS, Demir IA, Irmak F, Sevim KZ, Da\u011fdelen D, Yazar SK, Kar\u015f\u0131ya\u015f S.<br \/>Hidradenit Suppurativa Eksizyonu Sonras\u0131 Aksiller Rekonstr\u00fcksiyon i\u00e7in Posterior Kol Perforat\u00f6r Flebi. Plast Surg (Oakv). 2019 A\u011fustos; 27 (3): 204-210.<\/li>\n<li>\u015eirvan SS, Akg\u00fcn Demir I, Irmak F, Da\u011fdelen D, Sevim KZ, \u00d6za\u011far\u0131 A, Karasoy Ye\u015filada A. Ezilme-avulsiyon yaralanma modelinde arteriyel veya ven greftleri kullan\u0131larak ven\u00f6z onar\u0131m sonu\u00e7lar\u0131n\u0131n kar\u015f\u0131la\u015ft\u0131r\u0131lmas\u0131. Turk J Med Sci. 2019 11 \u015eubat; 49 (1): 435-441.<\/li>\n<\/ol>\n<p>&nbsp;<\/p>\n<p><strong>INTERNATIONAL LECTURES<\/strong><\/p>\n<ol>\n<li><strong> Fatih Irmak<\/strong>, Tuncay Altu\u011f. Antioxidant Effects of Licopene. 5th International Medicine Students Scientific Research Congress. May 8-10 2003-Istanbul<\/li>\n<li>Kamuran Zeynep Sevim, Memet Yazar, <strong>Fatih Irmak<\/strong>, Merva Soluk Tekkesin, Kemalettin Y\u0131ld\u0131z, Selami Serhat \u015eirvan. Increasing the size of successful composite chondrocutaneous grafts by advanced preparation of the graft and the recipient bed with platelet-rich plasma solution: An experimental study. Euraps Research Council. May 22-23 2013-Antalya<\/li>\n<li><strong> Fatih Irmak<\/strong>, Memet Yazar, Selami Serhat \u015eirvan. Roof-Shaped Costochondral Crtilage Using in Saddle Nose Deformity. The Rhinoplasty Society Annual Meeting. April 27 2017-San Diego, CA, USA<\/li>\n<li><strong>Fatih Irmak<\/strong>, Ismail Kuran. Tip Re-Enforcement Flaps: An Original Technique for Improving Nasal Tip Support and Definition. The Rhinoplasty Society Annual Meeting. April 26, 2018- New York, NY, USA<\/li>\n<li><strong>Fatih Irmak<\/strong>. The Keystone, Scroll Complex and Interdomal Area of the Nose: Histologic and Anatomic Observations. The Rhinoplasty Society Annual Meeting. May 16, 2019- New Orleans, LA, USA<\/li>\n<\/ol>\n<p>[\/et_pb_text][\/et_pb_column][\/et_pb_row][\/et_pb_section]<\/p>\n","protected":false},"excerpt":{"rendered":"<p>\u00d6zge\u00e7mi\u015fProf. Dr. Fatih Irmak OF\u0130S ADRES\u0130 Te\u015fvikiye mahallesi, Hakk\u0131 Yeten Caddesi, A\u015f\u00e7\u0131o\u011flu Plaza, 2. Kat, Fulya, \u015ei\u015fli, \u0130stanbul, 34400 Telefon +905321648963 E-posta: dr.fatihirmak@gmail.com Websitesi https:\/\/www.drfatihirmak.com F.E.B.O.B.R.A.S. (Avrupa Kurulu Sertifikal\u0131) T\u00fcrk Kurulu Sertifikal\u0131 Do\u011fum yeri Antalya, T\u00fcrkiye Yabanc\u0131 Diller \u0130ngilizce \/ Almanca E\u011e\u0130T\u0130M T\u0131p doktoru, 2007- \u0130stanbul \u00dcniversitesi, Cerrahpa\u015fa T\u0131p Fak\u00fcltesi, \u0130stanbul, T\u00fcrkiye Anadolu Y\u00fcksek Okulu-2001- [&hellip;]<\/p>\n","protected":false},"author":1,"featured_media":0,"parent":2271,"menu_order":0,"comment_status":"closed","ping_status":"closed","template":"","meta":{"_et_pb_use_builder":"on","_et_pb_old_content":"","_et_gb_content_width":"","footnotes":""},"class_list":["post-2293","page","type-page","status-publish","hentry"],"_links":{"self":[{"href":"https:\/\/www.drfatihirmak.com\/fr\/wp-json\/wp\/v2\/pages\/2293","targetHints":{"allow":["GET"]}}],"collection":[{"href":"https:\/\/www.drfatihirmak.com\/fr\/wp-json\/wp\/v2\/pages"}],"about":[{"href":"https:\/\/www.drfatihirmak.com\/fr\/wp-json\/wp\/v2\/types\/page"}],"author":[{"embeddable":true,"href":"https:\/\/www.drfatihirmak.com\/fr\/wp-json\/wp\/v2\/users\/1"}],"replies":[{"embeddable":true,"href":"https:\/\/www.drfatihirmak.com\/fr\/wp-json\/wp\/v2\/comments?post=2293"}],"version-history":[{"count":1,"href":"https:\/\/www.drfatihirmak.com\/fr\/wp-json\/wp\/v2\/pages\/2293\/revisions"}],"predecessor-version":[{"id":4183,"href":"https:\/\/www.drfatihirmak.com\/fr\/wp-json\/wp\/v2\/pages\/2293\/revisions\/4183"}],"up":[{"embeddable":true,"href":"https:\/\/www.drfatihirmak.com\/fr\/wp-json\/wp\/v2\/pages\/2271"}],"wp:attachment":[{"href":"https:\/\/www.drfatihirmak.com\/fr\/wp-json\/wp\/v2\/media?parent=2293"}],"curies":[{"name":"wp","href":"https:\/\/api.w.org\/{rel}","templated":true}]}}