{"id":2262,"date":"2020-06-10T22:49:33","date_gmt":"2020-06-10T19:49:33","guid":{"rendered":"https:\/\/www.drfatihirmak.com\/erkekler-icin\/"},"modified":"2024-11-19T20:10:08","modified_gmt":"2024-11-19T17:10:08","slug":"pour-les-hommes","status":"publish","type":"page","link":"https:\/\/www.drfatihirmak.com\/fr\/erkekler-icin","title":{"rendered":"Pour les hommes"},"content":{"rendered":"<p>[et_pb_section fb_built=&#8221;1&#8243; _builder_version=&#8221;4.16&#8243; custom_padding=&#8221;1%||1%||true|false&#8221; global_colors_info=&#8221;{}&#8221; da_is_popup=&#8221;off&#8221; da_exit_intent=&#8221;off&#8221; da_has_close=&#8221;on&#8221; da_alt_close=&#8221;off&#8221; da_dark_close=&#8221;off&#8221; da_not_modal=&#8221;on&#8221; da_is_singular=&#8221;off&#8221; da_with_loader=&#8221;off&#8221; da_has_shadow=&#8221;on&#8221; da_disable_devices=&#8221;off|off|off&#8221;][et_pb_row column_structure=&#8221;1_2,1_2&#8243; use_custom_gutter=&#8221;on&#8221; gutter_width=&#8221;2&#8243; _builder_version=&#8221;4.16&#8243; width=&#8221;90%&#8221; max_width=&#8221;88%&#8221; custom_margin=&#8221;0px||0px||true|false&#8221; custom_padding=&#8221;0px||0px||false|false&#8221; global_colors_info=&#8221;{}&#8221;][et_pb_column type=&#8221;1_2&#8243; _builder_version=&#8221;4.16&#8243; background_enable_image=&#8221;off&#8221; background_size=&#8221;contain&#8221; custom_padding=&#8221;2%||2%||true|false&#8221; global_colors_info=&#8221;{}&#8221;][et_pb_text _builder_version=&#8221;4.16&#8243; _dynamic_attributes=&#8221;content&#8221; text_font=&#8221;|700|||||||&#8221; text_font_size=&#8221;35px&#8221; background_image=&#8221;https:\/\/drfatihirmak.com\/wp-content\/uploads\/2020\/02\/icon-bg.png&#8221; background_size=&#8221;contain&#8221; global_colors_info=&#8221;{}&#8221;]@ET-DC@eyJkeW5hbWljIjp0cnVlLCJjb250ZW50IjoicG9zdF90aXRsZSIsInNldHRpbmdzIjp7ImJlZm9yZSI6IiIsImFmdGVyIjoiIEVzdGV0aWsgQ2VycmFoaSJ9fQ==@[\/et_pb_text][\/et_pb_column][et_pb_column type=&#8221;1_2&#8243; _builder_version=&#8221;4.16&#8243; custom_padding=&#8221;2%||2%||true|false&#8221; global_colors_info=&#8221;{}&#8221;][\/et_pb_column][\/et_pb_row][\/et_pb_section][et_pb_section fb_built=&#8221;1&#8243; _builder_version=&#8221;4.16&#8243; custom_padding=&#8221;0px||0px||false|false&#8221; global_colors_info=&#8221;{}&#8221; da_is_popup=&#8221;off&#8221; da_exit_intent=&#8221;off&#8221; da_has_close=&#8221;on&#8221; da_alt_close=&#8221;off&#8221; da_dark_close=&#8221;off&#8221; da_not_modal=&#8221;on&#8221; da_is_singular=&#8221;off&#8221; da_with_loader=&#8221;off&#8221; da_has_shadow=&#8221;on&#8221; da_disable_devices=&#8221;off|off|off&#8221;][et_pb_row use_custom_gutter=&#8221;on&#8221; gutter_width=&#8221;2&#8243; _builder_version=&#8221;4.16&#8243; background_color=&#8221;#3a3839&#8243; width=&#8221;100%&#8221; max_width=&#8221;100%&#8221; custom_margin=&#8221;0px||0px||true|false&#8221; custom_padding=&#8221;0px||0px||true|false&#8221; global_colors_info=&#8221;{}&#8221;][et_pb_column type=&#8221;4_4&#8243; _builder_version=&#8221;4.16&#8243; background_enable_image=&#8221;off&#8221; background_size=&#8221;contain&#8221; custom_padding=&#8221;0%||0%||true|false&#8221; global_colors_info=&#8221;{}&#8221;][et_pb_image src=&#8221;@ET-DC@eyJkeW5hbWljIjp0cnVlLCJjb250ZW50IjoicG9zdF9mZWF0dXJlZF9pbWFnZSIsInNldHRpbmdzIjp7fX0=@&#8221; align=&#8221;center&#8221; force_fullwidth=&#8221;on&#8221; _builder_version=&#8221;4.16&#8243; _dynamic_attributes=&#8221;src&#8221; global_colors_info=&#8221;{}&#8221;][\/et_pb_image][\/et_pb_column][\/et_pb_row][\/et_pb_section][et_pb_section fb_built=&#8221;1&#8243; _builder_version=&#8221;4.16&#8243; custom_padding=&#8221;0px||0px||false|false&#8221; global_colors_info=&#8221;{}&#8221; da_is_popup=&#8221;off&#8221; da_exit_intent=&#8221;off&#8221; da_has_close=&#8221;on&#8221; da_alt_close=&#8221;off&#8221; da_dark_close=&#8221;off&#8221; da_not_modal=&#8221;on&#8221; da_is_singular=&#8221;off&#8221; da_with_loader=&#8221;off&#8221; da_has_shadow=&#8221;on&#8221; da_disable_devices=&#8221;off|off|off&#8221;][et_pb_row use_custom_gutter=&#8221;on&#8221; gutter_width=&#8221;2&#8243; _builder_version=&#8221;4.16&#8243; max_width=&#8221;80%&#8221; global_colors_info=&#8221;{}&#8221;][et_pb_column type=&#8221;4_4&#8243; _builder_version=&#8221;4.16&#8243; global_colors_info=&#8221;{}&#8221;][et_pb_text _builder_version=&#8221;4.16&#8243; text_font_size=&#8221;20px&#8221; header_font=&#8221;|600|||||||&#8221; header_text_align=&#8221;center&#8221; header_font_size=&#8221;38px&#8221; width_tablet=&#8221;100%&#8221; width_phone=&#8221;&#8221; width_last_edited=&#8221;on|desktop&#8221; module_alignment=&#8221;center&#8221; custom_padding=&#8221;2%||2%||true|false&#8221; global_colors_info=&#8221;{}&#8221;]Erkek ya da kad\u0131n olman\u0131za bak\u0131lmaks\u0131z\u0131n, hem cerrahi hem de cerrahi olmayan \u00e7\u00f6z\u00fcmlerin fiziksel ve psikolojik de\u011fi\u015fiklikleri daha iyi hale getirme g\u00fcc\u00fcn\u00fc biliyoruz.<\/p>\n<p>Erkekler i\u00e7in kozmetik tedaviler son y\u0131llarda % 160\u2019\u0131n \u00fczerinde artm\u0131\u015ft\u0131r. Erkekler, art\u0131k kad\u0131nlar\u0131n keyif ald\u0131\u011f\u0131 kadar erkek i\u00e7in geli\u015ftirilmi\u015f cerrahi olan yada olmayan t\u00fcm prosed\u00fcrlerin keyfini s\u00fcrmekteler.<\/p>\n<p>Bu edinimlerin\u00a0 hem erkekler hem de kad\u0131nlar i\u00e7in ge\u00e7erli olmas\u0131 gerekti\u011fine inan\u0131yoruz ve sonu\u00e7 olarak erkek kozmetik cerrahisindeki en g\u00fcncel tedavileri takip ediyoruz ve s\u00fcrekli bilgilerimizi tazeliyoruz. Art\u0131k erkekler her zamankinden daha fazla, modas\u0131 ge\u00e7mi\u015f stereotipleri g\u00f6rmezden gelmeyi se\u00e7tiler ve g\u00f6r\u00fcn\u00fcmlerinde olumlu bir de\u011fi\u015fiklik yapmak i\u00e7in h\u0131zl\u0131, g\u00fcvenli ve etkili cerrahi veya cerrahi olmayan \u00e7\u00f6z\u00fcmleri se\u00e7me konusunda g\u00fcven duyuyorlar.[\/et_pb_text][\/et_pb_column][\/et_pb_row][et_pb_row column_structure=&#8221;1_2,1_2&#8243; use_custom_gutter=&#8221;on&#8221; gutter_width=&#8221;1&#8243; make_equal=&#8221;on&#8221; _builder_version=&#8221;4.16&#8243; max_width=&#8221;80%&#8221; custom_margin=&#8221;0px||0px||true|false&#8221; global_colors_info=&#8221;{}&#8221;][et_pb_column type=&#8221;1_2&#8243; _builder_version=&#8221;4.16&#8243; custom_padding=&#8221;|||10px|false|false&#8221; border_width_left=&#8221;4px&#8221; border_color_left=&#8221;#210454&#8243; global_colors_info=&#8221;{}&#8221;][et_pb_text _builder_version=&#8221;4.16&#8243; text_font=&#8221;||||||||&#8221; header_2_font=&#8221;|600||on|||||&#8221; header_2_text_color=&#8221;#2a7cc8&#8243; global_colors_info=&#8221;{}&#8221;]<\/p>\n<h2>Meme K\u00fc\u00e7\u00fcltme (Jinekomasti)<\/h2>\n<p>[\/et_pb_text][et_pb_button button_url=&#8221;@ET-DC@eyJkeW5hbWljIjp0cnVlLCJjb250ZW50IjoicG9zdF9saW5rX3VybF9wYWdlIiwic2V0dGluZ3MiOnsicG9zdF9pZCI6IjIyNjAifX0=@&#8221; button_text=&#8221;TEDAV\u0130Y\u0130 KE\u015eFED\u0130N&#8221; button_alignment=&#8221;left&#8221; _builder_version=&#8221;4.19.4&#8243; _dynamic_attributes=&#8221;button_url&#8221; custom_button=&#8221;on&#8221; button_text_color=&#8221;#ffffff&#8221; button_bg_use_color_gradient=&#8221;on&#8221; button_bg_color_gradient_direction=&#8221;90deg&#8221; button_bg_color_gradient_stops=&#8221;#2a7cc8 0%|#210454 100%&#8221; button_bg_color_gradient_start=&#8221;#2a7cc8&#8243; button_bg_color_gradient_end=&#8221;#210454&#8243; button_border_width=&#8221;0px&#8221; button_border_radius=&#8221;0px&#8221; global_colors_info=&#8221;{}&#8221;][\/et_pb_button][\/et_pb_column][et_pb_column type=&#8221;1_2&#8243; _builder_version=&#8221;4.16&#8243; custom_padding=&#8221;|||10px|false|false&#8221; border_width_left=&#8221;4px&#8221; border_color_left=&#8221;#210454&#8243; global_colors_info=&#8221;{}&#8221;][et_pb_text _builder_version=&#8221;4.16&#8243; text_font=&#8221;||||||||&#8221; header_2_font=&#8221;|600||on|||||&#8221; header_2_text_color=&#8221;#2a7cc8&#8243; global_colors_info=&#8221;{}&#8221;]<\/p>\n<h2>Y\u00fcz germe<\/h2>\n<p>[\/et_pb_text][et_pb_button button_url=&#8221;@ET-DC@eyJkeW5hbWljIjp0cnVlLCJjb250ZW50IjoicG9zdF9saW5rX3VybF9wYWdlIiwic2V0dGluZ3MiOnsicG9zdF9pZCI6IjIyOTEifX0=@&#8221; button_text=&#8221;TEDAV\u0130Y\u0130 KE\u015eFED\u0130N&#8221; button_alignment=&#8221;left&#8221; _builder_version=&#8221;4.19.4&#8243; _dynamic_attributes=&#8221;button_url&#8221; custom_button=&#8221;on&#8221; button_text_color=&#8221;#ffffff&#8221; button_bg_use_color_gradient=&#8221;on&#8221; button_bg_color_gradient_direction=&#8221;90deg&#8221; button_bg_color_gradient_stops=&#8221;#2a7cc8 0%|#210454 100%&#8221; button_bg_color_gradient_start=&#8221;#2a7cc8&#8243; button_bg_color_gradient_end=&#8221;#210454&#8243; button_border_width=&#8221;0px&#8221; button_border_radius=&#8221;0px&#8221; global_colors_info=&#8221;{}&#8221;][\/et_pb_button][\/et_pb_column][\/et_pb_row][et_pb_row column_structure=&#8221;1_2,1_2&#8243; use_custom_gutter=&#8221;on&#8221; gutter_width=&#8221;1&#8243; make_equal=&#8221;on&#8221; _builder_version=&#8221;4.16&#8243; max_width=&#8221;80%&#8221; custom_margin=&#8221;0px||0px||true|false&#8221; global_colors_info=&#8221;{}&#8221;][et_pb_column type=&#8221;1_2&#8243; _builder_version=&#8221;4.16&#8243; custom_padding=&#8221;|||10px|false|false&#8221; border_width_left=&#8221;4px&#8221; border_color_left=&#8221;#210454&#8243; global_colors_info=&#8221;{}&#8221;][et_pb_text _builder_version=&#8221;4.16&#8243; text_font=&#8221;||||||||&#8221; header_2_font=&#8221;|600||on|||||&#8221; header_2_text_color=&#8221;#2a7cc8&#8243; global_colors_info=&#8221;{}&#8221;]<\/p>\n<h2>Sa\u00e7 Ekimi<\/h2>\n<p>[\/et_pb_text][et_pb_button button_url=&#8221;https:\/\/drfatihirmak.com\/for-men\/hair-transplant&#8221; button_text=&#8221;TEDAV\u0130Y\u0130 KE\u015eFED\u0130N&#8221; button_alignment=&#8221;left&#8221; _builder_version=&#8221;4.16&#8243; custom_button=&#8221;on&#8221; button_text_color=&#8221;#ffffff&#8221; button_bg_use_color_gradient=&#8221;on&#8221; button_bg_color_gradient_direction=&#8221;90deg&#8221; button_bg_color_gradient_stops=&#8221;#2a7cc8 0%|#210454 100%&#8221; button_bg_color_gradient_start=&#8221;#2a7cc8&#8243; button_bg_color_gradient_end=&#8221;#210454&#8243; button_border_width=&#8221;0px&#8221; button_border_radius=&#8221;0px&#8221; global_colors_info=&#8221;{}&#8221;][\/et_pb_button][\/et_pb_column][et_pb_column type=&#8221;1_2&#8243; _builder_version=&#8221;4.16&#8243; custom_padding=&#8221;|||10px|false|false&#8221; border_width_left=&#8221;4px&#8221; border_color_left=&#8221;#210454&#8243; global_colors_info=&#8221;{}&#8221;][et_pb_text _builder_version=&#8221;4.16&#8243; text_font=&#8221;||||||||&#8221; header_2_font=&#8221;|600||on|||||&#8221; header_2_text_color=&#8221;#2a7cc8&#8243; global_colors_info=&#8221;{}&#8221;]<\/p>\n<h2>Erkekler i\u00e7in Liposuction<\/h2>\n<p>[\/et_pb_text][et_pb_button button_url=&#8221;@ET-DC@eyJkeW5hbWljIjp0cnVlLCJjb250ZW50IjoicG9zdF9saW5rX3VybF9wYWdlIiwic2V0dGluZ3MiOnsicG9zdF9pZCI6IjIyNTYifX0=@&#8221; button_text=&#8221;TEDAV\u0130Y\u0130 KE\u015eFED\u0130N&#8221; button_alignment=&#8221;left&#8221; _builder_version=&#8221;4.19.4&#8243; _dynamic_attributes=&#8221;button_url&#8221; custom_button=&#8221;on&#8221; button_text_color=&#8221;#ffffff&#8221; button_bg_use_color_gradient=&#8221;on&#8221; button_bg_color_gradient_direction=&#8221;90deg&#8221; button_bg_color_gradient_stops=&#8221;#2a7cc8 0%|#210454 100%&#8221; button_bg_color_gradient_start=&#8221;#2a7cc8&#8243; button_bg_color_gradient_end=&#8221;#210454&#8243; button_border_width=&#8221;0px&#8221; button_border_radius=&#8221;0px&#8221; global_colors_info=&#8221;{}&#8221;][\/et_pb_button][\/et_pb_column][\/et_pb_row][\/et_pb_section]<\/p>\n","protected":false},"excerpt":{"rendered":"<p>Erkek ya da kad\u0131n olman\u0131za bak\u0131lmaks\u0131z\u0131n, hem cerrahi hem de cerrahi olmayan \u00e7\u00f6z\u00fcmlerin fiziksel ve psikolojik de\u011fi\u015fiklikleri daha iyi hale getirme g\u00fcc\u00fcn\u00fc biliyoruz. Erkekler i\u00e7in kozmetik tedaviler son y\u0131llarda % 160\u2019\u0131n \u00fczerinde artm\u0131\u015ft\u0131r. Erkekler, art\u0131k kad\u0131nlar\u0131n keyif ald\u0131\u011f\u0131 kadar erkek i\u00e7in geli\u015ftirilmi\u015f cerrahi olan yada olmayan t\u00fcm prosed\u00fcrlerin keyfini s\u00fcrmekteler. Bu edinimlerin\u00a0 hem erkekler hem [&hellip;]<\/p>\n","protected":false},"author":1,"featured_media":2809,"parent":0,"menu_order":6,"comment_status":"closed","ping_status":"closed","template":"","meta":{"_et_pb_use_builder":"on","_et_pb_old_content":"","_et_gb_content_width":"","footnotes":""},"class_list":["post-2262","page","type-page","status-publish","has-post-thumbnail","hentry"],"_links":{"self":[{"href":"https:\/\/www.drfatihirmak.com\/fr\/wp-json\/wp\/v2\/pages\/2262","targetHints":{"allow":["GET"]}}],"collection":[{"href":"https:\/\/www.drfatihirmak.com\/fr\/wp-json\/wp\/v2\/pages"}],"about":[{"href":"https:\/\/www.drfatihirmak.com\/fr\/wp-json\/wp\/v2\/types\/page"}],"author":[{"embeddable":true,"href":"https:\/\/www.drfatihirmak.com\/fr\/wp-json\/wp\/v2\/users\/1"}],"replies":[{"embeddable":true,"href":"https:\/\/www.drfatihirmak.com\/fr\/wp-json\/wp\/v2\/comments?post=2262"}],"version-history":[{"count":1,"href":"https:\/\/www.drfatihirmak.com\/fr\/wp-json\/wp\/v2\/pages\/2262\/revisions"}],"predecessor-version":[{"id":4038,"href":"https:\/\/www.drfatihirmak.com\/fr\/wp-json\/wp\/v2\/pages\/2262\/revisions\/4038"}],"wp:featuredmedia":[{"embeddable":true,"href":"https:\/\/www.drfatihirmak.com\/fr\/wp-json\/wp\/v2\/media\/2809"}],"wp:attachment":[{"href":"https:\/\/www.drfatihirmak.com\/fr\/wp-json\/wp\/v2\/media?parent=2262"}],"curies":[{"name":"wp","href":"https:\/\/api.w.org\/{rel}","templated":true}]}}