{"id":2256,"date":"2020-06-10T21:50:53","date_gmt":"2020-06-10T18:50:53","guid":{"rendered":"https:\/\/www.drfatihirmak.com\/erkekler-icin-liposuction\/"},"modified":"2024-11-19T20:15:49","modified_gmt":"2024-11-19T17:15:49","slug":"liposuccion-pour-hommes","status":"publish","type":"page","link":"https:\/\/www.drfatihirmak.com\/fr\/erkekler-icin\/erkekler-icin-liposuction","title":{"rendered":"Liposuccion pour les hommes"},"content":{"rendered":"<p>[et_pb_section fb_built=&#8221;1&#8243; _builder_version=&#8221;4.16&#8243; custom_padding=&#8221;1%||1%||true|false&#8221; global_colors_info=&#8221;{}&#8221; da_is_popup=&#8221;off&#8221; da_exit_intent=&#8221;off&#8221; da_has_close=&#8221;on&#8221; da_alt_close=&#8221;off&#8221; da_dark_close=&#8221;off&#8221; da_not_modal=&#8221;on&#8221; da_is_singular=&#8221;off&#8221; da_with_loader=&#8221;off&#8221; da_has_shadow=&#8221;on&#8221; da_disable_devices=&#8221;off|off|off&#8221;][et_pb_row column_structure=&#8221;2_5,3_5&#8243; use_custom_gutter=&#8221;on&#8221; gutter_width=&#8221;2&#8243; _builder_version=&#8221;4.16&#8243; width=&#8221;90%&#8221; max_width=&#8221;88%&#8221; custom_margin=&#8221;0px||0px||true|false&#8221; custom_padding=&#8221;0px||0px||false|false&#8221; global_colors_info=&#8221;{}&#8221;][et_pb_column type=&#8221;2_5&#8243; _builder_version=&#8221;4.16&#8243; background_enable_image=&#8221;off&#8221; background_size=&#8221;contain&#8221; custom_padding=&#8221;2%||2%||true|false&#8221; global_colors_info=&#8221;{}&#8221;][et_pb_text _builder_version=&#8221;4.16&#8243; _dynamic_attributes=&#8221;content&#8221; text_font=&#8221;|700|||||||&#8221; text_font_size=&#8221;35px&#8221; text_line_height=&#8221;0.8em&#8221; background_image=&#8221;https:\/\/drfatihirmak.com\/wp-content\/uploads\/2020\/02\/icon-bg.png&#8221; background_size=&#8221;contain&#8221; global_colors_info=&#8221;{}&#8221;]@ET-DC@eyJkeW5hbWljIjp0cnVlLCJjb250ZW50IjoicG9zdF90aXRsZSIsInNldHRpbmdzIjp7ImJlZm9yZSI6IiIsImFmdGVyIjoiIn19@[\/et_pb_text][\/et_pb_column][et_pb_column type=&#8221;3_5&#8243; _builder_version=&#8221;4.16&#8243; custom_padding=&#8221;2%||2%||true|false&#8221; global_colors_info=&#8221;{}&#8221;][\/et_pb_column][\/et_pb_row][\/et_pb_section][et_pb_section fb_built=&#8221;1&#8243; _builder_version=&#8221;4.16&#8243; custom_padding=&#8221;0px||0px||false|false&#8221; global_colors_info=&#8221;{}&#8221; da_is_popup=&#8221;off&#8221; da_exit_intent=&#8221;off&#8221; da_has_close=&#8221;on&#8221; da_alt_close=&#8221;off&#8221; da_dark_close=&#8221;off&#8221; da_not_modal=&#8221;on&#8221; da_is_singular=&#8221;off&#8221; da_with_loader=&#8221;off&#8221; da_has_shadow=&#8221;on&#8221; da_disable_devices=&#8221;off|off|off&#8221;][et_pb_row use_custom_gutter=&#8221;on&#8221; gutter_width=&#8221;2&#8243; _builder_version=&#8221;4.16&#8243; background_color=&#8221;#3a3839&#8243; width=&#8221;100%&#8221; max_width=&#8221;100%&#8221; custom_margin=&#8221;0px||0px||true|false&#8221; custom_padding=&#8221;0px||0px||true|false&#8221; global_colors_info=&#8221;{}&#8221;][et_pb_column type=&#8221;4_4&#8243; _builder_version=&#8221;4.16&#8243; background_enable_image=&#8221;off&#8221; background_size=&#8221;contain&#8221; custom_padding=&#8221;0%||0%||true|false&#8221; global_colors_info=&#8221;{}&#8221;][et_pb_image src=&#8221;@ET-DC@eyJkeW5hbWljIjp0cnVlLCJjb250ZW50IjoicG9zdF9mZWF0dXJlZF9pbWFnZSIsInNldHRpbmdzIjp7fX0=@&#8221; align=&#8221;center&#8221; force_fullwidth=&#8221;on&#8221; _builder_version=&#8221;4.16&#8243; _dynamic_attributes=&#8221;src&#8221; global_colors_info=&#8221;{}&#8221;][\/et_pb_image][\/et_pb_column][\/et_pb_row][\/et_pb_section][et_pb_section fb_built=&#8221;1&#8243; _builder_version=&#8221;4.16&#8243; custom_margin=&#8221;||40px||false|false&#8221; custom_padding=&#8221;0px||0px||false|false&#8221; global_colors_info=&#8221;{}&#8221; da_is_popup=&#8221;off&#8221; da_exit_intent=&#8221;off&#8221; da_has_close=&#8221;on&#8221; da_alt_close=&#8221;off&#8221; da_dark_close=&#8221;off&#8221; da_not_modal=&#8221;on&#8221; da_is_singular=&#8221;off&#8221; da_with_loader=&#8221;off&#8221; da_has_shadow=&#8221;on&#8221; da_disable_devices=&#8221;off|off|off&#8221;][et_pb_row column_structure=&#8221;1_3,1_3,1_3&#8243; use_custom_gutter=&#8221;on&#8221; gutter_width=&#8221;1&#8243; _builder_version=&#8221;4.16&#8243; width=&#8221;100%&#8221; max_width=&#8221;100%&#8221; module_alignment=&#8221;center&#8221; global_colors_info=&#8221;{}&#8221;][et_pb_column type=&#8221;1_3&#8243; _builder_version=&#8221;4.16&#8243; global_colors_info=&#8221;{}&#8221;][et_pb_button button_url=&#8221;#procedure&#8221; button_text=&#8221;\u0130\u015eLEMLER&#8221; button_alignment=&#8221;center&#8221; _builder_version=&#8221;4.16&#8243; custom_button=&#8221;on&#8221; button_text_size=&#8221;16px&#8221; button_text_color=&#8221;#210454&#8243; button_border_width=&#8221;0px&#8221; button_letter_spacing=&#8221;0px&#8221; button_font=&#8221;|600|||||||&#8221; button_use_icon=&#8221;off&#8221; global_colors_info=&#8221;{}&#8221;][\/et_pb_button][\/et_pb_column][et_pb_column type=&#8221;1_3&#8243; _builder_version=&#8221;4.16&#8243; global_colors_info=&#8221;{}&#8221;][et_pb_button button_url=&#8221;#whocan&#8221; button_text=&#8221;FAYDASI NED\u0130R ?&#8221; button_alignment=&#8221;center&#8221; _builder_version=&#8221;4.16&#8243; custom_button=&#8221;on&#8221; button_text_size=&#8221;16px&#8221; button_text_color=&#8221;#210454&#8243; button_border_width=&#8221;0px&#8221; button_letter_spacing=&#8221;0px&#8221; button_font=&#8221;|600|||||||&#8221; button_use_icon=&#8221;off&#8221; global_colors_info=&#8221;{}&#8221;][\/et_pb_button][\/et_pb_column][et_pb_column type=&#8221;1_3&#8243; _builder_version=&#8221;4.16&#8243; global_colors_info=&#8221;{}&#8221;][et_pb_button button_url=&#8221;#international&#8221; button_text=&#8221;ULUSLARARASI HASTALAR \u0130\u00c7\u0130N&#8221; button_alignment=&#8221;center&#8221; _builder_version=&#8221;4.16&#8243; custom_button=&#8221;on&#8221; button_text_size=&#8221;16px&#8221; button_text_color=&#8221;#210454&#8243; button_border_width=&#8221;0px&#8221; button_letter_spacing=&#8221;0px&#8221; button_font=&#8221;|600|||||||&#8221; button_use_icon=&#8221;off&#8221; global_colors_info=&#8221;{}&#8221;][\/et_pb_button][\/et_pb_column][\/et_pb_row][et_pb_row use_custom_gutter=&#8221;on&#8221; gutter_width=&#8221;2&#8243; module_id=&#8221;procedure&#8221; _builder_version=&#8221;4.16&#8243; max_width=&#8221;80%&#8221; border_width_top=&#8221;4px&#8221; border_color_top=&#8221;#210454&#8243; border_style_top=&#8221;double&#8221; global_colors_info=&#8221;{}&#8221;][et_pb_column type=&#8221;4_4&#8243; _builder_version=&#8221;4.16&#8243; global_colors_info=&#8221;{}&#8221;][et_pb_text _builder_version=&#8221;4.16&#8243; text_font_size=&#8221;18px&#8221; header_2_font=&#8221;|600|||||||&#8221; header_2_text_color=&#8221;#2a7cc8&#8243; header_2_line_height=&#8221;1.7em&#8221; locked=&#8221;off&#8221; global_colors_info=&#8221;{}&#8221;]Liposuction, v\u00fccudun belirli b\u00f6lgelerinden, sa\u011fl\u0131kl\u0131 bir diyete veya egzersize yan\u0131t vermeyen\u00a0 ve istenmeyen inat\u00e7\u0131 ya\u011f b\u00f6lgelerinin \u00e7\u0131kar\u0131lmas\u0131n\u0131 i\u00e7erir.<\/p>\n<p>Liposuction\u00a0 kilo verme prosed\u00fcr\u00fc de\u011filir .Hedef a\u011f\u0131rl\u0131\u011f\u0131na yak\u0131n veya yakla\u015fm\u0131\u015f olan olan ancak diyet ve egzersiz ile sonu\u00e7 al\u0131namayan\u00a0 ya\u011f birikintileri olan erkekler ve kad\u0131nlar i\u00e7in en uygun i\u015flemdir .<\/p>\n<p>Liposuction \u00f6zellikle\u00a0 kal\u00e7alar, uyluklar, kar\u0131n, \u00e7ene, \u00fcst kollar, g\u00f6\u011f\u00fcsler ve dizler gibi alanlarda etkilidir. Geleneksel liposuction, Body Jet liposuction ve lazer liposuction gibi : hepsi hem erkekler hem de kad\u0131nlar i\u00e7in uygun olan en etkili liposuction tekniklerini sunuyoruz.[\/et_pb_text][\/et_pb_column][\/et_pb_row][\/et_pb_section][et_pb_section fb_built=&#8221;1&#8243; _builder_version=&#8221;4.16&#8243; use_background_color_gradient=&#8221;on&#8221; background_color_gradient_direction=&#8221;90deg&#8221; background_color_gradient_stops=&#8221;#2a7cc8 0%|#210454 100%&#8221; background_color_gradient_start=&#8221;#2a7cc8&#8243; background_color_gradient_end=&#8221;#210454&#8243; locked=&#8221;off&#8221; global_colors_info=&#8221;{}&#8221; da_is_popup=&#8221;off&#8221; da_exit_intent=&#8221;off&#8221; da_has_close=&#8221;on&#8221; da_alt_close=&#8221;off&#8221; da_dark_close=&#8221;off&#8221; da_not_modal=&#8221;on&#8221; da_is_singular=&#8221;off&#8221; da_with_loader=&#8221;off&#8221; da_has_shadow=&#8221;on&#8221; da_disable_devices=&#8221;off|off|off&#8221;][et_pb_row column_structure=&#8221;1_3,1_3,1_3&#8243; _builder_version=&#8221;4.16&#8243; max_width=&#8221;80%&#8221; global_colors_info=&#8221;{}&#8221;][et_pb_column type=&#8221;1_3&#8243; _builder_version=&#8221;4.16&#8243; global_colors_info=&#8221;{}&#8221;][divienhancer_image_comparison before_upload=&#8221;https:\/\/drfatihirmak.com\/wp-content\/uploads\/2020\/04\/1-before-liposuction-for-men.jpg&#8221; before_text=&#8221;\u00d6ncesi&#8221; after_upload=&#8221;https:\/\/drfatihirmak.com\/wp-content\/uploads\/2020\/04\/1-after-liposuction-for-men.jpg&#8221; after_text=&#8221;Sonras\u0131&#8221; _builder_version=&#8221;4.16&#8243; background_color=&#8221;#88959e&#8221; custom_padding=&#8221;||||true|false&#8221; global_colors_info=&#8221;{}&#8221;][\/divienhancer_image_comparison][\/et_pb_column][et_pb_column type=&#8221;1_3&#8243; _builder_version=&#8221;4.16&#8243; global_colors_info=&#8221;{}&#8221;][divienhancer_image_comparison before_upload=&#8221;https:\/\/drfatihirmak.com\/wp-content\/uploads\/2020\/04\/2-before-liposuction-for-men.jpg&#8221; before_text=&#8221;\u00d6ncesi&#8221; after_upload=&#8221;https:\/\/drfatihirmak.com\/wp-content\/uploads\/2020\/04\/2-after-liposuction-for-men.jpg&#8221; after_text=&#8221;Sonras\u0131&#8221; _builder_version=&#8221;4.16&#8243; background_color=&#8221;#88959e&#8221; custom_padding=&#8221;||||true|false&#8221; global_colors_info=&#8221;{}&#8221;][\/divienhancer_image_comparison][\/et_pb_column][et_pb_column type=&#8221;1_3&#8243; _builder_version=&#8221;4.16&#8243; global_colors_info=&#8221;{}&#8221;][divienhancer_image_comparison before_upload=&#8221;https:\/\/drfatihirmak.com\/wp-content\/uploads\/2022\/08\/IMG-5819-480&#215;480.jpg&#8221; before_text=&#8221;\u00d6ncesi&#8221; after_upload=&#8221;https:\/\/drfatihirmak.com\/wp-content\/uploads\/2022\/08\/IMG-5820-480&#215;480.jpg&#8221; after_text=&#8221;Sonras\u0131&#8221; _builder_version=&#8221;4.17.6&#8243; background_color=&#8221;#88959e&#8221; custom_padding=&#8221;||||true|false&#8221; global_colors_info=&#8221;{}&#8221;][\/divienhancer_image_comparison][\/et_pb_column][\/et_pb_row][\/et_pb_section][et_pb_section fb_built=&#8221;1&#8243; _builder_version=&#8221;4.16&#8243; custom_padding=&#8221;||0px|||&#8221; global_colors_info=&#8221;{}&#8221; da_is_popup=&#8221;off&#8221; da_exit_intent=&#8221;off&#8221; da_has_close=&#8221;on&#8221; da_alt_close=&#8221;off&#8221; da_dark_close=&#8221;off&#8221; da_not_modal=&#8221;on&#8221; da_is_singular=&#8221;off&#8221; da_with_loader=&#8221;off&#8221; da_has_shadow=&#8221;on&#8221; da_disable_devices=&#8221;off|off|off&#8221;][et_pb_row use_custom_gutter=&#8221;on&#8221; gutter_width=&#8221;2&#8243; module_id=&#8221;whocan&#8221; _builder_version=&#8221;4.16&#8243; max_width=&#8221;80%&#8221; border_color_top=&#8221;#210454&#8243; border_style_top=&#8221;double&#8221; global_colors_info=&#8221;{}&#8221;][et_pb_column type=&#8221;4_4&#8243; _builder_version=&#8221;4.16&#8243; global_colors_info=&#8221;{}&#8221;][et_pb_text _builder_version=&#8221;4.19.4&#8243; text_font_size=&#8221;18px&#8221; header_2_font=&#8221;|600|||||||&#8221; header_2_text_color=&#8221;#2a7cc8&#8243; header_2_line_height=&#8221;1.7em&#8221; locked=&#8221;off&#8221; global_colors_info=&#8221;{}&#8221;]<\/p>\n<h2>Liposuction&#8217;\u0131n faydas\u0131 nedir?<\/h2>\n<p>Hem erkek hem de kad\u0131n bir\u00e7ok insan i\u00e7in beden ve \u015fekil olarak v\u00fccutlar\u0131\u00a0 sa\u011fl\u0131kl\u0131 bir diyete veya egzersize cevap vermiyorsa , bu mutsuzluk ve \u00f6zg\u00fcven eksikli\u011fine neden olabilir.<\/p>\n<p><span style=\"font-size: 18px;\">Liposuction, bu de\u011fi\u015fiklikleri ba\u015farmak i\u00e7in k\u0131sa ve olduk\u00e7a etkili bir prosed\u00fcrd\u00fcr ve hem fiziksel hem de psikolojik iyi hissettirir.. <\/span><\/p>\n<h2>Farkl\u0131 Liposuction Prosed\u00fcrleri<\/h2>\n<p><strong>Geleneksel<\/strong>: V\u00fccudunuzun t\u00fcp\u00fcn yerle\u015ftirilece\u011fi b\u00f6lgesini uyu\u015fturmak i\u00e7in lokal bir anestezi kullan\u0131l\u0131r. Daha sonra, prosed\u00fcr ba\u015flat\u0131lmadan \u00f6nce ya\u011f dokusuna lidokain ve epinefrin i\u00e7eren b\u00fcy\u00fck miktarda anestezik sol\u00fcsyon enjekte edilir.<\/p>\n<p><strong>Mikroliposuction<\/strong>: Geleneksel liposuction, k\u00fc\u00e7\u00fck ya\u011f ceplerini \u00e7\u0131karmak i\u00e7in kullan\u0131l\u0131r, ancak genel yerine lokal anestezi alt\u0131nda uygulan\u0131r. Bu, hastan\u0131n\u00a0 k\u0131sa s\u00fcre bilin\u00e7 kayb\u0131na u\u011framas\u0131\u00a0 ve m\u00fcmk\u00fcn olan en k\u0131sa s\u00fcrede normale d\u00f6nmesini sa\u011flamak i\u00e7in h\u0131zl\u0131 ve etkili bir y\u00f6ntemdir. Bu y\u00f6ntem \u00e7ene, koltuk alt\u0131 ve \u00e7ene \u00e7izgisi gibi alanlarda iyi \u00e7al\u0131\u015f\u0131r.<\/p>\n<p><strong>Smartlipomx veya Lazer Destekli Liposuction<\/strong>: Bu teknik, ya\u011f\u0131n bir lazerle s\u0131v\u0131la\u015ft\u0131r\u0131lmas\u0131 ve\u00a0 bir kan\u00fcl ile \u00e7\u0131kar\u0131lmas\u0131d\u0131r. S\u0131v\u0131la\u015ft\u0131rman\u0131n yan\u0131nda\u00a0 lazer ayr\u0131ca cildi p\u00fcr\u00fczs\u00fczle\u015ftirir , s\u0131k\u0131la\u015ft\u0131r\u0131r ve kan damarlar\u0131n\u0131 kapatarak \u015fi\u015fmeyi, kanamay\u0131 ve morarmay\u0131 azalt\u0131r.<\/p>\n<p><strong>Erkeklere uygulanan liposuction kad\u0131nlar\u0131nkinden nas\u0131l farkl\u0131d\u0131r?<\/strong><\/p>\n<p>Erkeklerdeki ya\u011f depolanmas\u0131 kad\u0131nlar\u0131nkinden olduk\u00e7a farkl\u0131d\u0131r.<\/p>\n<p>Ku\u015fkusuz\u00a0 genel olarak\u00a0 yeti\u015fkin bir erke\u011fin sahip oldu\u011fu ya\u011f h\u00fccre say\u0131s\u0131 ve da\u011f\u0131l\u0131m\u0131 belli bir seviyededir ve \u00e7ok az de\u011fi\u015fiklik g\u00f6sterir.<\/p>\n<p>Bu nedenle, ya\u011f h\u00fccrelerinin \u00e7\u0131kar\u0131lmas\u0131 o b\u00f6lgedeki konturu iyi bir \u015fekilde de\u011fi\u015ftirir ve \u00fcstteki cilt buna g\u00f6re k\u00fc\u00e7\u00fcl\u00fcr.<\/p>\n<p>Tedavi Alanlar\u0131:<\/p>\n<ul>\n<li>Kar\u0131n-Mide<\/li>\n<li>G\u0131d\u0131\u00a0 ve boyun<\/li>\n<li>Jinekomasti<\/li>\n<li>\u0130\u00e7 uyluk<\/li>\n<\/ul>\n<p>[\/et_pb_text][\/et_pb_column][\/et_pb_row][\/et_pb_section]<\/p>\n","protected":false},"excerpt":{"rendered":"<p>Liposuction, v\u00fccudun belirli b\u00f6lgelerinden, sa\u011fl\u0131kl\u0131 bir diyete veya egzersize yan\u0131t vermeyen\u00a0 ve istenmeyen inat\u00e7\u0131 ya\u011f b\u00f6lgelerinin \u00e7\u0131kar\u0131lmas\u0131n\u0131 i\u00e7erir. Liposuction\u00a0 kilo verme prosed\u00fcr\u00fc de\u011filir .Hedef a\u011f\u0131rl\u0131\u011f\u0131na yak\u0131n veya yakla\u015fm\u0131\u015f olan olan ancak diyet ve egzersiz ile sonu\u00e7 al\u0131namayan\u00a0 ya\u011f birikintileri olan erkekler ve kad\u0131nlar i\u00e7in en uygun i\u015flemdir . Liposuction \u00f6zellikle\u00a0 kal\u00e7alar, uyluklar, kar\u0131n, \u00e7ene, \u00fcst [&hellip;]<\/p>\n","protected":false},"author":1,"featured_media":2880,"parent":2262,"menu_order":0,"comment_status":"closed","ping_status":"closed","template":"","meta":{"_et_pb_use_builder":"on","_et_pb_old_content":"","_et_gb_content_width":"","footnotes":""},"class_list":["post-2256","page","type-page","status-publish","has-post-thumbnail","hentry"],"_links":{"self":[{"href":"https:\/\/www.drfatihirmak.com\/fr\/wp-json\/wp\/v2\/pages\/2256","targetHints":{"allow":["GET"]}}],"collection":[{"href":"https:\/\/www.drfatihirmak.com\/fr\/wp-json\/wp\/v2\/pages"}],"about":[{"href":"https:\/\/www.drfatihirmak.com\/fr\/wp-json\/wp\/v2\/types\/page"}],"author":[{"embeddable":true,"href":"https:\/\/www.drfatihirmak.com\/fr\/wp-json\/wp\/v2\/users\/1"}],"replies":[{"embeddable":true,"href":"https:\/\/www.drfatihirmak.com\/fr\/wp-json\/wp\/v2\/comments?post=2256"}],"version-history":[{"count":1,"href":"https:\/\/www.drfatihirmak.com\/fr\/wp-json\/wp\/v2\/pages\/2256\/revisions"}],"predecessor-version":[{"id":4074,"href":"https:\/\/www.drfatihirmak.com\/fr\/wp-json\/wp\/v2\/pages\/2256\/revisions\/4074"}],"up":[{"embeddable":true,"href":"https:\/\/www.drfatihirmak.com\/fr\/wp-json\/wp\/v2\/pages\/2262"}],"wp:featuredmedia":[{"embeddable":true,"href":"https:\/\/www.drfatihirmak.com\/fr\/wp-json\/wp\/v2\/media\/2880"}],"wp:attachment":[{"href":"https:\/\/www.drfatihirmak.com\/fr\/wp-json\/wp\/v2\/media?parent=2256"}],"curies":[{"name":"wp","href":"https:\/\/api.w.org\/{rel}","templated":true}]}}