{"id":2234,"date":"2020-06-10T12:38:09","date_gmt":"2020-06-10T09:38:09","guid":{"rendered":"https:\/\/www.drfatihirmak.com\/meme\/meme-rekonstruksiyonu\/"},"modified":"2024-11-19T20:13:55","modified_gmt":"2024-11-19T17:13:55","slug":"reconstructio-mammaire","status":"publish","type":"page","link":"https:\/\/www.drfatihirmak.com\/fr\/meme\/meme-rekonstruksiyonu","title":{"rendered":"Reconstruction mammaire"},"content":{"rendered":"<p>[et_pb_section fb_built=&#8221;1&#8243; _builder_version=&#8221;4.16&#8243; custom_padding=&#8221;1%||1%||true|false&#8221; global_colors_info=&#8221;{}&#8221; da_is_popup=&#8221;off&#8221; da_exit_intent=&#8221;off&#8221; da_has_close=&#8221;on&#8221; da_alt_close=&#8221;off&#8221; da_dark_close=&#8221;off&#8221; da_not_modal=&#8221;on&#8221; da_is_singular=&#8221;off&#8221; da_with_loader=&#8221;off&#8221; da_has_shadow=&#8221;on&#8221; da_disable_devices=&#8221;off|off|off&#8221;][et_pb_row column_structure=&#8221;2_5,3_5&#8243; use_custom_gutter=&#8221;on&#8221; gutter_width=&#8221;2&#8243; _builder_version=&#8221;4.16&#8243; width=&#8221;90%&#8221; max_width=&#8221;88%&#8221; custom_margin=&#8221;0px||0px||true|false&#8221; custom_padding=&#8221;0px||0px||false|false&#8221; global_colors_info=&#8221;{}&#8221;][et_pb_column type=&#8221;2_5&#8243; _builder_version=&#8221;4.16&#8243; background_enable_image=&#8221;off&#8221; background_size=&#8221;contain&#8221; custom_padding=&#8221;2%||2%||true|false&#8221; global_colors_info=&#8221;{}&#8221;][et_pb_text _builder_version=&#8221;4.16&#8243; _dynamic_attributes=&#8221;content&#8221; text_font=&#8221;|700|||||||&#8221; text_font_size=&#8221;35px&#8221; background_image=&#8221;https:\/\/drfatihirmak.com\/wp-content\/uploads\/2020\/02\/icon-bg.png&#8221; background_size=&#8221;contain&#8221; global_colors_info=&#8221;{}&#8221;]@ET-DC@eyJkeW5hbWljIjp0cnVlLCJjb250ZW50IjoicG9zdF90aXRsZSIsInNldHRpbmdzIjp7ImJlZm9yZSI6IiIsImFmdGVyIjoiIn19@[\/et_pb_text][\/et_pb_column][et_pb_column type=&#8221;3_5&#8243; _builder_version=&#8221;4.16&#8243; custom_padding=&#8221;2%||2%||true|false&#8221; global_colors_info=&#8221;{}&#8221;][\/et_pb_column][\/et_pb_row][\/et_pb_section][et_pb_section fb_built=&#8221;1&#8243; _builder_version=&#8221;4.16&#8243; custom_padding=&#8221;0px||0px||false|false&#8221; global_colors_info=&#8221;{}&#8221; da_is_popup=&#8221;off&#8221; da_exit_intent=&#8221;off&#8221; da_has_close=&#8221;on&#8221; da_alt_close=&#8221;off&#8221; da_dark_close=&#8221;off&#8221; da_not_modal=&#8221;on&#8221; da_is_singular=&#8221;off&#8221; da_with_loader=&#8221;off&#8221; da_has_shadow=&#8221;on&#8221; da_disable_devices=&#8221;off|off|off&#8221;][et_pb_row use_custom_gutter=&#8221;on&#8221; gutter_width=&#8221;2&#8243; _builder_version=&#8221;4.16&#8243; background_color=&#8221;#3a3839&#8243; width=&#8221;100%&#8221; max_width=&#8221;100%&#8221; custom_margin=&#8221;0px||0px||true|false&#8221; custom_padding=&#8221;0px||0px||true|false&#8221; global_colors_info=&#8221;{}&#8221;][et_pb_column type=&#8221;4_4&#8243; _builder_version=&#8221;4.16&#8243; background_enable_image=&#8221;off&#8221; background_size=&#8221;contain&#8221; custom_padding=&#8221;0%||0%||true|false&#8221; global_colors_info=&#8221;{}&#8221;][et_pb_image src=&#8221;@ET-DC@eyJkeW5hbWljIjp0cnVlLCJjb250ZW50IjoicG9zdF9mZWF0dXJlZF9pbWFnZSIsInNldHRpbmdzIjp7fX0=@&#8221; align=&#8221;center&#8221; force_fullwidth=&#8221;on&#8221; _builder_version=&#8221;4.16&#8243; _dynamic_attributes=&#8221;src&#8221; global_colors_info=&#8221;{}&#8221;][\/et_pb_image][\/et_pb_column][\/et_pb_row][\/et_pb_section][et_pb_section fb_built=&#8221;1&#8243; _builder_version=&#8221;4.16&#8243; custom_margin=&#8221;||40px||false|false&#8221; custom_padding=&#8221;0px||0px||false|false&#8221; global_colors_info=&#8221;{}&#8221; da_is_popup=&#8221;off&#8221; da_exit_intent=&#8221;off&#8221; da_has_close=&#8221;on&#8221; da_alt_close=&#8221;off&#8221; da_dark_close=&#8221;off&#8221; da_not_modal=&#8221;on&#8221; da_is_singular=&#8221;off&#8221; da_with_loader=&#8221;off&#8221; da_has_shadow=&#8221;on&#8221; da_disable_devices=&#8221;off|off|off&#8221;][et_pb_row column_structure=&#8221;1_3,1_3,1_3&#8243; use_custom_gutter=&#8221;on&#8221; gutter_width=&#8221;1&#8243; _builder_version=&#8221;4.16&#8243; width=&#8221;100%&#8221; max_width=&#8221;100%&#8221; module_alignment=&#8221;center&#8221; global_colors_info=&#8221;{}&#8221;][et_pb_column type=&#8221;1_3&#8243; _builder_version=&#8221;4.16&#8243; global_colors_info=&#8221;{}&#8221;][et_pb_button button_url=&#8221;#procedure&#8221; button_text=&#8221;\u0130\u015eLEMLER&#8221; button_alignment=&#8221;center&#8221; _builder_version=&#8221;4.16&#8243; custom_button=&#8221;on&#8221; button_text_size=&#8221;16px&#8221; button_text_color=&#8221;#210454&#8243; button_border_width=&#8221;0px&#8221; button_letter_spacing=&#8221;0px&#8221; button_font=&#8221;|600|||||||&#8221; button_use_icon=&#8221;off&#8221; global_colors_info=&#8221;{}&#8221;][\/et_pb_button][\/et_pb_column][et_pb_column type=&#8221;1_3&#8243; _builder_version=&#8221;4.16&#8243; global_colors_info=&#8221;{}&#8221;][et_pb_button button_url=&#8221;#whocan&#8221; button_text=&#8221;K\u0130MLER YARARLANAB\u0130L\u0130R&#8221; button_alignment=&#8221;center&#8221; _builder_version=&#8221;4.16&#8243; custom_button=&#8221;on&#8221; button_text_size=&#8221;16px&#8221; button_text_color=&#8221;#210454&#8243; button_border_width=&#8221;0px&#8221; button_letter_spacing=&#8221;0px&#8221; button_font=&#8221;|600|||||||&#8221; button_use_icon=&#8221;off&#8221; global_colors_info=&#8221;{}&#8221;][\/et_pb_button][\/et_pb_column][et_pb_column type=&#8221;1_3&#8243; _builder_version=&#8221;4.16&#8243; global_colors_info=&#8221;{}&#8221;][et_pb_button button_url=&#8221;#international&#8221; button_text=&#8221;ULUSLARARASI HASTALAR \u0130\u00c7\u0130N&#8221; button_alignment=&#8221;center&#8221; _builder_version=&#8221;4.16&#8243; custom_button=&#8221;on&#8221; button_text_size=&#8221;16px&#8221; button_text_color=&#8221;#210454&#8243; button_border_width=&#8221;0px&#8221; button_letter_spacing=&#8221;0px&#8221; button_font=&#8221;|600|||||||&#8221; button_use_icon=&#8221;off&#8221; global_colors_info=&#8221;{}&#8221;][\/et_pb_button][\/et_pb_column][\/et_pb_row][et_pb_row use_custom_gutter=&#8221;on&#8221; gutter_width=&#8221;2&#8243; module_id=&#8221;procedure&#8221; _builder_version=&#8221;4.16&#8243; max_width=&#8221;80%&#8221; border_width_top=&#8221;4px&#8221; border_color_top=&#8221;#210454&#8243; border_style_top=&#8221;double&#8221; global_colors_info=&#8221;{}&#8221;][et_pb_column type=&#8221;4_4&#8243; _builder_version=&#8221;4.16&#8243; global_colors_info=&#8221;{}&#8221;][et_pb_text _builder_version=&#8221;4.16&#8243; text_font_size=&#8221;18px&#8221; header_2_font=&#8221;|600|||||||&#8221; header_2_text_color=&#8221;#2a7cc8&#8243; header_2_line_height=&#8221;1.7em&#8221; locked=&#8221;off&#8221; global_colors_info=&#8221;{}&#8221;]<\/p>\n<h2>Meme rekonstr\u00fcksiyonu nedir?<\/h2>\n<p>G\u00fcn\u00fcm\u00fczde meme rekonstr\u00fcksiyonuyla kendi dokunuz kullan\u0131larak yeni meme yap\u0131labilir ve tamamen\/k\u0131smen al\u0131nm\u0131\u015f meme dokular\u0131 yeniden olu\u015fturulabilir. Bu i\u015flem bir implant yard\u0131m\u0131yla da yap\u0131labilmektedir. Al\u0131nm\u0131\u015f meme dokunuzun miktar\u0131 yap\u0131lacak tedavinin \u015feklini de belirleyecektir.<\/p>\n<p>Ayr\u0131ca meme kanseri tedavi prosed\u00fcrleri sonras\u0131 mastektomi yap\u0131lmas\u0131 gerekebilir.<\/p>\n<p>Kanser veya di\u011fer hastal\u0131klardan dolay\u0131 memenin \u00e7\u0131kar\u0131lmas\u0131ndan sonra yap\u0131lan\u00a0 meme rekonstr\u00fcksiyonu plastik cerrahinin en ba\u015far\u0131l\u0131 ameliyatlar\u0131ndan biridir ve g\u00fcn\u00fcm\u00fcz ko\u015fullar\u0131nda do\u011fal\u00a0 memeye \u00e7ok benzeyen\u00a0 bir meme olu\u015fturmak m\u00fcmk\u00fcnd\u00fcr.<\/p>\n<p>Erken evre t\u00fcm\u00f6rlerde, onar\u0131m i\u015flemi memenin \u00e7\u0131kar\u0131lmas\u0131 s\u0131ras\u0131nda ba\u015flar. T\u00fcm\u00f6r\u00fcn evresi ileriyse ve postoperatif radyoterapi planlan\u0131rsa, onar\u0131m daha sonraya ertelenir.<\/p>\n<p>Prof. Dr. Fatih Irmak \u00f6zel e\u011fitim alm\u0131\u015f, meme rekonstr\u00fcksiyon ameliyatlar\u0131nda de\u011ferli deneyimlere sahiptir.[\/et_pb_text][\/et_pb_column][\/et_pb_row][\/et_pb_section][et_pb_section fb_built=&#8221;1&#8243; _builder_version=&#8221;4.16&#8243; use_background_color_gradient=&#8221;on&#8221; background_color_gradient_direction=&#8221;90deg&#8221; background_color_gradient_stops=&#8221;#2a7cc8 0%|#210454 100%&#8221; background_color_gradient_start=&#8221;#2a7cc8&#8243; background_color_gradient_end=&#8221;#210454&#8243; global_colors_info=&#8221;{}&#8221; da_is_popup=&#8221;off&#8221; da_exit_intent=&#8221;off&#8221; da_has_close=&#8221;on&#8221; da_alt_close=&#8221;off&#8221; da_dark_close=&#8221;off&#8221; da_not_modal=&#8221;on&#8221; da_is_singular=&#8221;off&#8221; da_with_loader=&#8221;off&#8221; da_has_shadow=&#8221;on&#8221; da_disable_devices=&#8221;off|off|off&#8221;][et_pb_row column_structure=&#8221;1_3,1_3,1_3&#8243; _builder_version=&#8221;4.16&#8243; max_width=&#8221;80%&#8221; global_colors_info=&#8221;{}&#8221;][et_pb_column type=&#8221;1_3&#8243; _builder_version=&#8221;4.16&#8243; global_colors_info=&#8221;{}&#8221;][divienhancer_image_comparison before_upload=&#8221;https:\/\/drfatihirmak.com\/wp-content\/uploads\/2020\/05\/before-breast-reconstruction.jpg&#8221; before_text=&#8221;\u00d6ncesi&#8221; after_upload=&#8221;https:\/\/drfatihirmak.com\/wp-content\/uploads\/2020\/05\/after-breast-reconstruction.jpg&#8221; after_text=&#8221;Sonras\u0131&#8221; _builder_version=&#8221;4.16&#8243; background_color=&#8221;#88959e&#8221; custom_padding=&#8221;||||true|false&#8221; global_colors_info=&#8221;{}&#8221;][\/divienhancer_image_comparison][\/et_pb_column][et_pb_column type=&#8221;1_3&#8243; _builder_version=&#8221;4.16&#8243; global_colors_info=&#8221;{}&#8221;][\/et_pb_column][et_pb_column type=&#8221;1_3&#8243; _builder_version=&#8221;4.16&#8243; global_colors_info=&#8221;{}&#8221;][\/et_pb_column][\/et_pb_row][\/et_pb_section][et_pb_section fb_built=&#8221;1&#8243; _builder_version=&#8221;4.16&#8243; custom_padding=&#8221;||0px|||&#8221; global_colors_info=&#8221;{}&#8221; da_is_popup=&#8221;off&#8221; da_exit_intent=&#8221;off&#8221; da_has_close=&#8221;on&#8221; da_alt_close=&#8221;off&#8221; da_dark_close=&#8221;off&#8221; da_not_modal=&#8221;on&#8221; da_is_singular=&#8221;off&#8221; da_with_loader=&#8221;off&#8221; da_has_shadow=&#8221;on&#8221; da_disable_devices=&#8221;off|off|off&#8221;][et_pb_row use_custom_gutter=&#8221;on&#8221; gutter_width=&#8221;2&#8243; module_id=&#8221;whocan&#8221; _builder_version=&#8221;4.16&#8243; max_width=&#8221;80%&#8221; border_color_top=&#8221;#210454&#8243; border_style_top=&#8221;double&#8221; global_colors_info=&#8221;{}&#8221;][et_pb_column type=&#8221;4_4&#8243; _builder_version=&#8221;4.16&#8243; global_colors_info=&#8221;{}&#8221;][et_pb_text _builder_version=&#8221;4.16&#8243; text_font_size=&#8221;18px&#8221; header_2_font=&#8221;|600|||||||&#8221; header_2_text_color=&#8221;#2a7cc8&#8243; header_2_line_height=&#8221;1.7em&#8221; locked=&#8221;off&#8221; global_colors_info=&#8221;{}&#8221;]<\/p>\n<h2>Meme rekonstr\u00fcksiyonu i\u00e7in aday kimdir?<\/h2>\n<p>Meme kayb\u0131 hastalar\u0131 fiziksel, sosyal ve ruhsal olarak olumsuz etkiler.<\/p>\n<p>Ameliyattan \u00f6nce:<\/p>\n<ul>\n<li>Hastan\u0131n kemoterapi ve radyoterapiyi sonland\u0131rmas\u0131 beklenir ve genellikle bir y\u0131l sonra onar\u0131m s\u00fcreci ba\u015flar.<\/li>\n<li>Hastan\u0131n postoperatif radyoterapi al\u0131p almayaca\u011f\u0131 belli de\u011filse, mastektomi s\u0131ras\u0131nda meme kas\u0131n\u0131n alt\u0131na bo\u015f bir doku geni\u015fletici yerle\u015ftirilir ve tedavilerin bitiminden sonra doku geni\u015fletici \u015fi\u015firilmeye ba\u015flar. Bu \u015fekilde hasta ekstra ameliyat ge\u00e7irmekten kurtulur.<\/li>\n<li>Meme kanserinden kurtulduysan\u0131z ve primer onkolo\u011funuz bu prosed\u00fcr\u00fc onaylarsa, yeni bir radyoterapi s\u00fcreci \u00f6ng\u00f6rmezse ve ameliyatla neyin elde edilebilece\u011fine dair ger\u00e7ek\u00e7i beklentilere sahipseniz ideal bir aday olabilirsiniz.<\/li>\n<\/ul>\n<h2>Meme rekonstr\u00fcksiyonunda kullan\u0131lan y\u00f6ntemler<\/h2>\n<ul>\n<li>\u0130mplant onar\u0131mlar\u0131<\/li>\n<li class=\"tw-data-text tw-text-large XcVN5d tw-ta\" dir=\"ltr\" data-placeholder=\"\u00c7eviri\"><span style=\"font-family: 'Open Sans', Arial, sans-serif;\">Hastan\u0131n kendi dokular\u0131n\u0131 kullanarak onar\u0131m<\/span><\/li>\n<li class=\"tw-data-text tw-text-large XcVN5d tw-ta\" dir=\"ltr\" data-placeholder=\"\u00c7eviri\"><span style=\"font-family: 'Open Sans', Arial, sans-serif;\">Birlikte iki y\u00f6ntem kullanarak onar\u0131m<\/span><\/li>\n<\/ul>\n<p>\u0130mplant meme kas\u0131n\u0131n alt\u0131na yerle\u015ftirilir. Mastektomi s\u0131ras\u0131nda cilt kayb\u0131 varsa meme kas\u0131n\u0131n alt\u0131na doku geni\u015fletici ad\u0131 verilen bo\u015f bir silikon balon yerle\u015ftirilir. Ameliyattan 3 hafta sonra, dokular\u0131n iyile\u015fmesinin ard\u0131ndan silikon balon \u015fi\u015firilmeye ba\u015flar. \u015ei\u015firme i\u015flemi 2-3 ay s\u00fcrer. Doku geni\u015fletici \u015fi\u015ftik\u00e7e, \u00fczerindeki meme derisi yava\u015f yava\u015f geni\u015fler. \u015ei\u015firme i\u015flemi, genellikle hedeflenen meme b\u00fcy\u00fckl\u00fc\u011f\u00fcn\u00fcn % 50&#8217;sine ula\u015f\u0131lana kadar devam eder. Hasta daha sonra tekrar ameliyat edilir, doku geni\u015fletici \u00e7\u0131kar\u0131l\u0131r ve silikon implant\u0131 de\u011fi\u015ftirilir.<\/p>\n<p>Mastektomi sonras\u0131 g\u00f6\u011f\u00fcs duvar\u0131ndaki cilt kalitesinin iyi olmad\u0131\u011f\u0131 durumlarda ve ciddi cilt kayb\u0131 olan hastalarda, bu dokular\u00a0 silikon implantlara tercih edilir.<\/p>\n<p>Meme onar\u0131m\u0131n\u0131n t\u00fcm a\u015famalar\u0131 tamamland\u0131\u011f\u0131nda ve simetri sa\u011fland\u0131\u011f\u0131ndan emin olunursa, meme ucunun ve \u00e7evresindeki areola dokusunun onar\u0131m\u0131 yap\u0131l\u0131r.<\/p>\n<p>[\/et_pb_text][\/et_pb_column][\/et_pb_row][\/et_pb_section]<\/p>\n","protected":false},"excerpt":{"rendered":"<p>Meme rekonstr\u00fcksiyonu nedir? G\u00fcn\u00fcm\u00fczde meme rekonstr\u00fcksiyonuyla kendi dokunuz kullan\u0131larak yeni meme yap\u0131labilir ve tamamen\/k\u0131smen al\u0131nm\u0131\u015f meme dokular\u0131 yeniden olu\u015fturulabilir. Bu i\u015flem bir implant yard\u0131m\u0131yla da yap\u0131labilmektedir. Al\u0131nm\u0131\u015f meme dokunuzun miktar\u0131 yap\u0131lacak tedavinin \u015feklini de belirleyecektir. Ayr\u0131ca meme kanseri tedavi prosed\u00fcrleri sonras\u0131 mastektomi yap\u0131lmas\u0131 gerekebilir. Kanser veya di\u011fer hastal\u0131klardan dolay\u0131 memenin \u00e7\u0131kar\u0131lmas\u0131ndan sonra yap\u0131lan\u00a0 meme rekonstr\u00fcksiyonu [&hellip;]<\/p>\n","protected":false},"author":1,"featured_media":2856,"parent":2113,"menu_order":0,"comment_status":"closed","ping_status":"closed","template":"","meta":{"_et_pb_use_builder":"on","_et_pb_old_content":"","_et_gb_content_width":"","footnotes":""},"class_list":["post-2234","page","type-page","status-publish","has-post-thumbnail","hentry"],"_links":{"self":[{"href":"https:\/\/www.drfatihirmak.com\/fr\/wp-json\/wp\/v2\/pages\/2234","targetHints":{"allow":["GET"]}}],"collection":[{"href":"https:\/\/www.drfatihirmak.com\/fr\/wp-json\/wp\/v2\/pages"}],"about":[{"href":"https:\/\/www.drfatihirmak.com\/fr\/wp-json\/wp\/v2\/types\/page"}],"author":[{"embeddable":true,"href":"https:\/\/www.drfatihirmak.com\/fr\/wp-json\/wp\/v2\/users\/1"}],"replies":[{"embeddable":true,"href":"https:\/\/www.drfatihirmak.com\/fr\/wp-json\/wp\/v2\/comments?post=2234"}],"version-history":[{"count":1,"href":"https:\/\/www.drfatihirmak.com\/fr\/wp-json\/wp\/v2\/pages\/2234\/revisions"}],"predecessor-version":[{"id":4052,"href":"https:\/\/www.drfatihirmak.com\/fr\/wp-json\/wp\/v2\/pages\/2234\/revisions\/4052"}],"up":[{"embeddable":true,"href":"https:\/\/www.drfatihirmak.com\/fr\/wp-json\/wp\/v2\/pages\/2113"}],"wp:featuredmedia":[{"embeddable":true,"href":"https:\/\/www.drfatihirmak.com\/fr\/wp-json\/wp\/v2\/media\/2856"}],"wp:attachment":[{"href":"https:\/\/www.drfatihirmak.com\/fr\/wp-json\/wp\/v2\/media?parent=2234"}],"curies":[{"name":"wp","href":"https:\/\/api.w.org\/{rel}","templated":true}]}}