{"id":2110,"date":"2020-06-07T12:57:27","date_gmt":"2020-06-07T09:57:27","guid":{"rendered":"https:\/\/www.drfatihirmak.com\/vucut\/vajinal-genclestirme\/"},"modified":"2024-11-19T20:15:18","modified_gmt":"2024-11-19T17:15:18","slug":"rajeunissement-vaginal","status":"publish","type":"page","link":"https:\/\/www.drfatihirmak.com\/fr\/vucut\/vajinal-genclestirme","title":{"rendered":"Rajeunissement vaginal"},"content":{"rendered":"<p>[et_pb_section fb_built=&#8221;1&#8243; _builder_version=&#8221;4.16&#8243; custom_padding=&#8221;1%||1%||true|false&#8221; global_colors_info=&#8221;{}&#8221; da_is_popup=&#8221;off&#8221; da_exit_intent=&#8221;off&#8221; da_has_close=&#8221;on&#8221; da_alt_close=&#8221;off&#8221; da_dark_close=&#8221;off&#8221; da_not_modal=&#8221;on&#8221; da_is_singular=&#8221;off&#8221; da_with_loader=&#8221;off&#8221; da_has_shadow=&#8221;on&#8221; da_disable_devices=&#8221;off|off|off&#8221;][et_pb_row use_custom_gutter=&#8221;on&#8221; gutter_width=&#8221;2&#8243; _builder_version=&#8221;4.16&#8243; width=&#8221;90%&#8221; max_width=&#8221;88%&#8221; custom_margin=&#8221;0px||0px||true|false&#8221; custom_padding=&#8221;0px||0px||false|false&#8221; global_colors_info=&#8221;{}&#8221;][et_pb_column type=&#8221;4_4&#8243; _builder_version=&#8221;4.16&#8243; background_enable_image=&#8221;off&#8221; background_size=&#8221;contain&#8221; custom_padding=&#8221;2%||2%||true|false&#8221; global_colors_info=&#8221;{}&#8221;][et_pb_text _builder_version=&#8221;4.16&#8243; _dynamic_attributes=&#8221;content&#8221; text_font=&#8221;|700|||||||&#8221; text_font_size=&#8221;35px&#8221; text_line_height=&#8221;0.8em&#8221; background_image=&#8221;https:\/\/drfatihirmak.com\/wp-content\/uploads\/2020\/02\/icon-bg.png&#8221; background_size=&#8221;contain&#8221; global_colors_info=&#8221;{}&#8221;]@ET-DC@eyJkeW5hbWljIjp0cnVlLCJjb250ZW50IjoicG9zdF90aXRsZSIsInNldHRpbmdzIjp7ImJlZm9yZSI6IiIsImFmdGVyIjoiIn19@[\/et_pb_text][\/et_pb_column][\/et_pb_row][\/et_pb_section][et_pb_section fb_built=&#8221;1&#8243; _builder_version=&#8221;4.3.3&#8243; custom_padding=&#8221;0px||0px||false|false&#8221; global_module=&#8221;920&#8243; global_colors_info=&#8221;{}&#8221; da_is_popup=&#8221;off&#8221; da_exit_intent=&#8221;off&#8221; da_has_close=&#8221;on&#8221; da_alt_close=&#8221;off&#8221; da_dark_close=&#8221;off&#8221; da_not_modal=&#8221;on&#8221; da_is_singular=&#8221;off&#8221; da_with_loader=&#8221;off&#8221; da_has_shadow=&#8221;on&#8221; da_disable_devices=&#8221;off|off|off&#8221;][et_pb_row use_custom_gutter=&#8221;on&#8221; gutter_width=&#8221;2&#8243; _builder_version=&#8221;4.16&#8243; background_color=&#8221;#3a3839&#8243; width=&#8221;100%&#8221; max_width=&#8221;100%&#8221; custom_margin=&#8221;0px||0px||true|false&#8221; custom_padding=&#8221;0px||0px||true|false&#8221; global_colors_info=&#8221;{}&#8221;][et_pb_column type=&#8221;4_4&#8243; _builder_version=&#8221;4.16&#8243; background_enable_image=&#8221;off&#8221; background_size=&#8221;contain&#8221; custom_padding=&#8221;0%||0%||true|false&#8221; global_colors_info=&#8221;{}&#8221;][et_pb_image src=&#8221;@ET-DC@eyJkeW5hbWljIjp0cnVlLCJjb250ZW50IjoicG9zdF9mZWF0dXJlZF9pbWFnZSIsInNldHRpbmdzIjp7fX0=@&#8221; align=&#8221;center&#8221; force_fullwidth=&#8221;on&#8221; _builder_version=&#8221;4.16&#8243; _dynamic_attributes=&#8221;src&#8221; global_colors_info=&#8221;{}&#8221;][\/et_pb_image][\/et_pb_column][\/et_pb_row][\/et_pb_section][et_pb_section fb_built=&#8221;1&#8243; _builder_version=&#8221;4.16&#8243; custom_margin=&#8221;||40px||false|false&#8221; custom_padding=&#8221;0px||0px||false|false&#8221; global_colors_info=&#8221;{}&#8221; da_is_popup=&#8221;off&#8221; da_exit_intent=&#8221;off&#8221; da_has_close=&#8221;on&#8221; da_alt_close=&#8221;off&#8221; da_dark_close=&#8221;off&#8221; da_not_modal=&#8221;on&#8221; da_is_singular=&#8221;off&#8221; da_with_loader=&#8221;off&#8221; da_has_shadow=&#8221;on&#8221; da_disable_devices=&#8221;off|off|off&#8221;][et_pb_row column_structure=&#8221;1_4,1_4,1_4,1_4&#8243; use_custom_gutter=&#8221;on&#8221; gutter_width=&#8221;1&#8243; _builder_version=&#8221;4.16&#8243; width=&#8221;100%&#8221; max_width=&#8221;100%&#8221; module_alignment=&#8221;center&#8221; global_colors_info=&#8221;{}&#8221;][et_pb_column type=&#8221;1_4&#8243; _builder_version=&#8221;4.16&#8243; global_colors_info=&#8221;{}&#8221;][et_pb_button button_url=&#8221;#procedure&#8221; button_text=&#8221;\u0130\u015eLEMLER&#8221; button_alignment=&#8221;center&#8221; _builder_version=&#8221;4.16&#8243; custom_button=&#8221;on&#8221; button_text_size=&#8221;16px&#8221; button_text_color=&#8221;#210454&#8243; button_border_width=&#8221;0px&#8221; button_letter_spacing=&#8221;0px&#8221; button_font=&#8221;|600|||||||&#8221; button_use_icon=&#8221;off&#8221; global_colors_info=&#8221;{}&#8221;][\/et_pb_button][\/et_pb_column][et_pb_column type=&#8221;1_4&#8243; _builder_version=&#8221;4.16&#8243; global_colors_info=&#8221;{}&#8221;][et_pb_button button_url=&#8221;#whocan&#8221; button_text=&#8221;K\u0130MLER YARARLANAB\u0130L\u0130R&#8221; button_alignment=&#8221;center&#8221; _builder_version=&#8221;4.16&#8243; custom_button=&#8221;on&#8221; button_text_size=&#8221;16px&#8221; button_text_color=&#8221;#210454&#8243; button_border_width=&#8221;0px&#8221; button_letter_spacing=&#8221;0px&#8221; button_font=&#8221;|600|||||||&#8221; button_use_icon=&#8221;off&#8221; global_colors_info=&#8221;{}&#8221;][\/et_pb_button][\/et_pb_column][et_pb_column type=&#8221;1_4&#8243; _builder_version=&#8221;4.16&#8243; global_colors_info=&#8221;{}&#8221;][et_pb_button button_url=&#8221;#expect&#8221; button_text=&#8221;BEKLENT\u0130LER\u0130N\u0130Z NELER&#8221; button_alignment=&#8221;center&#8221; _builder_version=&#8221;4.16&#8243; custom_button=&#8221;on&#8221; button_text_size=&#8221;16px&#8221; button_text_color=&#8221;#210454&#8243; button_border_width=&#8221;0px&#8221; button_letter_spacing=&#8221;0px&#8221; button_font=&#8221;|600|||||||&#8221; button_use_icon=&#8221;off&#8221; global_colors_info=&#8221;{}&#8221;][\/et_pb_button][\/et_pb_column][et_pb_column type=&#8221;1_4&#8243; _builder_version=&#8221;4.16&#8243; global_colors_info=&#8221;{}&#8221;][et_pb_button button_url=&#8221;#international&#8221; button_text=&#8221;ULUSLARARASI HASTALAR \u0130\u00c7\u0130N&#8221; button_alignment=&#8221;center&#8221; _builder_version=&#8221;4.16&#8243; custom_button=&#8221;on&#8221; button_text_size=&#8221;16px&#8221; button_text_color=&#8221;#210454&#8243; button_border_width=&#8221;0px&#8221; button_letter_spacing=&#8221;0px&#8221; button_font=&#8221;|600|||||||&#8221; button_use_icon=&#8221;off&#8221; global_colors_info=&#8221;{}&#8221;][\/et_pb_button][\/et_pb_column][\/et_pb_row][et_pb_row use_custom_gutter=&#8221;on&#8221; gutter_width=&#8221;2&#8243; module_id=&#8221;procedure&#8221; _builder_version=&#8221;4.16&#8243; max_width=&#8221;80%&#8221; border_width_top=&#8221;4px&#8221; border_color_top=&#8221;#210454&#8243; border_style_top=&#8221;double&#8221; global_colors_info=&#8221;{}&#8221;][et_pb_column type=&#8221;4_4&#8243; _builder_version=&#8221;4.16&#8243; global_colors_info=&#8221;{}&#8221;][et_pb_text _builder_version=&#8221;4.16&#8243; text_font_size=&#8221;18px&#8221; header_2_font=&#8221;|600|||||||&#8221; header_2_text_color=&#8221;#2a7cc8&#8243; header_2_line_height=&#8221;1.7em&#8221; locked=&#8221;off&#8221; global_colors_info=&#8221;{}&#8221;]<\/p>\n<h2>Vajinal Gen\u00e7le\u015ftirme Nedir?<\/h2>\n<p>Kozmetik jinekoloji, her hastan\u0131n isteklerine ve ihtiya\u00e7lar\u0131na ba\u011fl\u0131 olarak tek ba\u015f\u0131na veya di\u011fer prosed\u00fcrlerle kombinasyon halinde ger\u00e7ekle\u015ftirilebilen bir dizi prosed\u00fcrden olu\u015fur. Avrupa Yeterlilik Sertifikas\u0131na sahip plastik cerrah Prof. Dr. Fatih Irmak, endi\u015felerinizi dinleyecek ve anlayacak ve ihtiya\u00e7lar\u0131n\u0131za kesin \u00e7\u00f6z\u00fcmleri belirleyecektir<\/p>\n<p>Prof. Dr. Fatih Irmak, a\u015fa\u011f\u0131da listelenen di\u011fer prosed\u00fcrleri\u00a0 tek ba\u015flar\u0131na veya birlikte uygular:<\/p>\n<p>&nbsp;<\/p>\n<ul>\n<li>Labioplasti (K\u00fc\u00e7\u00fck dudaklar\u0131n \u015fekil bozuklar\u0131n\u0131n giderilmesi)<\/li>\n<li>Clitoroplasty( klitorisin k\u00fc\u00e7\u00fclt\u00fclmesi)<\/li>\n<li>Ven\u00fcs Tepesi k\u00fc\u00e7\u00fcltme<\/li>\n<li>D\u0131\u015f Dudaklar\u0131n \u015eekillendirilmesi<\/li>\n<\/ul>\n<p>[\/et_pb_text][\/et_pb_column][\/et_pb_row][\/et_pb_section][et_pb_section fb_built=&#8221;1&#8243; disabled_on=&#8221;on|on|on&#8221; _builder_version=&#8221;4.16&#8243; use_background_color_gradient=&#8221;on&#8221; background_color_gradient_direction=&#8221;90deg&#8221; background_color_gradient_stops=&#8221;#2a7cc8 0%|#210454 100%&#8221; background_color_gradient_start=&#8221;#2a7cc8&#8243; background_color_gradient_end=&#8221;#210454&#8243; disabled=&#8221;on&#8221; global_colors_info=&#8221;{}&#8221; da_is_popup=&#8221;off&#8221; da_exit_intent=&#8221;off&#8221; da_has_close=&#8221;on&#8221; da_alt_close=&#8221;off&#8221; da_dark_close=&#8221;off&#8221; da_not_modal=&#8221;on&#8221; da_is_singular=&#8221;off&#8221; da_with_loader=&#8221;off&#8221; da_has_shadow=&#8221;on&#8221; da_disable_devices=&#8221;off|off|off&#8221;][et_pb_row column_structure=&#8221;1_3,1_3,1_3&#8243; _builder_version=&#8221;4.16&#8243; max_width=&#8221;80%&#8221; global_colors_info=&#8221;{}&#8221;][et_pb_column type=&#8221;1_3&#8243; _builder_version=&#8221;4.16&#8243; global_colors_info=&#8221;{}&#8221;][divienhancer_image_comparison before_upload=&#8221;https:\/\/drfatihirmak.com\/wp-content\/uploads\/2020\/02\/section-bg-hero2.png&#8221; before_text=&#8221;\u00d6ncesi&#8221; after_upload=&#8221;https:\/\/drfatihirmak.com\/wp-content\/uploads\/2020\/02\/section-bg-hero3.png&#8221; after_text=&#8221;Sonras\u0131&#8221; _builder_version=&#8221;4.16&#8243; background_color=&#8221;#88959e&#8221; custom_padding=&#8221;||||true|false&#8221; global_colors_info=&#8221;{}&#8221;][\/divienhancer_image_comparison][\/et_pb_column][et_pb_column type=&#8221;1_3&#8243; _builder_version=&#8221;4.16&#8243; global_colors_info=&#8221;{}&#8221;][divienhancer_image_comparison before_upload=&#8221;https:\/\/drfatihirmak.com\/wp-content\/uploads\/2020\/02\/section-bg-hero2.png&#8221; before_text=&#8221;\u00d6ncesi&#8221; after_upload=&#8221;https:\/\/drfatihirmak.com\/wp-content\/uploads\/2020\/02\/section-bg-hero3.png&#8221; after_text=&#8221;Sonras\u0131&#8221; _builder_version=&#8221;4.16&#8243; background_color=&#8221;#88959e&#8221; custom_padding=&#8221;||||true|false&#8221; global_colors_info=&#8221;{}&#8221;][\/divienhancer_image_comparison][\/et_pb_column][et_pb_column type=&#8221;1_3&#8243; _builder_version=&#8221;4.16&#8243; global_colors_info=&#8221;{}&#8221;][divienhancer_image_comparison before_upload=&#8221;https:\/\/drfatihirmak.com\/wp-content\/uploads\/2020\/02\/section-bg-hero2.png&#8221; before_text=&#8221;\u00d6ncesi&#8221; after_upload=&#8221;https:\/\/drfatihirmak.com\/wp-content\/uploads\/2020\/02\/section-bg-hero3.png&#8221; after_text=&#8221;Sonras\u0131&#8221; _builder_version=&#8221;4.16&#8243; background_color=&#8221;#88959e&#8221; custom_padding=&#8221;||||true|false&#8221; global_colors_info=&#8221;{}&#8221;][\/divienhancer_image_comparison][\/et_pb_column][\/et_pb_row][\/et_pb_section][et_pb_section fb_built=&#8221;1&#8243; _builder_version=&#8221;4.16&#8243; custom_padding=&#8221;||0px|||&#8221; global_colors_info=&#8221;{}&#8221; da_is_popup=&#8221;off&#8221; da_exit_intent=&#8221;off&#8221; da_has_close=&#8221;on&#8221; da_alt_close=&#8221;off&#8221; da_dark_close=&#8221;off&#8221; da_not_modal=&#8221;on&#8221; da_is_singular=&#8221;off&#8221; da_with_loader=&#8221;off&#8221; da_has_shadow=&#8221;on&#8221; da_disable_devices=&#8221;off|off|off&#8221;][et_pb_row use_custom_gutter=&#8221;on&#8221; gutter_width=&#8221;2&#8243; module_id=&#8221;whocan&#8221; _builder_version=&#8221;4.16&#8243; max_width=&#8221;80%&#8221; border_color_top=&#8221;#210454&#8243; border_style_top=&#8221;double&#8221; global_colors_info=&#8221;{}&#8221;][et_pb_column type=&#8221;4_4&#8243; _builder_version=&#8221;4.16&#8243; global_colors_info=&#8221;{}&#8221;][et_pb_text _builder_version=&#8221;4.16&#8243; text_font_size=&#8221;18px&#8221; header_2_font=&#8221;|600|||||||&#8221; header_2_text_color=&#8221;#2a7cc8&#8243; header_2_line_height=&#8221;1.7em&#8221; locked=&#8221;off&#8221; global_colors_info=&#8221;{}&#8221;]<\/p>\n<h2>Kimler yararlanabilir?<\/h2>\n<p>GENET\u0130K B\u00dcY\u00dcK LAB\u0130A<\/p>\n<p>Baz\u0131 kad\u0131nlar do\u011fal olarak daha b\u00fcy\u00fck dudaklara\u00a0 sahiptir. Do\u011fal olarak b\u00fcy\u00fck dudaklar, uygun hijyeni etkileyebilir ve baz\u0131 kad\u0131nlar boyutlar\u0131ndan dolay\u0131 vajinal enfeksiyonlara daha yatk\u0131nd\u0131r.<\/p>\n<p>DO\u011eUM SONRASI OLU\u015eAN LABIAL UZUNLUK<\/p>\n<p>Labian\u0131n\u00a0 do\u011fumdan sonra \u015fi\u015fti\u011fini g\u00f6rebilirsiniz. Bu size \u0130li\u015fki s\u0131ras\u0131nda rahats\u0131zl\u0131k verebilir. . Labia&#8217;n\u0131z\u0131n uzunlu\u011funu ve g\u00f6r\u00fcn\u00fcm\u00fcn\u00fc iyile\u015ftirmek sizi daha \u00f6zg\u00fcvenli hale getirebilir. <span style=\"font-size: 18px;\">\u00a0<\/span><\/p>\n<p>K\u0130LO ALIMINDAN SONRA\u00a0 KASIKTA \u00c7IKINTI<\/p>\n<p>Kilo ald\u0131ktan sonra, belirgin bir kas\u0131k \u00e7\u0131k\u0131nt\u0131s\u0131 pantolon, \u015fort ve mayo gibi dar giysiler giymenizi engelleyebilir. Rahat k\u0131yafetler d\u0131\u015f labiada tahri\u015fe neden olabilir ve sizi vajinal enfeksiyonlara yatk\u0131n hale getirebilir. Kas\u0131k \u00e7\u0131k\u0131nt\u0131lar\u0131n\u0131 azaltmak k\u0131yafetlerinizde daha rahat hissetmenize yard\u0131mc\u0131 olabilir. .<span style=\"font-size: 18px;\">\u00a0<\/span><\/p>\n<p><strong>Labiaplasty<\/strong><\/p>\n<p>Kad\u0131nlar\u0131n labialar\u0131n\u0131n b\u00fcy\u00fckl\u00fc\u011f\u00fc, \u015fekli veya tan\u0131m\u0131, vajinan\u0131n her iki taraf\u0131nda bulunan i\u00e7 ve d\u0131\u015f k\u0131vr\u0131mlar hakk\u0131nda endi\u015feleri olmas\u0131 yayg\u0131nd\u0131r.. Bu genetik, ya\u015flanma veya\u00a0 s\u0131k do\u011fumdan sonra olabilir. Labiaplasti,\u00a0 yeniden \u015fekillendirmek ve boyutland\u0131rmak i\u00e7in h\u0131zl\u0131 ve kolay bir cerrahi prosed\u00fcrd\u00fcr.<\/p>\n<p>T\u00fcm prosed\u00fcr yakla\u015f\u0131k 1 ila 2 saat s\u00fcrer ve hastalar\u00a0 birka\u00e7 saat sonra eve gidebilirler.<\/p>\n<p>Labiaplasti, vajinal a\u00e7\u0131kl\u0131\u011f\u0131n her iki taraf\u0131ndaki k\u00fc\u00e7\u00fck cilt dudaklar\u0131 olan labia minoran\u0131n boyutunu yeniden \u015fekillendirmek veya k\u00fc\u00e7\u00fcltmek i\u00e7in yap\u0131lan cerrahidir. \u0130stenmeyen doku ve\u00a0 gev\u015fek kenarlar i\u00e7\u00f6z\u00fcnebilir diki\u015flerle birlikte dikilmeden \u00f6nce bir ne\u015fter veya lazerle kesilir. Genel\u00a0 anestezi veya lokal anestezi kullan\u0131larak yap\u0131labilir. <span style=\"font-size: 18px;\">\u00a0<\/span><\/p>\n<p><b>Klitoroplasti<\/b><\/p>\n<p>Klitoroplasti, klitoral ba\u015fl\u0131k olarak adland\u0131r\u0131lan klitorisin a\u00e7\u0131lmas\u0131 s\u0131ras\u0131nda cildin \u00e7\u0131kar\u0131lmas\u0131 ve \/ veya yeniden \u015fekillendirilmesidir. Baz\u0131 kad\u0131nlar i\u00e7in, ya\u015f veya \u00e7ocuk do\u011furma, klitoral\u00a0 \u00e7\u0131k\u0131nt\u0131n\u0131n gev\u015femesine neden olur ve\u00a0 sevi\u015fme s\u0131ras\u0131nda klitoral hissi\u00a0 \u00f6nler. Baz\u0131\u00a0 kad\u0131nlar i\u00e7in klitoral\u00a0 \u00e7\u0131k\u0131nt\u0131 , maksimum s\u00fcrt\u00fcnme i\u00e7in her zaman gev\u015fek olmu\u015ftur. Ya\u015flanma nedeniyle klitoroplasti ihtiyac\u0131 olan kad\u0131nlar i\u00e7in genellikle labiaplasti de gereklidir.<span style=\"font-size: 18px;\">\u00a0<\/span><\/p>\n<p><strong>Mons Pubis K\u00fc\u00e7\u00fcltme<\/strong><\/p>\n<p>Ya\u015flanma ve kilo al\u0131m\u0131 mons pubis&#8217;in zamanla b\u00fcy\u00fcmesine neden olabilir. Bu sadece egzersiz k\u0131yafeti veya mayo gibi dar giysilerle g\u00f6r\u00fclmekle kalmaz, e\u011fer labia \u00fczerinde uzan\u0131rsa, cinsel ili\u015fki i\u00e7in zay\u0131f eri\u015fim ile sonu\u00e7lan\u0131r.Fazla derinin\u00a0 ve ya\u011f\u0131n\u00a0 \u00e7\u0131kar\u0131lmas\u0131, daha gen\u00e7 ve estetik a\u00e7\u0131dan \u00e7ekici bir g\u00f6r\u00fcn\u00fcm\u00fc\u00a0 kolayca geri kazand\u0131r\u0131r. <span style=\"font-size: 18px;\">\u00a0<\/span><\/p>\n<p><strong>Labia Majora Yeniden \u015eekillendirme<\/strong><\/p>\n<p>Ya\u015fla veya \u00e7ocuk do\u011furma nedeniyle, bir kad\u0131n\u0131n labia majoras\u0131n\u0131n hacmi azal\u0131r. Labia majoralar\u0131n\u0131n\u00a0 tam g\u00f6r\u00fcn\u00fcm\u00fcn\u00fc tercih eden kad\u0131nlar t\u0131bbi enjeksiyon ile\u00a0 ge\u00e7ici olarak \u00e7ekici bir konture sahip olabilirler . Bununla birlikte, daha kal\u0131c\u0131 sonu\u00e7lar i\u00e7in, liposuction yoluyla elde edilen ya\u011f enjeksiyonu \u00e7ok daha iyi bir alternatif sunmaktad\u0131r. Bu prosed\u00fcr tek ba\u015f\u0131na veya ba\u015fka herhangi bir v\u00fccut \u015fekillendirme prosed\u00fcr\u00fc ile birlikte\u00a0 ger\u00e7ekle\u015ftirilebilir. Bununla birlikte, ya\u011f liposuction yoluyla elde edilmelidir.[\/et_pb_text][\/et_pb_column][\/et_pb_row][et_pb_row use_custom_gutter=&#8221;on&#8221; gutter_width=&#8221;2&#8243; module_id=&#8221;aware&#8221; _builder_version=&#8221;4.16&#8243; max_width=&#8221;80%&#8221; custom_padding=&#8221;0px|||||&#8221; border_color_top=&#8221;#210454&#8243; border_style_top=&#8221;double&#8221; global_colors_info=&#8221;{}&#8221;][et_pb_column type=&#8221;4_4&#8243; _builder_version=&#8221;4.16&#8243; global_colors_info=&#8221;{}&#8221;][et_pb_accordion _builder_version=&#8221;4.16&#8243; global_colors_info=&#8221;{}&#8221;][et_pb_accordion_item title=&#8221;Prof. Dr. Fatih Irmak bu prosed\u00fcr\u00fc nerede yap\u0131yor?&#8221; open=&#8221;on&#8221; open_toggle_text_color=&#8221;#f4f4f3&#8243; open_toggle_background_color=&#8221;#ffffff&#8221; closed_toggle_background_color=&#8221;#6bffff&#8221; icon_color=&#8221;#6bffff&#8221; _builder_version=&#8221;4.16&#8243; body_text_color=&#8221;#f4f4f3&#8243; use_background_color_gradient=&#8221;on&#8221; background_color_gradient_direction=&#8221;90deg&#8221; background_color_gradient_stops=&#8221;#2a7cc8 0%|#210454 100%&#8221; background_color_gradient_start=&#8221;#2a7cc8&#8243; background_color_gradient_end=&#8221;#210454&#8243; custom_margin=&#8221;0px||0px||false|false&#8221; global_colors_info=&#8221;{}&#8221; toggle_text_color=&#8221;#6bffff&#8221; toggle_level=&#8221;h5&#8243; toggle_font=&#8221;|700|||||||&#8221; toggle_font_size=&#8221;18px&#8221; closed_toggle_font=&#8221;|600|||||||&#8221; closed_toggle_text_align=&#8221;left&#8221; background__hover_enabled=&#8221;on|desktop&#8221;]Fatih Irmak, uluslararas\u0131 onayl\u0131 hastanede ve mevcut en ileri teknolojilerle donat\u0131lm\u0131\u015f cerrahi merkezinde, poliklinik ve prosed\u00fcrlere ba\u011fl\u0131 olarak yatarak tedavi yapmaktad\u0131r.[\/et_pb_accordion_item][et_pb_accordion_item title=&#8221;\u0130\u015flem i\u00e7in ne t\u00fcr bir anestezi kullan\u0131l\u0131r?&#8221; open_toggle_text_color=&#8221;#f4f4f3&#8243; open_toggle_background_color=&#8221;#ffffff&#8221; closed_toggle_background_color=&#8221;#6bffff&#8221; icon_color=&#8221;#6bffff&#8221; _builder_version=&#8221;4.16&#8243; body_text_color=&#8221;#f4f4f3&#8243; use_background_color_gradient=&#8221;on&#8221; background_color_gradient_direction=&#8221;90deg&#8221; background_color_gradient_stops=&#8221;#2a7cc8 0%|#210454 100%&#8221; background_color_gradient_start=&#8221;#2a7cc8&#8243; background_color_gradient_end=&#8221;#210454&#8243; custom_margin=&#8221;0px||0px||false|false&#8221; global_colors_info=&#8221;{}&#8221; toggle_text_color=&#8221;#6bffff&#8221; toggle_level=&#8221;h5&#8243; toggle_font=&#8221;|700|||||||&#8221; toggle_font_size=&#8221;18px&#8221; closed_toggle_font=&#8221;|600|||||||&#8221; closed_toggle_text_align=&#8221;left&#8221; background__hover_enabled=&#8221;on|desktop&#8221; title__hover_enabled=&#8221;off|desktop&#8221; open=&#8221;off&#8221;]Prosed\u00fcr tipine veya prosed\u00fcr kombinasyonuna ba\u011fl\u0131 olarak, doktorunuz genel veya lokal anestezi uygulayabilir.[\/et_pb_accordion_item][\/et_pb_accordion][\/et_pb_column][\/et_pb_row][et_pb_row use_custom_gutter=&#8221;on&#8221; gutter_width=&#8221;2&#8243; module_id=&#8221;expect&#8221; _builder_version=&#8221;4.16&#8243; max_width=&#8221;80%&#8221; custom_padding=&#8221;0px|||||&#8221; border_color_top=&#8221;#210454&#8243; border_style_top=&#8221;double&#8221; global_colors_info=&#8221;{}&#8221;][et_pb_column type=&#8221;4_4&#8243; _builder_version=&#8221;4.16&#8243; global_colors_info=&#8221;{}&#8221;][et_pb_text _builder_version=&#8221;4.16&#8243; text_font_size=&#8221;18px&#8221; header_2_font=&#8221;|600|||||||&#8221; header_2_text_color=&#8221;#2a7cc8&#8243; header_2_line_height=&#8221;1.7em&#8221; locked=&#8221;off&#8221; global_colors_info=&#8221;{}&#8221;]<\/p>\n<h2>Ameliyat Sonras\u0131 Normal Aktivitelere Yeniden Ba\u015flamak<\/h2>\n<p>Herkesin iyile\u015fme s\u00fcreci farkl\u0131d\u0131r ve belirli aktivitelere ne zaman haz\u0131r oldu\u011funuza en iyi siz karar verebilirsiniz .genel y\u00f6nergeler \u015funlard\u0131r:<\/p>\n<ul>\n<li>2-4 hafta i\u00e7inde fiziksel egzersiz program\u0131<\/li>\n<li>6-8 hafta i\u00e7inde cinsel ili\u015fki<\/li>\n<li>G\u00f6r\u00fcn\u00fcr cerrahi belirtiler 3 hafta i\u00e7inde kaybolur.<\/li>\n<li>1 veya 2 g\u00fcn i\u00e7inde i\u015fe geri d\u00f6n\u00fcl\u00fcr<\/li>\n<\/ul>\n<h2>Vajinal Gen\u00e7le\u015fmeden Sonra \u0130lk 1-2 G\u00fcn Ne Beklenir<\/h2>\n<p>Kesi \u00e7evresinde uyu\u015fma ve ge\u00e7ici rahats\u0131zl\u0131k hissedebilirsiniz. Ya\u015fad\u0131\u011f\u0131n\u0131z herhangi bir a\u011fr\u0131 veya rahats\u0131zl\u0131k Tylenol veya re\u00e7eteli ila\u00e7larla kontrol edilebilir. Ayr\u0131ca \u015fi\u015flik ve morarma ya\u015fayacaks\u0131n\u0131z. ilk iki g\u00fcnden sonra kendinizi herg\u00fcn daha rahat hissedeceksiniz.[\/et_pb_text][\/et_pb_column][\/et_pb_row][\/et_pb_section]<\/p>\n","protected":false},"excerpt":{"rendered":"<p>Vajinal Gen\u00e7le\u015ftirme Nedir? Kozmetik jinekoloji, her hastan\u0131n isteklerine ve ihtiya\u00e7lar\u0131na ba\u011fl\u0131 olarak tek ba\u015f\u0131na veya di\u011fer prosed\u00fcrlerle kombinasyon halinde ger\u00e7ekle\u015ftirilebilen bir dizi prosed\u00fcrden olu\u015fur. Avrupa Yeterlilik Sertifikas\u0131na sahip plastik cerrah Prof. Dr. Fatih Irmak, endi\u015felerinizi dinleyecek ve anlayacak ve ihtiya\u00e7lar\u0131n\u0131za kesin \u00e7\u00f6z\u00fcmleri belirleyecektir Prof. Dr. Fatih Irmak, a\u015fa\u011f\u0131da listelenen di\u011fer prosed\u00fcrleri\u00a0 tek ba\u015flar\u0131na veya birlikte [&hellip;]<\/p>\n","protected":false},"author":1,"featured_media":2831,"parent":2087,"menu_order":0,"comment_status":"closed","ping_status":"closed","template":"","meta":{"_et_pb_use_builder":"on","_et_pb_old_content":"","_et_gb_content_width":"","footnotes":""},"class_list":["post-2110","page","type-page","status-publish","has-post-thumbnail","hentry"],"_links":{"self":[{"href":"https:\/\/www.drfatihirmak.com\/fr\/wp-json\/wp\/v2\/pages\/2110","targetHints":{"allow":["GET"]}}],"collection":[{"href":"https:\/\/www.drfatihirmak.com\/fr\/wp-json\/wp\/v2\/pages"}],"about":[{"href":"https:\/\/www.drfatihirmak.com\/fr\/wp-json\/wp\/v2\/types\/page"}],"author":[{"embeddable":true,"href":"https:\/\/www.drfatihirmak.com\/fr\/wp-json\/wp\/v2\/users\/1"}],"replies":[{"embeddable":true,"href":"https:\/\/www.drfatihirmak.com\/fr\/wp-json\/wp\/v2\/comments?post=2110"}],"version-history":[{"count":1,"href":"https:\/\/www.drfatihirmak.com\/fr\/wp-json\/wp\/v2\/pages\/2110\/revisions"}],"predecessor-version":[{"id":4068,"href":"https:\/\/www.drfatihirmak.com\/fr\/wp-json\/wp\/v2\/pages\/2110\/revisions\/4068"}],"up":[{"embeddable":true,"href":"https:\/\/www.drfatihirmak.com\/fr\/wp-json\/wp\/v2\/pages\/2087"}],"wp:featuredmedia":[{"embeddable":true,"href":"https:\/\/www.drfatihirmak.com\/fr\/wp-json\/wp\/v2\/media\/2831"}],"wp:attachment":[{"href":"https:\/\/www.drfatihirmak.com\/fr\/wp-json\/wp\/v2\/media?parent=2110"}],"curies":[{"name":"wp","href":"https:\/\/api.w.org\/{rel}","templated":true}]}}