{"id":2105,"date":"2020-06-06T21:33:25","date_gmt":"2020-06-06T18:33:25","guid":{"rendered":"https:\/\/www.drfatihirmak.com\/vucut\/liposuction\/"},"modified":"2024-11-19T20:15:03","modified_gmt":"2024-11-19T17:15:03","slug":"liposuccion-2","status":"publish","type":"page","link":"https:\/\/www.drfatihirmak.com\/fr\/vucut\/liposuction","title":{"rendered":"Liposuccion"},"content":{"rendered":"<p>[et_pb_section fb_built=&#8221;1&#8243; _builder_version=&#8221;4.16&#8243; custom_padding=&#8221;1%||1%||true|false&#8221; global_colors_info=&#8221;{}&#8221; da_is_popup=&#8221;off&#8221; da_exit_intent=&#8221;off&#8221; da_has_close=&#8221;on&#8221; da_alt_close=&#8221;off&#8221; da_dark_close=&#8221;off&#8221; da_not_modal=&#8221;on&#8221; da_is_singular=&#8221;off&#8221; da_with_loader=&#8221;off&#8221; da_has_shadow=&#8221;on&#8221; da_disable_devices=&#8221;off|off|off&#8221;][et_pb_row use_custom_gutter=&#8221;on&#8221; gutter_width=&#8221;2&#8243; _builder_version=&#8221;4.16&#8243; width=&#8221;90%&#8221; max_width=&#8221;88%&#8221; custom_margin=&#8221;0px||0px||true|false&#8221; custom_padding=&#8221;0px||0px||false|false&#8221; global_colors_info=&#8221;{}&#8221;][et_pb_column type=&#8221;4_4&#8243; _builder_version=&#8221;4.16&#8243; background_enable_image=&#8221;off&#8221; background_size=&#8221;contain&#8221; custom_padding=&#8221;2%||2%||true|false&#8221; global_colors_info=&#8221;{}&#8221;][et_pb_text _builder_version=&#8221;4.16&#8243; _dynamic_attributes=&#8221;content&#8221; text_font=&#8221;|700|||||||&#8221; text_font_size=&#8221;35px&#8221; text_line_height=&#8221;0.8em&#8221; background_image=&#8221;https:\/\/drfatihirmak.com\/wp-content\/uploads\/2020\/02\/icon-bg.png&#8221; background_size=&#8221;contain&#8221; global_colors_info=&#8221;{}&#8221;]@ET-DC@eyJkeW5hbWljIjp0cnVlLCJjb250ZW50IjoicG9zdF90aXRsZSIsInNldHRpbmdzIjp7ImJlZm9yZSI6IiIsImFmdGVyIjoiIn19@[\/et_pb_text][\/et_pb_column][\/et_pb_row][\/et_pb_section][et_pb_section fb_built=&#8221;1&#8243; _builder_version=&#8221;4.16&#8243; custom_padding=&#8221;0px||0px||false|false&#8221; global_colors_info=&#8221;{}&#8221; da_is_popup=&#8221;off&#8221; da_exit_intent=&#8221;off&#8221; da_has_close=&#8221;on&#8221; da_alt_close=&#8221;off&#8221; da_dark_close=&#8221;off&#8221; da_not_modal=&#8221;on&#8221; da_is_singular=&#8221;off&#8221; da_with_loader=&#8221;off&#8221; da_has_shadow=&#8221;on&#8221; da_disable_devices=&#8221;off|off|off&#8221;][et_pb_row use_custom_gutter=&#8221;on&#8221; gutter_width=&#8221;2&#8243; _builder_version=&#8221;4.16&#8243; background_color=&#8221;#3a3839&#8243; width=&#8221;100%&#8221; max_width=&#8221;100%&#8221; custom_margin=&#8221;0px||0px||true|false&#8221; custom_padding=&#8221;0px||0px||true|false&#8221; global_colors_info=&#8221;{}&#8221;][et_pb_column type=&#8221;4_4&#8243; _builder_version=&#8221;4.16&#8243; background_enable_image=&#8221;off&#8221; background_size=&#8221;contain&#8221; custom_padding=&#8221;0%||0%||true|false&#8221; global_colors_info=&#8221;{}&#8221;][et_pb_image src=&#8221;@ET-DC@eyJkeW5hbWljIjp0cnVlLCJjb250ZW50IjoicG9zdF9mZWF0dXJlZF9pbWFnZSIsInNldHRpbmdzIjp7fX0=@&#8221; align=&#8221;center&#8221; force_fullwidth=&#8221;on&#8221; _builder_version=&#8221;4.16&#8243; _dynamic_attributes=&#8221;src&#8221; global_colors_info=&#8221;{}&#8221;][\/et_pb_image][\/et_pb_column][\/et_pb_row][\/et_pb_section][et_pb_section fb_built=&#8221;1&#8243; _builder_version=&#8221;4.16&#8243; custom_margin=&#8221;||40px||false|false&#8221; custom_padding=&#8221;0px||0px||false|false&#8221; global_colors_info=&#8221;{}&#8221; da_is_popup=&#8221;off&#8221; da_exit_intent=&#8221;off&#8221; da_has_close=&#8221;on&#8221; da_alt_close=&#8221;off&#8221; da_dark_close=&#8221;off&#8221; da_not_modal=&#8221;on&#8221; da_is_singular=&#8221;off&#8221; da_with_loader=&#8221;off&#8221; da_has_shadow=&#8221;on&#8221; da_disable_devices=&#8221;off|off|off&#8221;][et_pb_row column_structure=&#8221;1_4,1_4,1_4,1_4&#8243; use_custom_gutter=&#8221;on&#8221; gutter_width=&#8221;1&#8243; _builder_version=&#8221;4.16&#8243; width=&#8221;100%&#8221; max_width=&#8221;100%&#8221; module_alignment=&#8221;center&#8221; global_colors_info=&#8221;{}&#8221;][et_pb_column type=&#8221;1_4&#8243; _builder_version=&#8221;4.16&#8243; global_colors_info=&#8221;{}&#8221;][et_pb_button button_url=&#8221;#procedure&#8221; button_text=&#8221;\u0130\u015eLEMLER&#8221; button_alignment=&#8221;center&#8221; _builder_version=&#8221;4.16&#8243; custom_button=&#8221;on&#8221; button_text_size=&#8221;16px&#8221; button_text_color=&#8221;#210454&#8243; button_border_width=&#8221;0px&#8221; button_letter_spacing=&#8221;0px&#8221; button_font=&#8221;|600|||||||&#8221; button_use_icon=&#8221;off&#8221; global_colors_info=&#8221;{}&#8221;][\/et_pb_button][\/et_pb_column][et_pb_column type=&#8221;1_4&#8243; _builder_version=&#8221;4.16&#8243; global_colors_info=&#8221;{}&#8221;][et_pb_button button_url=&#8221;#whocan&#8221; button_text=&#8221;K\u0130MLER YARARLANAB\u0130L\u0130R&#8221; button_alignment=&#8221;center&#8221; _builder_version=&#8221;4.16&#8243; custom_button=&#8221;on&#8221; button_text_size=&#8221;16px&#8221; button_text_color=&#8221;#210454&#8243; button_border_width=&#8221;0px&#8221; button_letter_spacing=&#8221;0px&#8221; button_font=&#8221;|600|||||||&#8221; button_use_icon=&#8221;off&#8221; global_colors_info=&#8221;{}&#8221;][\/et_pb_button][\/et_pb_column][et_pb_column type=&#8221;1_4&#8243; _builder_version=&#8221;4.16&#8243; global_colors_info=&#8221;{}&#8221;][et_pb_button button_url=&#8221;#expect&#8221; button_text=&#8221;BEKLENT\u0130LER\u0130N\u0130Z NELER&#8221; button_alignment=&#8221;center&#8221; _builder_version=&#8221;4.16&#8243; custom_button=&#8221;on&#8221; button_text_size=&#8221;16px&#8221; button_text_color=&#8221;#210454&#8243; button_border_width=&#8221;0px&#8221; button_letter_spacing=&#8221;0px&#8221; button_font=&#8221;|600|||||||&#8221; button_use_icon=&#8221;off&#8221; global_colors_info=&#8221;{}&#8221;][\/et_pb_button][\/et_pb_column][et_pb_column type=&#8221;1_4&#8243; _builder_version=&#8221;4.16&#8243; global_colors_info=&#8221;{}&#8221;][et_pb_button button_url=&#8221;#international&#8221; button_text=&#8221;ULUSLARARASI HASTALAR \u0130\u00c7\u0130N&#8221; button_alignment=&#8221;center&#8221; _builder_version=&#8221;4.16&#8243; custom_button=&#8221;on&#8221; button_text_size=&#8221;16px&#8221; button_text_color=&#8221;#210454&#8243; button_border_width=&#8221;0px&#8221; button_letter_spacing=&#8221;0px&#8221; button_font=&#8221;|600|||||||&#8221; button_use_icon=&#8221;off&#8221; global_colors_info=&#8221;{}&#8221;][\/et_pb_button][\/et_pb_column][\/et_pb_row][et_pb_row use_custom_gutter=&#8221;on&#8221; gutter_width=&#8221;2&#8243; module_id=&#8221;procedure&#8221; _builder_version=&#8221;4.16&#8243; max_width=&#8221;80%&#8221; border_width_top=&#8221;4px&#8221; border_color_top=&#8221;#210454&#8243; border_style_top=&#8221;double&#8221; global_colors_info=&#8221;{}&#8221;][et_pb_column type=&#8221;4_4&#8243; _builder_version=&#8221;4.16&#8243; global_colors_info=&#8221;{}&#8221;][et_pb_text _builder_version=&#8221;4.16&#8243; text_font_size=&#8221;18px&#8221; header_2_font=&#8221;|600|||||||&#8221; header_2_text_color=&#8221;#2a7cc8&#8243; header_2_line_height=&#8221;1.7em&#8221; locked=&#8221;off&#8221; global_colors_info=&#8221;{}&#8221;]<\/p>\n<h2>Liposuction nedir ?<\/h2>\n<p>Liposuction, istenmeyen lokalize v\u00fccut ya\u011flar\u0131n\u0131 gidermek ve v\u00fccuda \u015fekil vermek i\u00e7in uygulanan bir estetik cerrahi i\u015flemidir. Egzersiz ve\/veya tek ba\u015f\u0131na sa\u011fl\u0131kl\u0131 bir diyetle kaybedilmesi zor olan k\u00fc\u00e7\u00fck alanlardaki b\u00f6lgesel ya\u011flanmay\u0131 d\u00fczeltmek i\u00e7in uygulan\u0131r.<\/p>\n<p>Liposuction, lipoplasti olarak da bilinir. Liposuction inat\u00e7\u0131 ya\u011f depolayan ,v\u00fccudun hemen hemen her alan\u0131nda\u00a0 yap\u0131labilir. Ya\u011flar\u0131 ortadan kald\u0131rman\u0131n m\u00fckemmel bir yoludur.<\/p>\n<p>Liposuction tedavisinden sonra hastalar daha iyi\u00a0 v\u00fccut orant\u0131s\u0131 ve daha ince bir \u015fekil bekleyebilir.<\/p>\n<p>Liposuction v\u00fccut \u00fczerinde \u00e7ok say\u0131da b\u00f6lgeyi yeniden \u015fekillendirmeye yard\u0131mc\u0131 olabilir:<\/p>\n<p>&nbsp;<\/p>\n<ul>\n<li>Kar\u0131n<\/li>\n<li>Bilekler<\/li>\n<li>S\u0131rt<\/li>\n<li>Kal\u00e7a<\/li>\n<li>Bald\u0131rlar<\/li>\n<li>Basen<\/li>\n<li>\u0130\u00e7 diz<\/li>\n<li>Uyluklar<\/li>\n<li>Bel<\/li>\n<li>Kollar<\/li>\n<\/ul>\n<p>[\/et_pb_text][\/et_pb_column][\/et_pb_row][\/et_pb_section][et_pb_section fb_built=&#8221;1&#8243; _builder_version=&#8221;4.16&#8243; use_background_color_gradient=&#8221;on&#8221; background_color_gradient_direction=&#8221;90deg&#8221; background_color_gradient_stops=&#8221;#2a7cc8 0%|#210454 100%&#8221; background_color_gradient_start=&#8221;#2a7cc8&#8243; background_color_gradient_end=&#8221;#210454&#8243; locked=&#8221;off&#8221; global_colors_info=&#8221;{}&#8221; da_is_popup=&#8221;off&#8221; da_exit_intent=&#8221;off&#8221; da_has_close=&#8221;on&#8221; da_alt_close=&#8221;off&#8221; da_dark_close=&#8221;off&#8221; da_not_modal=&#8221;on&#8221; da_is_singular=&#8221;off&#8221; da_with_loader=&#8221;off&#8221; da_has_shadow=&#8221;on&#8221; da_disable_devices=&#8221;off|off|off&#8221;][et_pb_row column_structure=&#8221;1_3,1_3,1_3&#8243; _builder_version=&#8221;4.16&#8243; max_width=&#8221;80%&#8221; global_colors_info=&#8221;{}&#8221;][et_pb_column type=&#8221;1_3&#8243; _builder_version=&#8221;4.16&#8243; global_colors_info=&#8221;{}&#8221;][divienhancer_image_comparison before_upload=&#8221;https:\/\/drfatihirmak.com\/wp-content\/uploads\/2020\/04\/1-before-liposuction.jpg&#8221; before_text=&#8221;\u00d6ncesi&#8221; after_upload=&#8221;https:\/\/drfatihirmak.com\/wp-content\/uploads\/2020\/04\/1-after-liposuction.jpg&#8221; after_text=&#8221;Sonras\u0131&#8221; _builder_version=&#8221;4.16&#8243; background_color=&#8221;#88959e&#8221; custom_padding=&#8221;||||true|false&#8221; global_colors_info=&#8221;{}&#8221;][\/divienhancer_image_comparison][\/et_pb_column][et_pb_column type=&#8221;1_3&#8243; _builder_version=&#8221;4.16&#8243; global_colors_info=&#8221;{}&#8221;][divienhancer_image_comparison before_upload=&#8221;https:\/\/drfatihirmak.com\/wp-content\/uploads\/2020\/04\/2-before-liposuction.jpg&#8221; before_text=&#8221;\u00d6ncesi&#8221; after_upload=&#8221;https:\/\/drfatihirmak.com\/wp-content\/uploads\/2020\/04\/2-after-liposuction.jpg&#8221; after_text=&#8221;Sonras\u0131&#8221; _builder_version=&#8221;4.16&#8243; background_color=&#8221;#88959e&#8221; custom_padding=&#8221;||||true|false&#8221; global_colors_info=&#8221;{}&#8221;][\/divienhancer_image_comparison][\/et_pb_column][et_pb_column type=&#8221;1_3&#8243; _builder_version=&#8221;4.16&#8243; global_colors_info=&#8221;{}&#8221;][divienhancer_image_comparison before_upload=&#8221;https:\/\/drfatihirmak.com\/wp-content\/uploads\/2020\/04\/3-before-liposuction.jpg&#8221; before_text=&#8221;\u00d6ncesi&#8221; after_upload=&#8221;https:\/\/drfatihirmak.com\/wp-content\/uploads\/2020\/04\/3-after-liposuction.jpg&#8221; after_text=&#8221;Sonras\u0131&#8221; _builder_version=&#8221;4.16&#8243; background_color=&#8221;#88959e&#8221; custom_padding=&#8221;||||true|false&#8221; global_colors_info=&#8221;{}&#8221;][\/divienhancer_image_comparison][\/et_pb_column][\/et_pb_row][et_pb_row column_structure=&#8221;1_3,1_3,1_3&#8243; _builder_version=&#8221;4.16&#8243; max_width=&#8221;80%&#8221; global_colors_info=&#8221;{}&#8221;][et_pb_column type=&#8221;1_3&#8243; _builder_version=&#8221;4.16&#8243; global_colors_info=&#8221;{}&#8221;][divienhancer_image_comparison before_upload=&#8221;https:\/\/drfatihirmak.com\/wp-content\/uploads\/2020\/04\/4-before-liposuction.jpg&#8221; before_text=&#8221;\u00d6ncesi&#8221; after_upload=&#8221;https:\/\/drfatihirmak.com\/wp-content\/uploads\/2020\/04\/4-after-liposuction.jpg&#8221; after_text=&#8221;Sonras\u0131&#8221; _builder_version=&#8221;4.16&#8243; background_color=&#8221;#88959e&#8221; custom_padding=&#8221;||||true|false&#8221; global_colors_info=&#8221;{}&#8221;][\/divienhancer_image_comparison][\/et_pb_column][et_pb_column type=&#8221;1_3&#8243; _builder_version=&#8221;4.16&#8243; global_colors_info=&#8221;{}&#8221;][divienhancer_image_comparison before_upload=&#8221;https:\/\/drfatihirmak.com\/wp-content\/uploads\/2022\/08\/IMG_4631-480&#215;480.jpg&#8221; before_text=&#8221;\u00d6ncesi&#8221; after_upload=&#8221;https:\/\/drfatihirmak.com\/wp-content\/uploads\/2022\/08\/IMG_4648-480&#215;480.jpg&#8221; after_text=&#8221;Sonras\u0131&#8221; _builder_version=&#8221;4.17.6&#8243; background_color=&#8221;#88959e&#8221; custom_padding=&#8221;||||true|false&#8221; global_colors_info=&#8221;{}&#8221;][\/divienhancer_image_comparison][\/et_pb_column][et_pb_column type=&#8221;1_3&#8243; _builder_version=&#8221;4.16&#8243; global_colors_info=&#8221;{}&#8221;][et_pb_image src=&#8221;https:\/\/drfatihirmak.com\/wp-content\/uploads\/2022\/08\/IMG-5808-480&#215;480.jpg&#8221; title_text=&#8221;IMG-5808&#8243; show_in_lightbox=&#8221;on&#8221; _builder_version=&#8221;4.17.6&#8243; _module_preset=&#8221;default&#8221; global_colors_info=&#8221;{}&#8221;][\/et_pb_image][\/et_pb_column][\/et_pb_row][et_pb_row column_structure=&#8221;1_3,1_3,1_3&#8243; _builder_version=&#8221;4.16&#8243; max_width=&#8221;80%&#8221; global_colors_info=&#8221;{}&#8221;][et_pb_column type=&#8221;1_3&#8243; _builder_version=&#8221;4.16&#8243; global_colors_info=&#8221;{}&#8221;][et_pb_image src=&#8221;https:\/\/drfatihirmak.com\/wp-content\/uploads\/2022\/08\/IMG-5809-480&#215;480.jpg&#8221; title_text=&#8221;IMG-5809&#8243; show_in_lightbox=&#8221;on&#8221; _builder_version=&#8221;4.17.6&#8243; _module_preset=&#8221;default&#8221; global_colors_info=&#8221;{}&#8221;][\/et_pb_image][\/et_pb_column][et_pb_column type=&#8221;1_3&#8243; _builder_version=&#8221;4.16&#8243; global_colors_info=&#8221;{}&#8221;][et_pb_image src=&#8221;https:\/\/drfatihirmak.com\/wp-content\/uploads\/2022\/08\/IMG-5810-480&#215;480.jpg&#8221; title_text=&#8221;IMG-5810&#8243; _builder_version=&#8221;4.17.6&#8243; _module_preset=&#8221;default&#8221; global_colors_info=&#8221;{}&#8221;][\/et_pb_image][\/et_pb_column][et_pb_column type=&#8221;1_3&#8243; _builder_version=&#8221;4.17.6&#8243; _module_preset=&#8221;default&#8221; global_colors_info=&#8221;{}&#8221;][et_pb_image src=&#8221;https:\/\/drfatihirmak.com\/wp-content\/uploads\/2022\/08\/IMG-5811-480&#215;480.jpg&#8221; title_text=&#8221;IMG-5811&#8243; _builder_version=&#8221;4.17.6&#8243; _module_preset=&#8221;default&#8221; global_colors_info=&#8221;{}&#8221;][\/et_pb_image][\/et_pb_column][\/et_pb_row][\/et_pb_section][et_pb_section fb_built=&#8221;1&#8243; _builder_version=&#8221;4.16&#8243; custom_padding=&#8221;||0px|||&#8221; global_colors_info=&#8221;{}&#8221; da_is_popup=&#8221;off&#8221; da_exit_intent=&#8221;off&#8221; da_has_close=&#8221;on&#8221; da_alt_close=&#8221;off&#8221; da_dark_close=&#8221;off&#8221; da_not_modal=&#8221;on&#8221; da_is_singular=&#8221;off&#8221; da_with_loader=&#8221;off&#8221; da_has_shadow=&#8221;on&#8221; da_disable_devices=&#8221;off|off|off&#8221;][et_pb_row use_custom_gutter=&#8221;on&#8221; gutter_width=&#8221;2&#8243; module_id=&#8221;whocan&#8221; _builder_version=&#8221;4.16&#8243; max_width=&#8221;80%&#8221; border_color_top=&#8221;#210454&#8243; border_style_top=&#8221;double&#8221; global_colors_info=&#8221;{}&#8221;][et_pb_column type=&#8221;4_4&#8243; _builder_version=&#8221;4.16&#8243; global_colors_info=&#8221;{}&#8221;][et_pb_text _builder_version=&#8221;4.16&#8243; text_font_size=&#8221;18px&#8221; header_2_font=&#8221;|600|||||||&#8221; header_2_text_color=&#8221;#2a7cc8&#8243; header_2_line_height=&#8221;1.7em&#8221; locked=&#8221;off&#8221; global_colors_info=&#8221;{}&#8221;]<\/p>\n<h2>Kim yararlanabilir?<\/h2>\n<p>Bedeniniz sizi mutsuz ediyor ve \u00f6zg\u00fcven eksikli\u011fine sebep oluyorsa, \u00f6zellikle de sa\u011fl\u0131kl\u0131 bir diyet veya egzersize yan\u0131t vermiyorsan\u0131z. Liposuction istenen de\u011fi\u015fiklikleri elde etmek i\u00e7in son derece etkili bir i\u015flemdir ve hem fiziksel hem de psikolojik olarak kendinizi iyi hissetmenizi\u00a0 sa\u011flar .<\/p>\n<p><strong> Liposuction i\u00e7in en uygun aday kimdir?<\/strong><\/p>\n<p>Sa\u011fl\u0131kl\u0131 iseniz, ancak\u00a0 hala kilo veya fiziksel olarak orant\u0131s\u0131z ya\u011f da\u011f\u0131l\u0131m\u0131 ile m\u00fccadele ediyorsan\u0131z Liposuction i\u00e7in iyi bir adays\u0131n\u0131z. Liposuction hastalar\u0131 sigara i\u00e7memeli ve nispeten sa\u011flam bir cilt ve kas dokusuna sahip olmal\u0131d\u0131r.<strong style=\"font-size: 18px;\">\u00a0<\/strong><\/p>\n<h2>Liposuction Prosed\u00fcr\u00fc<\/h2>\n<p>Liposuction tedavisi i\u00e7in geldi\u011finizde , rahat hissetmeniz\u00a0 i\u00e7in \u00f6ncelikle\u00a0 yat\u0131\u015ft\u0131r\u0131c\u0131 veya anestezi verilecektir.<\/p>\n<p>Kan\u00fcl veya mikrokan\u00fcl ad\u0131 verilen ince bir t\u00fcp\u00fcn yerle\u015ftirildi\u011fi\u00a0 alanda k\u00fc\u00e7\u00fck bir kesi yap\u0131l\u0131r; ve ya\u011f \u00e7ekilir.<\/p>\n<p>Sonu\u00e7 olarak\u00a0 kan\u00fclden ya\u011flar\u0131n\u0131z vakumlan\u0131r ve ya\u011f h\u00fccreleriniz kal\u0131c\u0131 olarak yok olur. \u00a0Seans ba\u015f\u0131na 8 kg&#8217;a kadar ya\u011f al\u0131nabilir.<\/p>\n<p>Cilt elastikiyeti iyi olan\u00a0 hastalar liposuction i\u00e7in en iyi aday olarak kabul edilir.<\/p>\n<p>E\u011fer gev\u015fek ve sarkm\u0131\u015f cildiniz varsa\u00a0 Liposuction kar\u0131n germe, kol kald\u0131rma\u00a0 gibi di\u011fer prosed\u00fcrlerle birlikte uygulanabilir[\/et_pb_text][\/et_pb_column][\/et_pb_row][et_pb_row use_custom_gutter=&#8221;on&#8221; gutter_width=&#8221;2&#8243; module_id=&#8221;aware&#8221; _builder_version=&#8221;4.16&#8243; max_width=&#8221;80%&#8221; custom_padding=&#8221;0px|||||&#8221; border_color_top=&#8221;#210454&#8243; border_style_top=&#8221;double&#8221; global_colors_info=&#8221;{}&#8221;][et_pb_column type=&#8221;4_4&#8243; _builder_version=&#8221;4.16&#8243; global_colors_info=&#8221;{}&#8221;][et_pb_accordion _builder_version=&#8221;4.16&#8243; global_colors_info=&#8221;{}&#8221;][et_pb_accordion_item title=&#8221;Prof. Dr. Fatih Irmak bu prosed\u00fcr\u00fc nerede yap\u0131yor?&#8221; open=&#8221;on&#8221; open_toggle_text_color=&#8221;#f4f4f3&#8243; open_toggle_background_color=&#8221;#ffffff&#8221; closed_toggle_background_color=&#8221;#6bffff&#8221; icon_color=&#8221;#6bffff&#8221; _builder_version=&#8221;4.16&#8243; body_text_color=&#8221;#f4f4f3&#8243; use_background_color_gradient=&#8221;on&#8221; background_color_gradient_direction=&#8221;90deg&#8221; background_color_gradient_stops=&#8221;#2a7cc8 0%|#210454 100%&#8221; background_color_gradient_start=&#8221;#2a7cc8&#8243; background_color_gradient_end=&#8221;#210454&#8243; custom_margin=&#8221;0px||0px||false|false&#8221; global_colors_info=&#8221;{}&#8221; toggle_text_color=&#8221;#6bffff&#8221; toggle_level=&#8221;h5&#8243; toggle_font=&#8221;|700|||||||&#8221; toggle_font_size=&#8221;18px&#8221; closed_toggle_font=&#8221;|600|||||||&#8221; closed_toggle_text_align=&#8221;left&#8221; background__hover_enabled=&#8221;on|desktop&#8221;]Fatih Irmak, uluslararas\u0131 onayl\u0131 bir hastane ve mevcut olan en ileri teknolojilerle donat\u0131lm\u0131\u015f cerrahi merkezinde poliklinik olarak i\u015flemleri uygulamaktad\u0131r.[\/et_pb_accordion_item][et_pb_accordion_item title=&#8221;Liposuction i\u015flemi i\u00e7in ne t\u00fcr anestezi kullan\u0131l\u0131r?.&#8221; open_toggle_text_color=&#8221;#f4f4f3&#8243; open_toggle_background_color=&#8221;#ffffff&#8221; closed_toggle_background_color=&#8221;#6bffff&#8221; icon_color=&#8221;#6bffff&#8221; _builder_version=&#8221;4.16&#8243; body_text_color=&#8221;#f4f4f3&#8243; use_background_color_gradient=&#8221;on&#8221; background_color_gradient_direction=&#8221;90deg&#8221; background_color_gradient_stops=&#8221;#2a7cc8 0%|#210454 100%&#8221; background_color_gradient_start=&#8221;#2a7cc8&#8243; background_color_gradient_end=&#8221;#210454&#8243; custom_margin=&#8221;0px||0px||false|false&#8221; global_colors_info=&#8221;{}&#8221; toggle_text_color=&#8221;#6bffff&#8221; toggle_level=&#8221;h5&#8243; toggle_font=&#8221;|700|||||||&#8221; toggle_font_size=&#8221;18px&#8221; closed_toggle_font=&#8221;|600|||||||&#8221; closed_toggle_text_align=&#8221;left&#8221; background__hover_enabled=&#8221;on|desktop&#8221; title__hover_enabled=&#8221;off|desktop&#8221; open=&#8221;off&#8221;]Doktorunuz, ameliyat s\u0131ras\u0131nda rahatlaman\u0131za veya uykuya dalman\u0131za yard\u0131mc\u0131 olmak i\u00e7in yat\u0131\u015ft\u0131r\u0131c\u0131 veya genel anestezi uygulayacakt\u0131r.[\/et_pb_accordion_item][et_pb_accordion_item title=&#8221;Liposuction i\u015flemi ne kadar s\u00fcrer?&#8221; open_toggle_text_color=&#8221;#f4f4f3&#8243; open_toggle_background_color=&#8221;#ffffff&#8221; closed_toggle_background_color=&#8221;#6bffff&#8221; icon_color=&#8221;#6bffff&#8221; _builder_version=&#8221;4.16&#8243; body_text_color=&#8221;#f4f4f3&#8243; use_background_color_gradient=&#8221;on&#8221; background_color_gradient_direction=&#8221;90deg&#8221; background_color_gradient_stops=&#8221;#2a7cc8 0%|#210454 100%&#8221; background_color_gradient_start=&#8221;#2a7cc8&#8243; background_color_gradient_end=&#8221;#210454&#8243; custom_margin=&#8221;0px||0px||false|false&#8221; global_colors_info=&#8221;{}&#8221; toggle_text_color=&#8221;#6bffff&#8221; toggle_level=&#8221;h5&#8243; toggle_font=&#8221;|700|||||||&#8221; toggle_font_size=&#8221;18px&#8221; closed_toggle_font=&#8221;|600|||||||&#8221; closed_toggle_text_align=&#8221;left&#8221; background__hover_enabled=&#8221;on|desktop&#8221; title__hover_enabled=&#8221;off|desktop&#8221; open=&#8221;off&#8221;]Liposuction\u0131 tamamlamak\u00a0 bir saat ile birka\u00e7 saat aras\u0131nda s\u00fcrebilir. Prosed\u00fcr\u00fcn\u00fcz\u00fcn uzunlu\u011funu , tedavi alanlar\u0131n\u0131n say\u0131s\u0131 ve \u00e7\u0131kar\u0131lacak ya\u011f miktar\u0131 belirleyecektir.[\/et_pb_accordion_item][\/et_pb_accordion][\/et_pb_column][\/et_pb_row][et_pb_row use_custom_gutter=&#8221;on&#8221; gutter_width=&#8221;2&#8243; module_id=&#8221;expect&#8221; _builder_version=&#8221;4.16&#8243; max_width=&#8221;80%&#8221; custom_padding=&#8221;0px|||||&#8221; border_color_top=&#8221;#210454&#8243; border_style_top=&#8221;double&#8221; global_colors_info=&#8221;{}&#8221;][et_pb_column type=&#8221;4_4&#8243; _builder_version=&#8221;4.16&#8243; global_colors_info=&#8221;{}&#8221;][et_pb_text _builder_version=&#8221;4.16&#8243; text_font_size=&#8221;18px&#8221; header_2_font=&#8221;|600|||||||&#8221; header_2_text_color=&#8221;#2a7cc8&#8243; header_2_line_height=&#8221;1.7em&#8221; locked=&#8221;off&#8221; global_colors_info=&#8221;{}&#8221;]<\/p>\n<h2>Liposuction i\u015fleminden sonra ne beklenir?<\/h2>\n<p>Uyand\u0131\u011f\u0131n\u0131zda \u015fi\u015fliklerin iyile\u015fmesi i\u00e7in s\u0131k\u0131\u015ft\u0131rma giysisi ve kesiklerin oldu\u011fu b\u00f6lgelerde dren uygulan\u0131r.<\/p>\n<p>Eve gidecek duruma gelindi\u011finde , evde bak\u0131m i\u00e7in \u00f6zel talimatlar , takip ve ard\u0131ndan bandaj \u00e7\u0131kar\u0131lmas\u0131 i\u00e7in doktorunuzu tekrar ziyaret etmeniz gerekecek . Doktorunuz taraf\u0131ndan re\u00e7ete edilen t\u00fcm ila\u00e7lar\u0131 ald\u0131\u011f\u0131n\u0131zdan emin olun ve ameliyattan sonra g\u00f6\u011f\u00fcs a\u011fr\u0131s\u0131 veya nefes darl\u0131\u011f\u0131 ya\u015farsan\u0131z derhal doktorunuzu aray\u0131n.<\/p>\n<p>&nbsp;<\/p>\n<table width=\"803\">\n<tbody>\n<tr>\n<td><strong>Aktivite<\/strong><\/td>\n<td><strong>Typical Recovery Time<\/strong><\/td>\n<\/tr>\n<tr>\n<td>Du\u015f ve banyo<\/td>\n<td>Ameliyattan Sonraki G\u00fcn<\/td>\n<\/tr>\n<tr>\n<td>\u0130\u015fe d\u00f6n\u00fc\u015f<\/td>\n<td>Ameliyattan 2-3 g\u00fcn sonra<\/td>\n<\/tr>\n<tr>\n<td>Araba kullanma<\/td>\n<td>Kendinizi iyi hissetti\u011finizde<\/td>\n<\/tr>\n<tr>\n<td>Normal aktiviteler<\/td>\n<td>Kendinizi iyi hissetti\u011finizde<\/td>\n<\/tr>\n<tr>\n<td>Son \u015eekil<\/td>\n<td>3 ila 6 ay<\/td>\n<\/tr>\n<\/tbody>\n<\/table>\n<p>&nbsp;<\/p>\n<p><span style=\"color: #2a7cc8; font-size: 26px; font-weight: 600;\">Liposuction&#8217;\u0131n Di\u011fer Prosed\u00fcrlerle Birle\u015ftirilmesi<\/span><\/p>\n<p>Hastalara daha kapsaml\u0131 yeniden \u015fekillendirme ve \u015fekillendirme gerektiriyorsa, \u00e7e\u015fitli ek \u015fekillendirme ameliyatlar\u0131na girebilirler. Bu, kar\u0131n germe veya Do\u011fum Sonras\u0131 Yap\u0131land\u0131rma gibi ameliyatlar\u0131 i\u00e7erebilir.[\/et_pb_text][\/et_pb_column][\/et_pb_row][\/et_pb_section]<\/p>\n","protected":false},"excerpt":{"rendered":"<p>Liposuction nedir ? Liposuction, istenmeyen lokalize v\u00fccut ya\u011flar\u0131n\u0131 gidermek ve v\u00fccuda \u015fekil vermek i\u00e7in uygulanan bir estetik cerrahi i\u015flemidir. Egzersiz ve\/veya tek ba\u015f\u0131na sa\u011fl\u0131kl\u0131 bir diyetle kaybedilmesi zor olan k\u00fc\u00e7\u00fck alanlardaki b\u00f6lgesel ya\u011flanmay\u0131 d\u00fczeltmek i\u00e7in uygulan\u0131r. Liposuction, lipoplasti olarak da bilinir. Liposuction inat\u00e7\u0131 ya\u011f depolayan ,v\u00fccudun hemen hemen her alan\u0131nda\u00a0 yap\u0131labilir. Ya\u011flar\u0131 ortadan kald\u0131rman\u0131n m\u00fckemmel [&hellip;]<\/p>\n","protected":false},"author":1,"featured_media":2825,"parent":2087,"menu_order":0,"comment_status":"closed","ping_status":"closed","template":"","meta":{"_et_pb_use_builder":"on","_et_pb_old_content":"","_et_gb_content_width":"","footnotes":""},"class_list":["post-2105","page","type-page","status-publish","has-post-thumbnail","hentry"],"_links":{"self":[{"href":"https:\/\/www.drfatihirmak.com\/fr\/wp-json\/wp\/v2\/pages\/2105","targetHints":{"allow":["GET"]}}],"collection":[{"href":"https:\/\/www.drfatihirmak.com\/fr\/wp-json\/wp\/v2\/pages"}],"about":[{"href":"https:\/\/www.drfatihirmak.com\/fr\/wp-json\/wp\/v2\/types\/page"}],"author":[{"embeddable":true,"href":"https:\/\/www.drfatihirmak.com\/fr\/wp-json\/wp\/v2\/users\/1"}],"replies":[{"embeddable":true,"href":"https:\/\/www.drfatihirmak.com\/fr\/wp-json\/wp\/v2\/comments?post=2105"}],"version-history":[{"count":1,"href":"https:\/\/www.drfatihirmak.com\/fr\/wp-json\/wp\/v2\/pages\/2105\/revisions"}],"predecessor-version":[{"id":4064,"href":"https:\/\/www.drfatihirmak.com\/fr\/wp-json\/wp\/v2\/pages\/2105\/revisions\/4064"}],"up":[{"embeddable":true,"href":"https:\/\/www.drfatihirmak.com\/fr\/wp-json\/wp\/v2\/pages\/2087"}],"wp:featuredmedia":[{"embeddable":true,"href":"https:\/\/www.drfatihirmak.com\/fr\/wp-json\/wp\/v2\/media\/2825"}],"wp:attachment":[{"href":"https:\/\/www.drfatihirmak.com\/fr\/wp-json\/wp\/v2\/media?parent=2105"}],"curies":[{"name":"wp","href":"https:\/\/api.w.org\/{rel}","templated":true}]}}