{"id":2931,"date":"2020-09-14T23:33:42","date_gmt":"2020-09-14T20:33:42","guid":{"rendered":"https:\/\/www.drfatihirmak.com\/?page_id=2931"},"modified":"2023-01-14T23:03:09","modified_gmt":"2023-01-14T20:03:09","slug":"aumento-de-senos-estambul","status":"publish","type":"page","link":"https:\/\/www.drfatihirmak.com\/es\/meme-buyutme-istanbul","title":{"rendered":"Aumento de mamas Estambul"},"content":{"rendered":"<p><strong>Aumento mamario<\/strong> es una de las intervenciones m\u00e1s frecuentes en la actualidad. Las mujeres que no est\u00e1n satisfechas con el volumen de sus pechos ahora pueden tener el tama\u00f1o que desean someti\u00e9ndose a esta intervenci\u00f3n realizada por un cirujano pl\u00e1stico.<br \/>\n<strong>Aumento mamario<\/strong> En la actualidad, las operaciones pueden realizarse con distintos m\u00e9todos. Mientras que algunos m\u00e9dicos lo hacen con silicona, otros lo hacen con la grasa extra\u00edda del propio cuerpo de la persona. Pero el m\u00e1s utilizado entre estos m\u00e9todos es la silicona. Tambi\u00e9n existen diferentes m\u00e9todos para fabricar la silicona. Algunos cirujanos pueden realizarla desde el pez\u00f3n, otros desde debajo de la mama o de la axila. El m\u00e9todo generalmente utilizado es el procedimiento realizado bajo la mama. La silicona es un material hecho de un material especial y viene en diferentes tama\u00f1os. Al principio, el m\u00e9dico debe examinar las caracter\u00edsticas corporales de la persona y decirle qu\u00e9 tama\u00f1o y qu\u00e9 tipo de mama debe hacerse.<\/p>\n<p>Las medidas corporales, el peso y la estatura son factores muy importantes. Dado que un pecho muy grande que se haga a una mujer bajita y menuda crear\u00e1 muy mal aspecto, el examen del m\u00e9dico es muy importante en esta fase. La pr\u00f3tesis mamaria se colocar\u00e1 en esa zona con la operaci\u00f3n que se realizar\u00e1 m\u00e1s adelante. Es muy importante no cargar demasiado peso despu\u00e9s de la operaci\u00f3n, no tumbarse sobre las pr\u00f3tesis y seguir las recomendaciones del m\u00e9dico.<br \/>\nCirug\u00eda de reducci\u00f3n mamaria<br \/>\nAlgunas mujeres tambi\u00e9n tienen problemas de mamas muy grandes. En estos casos, los cirujanos realizan una operaci\u00f3n de reducci\u00f3n mamaria para devolver las mamas a un tama\u00f1o normal que se ajuste al cuerpo. En estas operaciones, se devuelve el pecho al tama\u00f1o que deber\u00eda ser normal entrando por debajo de la mama y eliminando el exceso de grasa y tejido mamario en los bordes y en el interior de la mama.<br \/>\nReducci\u00f3n de mamas y <strong>aumento de mamas<\/strong> son operaciones eficaces que se realizan con mucha frecuencia en nuestra \u00e9poca. Despu\u00e9s de la operaci\u00f3n, el paciente debe guardar reposo durante 15 d\u00edas, no debe golpearse la zona del pecho y no debe hacer deportes extenuantes. Adem\u00e1s, despu\u00e9s de estas operaciones, la persona no debe llevar sujetador normal durante un tiempo, el sujetador quir\u00fargico que se aplica durante la cirug\u00eda. Debe utilizarse durante 4-6 semanas.<\/p>\n<h2>Aumento de mamas Estambul<\/h2>\n<p>Dado que el pecho es un \u00f3rgano que muestra tanto la maternidad como la feminidad de una mujer, tener un aspecto bonito es muy importante para las mujeres. Una mujer cuyos pechos son demasiado grandes o demasiado peque\u00f1os de lo que deber\u00edan ser puede experimentar graves problemas debido a esta situaci\u00f3n. Mientras que las mujeres con pechos grandes tienen problemas como no encontrar ropa, dolor de espalda, enrojecimiento y sarpullido bajo el pecho, las mujeres con pechos peque\u00f1os tienen problemas psicol\u00f3gicos como no sentirse mujer.<\/p>\n<p>Hoy en d\u00eda, estos dos problemas pueden solucionarse en muy poco tiempo. <strong>Aumento mamario<\/strong> se ha convertido en una operaci\u00f3n que las mujeres solicitan muy a menudo. Para ello, primero debe encontrar un buen m\u00e9dico y un buen hospital y sentirse preparada para la operaci\u00f3n. Despu\u00e9s de la operaci\u00f3n, debe ausentarse de su trabajo durante un tiempo y dedicarlo a descansar. <strong>Aumento mamario<\/strong> Las cirug\u00edas se realizan tanto con pr\u00f3tesis mamarias como tomando el tejido graso del propio cuerpo de la persona y transplant\u00e1ndolo a la mama. La implantaci\u00f3n de pr\u00f3tesis mamarias es un procedimiento mucho m\u00e1s com\u00fan. En este procedimiento, el m\u00e9dico entra por debajo de la mama o por el pez\u00f3n, seg\u00fan prefiera. Con los avances de la medicina, aunque se realice este procedimiento, los conductos galact\u00f3foros no resultan da\u00f1ados y las mujeres pueden incluso amamantar a sus hijos despu\u00e9s de estas intervenciones. Despu\u00e9s de estas operaciones, el m\u00e9dico inicia un tratamiento con analg\u00e9sicos y antibi\u00f3ticos y hace algunas recomendaciones. No deben ignorarse la hinchaz\u00f3n y los hematomas que pueden aparecer en los primeros d\u00edas, que desaparecer\u00e1n espont\u00e1neamente.<\/p>\n<p>En las operaciones de reducci\u00f3n mamaria, all\u00ed donde hay una prevalencia, el m\u00e9dico retira el exceso de grasa y tejido mamario de esa zona y lleva la mama a una forma normal, reduci\u00e9ndola y eliminando su aspecto com\u00fan. Tras estas intervenciones, la paciente debe guardar reposo durante 15 d\u00edas y utilizar sujetadores especiales, no debe tumbarse sobre el pecho y no debe recibir golpes en esa zona.<\/p>\n<p><strong>Operaci\u00f3n de elevaci\u00f3n de mamas (mastopexia)<\/strong><\/p>\n<p><strong>Riesgos<\/strong><\/p>\n<p>Las complicaciones habituales son la reacci\u00f3n anest\u00e9sica, la hemorragia y la infecci\u00f3n.Tras la cirug\u00eda de elevaci\u00f3n mamaria, a veces las mamas pueden no ser perfectamente sim\u00e9tricas y la altura de los pezones puede ser ligeramente diferente.Algunas correcciones menores pueden hacerse posteriormente.En muy raras ocasiones, puede haber p\u00e9rdida permanente de sensibilidad alrededor del pez\u00f3n y la areola.<\/p>\n<p><strong>Proceso operativo<\/strong><\/p>\n<p>Esta intervenci\u00f3n se realiza en r\u00e9gimen ambulatorio, por lo que es conveniente que un acompa\u00f1ante le lleve a casa despu\u00e9s de la operaci\u00f3n y se quede con usted al menos la primera noche.<\/p>\n<p>La aspirina y diversas infusiones de hierbas pueden aumentar el riesgo de hemorragia. Por lo tanto, no debe tomar esos medicamentos durante cierto tiempo antes de la operaci\u00f3n. Su m\u00e9dico le dar\u00e1 informaci\u00f3n detallada sobre lo que debe y no debe hacer antes de la operaci\u00f3n.<\/p>\n<p><strong>Operaci\u00f3n de elevaci\u00f3n de mamas (mastopexia)<\/strong><\/p>\n<p><strong>Actividades postoperatorias<\/strong><\/p>\n<p>Por lo general, los pacientes pueden reanudar sus actividades cotidianas al d\u00eda siguiente de la intervenci\u00f3n. Sin embargo, debe evitar ciertas actividades extenuantes durante al menos una semana y no debe levantar nada que pese m\u00e1s de 5 kg durante las dos primeras semanas. Los ejercicios que hacen trabajar los m\u00fasculos pectorales, correr y saltar son arriesgados durante unas seis semanas.<\/p>\n<p><strong>Expectativas postoperatorias<\/strong><\/p>\n<p>Habr\u00e1 algo de hinchaz\u00f3n y hematomas, y las mamas tardar\u00e1n alg\u00fan tiempo en volver completamente a su posici\u00f3n natural, lo que puede llevar hasta varias semanas, y los resultados exactos de la cirug\u00eda ser\u00e1n evidentes tras el proceso de cicatrizaci\u00f3n.<\/p>\n<p>Puede producirse una p\u00e9rdida de sensibilidad en el pez\u00f3n, que volver\u00e1 a la normalidad al cabo de un mes. Aunque es muy poco frecuente, esta p\u00e9rdida de sensibilidad puede ser permanente.<\/p>\n<p><strong>Resultados<\/strong><\/p>\n<p>El objetivo de la intervenci\u00f3n de elevaci\u00f3n de mamas es conseguir que los senos est\u00e9n m\u00e1s firmes, m\u00e1s erguidos y desplazar el pez\u00f3n y la areola a un lugar est\u00e9ticamente m\u00e1s adecuado y conseguir un mejor aspecto.<\/p>\n<p>Las incisiones realizadas cicatrizar\u00e1n y desaparecer\u00e1n con el tiempo, pero hay que tener en cuenta que las cicatrices son permanentes. En algunos casos, s\u00f3lo permanecen como una cicatriz tenue, pero en algunos pacientes pueden ser m\u00e1s prominentes.<\/p>\n<p>A menos que se produzca un cambio significativo en su peso o un embarazo, los resultados de la cirug\u00eda de elevaci\u00f3n de mamas son duraderos, pero la gravedad y el envejecimiento afectar\u00e1n, por supuesto, a la nueva forma de sus mamas con el paso del tiempo.<\/p>","protected":false},"excerpt":{"rendered":"<p>Meme b\u00fcy\u00fctme i\u015flemi g\u00fcn\u00fcm\u00fczde en s\u0131k yap\u0131lan operasyonlar aras\u0131nda \u00fcst s\u0131ralarda yer alan bir operasyondur. Meme hacminden memnun olmayan kad\u0131nlar art\u0131k estetik cerrah arac\u0131l\u0131\u011f\u0131 ile bu i\u015flemi yapt\u0131rarak istedi\u011fi meme boyutlar\u0131na sahip olabilmektedir. Meme b\u00fcy\u00fctme i\u015flemleri art\u0131k farkl\u0131 y\u00f6ntemler ile yap\u0131labilmektedir. Baz\u0131 hekimler silikon ile bunu yapar iken baz\u0131 hekimlerde ki\u015finin kendi v\u00fccudundan alm\u0131\u015f oldu\u011fu [&hellip;]<\/p>\n","protected":false},"author":1,"featured_media":0,"parent":0,"menu_order":0,"comment_status":"closed","ping_status":"closed","template":"","meta":{"_et_pb_use_builder":"","_et_pb_old_content":"","_et_gb_content_width":"","footnotes":""},"class_list":["post-2931","page","type-page","status-publish","hentry"],"_links":{"self":[{"href":"https:\/\/www.drfatihirmak.com\/es\/wp-json\/wp\/v2\/pages\/2931","targetHints":{"allow":["GET"]}}],"collection":[{"href":"https:\/\/www.drfatihirmak.com\/es\/wp-json\/wp\/v2\/pages"}],"about":[{"href":"https:\/\/www.drfatihirmak.com\/es\/wp-json\/wp\/v2\/types\/page"}],"author":[{"embeddable":true,"href":"https:\/\/www.drfatihirmak.com\/es\/wp-json\/wp\/v2\/users\/1"}],"replies":[{"embeddable":true,"href":"https:\/\/www.drfatihirmak.com\/es\/wp-json\/wp\/v2\/comments?post=2931"}],"version-history":[{"count":0,"href":"https:\/\/www.drfatihirmak.com\/es\/wp-json\/wp\/v2\/pages\/2931\/revisions"}],"wp:attachment":[{"href":"https:\/\/www.drfatihirmak.com\/es\/wp-json\/wp\/v2\/media?parent=2931"}],"curies":[{"name":"wp","href":"https:\/\/api.w.org\/{rel}","templated":true}]}}