{"id":2928,"date":"2020-09-14T01:21:52","date_gmt":"2020-09-13T22:21:52","guid":{"rendered":"https:\/\/www.drfatihirmak.com\/?page_id=2928"},"modified":"2023-01-14T23:03:09","modified_gmt":"2023-01-14T20:03:09","slug":"rinoplastia-en-turquia","status":"publish","type":"page","link":"https:\/\/www.drfatihirmak.com\/es\/rhinoplasty-in-turkey","title":{"rendered":"Rinoplastia en Turqu\u00eda"},"content":{"rendered":"<p>Desde la correcci\u00f3n de heridas de guerra hasta el alivio de problemas respiratorios, el arte y la ciencia del <strong>rinoplastia<\/strong> se ha ido perfeccionando a lo largo de cientos de a\u00f1os. Los antiguos egipcios fueron los primeros en experimentar con la reforma de la nariz mediante cirug\u00eda, y los escritos indios del a\u00f1o 500 a.C. describen una experiencia temprana en el modelado del cart\u00edlago y el hueso nasales. La ciencia moderna, que comenz\u00f3 hace s\u00f3lo 200 a\u00f1os, permiti\u00f3 el r\u00e1pido avance de las t\u00e9cnicas quir\u00fargicas probadas. Ahora es m\u00e1s r\u00e1pido, m\u00e1s seguro y con menos tiempo de inactividad que nunca.<\/p>\n<p>La elecci\u00f3n de un cirujano pl\u00e1stico es posiblemente el paso m\u00e1s importante a la hora de someterse a una rinoplastia. Como todos los procedimientos m\u00e9dicos, los cirujanos requieren una formaci\u00f3n s\u00f3lida, basada en la ciencia y la medicina. Un signo inequ\u00edvoco de que un cirujano est\u00e1 cualificado es la certificaci\u00f3n de una junta prestigiosa, como la Sociedad Americana de Cirujanos Pl\u00e1sticos. Es importante tener en cuenta que cualquier m\u00e9dico con licencia puede anunciarse legalmente como \"cirujano pl\u00e1stico\" o \"cirujano est\u00e9tico\". La clave est\u00e1 en encontrar un m\u00e9dico que haya sido reconocido en el campo de la cirug\u00eda pl\u00e1stica como poseedor de educaci\u00f3n y formaci\u00f3n especializadas.<\/p>\n<h2>Rinoplastia en Turqu\u00eda<\/h2>\n<p>A diferencia de otras cirug\u00edas est\u00e9ticas sencillas, como el aumento de mamas, la nariz requiere delicadeza y el ojo de un artista para los detalles, y es una de las m\u00e1s dif\u00edciles de todas las cirug\u00edas pl\u00e1sticas. Esculpir la nariz para darle la forma perfecta deseada es como esculpir una obra de arte en piedra. Por lo tanto, es crucial investigar <strong>rinoplastia<\/strong> especialistas no s\u00f3lo por su formaci\u00f3n y su certificaci\u00f3n, sino tambi\u00e9n por su cartera de trabajos. Los cirujanos tendr\u00e1n una serie de fotos de antes y despu\u00e9s de pacientes anteriores, muchas de las cuales est\u00e1n disponibles en el sitio web de la consulta. Para juzgar mejor el trabajo que un cirujano pl\u00e1stico es capaz de realizar, hay que buscar pacientes anteriores que tuvieran un tama\u00f1o y una forma de nariz similares.<\/p>\n<p>Establecer contactos con otras personas que han recibido tambi\u00e9n desempe\u00f1a un papel en la investigaci\u00f3n. Algunos pueden tener quejas sobre los resultados de su procedimiento, mientras que otros pueden no gustar el trato del m\u00e9dico. Esta informaci\u00f3n permite tomar una decisi\u00f3n m\u00e1s informada a la hora de elegir un cirujano pl\u00e1stico. Tenga en cuenta que es posible que el cirujano m\u00e1s adecuado no viva en un radio de 80 km de su domicilio. Ponerse en contacto con pacientes de todo el pa\u00eds ampl\u00eda la b\u00fasqueda y aumenta las probabilidades de encontrar al m\u00e9dico adecuado. Las molestias del viaje y el coste deben sopesarse frente a la importancia de obtener buenos resultados. Los veteranos de la intervenci\u00f3n tambi\u00e9n pueden dar consejos \u00fatiles sobre qu\u00e9 esperar antes, durante y despu\u00e9s de la intervenci\u00f3n.<\/p>\n<p>Todas las operaciones de nariz comienzan con una consulta m\u00e9dica. Las conversaciones con un cirujano pl\u00e1stico suelen abarcar el motivo por el que se busca tratamiento, el resultado deseado y una serie de opciones de tratamiento. Las razones para buscar tratamiento pueden incluir enderezar el puente, simetrizar las fosas nasales o una mir\u00edada de otras razones est\u00e9ticas, as\u00ed como una necesidad m\u00e9dica, como una lesi\u00f3n y\/o dificultad para respirar. Los m\u00e9dicos deben ayudar al paciente a definir un objetivo claro. Para ello, a veces el paciente debe traer fotos de narices que puedan ser adecuadas para su cara; adem\u00e1s, <strong>rinoplastia enTurqu\u00eda<\/strong> Los especialistas suelen utilizar im\u00e1genes generadas por ordenador para mostrar al paciente el aspecto que puede tener tras la intervenci\u00f3n. En \u00faltima instancia, el m\u00e9dico debe determinar si las peticiones del paciente son realistas y si est\u00e1 mentalmente capacitado para la cirug\u00eda pl\u00e1stica. Los buenos candidatos para la cirug\u00eda pueden enumerar problemas de autoestima o intimidaci\u00f3n, pero signos claros de problemas como la dismorfia corporal pueden ser motivo para que el cirujano se niegue a tratar al paciente. Una vez que el m\u00e9dico y el paciente llegan a un acuerdo sobre la mejor opci\u00f3n de tratamiento y se han acordado los planes de pago, puede fijarse la fecha de la intervenci\u00f3n.<\/p>\n<p>En <strong>rinoplastia <\/strong>cirug\u00eda, el cirujano utilizar\u00e1 uno de los dos m\u00e9todos principales. En muchos pacientes, la mayor\u00eda de las incisiones se realizan en el interior de la nariz, a trav\u00e9s de la fosa nasal, para reducir las cicatrices. Esta t\u00e9cnica se conoce como \"procedimiento cerrado\". Dependiendo de las necesidades del paciente, el cirujano puede optar por realizar una incisi\u00f3n en la piel situada entre las fosas nasales, conocida como columela. Esta \"apertura\" permite levantar la piel para acceder completamente a la parte inferior. A continuaci\u00f3n, el cirujano esculpe cuidadosamente la nariz insertando o retirando cart\u00edlago y\/o hueso antes de suturar la nariz para cerrarla. Los puntos de sutura modernos est\u00e1n dise\u00f1ados para disolverse y reabsorberse en el cuerpo sin causar da\u00f1os, lo que evita la necesidad de volver al m\u00e9dico para que retire los puntos. La cicatrizaci\u00f3n completa puede tardar hasta un a\u00f1o, mientras que la hinchaz\u00f3n y los hematomas deber\u00edan desaparecer en cuesti\u00f3n de d\u00edas. Es sumamente importante mantener la nariz en su sitio con f\u00e9rulas y evitar lesiones en la zona hasta que se fije. Incluso favorecer un lado al dormir puede hacer que la nariz se desplace y cicatrice de forma inadecuada. Los cuidados postoperatorios deben discutirse con el m\u00e9dico y recibirse por escrito para asegurar los mejores resultados.<\/p>\n<p>Ninguna operaci\u00f3n de nariz est\u00e1 completa sin tener en cuenta el coste. La mayor\u00eda de las compa\u00f1\u00edas de seguros no cubren las cirug\u00edas cosm\u00e9ticas, u opcionales. Ciertos procedimientos de la nariz, como septoplastias, est\u00e1n cubiertos como un tratamiento m\u00e9dico para aliviar las infecciones cr\u00f3nicas de los senos paranasales, problemas respiratorios, defectos de nacimiento, y otras condiciones similares. Dado que muchos pacientes pagan de su bolsillo peque\u00f1os ajustes est\u00e9ticos, puede haber una tendencia a inclinarse por cirujanos menos caros. Sin embargo, estas inversiones no suelen compensar a largo plazo. Una buena parte de las rinoplastias son correctivas, lo que significa que los cirujanos arreglan lo que otros m\u00e9dicos produjeron porque el paciente no estaba satisfecho con los resultados iniciales. El coste de m\u00faltiples cirug\u00edas est\u00e9ticas puede dispararse. Por lo tanto, es imperativo que la primera cirug\u00eda produzca los mejores resultados posibles, incluso si eso significa pagar un poco m\u00e1s por adelantado. Un cirujano pl\u00e1stico cualificado y con experiencia en <strong>rinoplastia<\/strong> marca la diferencia.<\/p>","protected":false},"excerpt":{"rendered":"<p>From correcting battle wounds to alleviating breathing problems, the art and science of rhinoplasty has been refined over hundreds of years. Ancient Egyptians were the first known to experiment in reformation of the nose through surgery, and Indian writings from 500 B.C. depict an early expertise in the shaping of nasal cartilage and bone. Modern [&hellip;]<\/p>\n","protected":false},"author":1,"featured_media":0,"parent":0,"menu_order":0,"comment_status":"closed","ping_status":"closed","template":"","meta":{"_et_pb_use_builder":"","_et_pb_old_content":"","_et_gb_content_width":"","footnotes":""},"class_list":["post-2928","page","type-page","status-publish","hentry"],"_links":{"self":[{"href":"https:\/\/www.drfatihirmak.com\/es\/wp-json\/wp\/v2\/pages\/2928","targetHints":{"allow":["GET"]}}],"collection":[{"href":"https:\/\/www.drfatihirmak.com\/es\/wp-json\/wp\/v2\/pages"}],"about":[{"href":"https:\/\/www.drfatihirmak.com\/es\/wp-json\/wp\/v2\/types\/page"}],"author":[{"embeddable":true,"href":"https:\/\/www.drfatihirmak.com\/es\/wp-json\/wp\/v2\/users\/1"}],"replies":[{"embeddable":true,"href":"https:\/\/www.drfatihirmak.com\/es\/wp-json\/wp\/v2\/comments?post=2928"}],"version-history":[{"count":0,"href":"https:\/\/www.drfatihirmak.com\/es\/wp-json\/wp\/v2\/pages\/2928\/revisions"}],"wp:attachment":[{"href":"https:\/\/www.drfatihirmak.com\/es\/wp-json\/wp\/v2\/media?parent=2928"}],"curies":[{"name":"wp","href":"https:\/\/api.w.org\/{rel}","templated":true}]}}