{"id":2922,"date":"2020-09-12T00:00:46","date_gmt":"2020-09-11T21:00:46","guid":{"rendered":"https:\/\/www.drfatihirmak.com\/?page_id=2922"},"modified":"2023-01-14T23:03:09","modified_gmt":"2023-01-14T20:03:09","slug":"cirugia-estetica-de-la-nariz","status":"publish","type":"page","link":"https:\/\/www.drfatihirmak.com\/es\/burun-estetigi-ameliyati","title":{"rendered":"Cirug\u00eda est\u00e9tica de la nariz"},"content":{"rendered":"<p>[et_pb_section admin_label=&#8221;section&#8221;]<br \/>\n\t\t\t[et_pb_row admin_label=&#8221;row&#8221;]<br \/>\n\t\t\t\t[et_pb_column type=&#8221;4_4&#8243;][et_pb_text admin_label=&#8221;Text&#8221;]Do\u011fu\u015ftan meydana gelmi\u015f olan veya kaza sonucu yap\u0131s\u0131nda bozukluklar olu\u015fan burnun g\u00fcn\u00fcm\u00fcz ko\u015fullar\u0131nda <strong>burun esteti\u011fi ameliyat\u0131<\/strong> ile istenilen g\u00f6r\u00fcn\u00fcme kavu\u015fturulmas\u0131 m\u00fcmk\u00fcnd\u00fcr. Bu ameliyat ile burnun k\u00fc\u00e7\u00fclt\u00fcp b\u00fcy\u00fct\u00fclmesi, ucunun kald\u0131r\u0131lmas\u0131 ya da k\u00f6t\u00fc g\u00f6r\u00fcn\u00fcme sebep olabilen burun kemi\u011finin al\u0131nmas\u0131 gibi i\u015flemler yap\u0131labilmektedir.<\/p>\n<p>Genel anestezi uygulanmakta olan <em><strong>burun esteti\u011fi<\/strong><\/em> ameliyat\u0131nda cerrahi m\u00fcdahale yakla\u015f\u0131k 2 saat s\u00fcrmektedir. <strong>Burun esteti\u011fi ameliyat\u0131<\/strong> sonras\u0131nda ise ayn\u0131 g\u00fcn ya da ertesi g\u00fcn taburcu olarak hastalar eve gidebilmektedir. Hastalar\u0131n birka\u00e7 g\u00fcn dinlenmesi gereken s\u00fcrenin ard\u0131ndan yap\u0131lacak olan doktor kontrol\u00fc sonras\u0131nda ise i\u015f hayat\u0131na d\u00f6nmeleri m\u00fcmk\u00fcnd\u00fcr.<\/p>\n<p><strong>Burun esteti\u011fi<\/strong> ameliyat\u0131 sonras\u0131nda doktorunuz taraf\u0131ndan verilecek olan ila\u00e7lar\u0131 kullanmas\u0131 do\u011frultusunda a\u011fr\u0131lar en aza inecektir. Doktorlar taraf\u0131ndan zorunlu ihtiya\u00e7lar\u0131n d\u0131\u015f\u0131nda birka\u00e7 g\u00fcn yataktan kalk\u0131lmamas\u0131 \u00f6neriler aras\u0131ndad\u0131r. Buruna uygulanan tampon sebebiyle nefes almada zorluk ya\u015fanabilece\u011finden dolay\u0131 daha \u00e7ok a\u011f\u0131zdan nefes al\u0131nmal\u0131d\u0131r. Hap\u015f\u0131rma eyleminin hissedildi\u011fi durumlarda ise a\u011f\u0131z a\u00e7\u0131k olacak \u015fekilde derince nefes al\u0131narak bu durum atlat\u0131labilir. Burundaki tamponlar\u0131n \u00e7\u0131kar\u0131lmas\u0131 sonras\u0131ndaki 1 ile 4 ayl\u0131k s\u00fcre\u00e7 i\u00e7erisinde nefes almada zorluk devam edebilir.<\/p>\n<p><strong>Burun Esteti\u011fi \u00d6ncesindeki S\u00fcre\u00e7<\/strong><\/p>\n<p>Ameliyat \u00f6ncesinde doktor ile g\u00f6r\u00fc\u015fme s\u0131ras\u0131nda hastalar daha \u00f6nceden ge\u00e7irmi\u015f olduklar\u0131 ameliyatlar\u0131, kulland\u0131klar\u0131 ila\u00e7lar\u0131 veya varsa sigara kullan\u0131m\u0131 ve solunum g\u00fc\u00e7l\u00fc\u011f\u00fc gibi bilgileri doktora iletmelidir. Yap\u0131lacak olan cerrahi m\u00fcdahale i\u00e7in baz\u0131 ila\u00e7lar ve t\u00fct\u00fcn kullan\u0131m\u0131n\u0131n sonland\u0131r\u0131lmas\u0131 istenebilir. Estetik ama\u00e7l\u0131 olan bu ameliyat\u0131n \u00fccreti baz\u0131 sigorta poli\u00e7eleri taraf\u0131ndan \u00f6denmez ve klinik taraf\u0131ndan belirtilen <strong>burun esteti\u011fi<\/strong> fiyatlar\u0131 hastalar taraf\u0131ndan kar\u015f\u0131lan\u0131r.<\/p>\n<p><strong>Burun Esteti\u011fi Ameliyat\u0131 S\u00fcreci<\/strong><\/p>\n<p>Burun delikleri i\u00e7erisinden yap\u0131lacak olan kesimler cerrahi m\u00fcdahalenin ilk a\u015famas\u0131d\u0131r. Daha sonra hastan\u0131n burnundaki problemlere ba\u011fl\u0131 olarak, varsa burnun s\u0131rt\u0131ndaki, ucundaki ve i\u00e7indeki sorunlar giderilir. Bu i\u015flemlerin sonras\u0131nda ise burun deliklerine tampon uyguland\u0131ktan sonra al\u00e7\u0131 atel ile kaplan\u0131r ve ameliyat sonland\u0131r\u0131l\u0131r. Hastan\u0131n g\u00f6z kapaklar\u0131nda meydana gelebilecek morluk ve \u015fi\u015fli\u011fi en aza indirebilmek amac\u0131yla g\u00f6z kapaklar\u0131na flaster uygulan\u0131r. <strong>Burun esteti\u011fi ameliyat\u0131<\/strong> sonras\u0131nda halsizlik, burun a\u011fr\u0131s\u0131 veya ba\u015f a\u011fr\u0131s\u0131 gibi \u015fikayetler meydana gelebilmektedir.<\/p>\n<p><strong>Burun Esteti\u011fi Ameliyat\u0131 Sonras\u0131nda G\u00f6r\u00fclen Komplikasyonlar<\/strong><\/p>\n<p><strong>Burun esteti\u011fi<\/strong> ameliyat\u0131 sonras\u0131nda komplikasyonlar\u0131n olu\u015fma riski, m\u00fcdahaleyi yapacak olan cerrah\u0131n deneyimi ile orant\u0131l\u0131d\u0131r. Ancak en deneyimli cerrahlar taraf\u0131ndan yap\u0131lan m\u00fcdahaleler sonras\u0131nda bile belirli bir oranda risk mevcuttur. Burunda meydana gelecek kanama enfeksiyon gibi unsurlar bu risklere \u00f6rnek g\u00f6sterilebilir. Burun deliklerinde yap\u0131lacak k\u00fc\u00e7\u00fcltme ameliyat\u0131 (a\u00e7\u0131k burun ameliyat\u0131) d\u0131\u015f\u0131nda kalan estetik m\u00fcdahalelerde, ameliyat\u0131n burun delikleri i\u00e7erisinden ger\u00e7ekle\u015fmesi sebebiyle iz g\u00f6r\u00fclmez, a\u00e7\u0131k olan yap\u0131lan burun ameliyat\u0131 sonras\u0131nda ise burnun alt k\u0131sm\u0131nda iz olu\u015fmaktad\u0131r.<\/p>\n<p><strong>Burun Ameliyat Sonras\u0131nda \u0130yile\u015fme S\u00fcresi<\/strong><\/p>\n<p>Hasta bir hafta s\u00fcreyle burnunun \u00fczerinde k\u00fc\u00e7\u00fck bir al\u00e7\u0131 ta\u015f\u0131r. \u0130lk birka\u00e7 g\u00fcn burundan hafif kan s\u0131z\u0131nt\u0131lar\u0131n\u0131n olmas\u0131 do\u011fald\u0131r. Birka\u00e7 hafta s\u00fcre boyunca burundaki \u00f6dem sebebiyle hastada nefes alma g\u00fc\u00e7l\u00fc\u011f\u00fc olabilir. \u0130lk bir hafta i\u00e7inde (al\u00e7\u0131l\u0131 d\u00f6nemde) hasta hemen her istedi\u011fini yapabilir; herhangi bir k\u0131s\u0131tlama s\u00f6z konusu de\u011fildir. Al\u00e7\u0131y\u0131 \u0131slatmamak ko\u015fuluyla du\u015f alabilir, d\u0131\u015far\u0131ya \u00e7\u0131kabilir, i\u015fine gidebilir. En dikkat edilmesi gereken konu 4 ay g\u00f6zl\u00fck kullan\u0131lmamas\u0131 gerekti\u011fidir. Direkt temas gerektiren sporlardan uzak durulmas\u0131 \u00f6nerilir. Sekiz ay boyunca belirli aral\u0131klarla doktorunuz taraf\u0131ndan kontrol edilmeniz uygun olur. Bir hafta sonunda burnun \u00fczerindeki al\u00e7\u0131 al\u0131n\u0131r ve hastan\u0131n ayna ile olan dostlu\u011fu ba\u015flar!<\/p>\n<p><strong>Dikkat Edilmesi Gerekenler<\/strong><\/p>\n<p>\u2022 <strong>Burun esteti\u011fi<\/strong> sonras\u0131nda yerle\u015ftirilen tamponlar nefes alman\u0131zda, g\u00f6z kapaklar\u0131nda bulunan flasterlar ise g\u00f6rmenizde zorlu\u011fa sebebiyet verir. Bunlara doktor taraf\u0131ndan \u00e7\u0131kar\u0131lana kadar dokunulmamas\u0131 gerekmektedir.<br \/>\n\u2022 Burun esteti\u011fi sonras\u0131nda yerle\u015ftirilen tamponlar nefes alman\u0131zda, g\u00f6z kapaklar\u0131nda bulunan flasterlar ise g\u00f6rmenizde zorlu\u011fa sebebiyet verir. Bunlara doktor taraf\u0131ndan \u00e7\u0131kar\u0131lana kadar dokunulmamas\u0131 gerekmektedir.<br \/>\n\u2022 Uyuma veya dinlenme esnas\u0131nda en az iki yast\u0131k kullanmaya dikkat edilmelidir. Ba\u015f\u0131 y\u00fcksek tutmak, olu\u015fabilecek \u015fi\u015flik ve morluklar\u0131n en aza inmesini sa\u011flayacakt\u0131r.<br \/>\n\u2022 Burundan ara s\u0131ra az miktarda s\u0131z\u0131nt\u0131 \u015feklinde kan gelmesi normal bir durumdur. Ancak uzun s\u00fcrmesi durumunda doktorunuza bildirilmelidir.<br \/>\n\u2022 Ameliyat s\u00fcrecinde uygulanan al\u00e7\u0131 atelin doktor taraf\u0131ndan belirtti\u011fi zamanda \u00e7\u0131kar\u0131lmas\u0131, burnun \u015fekillenmesi a\u00e7\u0131s\u0131ndan daha iyi sonu\u00e7 almaya yarayacakt\u0131r.<br \/>\n\u2022 Di\u015f f\u0131r\u00e7alarken yumu\u015fak di\u015f f\u0131r\u00e7as\u0131 kullanmal\u0131 ve burnunuzla oynamay\u0131p darbe almamaya \u00e7al\u0131\u015fmal\u0131s\u0131n\u0131z.<br \/>\n\u2022 Al\u00e7\u0131 atelin \u00e7\u0131kar\u0131lmas\u0131ndan sonra burnunuz size fazla kalk\u0131k gelebilir. 5-10 derecelik bir inme ilk ay i\u00e7erisinde ger\u00e7ekle\u015fecektir.[\/et_pb_text][\/et_pb_column]<br \/>\n\t\t\t[\/et_pb_row]<br \/>\n\t\t[\/et_pb_section]<\/p>\n","protected":false},"excerpt":{"rendered":"<p>Do\u011fu\u015ftan meydana gelmi\u015f olan veya kaza sonucu yap\u0131s\u0131nda bozukluklar olu\u015fan burnun g\u00fcn\u00fcm\u00fcz ko\u015fullar\u0131nda burun esteti\u011fi ameliyat\u0131 ile istenilen g\u00f6r\u00fcn\u00fcme kavu\u015fturulmas\u0131 m\u00fcmk\u00fcnd\u00fcr. Bu ameliyat ile burnun k\u00fc\u00e7\u00fclt\u00fcp b\u00fcy\u00fct\u00fclmesi, ucunun kald\u0131r\u0131lmas\u0131 ya da k\u00f6t\u00fc g\u00f6r\u00fcn\u00fcme sebep olabilen burun kemi\u011finin al\u0131nmas\u0131 gibi i\u015flemler yap\u0131labilmektedir. Genel anestezi uygulanmakta olan burun esteti\u011fi ameliyat\u0131nda cerrahi m\u00fcdahale yakla\u015f\u0131k 2 saat s\u00fcrmektedir. Burun [&hellip;]<\/p>\n","protected":false},"author":1,"featured_media":0,"parent":0,"menu_order":0,"comment_status":"closed","ping_status":"closed","template":"","meta":{"_et_pb_use_builder":"on","_et_pb_old_content":"Do\u011fu\u015ftan meydana gelmi\u015f olan veya kaza sonucu yap\u0131s\u0131nda bozukluklar olu\u015fan burnun g\u00fcn\u00fcm\u00fcz ko\u015fullar\u0131nda <strong>burun esteti\u011fi ameliyat\u0131<\/strong> ile istenilen g\u00f6r\u00fcn\u00fcme kavu\u015fturulmas\u0131 m\u00fcmk\u00fcnd\u00fcr. Bu ameliyat ile burnun k\u00fc\u00e7\u00fclt\u00fcp b\u00fcy\u00fct\u00fclmesi, ucunun kald\u0131r\u0131lmas\u0131 ya da k\u00f6t\u00fc g\u00f6r\u00fcn\u00fcme sebep olabilen burun kemi\u011finin al\u0131nmas\u0131 gibi i\u015flemler yap\u0131labilmektedir.\r\n\r\nGenel anestezi uygulanmakta olan <em><strong>burun esteti\u011fi<\/strong><\/em> ameliyat\u0131nda cerrahi m\u00fcdahale yakla\u015f\u0131k 2 saat s\u00fcrmektedir. <strong>Burun esteti\u011fi ameliyat\u0131<\/strong> sonras\u0131nda ise ayn\u0131 g\u00fcn ya da ertesi g\u00fcn taburcu olarak hastalar eve gidebilmektedir. Hastalar\u0131n birka\u00e7 g\u00fcn dinlenmesi gereken s\u00fcrenin ard\u0131ndan yap\u0131lacak olan doktor kontrol\u00fc sonras\u0131nda ise i\u015f hayat\u0131na d\u00f6nmeleri m\u00fcmk\u00fcnd\u00fcr.\r\n\r\n<strong>Burun esteti\u011fi<\/strong> ameliyat\u0131 sonras\u0131nda doktorunuz taraf\u0131ndan verilecek olan ila\u00e7lar\u0131 kullanmas\u0131 do\u011frultusunda a\u011fr\u0131lar en aza inecektir. Doktorlar taraf\u0131ndan zorunlu ihtiya\u00e7lar\u0131n d\u0131\u015f\u0131nda birka\u00e7 g\u00fcn yataktan kalk\u0131lmamas\u0131 \u00f6neriler aras\u0131ndad\u0131r. Buruna uygulanan tampon sebebiyle nefes almada zorluk ya\u015fanabilece\u011finden dolay\u0131 daha \u00e7ok a\u011f\u0131zdan nefes al\u0131nmal\u0131d\u0131r. Hap\u015f\u0131rma eyleminin hissedildi\u011fi durumlarda ise a\u011f\u0131z a\u00e7\u0131k olacak \u015fekilde derince nefes al\u0131narak bu durum atlat\u0131labilir. Burundaki tamponlar\u0131n \u00e7\u0131kar\u0131lmas\u0131 sonras\u0131ndaki 1 ile 4 ayl\u0131k s\u00fcre\u00e7 i\u00e7erisinde nefes almada zorluk devam edebilir.\r\n\r\n<strong>Burun Esteti\u011fi \u00d6ncesindeki S\u00fcre\u00e7<\/strong>\r\n\r\nAmeliyat \u00f6ncesinde doktor ile g\u00f6r\u00fc\u015fme s\u0131ras\u0131nda hastalar daha \u00f6nceden ge\u00e7irmi\u015f olduklar\u0131 ameliyatlar\u0131, kulland\u0131klar\u0131 ila\u00e7lar\u0131 veya varsa sigara kullan\u0131m\u0131 ve solunum g\u00fc\u00e7l\u00fc\u011f\u00fc gibi bilgileri doktora iletmelidir. Yap\u0131lacak olan cerrahi m\u00fcdahale i\u00e7in baz\u0131 ila\u00e7lar ve t\u00fct\u00fcn kullan\u0131m\u0131n\u0131n sonland\u0131r\u0131lmas\u0131 istenebilir. Estetik ama\u00e7l\u0131 olan bu ameliyat\u0131n \u00fccreti baz\u0131 sigorta poli\u00e7eleri taraf\u0131ndan \u00f6denmez ve klinik taraf\u0131ndan belirtilen <strong>burun esteti\u011fi<\/strong> fiyatlar\u0131 hastalar taraf\u0131ndan kar\u015f\u0131lan\u0131r.\r\n\r\n<strong>Burun Esteti\u011fi Ameliyat\u0131 S\u00fcreci<\/strong>\r\n\r\nBurun delikleri i\u00e7erisinden yap\u0131lacak olan kesimler cerrahi m\u00fcdahalenin ilk a\u015famas\u0131d\u0131r. Daha sonra hastan\u0131n burnundaki problemlere ba\u011fl\u0131 olarak, varsa burnun s\u0131rt\u0131ndaki, ucundaki ve i\u00e7indeki sorunlar giderilir. Bu i\u015flemlerin sonras\u0131nda ise burun deliklerine tampon uyguland\u0131ktan sonra al\u00e7\u0131 atel ile kaplan\u0131r ve ameliyat sonland\u0131r\u0131l\u0131r. Hastan\u0131n g\u00f6z kapaklar\u0131nda meydana gelebilecek morluk ve \u015fi\u015fli\u011fi en aza indirebilmek amac\u0131yla g\u00f6z kapaklar\u0131na flaster uygulan\u0131r. <strong>Burun esteti\u011fi ameliyat\u0131<\/strong> sonras\u0131nda halsizlik, burun a\u011fr\u0131s\u0131 veya ba\u015f a\u011fr\u0131s\u0131 gibi \u015fikayetler meydana gelebilmektedir.\r\n\r\n<strong>Burun Esteti\u011fi Ameliyat\u0131 Sonras\u0131nda G\u00f6r\u00fclen Komplikasyonlar<\/strong>\r\n\r\n<strong>Burun esteti\u011fi<\/strong> ameliyat\u0131 sonras\u0131nda komplikasyonlar\u0131n olu\u015fma riski, m\u00fcdahaleyi yapacak olan cerrah\u0131n deneyimi ile orant\u0131l\u0131d\u0131r. Ancak en deneyimli cerrahlar taraf\u0131ndan yap\u0131lan m\u00fcdahaleler sonras\u0131nda bile belirli bir oranda risk mevcuttur. Burunda meydana gelecek kanama enfeksiyon gibi unsurlar bu risklere \u00f6rnek g\u00f6sterilebilir. Burun deliklerinde yap\u0131lacak k\u00fc\u00e7\u00fcltme ameliyat\u0131 (a\u00e7\u0131k burun ameliyat\u0131) d\u0131\u015f\u0131nda kalan estetik m\u00fcdahalelerde, ameliyat\u0131n burun delikleri i\u00e7erisinden ger\u00e7ekle\u015fmesi sebebiyle iz g\u00f6r\u00fclmez, a\u00e7\u0131k olan yap\u0131lan burun ameliyat\u0131 sonras\u0131nda ise burnun alt k\u0131sm\u0131nda iz olu\u015fmaktad\u0131r.\r\n\r\n<strong>Burun Ameliyat Sonras\u0131nda \u0130yile\u015fme S\u00fcresi<\/strong>\r\n\r\nHasta bir hafta s\u00fcreyle burnunun \u00fczerinde k\u00fc\u00e7\u00fck bir al\u00e7\u0131 ta\u015f\u0131r. \u0130lk birka\u00e7 g\u00fcn burundan hafif kan s\u0131z\u0131nt\u0131lar\u0131n\u0131n olmas\u0131 do\u011fald\u0131r. Birka\u00e7 hafta s\u00fcre boyunca burundaki \u00f6dem sebebiyle hastada nefes alma g\u00fc\u00e7l\u00fc\u011f\u00fc olabilir. \u0130lk bir hafta i\u00e7inde (al\u00e7\u0131l\u0131 d\u00f6nemde) hasta hemen her istedi\u011fini yapabilir; herhangi bir k\u0131s\u0131tlama s\u00f6z konusu de\u011fildir. Al\u00e7\u0131y\u0131 \u0131slatmamak ko\u015fuluyla du\u015f alabilir, d\u0131\u015far\u0131ya \u00e7\u0131kabilir, i\u015fine gidebilir. En dikkat edilmesi gereken konu 4 ay g\u00f6zl\u00fck kullan\u0131lmamas\u0131 gerekti\u011fidir. Direkt temas gerektiren sporlardan uzak durulmas\u0131 \u00f6nerilir. Sekiz ay boyunca belirli aral\u0131klarla doktorunuz taraf\u0131ndan kontrol edilmeniz uygun olur. Bir hafta sonunda burnun \u00fczerindeki al\u00e7\u0131 al\u0131n\u0131r ve hastan\u0131n ayna ile olan dostlu\u011fu ba\u015flar!\r\n\r\n<strong>Dikkat Edilmesi Gerekenler<\/strong>\r\n\r\n\u2022 <strong>Burun esteti\u011fi<\/strong> sonras\u0131nda yerle\u015ftirilen tamponlar nefes alman\u0131zda, g\u00f6z kapaklar\u0131nda bulunan flasterlar ise g\u00f6rmenizde zorlu\u011fa sebebiyet verir. Bunlara doktor taraf\u0131ndan \u00e7\u0131kar\u0131lana kadar dokunulmamas\u0131 gerekmektedir.\r\n\u2022 Burun esteti\u011fi sonras\u0131nda yerle\u015ftirilen tamponlar nefes alman\u0131zda, g\u00f6z kapaklar\u0131nda bulunan flasterlar ise g\u00f6rmenizde zorlu\u011fa sebebiyet verir. Bunlara doktor taraf\u0131ndan \u00e7\u0131kar\u0131lana kadar dokunulmamas\u0131 gerekmektedir.\r\n\u2022 Uyuma veya dinlenme esnas\u0131nda en az iki yast\u0131k kullanmaya dikkat edilmelidir. Ba\u015f\u0131 y\u00fcksek tutmak, olu\u015fabilecek \u015fi\u015flik ve morluklar\u0131n en aza inmesini sa\u011flayacakt\u0131r.\r\n\u2022 Burundan ara s\u0131ra az miktarda s\u0131z\u0131nt\u0131 \u015feklinde kan gelmesi normal bir durumdur. Ancak uzun s\u00fcrmesi durumunda doktorunuza bildirilmelidir.\r\n\u2022 Ameliyat s\u00fcrecinde uygulanan al\u00e7\u0131 atelin doktor taraf\u0131ndan belirtti\u011fi zamanda \u00e7\u0131kar\u0131lmas\u0131, burnun \u015fekillenmesi a\u00e7\u0131s\u0131ndan daha iyi sonu\u00e7 almaya yarayacakt\u0131r.\r\n\u2022 Di\u015f f\u0131r\u00e7alarken yumu\u015fak di\u015f f\u0131r\u00e7as\u0131 kullanmal\u0131 ve burnunuzla oynamay\u0131p darbe almamaya \u00e7al\u0131\u015fmal\u0131s\u0131n\u0131z.\r\n\u2022 Al\u00e7\u0131 atelin \u00e7\u0131kar\u0131lmas\u0131ndan sonra burnunuz size fazla kalk\u0131k gelebilir. 5-10 derecelik bir inme ilk ay i\u00e7erisinde ger\u00e7ekle\u015fecektir.","_et_gb_content_width":"","footnotes":""},"class_list":["post-2922","page","type-page","status-publish","hentry"],"_links":{"self":[{"href":"https:\/\/www.drfatihirmak.com\/es\/wp-json\/wp\/v2\/pages\/2922","targetHints":{"allow":["GET"]}}],"collection":[{"href":"https:\/\/www.drfatihirmak.com\/es\/wp-json\/wp\/v2\/pages"}],"about":[{"href":"https:\/\/www.drfatihirmak.com\/es\/wp-json\/wp\/v2\/types\/page"}],"author":[{"embeddable":true,"href":"https:\/\/www.drfatihirmak.com\/es\/wp-json\/wp\/v2\/users\/1"}],"replies":[{"embeddable":true,"href":"https:\/\/www.drfatihirmak.com\/es\/wp-json\/wp\/v2\/comments?post=2922"}],"version-history":[{"count":0,"href":"https:\/\/www.drfatihirmak.com\/es\/wp-json\/wp\/v2\/pages\/2922\/revisions"}],"wp:attachment":[{"href":"https:\/\/www.drfatihirmak.com\/es\/wp-json\/wp\/v2\/media?parent=2922"}],"curies":[{"name":"wp","href":"https:\/\/api.w.org\/{rel}","templated":true}]}}