{"id":2091,"date":"2020-06-06T02:06:36","date_gmt":"2020-06-05T23:06:36","guid":{"rendered":"https:\/\/www.drfatihirmak.com\/vucut\/kol-germe\/"},"modified":"2024-11-19T20:14:33","modified_gmt":"2024-11-19T17:14:33","slug":"estiramientos-de-brazos-y-muslos","status":"publish","type":"page","link":"https:\/\/www.drfatihirmak.com\/es\/vucut\/kol-ve-uyluk-germe","title":{"rendered":"Estiramientos de brazos y muslos"},"content":{"rendered":"<p>[et_pb_section fb_built=&#8221;1&#8243; _builder_version=&#8221;4.16&#8243; custom_padding=&#8221;1%||1%||true|false&#8221; global_colors_info=&#8221;{}&#8221; da_is_popup=&#8221;off&#8221; da_exit_intent=&#8221;off&#8221; da_has_close=&#8221;on&#8221; da_alt_close=&#8221;off&#8221; da_dark_close=&#8221;off&#8221; da_not_modal=&#8221;on&#8221; da_is_singular=&#8221;off&#8221; da_with_loader=&#8221;off&#8221; da_has_shadow=&#8221;on&#8221; da_disable_devices=&#8221;off|off|off&#8221;][et_pb_row use_custom_gutter=&#8221;on&#8221; gutter_width=&#8221;2&#8243; _builder_version=&#8221;4.16&#8243; width=&#8221;90%&#8221; max_width=&#8221;88%&#8221; custom_margin=&#8221;0px||0px||true|false&#8221; custom_padding=&#8221;0px||0px||false|false&#8221; global_colors_info=&#8221;{}&#8221;][et_pb_column type=&#8221;4_4&#8243; _builder_version=&#8221;4.16&#8243; background_enable_image=&#8221;off&#8221; background_size=&#8221;contain&#8221; custom_padding=&#8221;2%||2%||true|false&#8221; global_colors_info=&#8221;{}&#8221;][et_pb_text _builder_version=&#8221;4.16&#8243; _dynamic_attributes=&#8221;content&#8221; text_font=&#8221;|700|||||||&#8221; text_font_size=&#8221;35px&#8221; text_line_height=&#8221;0.8em&#8221; background_image=&#8221;https:\/\/drfatihirmak.com\/wp-content\/uploads\/2020\/02\/icon-bg.png&#8221; background_size=&#8221;contain&#8221; global_colors_info=&#8221;{}&#8221;]@ET-DC@eyJkeW5hbWljIjp0cnVlLCJjb250ZW50IjoicG9zdF90aXRsZSIsInNldHRpbmdzIjp7ImJlZm9yZSI6IiIsImFmdGVyIjoiIn19@[\/et_pb_text][\/et_pb_column][\/et_pb_row][\/et_pb_section][et_pb_section fb_built=&#8221;1&#8243; _builder_version=&#8221;4.3.3&#8243; custom_padding=&#8221;0px||0px||false|false&#8221; global_module=&#8221;920&#8243; global_colors_info=&#8221;{}&#8221; da_is_popup=&#8221;off&#8221; da_exit_intent=&#8221;off&#8221; da_has_close=&#8221;on&#8221; da_alt_close=&#8221;off&#8221; da_dark_close=&#8221;off&#8221; da_not_modal=&#8221;on&#8221; da_is_singular=&#8221;off&#8221; da_with_loader=&#8221;off&#8221; da_has_shadow=&#8221;on&#8221; da_disable_devices=&#8221;off|off|off&#8221;][et_pb_row use_custom_gutter=&#8221;on&#8221; gutter_width=&#8221;2&#8243; _builder_version=&#8221;4.16&#8243; background_color=&#8221;#3a3839&#8243; width=&#8221;100%&#8221; max_width=&#8221;100%&#8221; custom_margin=&#8221;0px||0px||true|false&#8221; custom_padding=&#8221;0px||0px||true|false&#8221; global_colors_info=&#8221;{}&#8221;][et_pb_column type=&#8221;4_4&#8243; _builder_version=&#8221;4.16&#8243; background_enable_image=&#8221;off&#8221; background_size=&#8221;contain&#8221; custom_padding=&#8221;0%||0%||true|false&#8221; global_colors_info=&#8221;{}&#8221;][et_pb_image src=&#8221;@ET-DC@eyJkeW5hbWljIjp0cnVlLCJjb250ZW50IjoicG9zdF9mZWF0dXJlZF9pbWFnZSIsInNldHRpbmdzIjp7fX0=@&#8221; align=&#8221;center&#8221; force_fullwidth=&#8221;on&#8221; _builder_version=&#8221;4.16&#8243; _dynamic_attributes=&#8221;src&#8221; global_colors_info=&#8221;{}&#8221;][\/et_pb_image][\/et_pb_column][\/et_pb_row][\/et_pb_section][et_pb_section fb_built=&#8221;1&#8243; _builder_version=&#8221;4.16&#8243; custom_margin=&#8221;||40px||false|false&#8221; custom_padding=&#8221;0px||0px||false|false&#8221; global_colors_info=&#8221;{}&#8221; da_is_popup=&#8221;off&#8221; da_exit_intent=&#8221;off&#8221; da_has_close=&#8221;on&#8221; da_alt_close=&#8221;off&#8221; da_dark_close=&#8221;off&#8221; da_not_modal=&#8221;on&#8221; da_is_singular=&#8221;off&#8221; da_with_loader=&#8221;off&#8221; da_has_shadow=&#8221;on&#8221; da_disable_devices=&#8221;off|off|off&#8221;][et_pb_row column_structure=&#8221;1_3,1_3,1_3&#8243; use_custom_gutter=&#8221;on&#8221; gutter_width=&#8221;1&#8243; _builder_version=&#8221;4.16&#8243; width=&#8221;100%&#8221; max_width=&#8221;100%&#8221; module_alignment=&#8221;center&#8221; global_colors_info=&#8221;{}&#8221;][et_pb_column type=&#8221;1_3&#8243; _builder_version=&#8221;4.16&#8243; global_colors_info=&#8221;{}&#8221;][et_pb_button button_url=&#8221;#procedure&#8221; button_text=&#8221;\u0130\u015eLEMLER&#8221; button_alignment=&#8221;center&#8221; _builder_version=&#8221;4.16&#8243; custom_button=&#8221;on&#8221; button_text_size=&#8221;16px&#8221; button_text_color=&#8221;#210454&#8243; button_border_width=&#8221;0px&#8221; button_letter_spacing=&#8221;0px&#8221; button_font=&#8221;|600|||||||&#8221; button_use_icon=&#8221;off&#8221; global_colors_info=&#8221;{}&#8221;][\/et_pb_button][\/et_pb_column][et_pb_column type=&#8221;1_3&#8243; _builder_version=&#8221;4.16&#8243; global_colors_info=&#8221;{}&#8221;][et_pb_button button_url=&#8221;#whocan&#8221; button_text=&#8221;K\u0130MLER YARARLANAB\u0130L\u0130R&#8221; button_alignment=&#8221;center&#8221; _builder_version=&#8221;4.16&#8243; custom_button=&#8221;on&#8221; button_text_size=&#8221;16px&#8221; button_text_color=&#8221;#210454&#8243; button_border_width=&#8221;0px&#8221; button_letter_spacing=&#8221;0px&#8221; button_font=&#8221;|600|||||||&#8221; button_use_icon=&#8221;off&#8221; global_colors_info=&#8221;{}&#8221;][\/et_pb_button][\/et_pb_column][et_pb_column type=&#8221;1_3&#8243; _builder_version=&#8221;4.16&#8243; global_colors_info=&#8221;{}&#8221;][et_pb_button button_url=&#8221;#international&#8221; button_text=&#8221;ULUSLARARASI HASTALAR \u0130\u00c7\u0130N&#8221; button_alignment=&#8221;center&#8221; _builder_version=&#8221;4.16&#8243; custom_button=&#8221;on&#8221; button_text_size=&#8221;16px&#8221; button_text_color=&#8221;#210454&#8243; button_border_width=&#8221;0px&#8221; button_letter_spacing=&#8221;0px&#8221; button_font=&#8221;|600|||||||&#8221; button_use_icon=&#8221;off&#8221; global_colors_info=&#8221;{}&#8221;][\/et_pb_button][\/et_pb_column][\/et_pb_row][et_pb_row use_custom_gutter=&#8221;on&#8221; gutter_width=&#8221;2&#8243; module_id=&#8221;procedure&#8221; _builder_version=&#8221;4.16&#8243; max_width=&#8221;80%&#8221; border_width_top=&#8221;4px&#8221; border_color_top=&#8221;#210454&#8243; border_style_top=&#8221;double&#8221; global_colors_info=&#8221;{}&#8221;][et_pb_column type=&#8221;4_4&#8243; _builder_version=&#8221;4.16&#8243; global_colors_info=&#8221;{}&#8221;][et_pb_text _builder_version=&#8221;4.16&#8243; text_font_size=&#8221;18px&#8221; header_2_font=&#8221;|600|||||||&#8221; header_2_text_color=&#8221;#2a7cc8&#8243; header_2_line_height=&#8221;1.7em&#8221; locked=&#8221;off&#8221; global_colors_info=&#8221;{}&#8221;]<\/p>\n<h2>Kol ve Uyluk Germe veya Brakiyoplasti Nedir?<\/h2>\n<p>Brakiyoplasti\u00a0 \u00fcst koldaki gev\u015fek cildi ve fazla ya\u011f birikintilerini gidermek i\u00e7in uygulanan cerrahi bir prosed\u00fcrd\u00fcr.<\/p>\n<p>\u00c7o\u011fu zaman bu, kilo dalgalanmalar\u0131n\u0131n veya gastrik bypass veya kilo verme ameliyat\u0131ndan sonraki kilo kayb\u0131 sonucudur. \u00dcst kolun gereksiz, gev\u015fek cildi varsa, tek ba\u015f\u0131na liposuction yard\u0131mc\u0131 olmaz ve bu alan\u0131n do\u011fru tedavisi cerrahi kesi\u00a0 veya fazla cildin \u00e7\u0131kar\u0131lmas\u0131 ile m\u00fcmk\u00fcnd\u00fcr.<\/p>\n<p>Bu, dirsekten koltuk alt\u0131na kolun uzunlu\u011fu boyunca do\u011frusal bir kesi ile veya baz\u0131 durumlarda sadece koltuk alt\u0131ndaki bir kesikle ger\u00e7ekle\u015ftirilebilir. Ameliyat\u0131n kendisi yakla\u015f\u0131k iki ila \u00fc\u00e7 saat s\u00fcrer. Hastalar i\u015flemden sonra birka\u00e7 hafta boyunca s\u0131k\u0131\u015ft\u0131r\u0131c\u0131 bir giysi giyer ve iyile\u015fme \u00fc\u00e7 ila be\u015f g\u00fcn dinlenmeyi gerektirir.[\/et_pb_text][\/et_pb_column][\/et_pb_row][\/et_pb_section][et_pb_section fb_built=&#8221;1&#8243; _builder_version=&#8221;4.16&#8243; use_background_color_gradient=&#8221;on&#8221; background_color_gradient_direction=&#8221;90deg&#8221; background_color_gradient_stops=&#8221;#2a7cc8 0%|#210454 100%&#8221; background_color_gradient_start=&#8221;#2a7cc8&#8243; background_color_gradient_end=&#8221;#210454&#8243; global_colors_info=&#8221;{}&#8221; da_is_popup=&#8221;off&#8221; da_exit_intent=&#8221;off&#8221; da_has_close=&#8221;on&#8221; da_alt_close=&#8221;off&#8221; da_dark_close=&#8221;off&#8221; da_not_modal=&#8221;on&#8221; da_is_singular=&#8221;off&#8221; da_with_loader=&#8221;off&#8221; da_has_shadow=&#8221;on&#8221; da_disable_devices=&#8221;off|off|off&#8221;][et_pb_row column_structure=&#8221;1_2,1_2&#8243; _builder_version=&#8221;4.16&#8243; max_width=&#8221;80%&#8221; global_colors_info=&#8221;{}&#8221;][et_pb_column type=&#8221;1_2&#8243; _builder_version=&#8221;4.16&#8243; global_colors_info=&#8221;{}&#8221;][divienhancer_image_comparison before_upload=&#8221;https:\/\/drfatihirmak.com\/wp-content\/uploads\/2020\/04\/1-armlift-before.jpg&#8221; before_text=&#8221;\u00d6ncesi&#8221; after_upload=&#8221;https:\/\/drfatihirmak.com\/wp-content\/uploads\/2020\/04\/1-armlift-after.jpg&#8221; after_text=&#8221;Sonras\u0131&#8221; _builder_version=&#8221;4.16&#8243; background_color=&#8221;#88959e&#8221; custom_padding=&#8221;||||true|false&#8221; global_colors_info=&#8221;{}&#8221;][\/divienhancer_image_comparison][\/et_pb_column][et_pb_column type=&#8221;1_2&#8243; _builder_version=&#8221;4.16&#8243; global_colors_info=&#8221;{}&#8221;][divienhancer_image_comparison before_upload=&#8221;https:\/\/drfatihirmak.com\/wp-content\/uploads\/2020\/04\/2-armlift-before.jpg&#8221; before_text=&#8221;\u00d6ncesi&#8221; after_upload=&#8221;https:\/\/drfatihirmak.com\/wp-content\/uploads\/2020\/04\/2-armlift-after.jpg&#8221; after_text=&#8221;Sonras\u0131&#8221; _builder_version=&#8221;4.16&#8243; background_color=&#8221;#88959e&#8221; custom_padding=&#8221;||||true|false&#8221; global_colors_info=&#8221;{}&#8221;][\/divienhancer_image_comparison][\/et_pb_column][\/et_pb_row][\/et_pb_section][et_pb_section fb_built=&#8221;1&#8243; _builder_version=&#8221;4.16&#8243; custom_padding=&#8221;||0px|||&#8221; global_colors_info=&#8221;{}&#8221; da_is_popup=&#8221;off&#8221; da_exit_intent=&#8221;off&#8221; da_has_close=&#8221;on&#8221; da_alt_close=&#8221;off&#8221; da_dark_close=&#8221;off&#8221; da_not_modal=&#8221;on&#8221; da_is_singular=&#8221;off&#8221; da_with_loader=&#8221;off&#8221; da_has_shadow=&#8221;on&#8221; da_disable_devices=&#8221;off|off|off&#8221;][et_pb_row use_custom_gutter=&#8221;on&#8221; gutter_width=&#8221;2&#8243; module_id=&#8221;whocan&#8221; _builder_version=&#8221;4.16&#8243; max_width=&#8221;80%&#8221; border_color_top=&#8221;#210454&#8243; border_style_top=&#8221;double&#8221; global_colors_info=&#8221;{}&#8221;][et_pb_column type=&#8221;4_4&#8243; _builder_version=&#8221;4.16&#8243; global_colors_info=&#8221;{}&#8221;][et_pb_text _builder_version=&#8221;4.16&#8243; text_font_size=&#8221;18px&#8221; header_2_font=&#8221;|600|||||||&#8221; header_2_text_color=&#8221;#2a7cc8&#8243; header_2_line_height=&#8221;1.7em&#8221; locked=&#8221;off&#8221; global_colors_info=&#8221;{}&#8221;]<\/p>\n<h2>Kimler faydalanabilir?<\/h2>\n<p><strong><em>B\u00fcy\u00fck miktarda kilo kaybetmi\u015f hastalar<\/em><\/strong><\/p>\n<p>Mide k\u00fc\u00e7\u00fcltme ameliyat\u0131\u00a0 gibi bariatrik cerrahi prosed\u00fcr\u00fcnden sonra \u00f6nemli miktarda kilo kaybetmi\u015f hastalar. \u00c7o\u011fu zaman, bariatrik cerrahi sonras\u0131 deri\u00a0 gergin ya\u011f dokusunun tekrar yerine oturmas\u0131 i\u00e7in yeterince elastik de\u011fildir; bu nedenle, \u00f6zellikle \u00fcst kollarda\u00a0 sarkmalar g\u00f6r\u00fcl\u00fcr.<\/p>\n<p>Ya\u015flanma v\u00fccutta ve ciltte bir \u00e7ok de\u011fi\u015fikli\u011fe sebep olur. Zamanla , cilt daha gev\u015fek ve hassas olur. Cildin sarkmas\u0131, \u00fcst kollarda giysilerle bile g\u00f6r\u00fclebilen k\u0131r\u0131\u015f\u0131kl\u0131klara ve \u015fi\u015fkinliklere neden olur. Kol kald\u0131rma ameliyat\u0131 s\u0131ras\u0131nda fazla cilt \u00e7\u0131kar\u0131ld\u0131\u011f\u0131nda ve d\u00fczg\u00fcnle\u015fti\u011finde, hastalar\u0131n \u00fcst kollar\u0131ndaki ya\u015flanma belirtilerinde de azalma g\u00f6r\u00fcl\u00fcr.<\/p>\n<p><strong>\u015eekilsiz kollar<\/strong><\/p>\n<p>Koltuk alt\u0131 b\u00f6lgesini hedeflemek kolay de\u011fildir ve bu b\u00f6lgeyi kasland\u0131rmada\u00a0 ve \u015fekillendirmede sorun ya\u015fayan bir\u00e7ok ki\u015fi bunu sadece cerrahi ile yapabilir. Kol germe ameliyat\u0131 daha iyi konturlu ve yap\u0131l\u0131 \u00fcst kollara sahip olman\u0131z\u0131 sa\u011flar.[\/et_pb_text][\/et_pb_column][\/et_pb_row][et_pb_row use_custom_gutter=&#8221;on&#8221; gutter_width=&#8221;2&#8243; module_id=&#8221;aware&#8221; _builder_version=&#8221;4.16&#8243; max_width=&#8221;80%&#8221; custom_padding=&#8221;0px|||||&#8221; border_color_top=&#8221;#210454&#8243; border_style_top=&#8221;double&#8221; global_colors_info=&#8221;{}&#8221;][et_pb_column type=&#8221;4_4&#8243; _builder_version=&#8221;4.16&#8243; global_colors_info=&#8221;{}&#8221;][et_pb_accordion _builder_version=&#8221;4.16&#8243; global_colors_info=&#8221;{}&#8221;][et_pb_accordion_item title=&#8221;Kol Germe prosed\u00fcr\u00fc i\u00e7in iyi bir aday kimdir?&#8221; open=&#8221;on&#8221; open_toggle_text_color=&#8221;#f4f4f3&#8243; open_toggle_background_color=&#8221;#ffffff&#8221; closed_toggle_background_color=&#8221;#6bffff&#8221; icon_color=&#8221;#6bffff&#8221; _builder_version=&#8221;4.16&#8243; body_text_color=&#8221;#f4f4f3&#8243; use_background_color_gradient=&#8221;on&#8221; background_color_gradient_direction=&#8221;90deg&#8221; background_color_gradient_stops=&#8221;#2a7cc8 0%|#210454 100%&#8221; background_color_gradient_start=&#8221;#2a7cc8&#8243; background_color_gradient_end=&#8221;#210454&#8243; custom_margin=&#8221;0px||0px||false|false&#8221; global_colors_info=&#8221;{}&#8221; toggle_text_color=&#8221;#6bffff&#8221; toggle_level=&#8221;h5&#8243; toggle_font=&#8221;|700|||||||&#8221; toggle_font_size=&#8221;18px&#8221; closed_toggle_font=&#8221;|600|||||||&#8221; closed_toggle_text_align=&#8221;left&#8221; background__hover_enabled=&#8221;on|desktop&#8221; title__hover_enabled=&#8221;off|desktop&#8221;]Sa\u011fl\u0131kl\u0131ysan\u0131z ancak \u00fcst kollar\u0131n\u0131z\u0131n g\u00f6r\u00fcn\u00fcm\u00fcnden memnun de\u011filseniz, kol toparlama\u00a0 ameliyat\u0131 i\u00e7in iyi bir aday olabilirsiniz. Hastalar\u0131n ameliyat ve\u00a0 sonu\u00e7lar\u0131 konusunda ger\u00e7ek\u00e7i olmalar\u0131 \u00f6nemlidir.[\/et_pb_accordion_item][\/et_pb_accordion][\/et_pb_column][\/et_pb_row][\/et_pb_section]<\/p>\n","protected":false},"excerpt":{"rendered":"<p>Kol ve Uyluk Germe veya Brakiyoplasti Nedir? Brakiyoplasti\u00a0 \u00fcst koldaki gev\u015fek cildi ve fazla ya\u011f birikintilerini gidermek i\u00e7in uygulanan cerrahi bir prosed\u00fcrd\u00fcr. \u00c7o\u011fu zaman bu, kilo dalgalanmalar\u0131n\u0131n veya gastrik bypass veya kilo verme ameliyat\u0131ndan sonraki kilo kayb\u0131 sonucudur. \u00dcst kolun gereksiz, gev\u015fek cildi varsa, tek ba\u015f\u0131na liposuction yard\u0131mc\u0131 olmaz ve bu alan\u0131n do\u011fru tedavisi cerrahi [&hellip;]<\/p>\n","protected":false},"author":1,"featured_media":2822,"parent":2087,"menu_order":0,"comment_status":"closed","ping_status":"closed","template":"","meta":{"_et_pb_use_builder":"on","_et_pb_old_content":"","_et_gb_content_width":"","footnotes":""},"class_list":["post-2091","page","type-page","status-publish","has-post-thumbnail","hentry"],"_links":{"self":[{"href":"https:\/\/www.drfatihirmak.com\/es\/wp-json\/wp\/v2\/pages\/2091","targetHints":{"allow":["GET"]}}],"collection":[{"href":"https:\/\/www.drfatihirmak.com\/es\/wp-json\/wp\/v2\/pages"}],"about":[{"href":"https:\/\/www.drfatihirmak.com\/es\/wp-json\/wp\/v2\/types\/page"}],"author":[{"embeddable":true,"href":"https:\/\/www.drfatihirmak.com\/es\/wp-json\/wp\/v2\/users\/1"}],"replies":[{"embeddable":true,"href":"https:\/\/www.drfatihirmak.com\/es\/wp-json\/wp\/v2\/comments?post=2091"}],"version-history":[{"count":1,"href":"https:\/\/www.drfatihirmak.com\/es\/wp-json\/wp\/v2\/pages\/2091\/revisions"}],"predecessor-version":[{"id":4060,"href":"https:\/\/www.drfatihirmak.com\/es\/wp-json\/wp\/v2\/pages\/2091\/revisions\/4060"}],"up":[{"embeddable":true,"href":"https:\/\/www.drfatihirmak.com\/es\/wp-json\/wp\/v2\/pages\/2087"}],"wp:featuredmedia":[{"embeddable":true,"href":"https:\/\/www.drfatihirmak.com\/es\/wp-json\/wp\/v2\/media\/2822"}],"wp:attachment":[{"href":"https:\/\/www.drfatihirmak.com\/es\/wp-json\/wp\/v2\/media?parent=2091"}],"curies":[{"name":"wp","href":"https:\/\/api.w.org\/{rel}","templated":true}]}}