{"id":2087,"date":"2020-06-06T00:18:08","date_gmt":"2020-06-05T21:18:08","guid":{"rendered":"https:\/\/www.drfatihirmak.com\/vucut\/"},"modified":"2024-11-19T20:10:03","modified_gmt":"2024-11-19T17:10:03","slug":"cuerpo","status":"publish","type":"page","link":"https:\/\/www.drfatihirmak.com\/es\/vucut","title":{"rendered":"Cuerpo"},"content":{"rendered":"<p>[et_pb_section fb_built=&#8221;1&#8243; _builder_version=&#8221;4.16&#8243; custom_padding=&#8221;1%||1%||true|false&#8221; global_colors_info=&#8221;{}&#8221; da_is_popup=&#8221;off&#8221; da_exit_intent=&#8221;off&#8221; da_has_close=&#8221;on&#8221; da_alt_close=&#8221;off&#8221; da_dark_close=&#8221;off&#8221; da_not_modal=&#8221;on&#8221; da_is_singular=&#8221;off&#8221; da_with_loader=&#8221;off&#8221; da_has_shadow=&#8221;on&#8221; da_disable_devices=&#8221;off|off|off&#8221;][et_pb_row column_structure=&#8221;1_4,3_4&#8243; use_custom_gutter=&#8221;on&#8221; gutter_width=&#8221;2&#8243; _builder_version=&#8221;4.16&#8243; width=&#8221;90%&#8221; max_width=&#8221;88%&#8221; custom_margin=&#8221;0px||0px||true|false&#8221; custom_padding=&#8221;0px||0px||false|false&#8221; global_colors_info=&#8221;{}&#8221;][et_pb_column type=&#8221;1_4&#8243; _builder_version=&#8221;4.16&#8243; background_enable_image=&#8221;off&#8221; background_size=&#8221;contain&#8221; custom_padding=&#8221;2%||2%||true|false&#8221; global_colors_info=&#8221;{}&#8221;][et_pb_text _builder_version=&#8221;4.16&#8243; _dynamic_attributes=&#8221;content&#8221; text_font=&#8221;|700|||||||&#8221; text_font_size=&#8221;35px&#8221; background_image=&#8221;https:\/\/drfatihirmak.com\/wp-content\/uploads\/2020\/02\/icon-bg.png&#8221; background_size=&#8221;contain&#8221; global_colors_info=&#8221;{}&#8221;]@ET-DC@eyJkeW5hbWljIjp0cnVlLCJjb250ZW50IjoicG9zdF90aXRsZSIsInNldHRpbmdzIjp7ImJlZm9yZSI6IiIsImFmdGVyIjoiIEVzdGV0aVx1MDExZmkifX0=@[\/et_pb_text][\/et_pb_column][et_pb_column type=&#8221;3_4&#8243; _builder_version=&#8221;4.16&#8243; custom_padding=&#8221;2%||2%||true|false&#8221; global_colors_info=&#8221;{}&#8221;][\/et_pb_column][\/et_pb_row][\/et_pb_section][et_pb_section fb_built=&#8221;1&#8243; _builder_version=&#8221;4.16&#8243; custom_padding=&#8221;0px||0px||false|false&#8221; global_colors_info=&#8221;{}&#8221; da_is_popup=&#8221;off&#8221; da_exit_intent=&#8221;off&#8221; da_has_close=&#8221;on&#8221; da_alt_close=&#8221;off&#8221; da_dark_close=&#8221;off&#8221; da_not_modal=&#8221;on&#8221; da_is_singular=&#8221;off&#8221; da_with_loader=&#8221;off&#8221; da_has_shadow=&#8221;on&#8221; da_disable_devices=&#8221;off|off|off&#8221;][et_pb_row use_custom_gutter=&#8221;on&#8221; gutter_width=&#8221;2&#8243; _builder_version=&#8221;4.16&#8243; background_color=&#8221;#3a3839&#8243; width=&#8221;100%&#8221; max_width=&#8221;100%&#8221; custom_margin=&#8221;0px||0px||true|false&#8221; custom_padding=&#8221;0px||0px||true|false&#8221; global_colors_info=&#8221;{}&#8221;][et_pb_column type=&#8221;4_4&#8243; _builder_version=&#8221;4.16&#8243; background_enable_image=&#8221;off&#8221; background_size=&#8221;contain&#8221; custom_padding=&#8221;0%||0%||true|false&#8221; global_colors_info=&#8221;{}&#8221;][et_pb_image src=&#8221;@ET-DC@eyJkeW5hbWljIjp0cnVlLCJjb250ZW50IjoicG9zdF9mZWF0dXJlZF9pbWFnZSIsInNldHRpbmdzIjp7fX0=@&#8221; align=&#8221;center&#8221; force_fullwidth=&#8221;on&#8221; _builder_version=&#8221;4.16&#8243; _dynamic_attributes=&#8221;src&#8221; global_colors_info=&#8221;{}&#8221;][\/et_pb_image][\/et_pb_column][\/et_pb_row][\/et_pb_section][et_pb_section fb_built=&#8221;1&#8243; _builder_version=&#8221;4.16&#8243; custom_padding=&#8221;0px||0px||false|false&#8221; global_colors_info=&#8221;{}&#8221; da_is_popup=&#8221;off&#8221; da_exit_intent=&#8221;off&#8221; da_has_close=&#8221;on&#8221; da_alt_close=&#8221;off&#8221; da_dark_close=&#8221;off&#8221; da_not_modal=&#8221;on&#8221; da_is_singular=&#8221;off&#8221; da_with_loader=&#8221;off&#8221; da_has_shadow=&#8221;on&#8221; da_disable_devices=&#8221;off|off|off&#8221;][et_pb_row use_custom_gutter=&#8221;on&#8221; gutter_width=&#8221;2&#8243; _builder_version=&#8221;4.16&#8243; max_width=&#8221;80%&#8221; global_colors_info=&#8221;{}&#8221;][et_pb_column type=&#8221;4_4&#8243; _builder_version=&#8221;4.16&#8243; global_colors_info=&#8221;{}&#8221;][et_pb_text _builder_version=&#8221;4.16&#8243; text_font_size=&#8221;20px&#8221; header_font=&#8221;|600|||||||&#8221; header_text_align=&#8221;center&#8221; header_font_size=&#8221;38px&#8221; width_tablet=&#8221;100%&#8221; width_phone=&#8221;&#8221; width_last_edited=&#8221;on|desktop&#8221; module_alignment=&#8221;center&#8221; custom_padding=&#8221;2%||2%||true|false&#8221; global_colors_info=&#8221;{}&#8221;]\u00c7ift Kurul Sertifikal\u0131 Prof. Dr. Fatih Irmak estetik ameliyatlar\u0131n\u0131 \u0130stanbul&#8217;da yapmaktad\u0131r.<\/p>\n<p>\u0130stanbul, t\u0131bbi turizm destinasyonu olarak d\u00fcnyan\u0131n en iyi 5 kentinden biridir. Her y\u0131l yar\u0131m milyondan fazla insan t\u0131bbi prosed\u00fcrler i\u00e7in d\u00fcnyan\u0131n d\u00f6rt bir yan\u0131ndan \u0130stanbul&#8217;a gelmektedir.<\/p>\n<p>Estetik ve cerrahi ihtiya\u00e7lar\u0131 i\u00e7in bu \u015fehri tercih edenlerin %20&#8217;si, ayn\u0131 anda hem iki k\u0131tada modern ve tarihi bir araya getiren \u0130stanbul&#8217;un atmosferini ya\u015famakta hem de estetik ve kozmetik ihtiya\u00e7lar\u0131n\u0131 gidermektedirler.<\/p>\n<p>Prof. Dr. Fatih Irmak, BBL ve kar\u0131n germe gibi her t\u00fcrl\u00fc v\u00fccut esteti\u011fi i\u015flemleri konusunda derin bir deneyime sahiptir.<\/p>\n<p>Uygulad\u0131\u011f\u0131n\u0131z egzersiz veya diet\u00a0 ile vermi\u015f oldu\u011funuz kilolardan dolay\u0131 sarkm\u0131\u015f bir cilde sahipseniz estetik cerrahi size yard\u0131mc\u0131 olabilir .<br \/>\nProf. Dr. Fatih Irmak daha \u00e7ekici, orant\u0131l\u0131 ve do\u011fal v\u00fccut yapmak i\u00e7in hastaya \u00f6zel planlamalar yapar.<\/p>\n<p>\u0130stedi\u011finiz hedeflere ula\u015fman\u0131za yard\u0131mc\u0131 olmak i\u00e7in sunulan bir\u00e7ok farkl\u0131 prosed\u00fcr vard\u0131r. A\u015fa\u011f\u0131da listelenen farkl\u0131 v\u00fccut estetik prosed\u00fcrlerine bir g\u00f6z atabilirsiniz.[\/et_pb_text][\/et_pb_column][\/et_pb_row][et_pb_row column_structure=&#8221;1_3,1_3,1_3&#8243; use_custom_gutter=&#8221;on&#8221; gutter_width=&#8221;1&#8243; make_equal=&#8221;on&#8221; _builder_version=&#8221;4.16&#8243; max_width=&#8221;80%&#8221; custom_margin=&#8221;0px||0px||true|false&#8221; global_colors_info=&#8221;{}&#8221;][et_pb_column type=&#8221;1_3&#8243; _builder_version=&#8221;4.16&#8243; custom_padding=&#8221;|||10px|false|false&#8221; border_width_left=&#8221;4px&#8221; border_color_left=&#8221;#210454&#8243; global_colors_info=&#8221;{}&#8221;][et_pb_text _builder_version=&#8221;4.16&#8243; text_font=&#8221;||||||||&#8221; header_2_font=&#8221;|600||on|||||&#8221; header_2_text_color=&#8221;#2a7cc8&#8243; global_colors_info=&#8221;{}&#8221;]<\/p>\n<h2>Abdominoplasti &#8211; Kar\u0131n Germe<\/h2>\n<p>[\/et_pb_text][et_pb_button button_url=&#8221;@ET-DC@eyJkeW5hbWljIjp0cnVlLCJjb250ZW50IjoicG9zdF9saW5rX3VybF9wYWdlIiwic2V0dGluZ3MiOnsicG9zdF9pZCI6IjIwODkifX0=@&#8221; button_text=&#8221;TEDAV\u0130 KE\u015eFED\u0130N&#8221; button_alignment=&#8221;left&#8221; _builder_version=&#8221;4.19.4&#8243; _dynamic_attributes=&#8221;button_url&#8221; custom_button=&#8221;on&#8221; button_text_color=&#8221;#ffffff&#8221; button_bg_use_color_gradient=&#8221;on&#8221; button_bg_color_gradient_direction=&#8221;90deg&#8221; button_bg_color_gradient_stops=&#8221;#2a7cc8 0%|#210454 100%&#8221; button_bg_color_gradient_start=&#8221;#2a7cc8&#8243; button_bg_color_gradient_end=&#8221;#210454&#8243; button_border_width=&#8221;0px&#8221; button_border_radius=&#8221;0px&#8221; global_colors_info=&#8221;{}&#8221;][\/et_pb_button][\/et_pb_column][et_pb_column type=&#8221;1_3&#8243; _builder_version=&#8221;4.16&#8243; custom_padding=&#8221;|||10px|false|false&#8221; border_width_left=&#8221;4px&#8221; border_color_left=&#8221;#210454&#8243; global_colors_info=&#8221;{}&#8221;][et_pb_text _builder_version=&#8221;4.16&#8243; text_font=&#8221;||||||||&#8221; header_2_font=&#8221;|600||on|||||&#8221; header_2_text_color=&#8221;#2a7cc8&#8243; global_colors_info=&#8221;{}&#8221;]<\/p>\n<h2>POPO \u015eEK\u0130LLEND\u0130RME<\/h2>\n<p>[\/et_pb_text][et_pb_button button_url=&#8221;@ET-DC@eyJkeW5hbWljIjp0cnVlLCJjb250ZW50IjoicG9zdF9saW5rX3VybF9wYWdlIiwic2V0dGluZ3MiOnsicG9zdF9pZCI6IjIxMDIifX0=@&#8221; button_text=&#8221;TEDAV\u0130 KE\u015eFED\u0130N&#8221; button_alignment=&#8221;left&#8221; _builder_version=&#8221;4.19.4&#8243; _dynamic_attributes=&#8221;button_url&#8221; custom_button=&#8221;on&#8221; button_text_color=&#8221;#ffffff&#8221; button_bg_use_color_gradient=&#8221;on&#8221; button_bg_color_gradient_direction=&#8221;90deg&#8221; button_bg_color_gradient_stops=&#8221;#2a7cc8 0%|#210454 100%&#8221; button_bg_color_gradient_start=&#8221;#2a7cc8&#8243; button_bg_color_gradient_end=&#8221;#210454&#8243; button_border_width=&#8221;0px&#8221; button_border_radius=&#8221;0px&#8221; global_colors_info=&#8221;{}&#8221;][\/et_pb_button][\/et_pb_column][et_pb_column type=&#8221;1_3&#8243; _builder_version=&#8221;4.16&#8243; custom_padding=&#8221;|||10px|false|false&#8221; border_width_left=&#8221;4px&#8221; border_color_left=&#8221;#210454&#8243; global_colors_info=&#8221;{}&#8221;][et_pb_text _builder_version=&#8221;4.16&#8243; text_font=&#8221;||||||||&#8221; header_2_font=&#8221;|600||on|||||&#8221; header_2_text_color=&#8221;#2a7cc8&#8243; global_colors_info=&#8221;{}&#8221;]<\/p>\n<h2>Kal\u00e7a B\u00fcy\u00fctme<\/h2>\n<p>[\/et_pb_text][et_pb_button button_url=&#8221;@ET-DC@eyJkeW5hbWljIjp0cnVlLCJjb250ZW50IjoicG9zdF9saW5rX3VybF9wYWdlIiwic2V0dGluZ3MiOnsicG9zdF9pZCI6IjIxMDQifX0=@&#8221; button_text=&#8221;TEDAV\u0130 KE\u015eFED\u0130N&#8221; button_alignment=&#8221;left&#8221; _builder_version=&#8221;4.19.4&#8243; _dynamic_attributes=&#8221;button_url&#8221; custom_button=&#8221;on&#8221; button_text_color=&#8221;#ffffff&#8221; button_bg_use_color_gradient=&#8221;on&#8221; button_bg_color_gradient_direction=&#8221;90deg&#8221; button_bg_color_gradient_stops=&#8221;#2a7cc8 0%|#210454 100%&#8221; button_bg_color_gradient_start=&#8221;#2a7cc8&#8243; button_bg_color_gradient_end=&#8221;#210454&#8243; button_border_width=&#8221;0px&#8221; button_border_radius=&#8221;0px&#8221; global_colors_info=&#8221;{}&#8221;][\/et_pb_button][\/et_pb_column][\/et_pb_row][et_pb_row column_structure=&#8221;1_3,1_3,1_3&#8243; use_custom_gutter=&#8221;on&#8221; gutter_width=&#8221;1&#8243; make_equal=&#8221;on&#8221; _builder_version=&#8221;4.16&#8243; max_width=&#8221;80%&#8221; custom_margin=&#8221;0px||0px||true|false&#8221; global_colors_info=&#8221;{}&#8221;][et_pb_column type=&#8221;1_3&#8243; _builder_version=&#8221;4.16&#8243; custom_padding=&#8221;|||10px|false|false&#8221; border_width_left=&#8221;4px&#8221; border_color_left=&#8221;#210454&#8243; global_colors_info=&#8221;{}&#8221;][et_pb_text _builder_version=&#8221;4.16&#8243; text_font=&#8221;||||||||&#8221; header_2_font=&#8221;|600||on|||||&#8221; header_2_text_color=&#8221;#2a7cc8&#8243; global_colors_info=&#8221;{}&#8221;]<\/p>\n<h2>Liposuction<\/h2>\n<p>[\/et_pb_text][et_pb_button button_url=&#8221;@ET-DC@eyJkeW5hbWljIjp0cnVlLCJjb250ZW50IjoicG9zdF9saW5rX3VybF9wYWdlIiwic2V0dGluZ3MiOnsicG9zdF9pZCI6IjIxMDUifX0=@&#8221; button_text=&#8221;TEDAV\u0130 KE\u015eFED\u0130N&#8221; button_alignment=&#8221;left&#8221; _builder_version=&#8221;4.19.4&#8243; _dynamic_attributes=&#8221;button_url&#8221; custom_button=&#8221;on&#8221; button_text_color=&#8221;#ffffff&#8221; button_bg_use_color_gradient=&#8221;on&#8221; button_bg_color_gradient_direction=&#8221;90deg&#8221; button_bg_color_gradient_stops=&#8221;#2a7cc8 0%|#210454 100%&#8221; button_bg_color_gradient_start=&#8221;#2a7cc8&#8243; button_bg_color_gradient_end=&#8221;#210454&#8243; button_border_width=&#8221;0px&#8221; button_border_radius=&#8221;0px&#8221; global_colors_info=&#8221;{}&#8221;][\/et_pb_button][\/et_pb_column][et_pb_column type=&#8221;1_3&#8243; _builder_version=&#8221;4.16&#8243; custom_padding=&#8221;|||10px|false|false&#8221; border_width_left=&#8221;4px&#8221; border_color_left=&#8221;#210454&#8243; global_colors_info=&#8221;{}&#8221;][et_pb_text _builder_version=&#8221;4.16&#8243; text_font=&#8221;||||||||&#8221; header_2_font=&#8221;|600||on|||||&#8221; header_2_text_color=&#8221;#2a7cc8&#8243; global_colors_info=&#8221;{}&#8221;]<\/p>\n<h2>DO\u011eUM SONRASI YEN\u0130LENME<\/h2>\n<p>[\/et_pb_text][et_pb_button button_url=&#8221;@ET-DC@eyJkeW5hbWljIjp0cnVlLCJjb250ZW50IjoicG9zdF9saW5rX3VybF9wYWdlIiwic2V0dGluZ3MiOnsicG9zdF9pZCI6IjIxMDcifX0=@&#8221; button_text=&#8221;TEDAV\u0130 KE\u015eFED\u0130N&#8221; button_alignment=&#8221;left&#8221; _builder_version=&#8221;4.19.4&#8243; _dynamic_attributes=&#8221;button_url&#8221; custom_button=&#8221;on&#8221; button_text_color=&#8221;#ffffff&#8221; button_bg_use_color_gradient=&#8221;on&#8221; button_bg_color_gradient_direction=&#8221;90deg&#8221; button_bg_color_gradient_stops=&#8221;#2a7cc8 0%|#210454 100%&#8221; button_bg_color_gradient_start=&#8221;#2a7cc8&#8243; button_bg_color_gradient_end=&#8221;#210454&#8243; button_border_width=&#8221;0px&#8221; button_border_radius=&#8221;0px&#8221; global_colors_info=&#8221;{}&#8221;][\/et_pb_button][\/et_pb_column][et_pb_column type=&#8221;1_3&#8243; _builder_version=&#8221;4.16&#8243; custom_padding=&#8221;|||10px|false|false&#8221; border_width_left=&#8221;4px&#8221; border_color_left=&#8221;#210454&#8243; global_colors_info=&#8221;{}&#8221;][et_pb_text _builder_version=&#8221;4.16&#8243; text_font=&#8221;||||||||&#8221; header_2_font=&#8221;|600||on|||||&#8221; header_2_text_color=&#8221;#2a7cc8&#8243; global_colors_info=&#8221;{}&#8221;]<\/p>\n<h2>Kol ve Uyluk Germe<\/h2>\n<p>[\/et_pb_text][et_pb_button button_url=&#8221;@ET-DC@eyJkeW5hbWljIjp0cnVlLCJjb250ZW50IjoicG9zdF9saW5rX3VybF9wYWdlIiwic2V0dGluZ3MiOnsicG9zdF9pZCI6IjIwOTEifX0=@&#8221; button_text=&#8221;TEDAV\u0130 KE\u015eFED\u0130N&#8221; button_alignment=&#8221;left&#8221; _builder_version=&#8221;4.19.4&#8243; _dynamic_attributes=&#8221;button_url&#8221; custom_button=&#8221;on&#8221; button_text_color=&#8221;#ffffff&#8221; button_bg_use_color_gradient=&#8221;on&#8221; button_bg_color_gradient_direction=&#8221;90deg&#8221; button_bg_color_gradient_stops=&#8221;#2a7cc8 0%|#210454 100%&#8221; button_bg_color_gradient_start=&#8221;#2a7cc8&#8243; button_bg_color_gradient_end=&#8221;#210454&#8243; button_border_width=&#8221;0px&#8221; button_border_radius=&#8221;0px&#8221; global_colors_info=&#8221;{}&#8221;][\/et_pb_button][\/et_pb_column][\/et_pb_row][et_pb_row column_structure=&#8221;1_3,1_3,1_3&#8243; use_custom_gutter=&#8221;on&#8221; gutter_width=&#8221;1&#8243; make_equal=&#8221;on&#8221; _builder_version=&#8221;4.16&#8243; max_width=&#8221;80%&#8221; custom_margin=&#8221;0px||0px||true|false&#8221; global_colors_info=&#8221;{}&#8221;][et_pb_column type=&#8221;1_3&#8243; _builder_version=&#8221;4.16&#8243; custom_padding=&#8221;|||10px|false|false&#8221; border_width_left=&#8221;4px&#8221; border_color_left=&#8221;#210454&#8243; global_colors_info=&#8221;{}&#8221;][et_pb_text _builder_version=&#8221;4.19.4&#8243; text_font=&#8221;||||||||&#8221; header_2_font=&#8221;|600||on|||||&#8221; header_2_text_color=&#8221;#2a7cc8&#8243; global_colors_info=&#8221;{}&#8221;]<\/p>\n<h2>Vajinal Gen\u00e7le\u015ftirme<\/h2>\n<p>[\/et_pb_text][et_pb_button button_url=&#8221;@ET-DC@eyJkeW5hbWljIjp0cnVlLCJjb250ZW50IjoicG9zdF9saW5rX3VybF9wYWdlIiwic2V0dGluZ3MiOnsicG9zdF9pZCI6IjIxMTAifX0=@&#8221; button_text=&#8221;TEDAV\u0130 KE\u015eFED\u0130N&#8221; button_alignment=&#8221;left&#8221; _builder_version=&#8221;4.19.4&#8243; _dynamic_attributes=&#8221;button_url&#8221; custom_button=&#8221;on&#8221; button_text_color=&#8221;#ffffff&#8221; button_bg_use_color_gradient=&#8221;on&#8221; button_bg_color_gradient_direction=&#8221;90deg&#8221; button_bg_color_gradient_stops=&#8221;#2a7cc8 0%|#210454 100%&#8221; button_bg_color_gradient_start=&#8221;#2a7cc8&#8243; button_bg_color_gradient_end=&#8221;#210454&#8243; button_border_width=&#8221;0px&#8221; button_border_radius=&#8221;0px&#8221; global_colors_info=&#8221;{}&#8221;][\/et_pb_button][\/et_pb_column][et_pb_column type=&#8221;1_3&#8243; _builder_version=&#8221;4.16&#8243; custom_padding=&#8221;|||10px|false|false&#8221; border_width_left=&#8221;4px&#8221; border_color_left=&#8221;#210454&#8243; global_colors_info=&#8221;{}&#8221;][\/et_pb_column][et_pb_column type=&#8221;1_3&#8243; _builder_version=&#8221;4.16&#8243; custom_padding=&#8221;|||10px|false|false&#8221; border_width_left=&#8221;4px&#8221; border_color_left=&#8221;#210454&#8243; global_colors_info=&#8221;{}&#8221;][\/et_pb_column][\/et_pb_row][\/et_pb_section]<\/p>\n","protected":false},"excerpt":{"rendered":"<p>\u00c7ift Kurul Sertifikal\u0131 Prof. Dr. Fatih Irmak estetik ameliyatlar\u0131n\u0131 \u0130stanbul&#8217;da yapmaktad\u0131r. \u0130stanbul, t\u0131bbi turizm destinasyonu olarak d\u00fcnyan\u0131n en iyi 5 kentinden biridir. Her y\u0131l yar\u0131m milyondan fazla insan t\u0131bbi prosed\u00fcrler i\u00e7in d\u00fcnyan\u0131n d\u00f6rt bir yan\u0131ndan \u0130stanbul&#8217;a gelmektedir. Estetik ve cerrahi ihtiya\u00e7lar\u0131 i\u00e7in bu \u015fehri tercih edenlerin %20&#8217;si, ayn\u0131 anda hem iki k\u0131tada modern ve tarihi [&hellip;]<\/p>\n","protected":false},"author":1,"featured_media":2809,"parent":0,"menu_order":2,"comment_status":"closed","ping_status":"closed","template":"","meta":{"_et_pb_use_builder":"on","_et_pb_old_content":"","_et_gb_content_width":"","footnotes":""},"class_list":["post-2087","page","type-page","status-publish","has-post-thumbnail","hentry"],"_links":{"self":[{"href":"https:\/\/www.drfatihirmak.com\/es\/wp-json\/wp\/v2\/pages\/2087","targetHints":{"allow":["GET"]}}],"collection":[{"href":"https:\/\/www.drfatihirmak.com\/es\/wp-json\/wp\/v2\/pages"}],"about":[{"href":"https:\/\/www.drfatihirmak.com\/es\/wp-json\/wp\/v2\/types\/page"}],"author":[{"embeddable":true,"href":"https:\/\/www.drfatihirmak.com\/es\/wp-json\/wp\/v2\/users\/1"}],"replies":[{"embeddable":true,"href":"https:\/\/www.drfatihirmak.com\/es\/wp-json\/wp\/v2\/comments?post=2087"}],"version-history":[{"count":1,"href":"https:\/\/www.drfatihirmak.com\/es\/wp-json\/wp\/v2\/pages\/2087\/revisions"}],"predecessor-version":[{"id":4037,"href":"https:\/\/www.drfatihirmak.com\/es\/wp-json\/wp\/v2\/pages\/2087\/revisions\/4037"}],"wp:featuredmedia":[{"embeddable":true,"href":"https:\/\/www.drfatihirmak.com\/es\/wp-json\/wp\/v2\/media\/2809"}],"wp:attachment":[{"href":"https:\/\/www.drfatihirmak.com\/es\/wp-json\/wp\/v2\/media?parent=2087"}],"curies":[{"name":"wp","href":"https:\/\/api.w.org\/{rel}","templated":true}]}}