{"id":2288,"date":"2020-06-11T18:52:05","date_gmt":"2020-06-11T15:52:05","guid":{"rendered":"https:\/\/www.drfatihirmak.com\/yuz-gozler\/goz-kapagi-kucultme-blefaroplasti\/"},"modified":"2024-11-19T20:13:10","modified_gmt":"2024-11-19T17:13:10","slug":"eyelid-reduction-blepharoplasty","status":"publish","type":"page","link":"https:\/\/www.drfatihirmak.com\/en\/yuz-gozler\/goz-kapagi-kucultme-blefaroplasti","title":{"rendered":"Eyelid Reduction (Blepharoplasty)"},"content":{"rendered":"<p>[et_pb_section fb_built=&#8221;1&#8243; _builder_version=&#8221;4.16&#8243; custom_padding=&#8221;1%||1%||true|false&#8221; global_colors_info=&#8221;{}&#8221; da_is_popup=&#8221;off&#8221; da_exit_intent=&#8221;off&#8221; da_has_close=&#8221;on&#8221; da_alt_close=&#8221;off&#8221; da_dark_close=&#8221;off&#8221; da_not_modal=&#8221;on&#8221; da_is_singular=&#8221;off&#8221; da_with_loader=&#8221;off&#8221; da_has_shadow=&#8221;on&#8221; da_disable_devices=&#8221;off|off|off&#8221;][et_pb_row column_structure=&#8221;1_2,1_2&#8243; use_custom_gutter=&#8221;on&#8221; gutter_width=&#8221;2&#8243; _builder_version=&#8221;4.16&#8243; width=&#8221;90%&#8221; max_width=&#8221;88%&#8221; custom_margin=&#8221;0px||0px||true|false&#8221; custom_padding=&#8221;0px||0px||false|false&#8221; global_colors_info=&#8221;{}&#8221;][et_pb_column type=&#8221;1_2&#8243; _builder_version=&#8221;4.16&#8243; background_enable_image=&#8221;off&#8221; background_size=&#8221;contain&#8221; custom_padding=&#8221;2%||2%||true|false&#8221; global_colors_info=&#8221;{}&#8221;][et_pb_text _builder_version=&#8221;4.16&#8243; _dynamic_attributes=&#8221;content&#8221; text_font=&#8221;|700|||||||&#8221; text_font_size=&#8221;35px&#8221; text_line_height=&#8221;1em&#8221; background_image=&#8221;https:\/\/drfatihirmak.com\/wp-content\/uploads\/2020\/02\/icon-bg.png&#8221; background_size=&#8221;contain&#8221; global_colors_info=&#8221;{}&#8221;]@ET-DC@eyJkeW5hbWljIjp0cnVlLCJjb250ZW50IjoicG9zdF90aXRsZSIsInNldHRpbmdzIjp7ImJlZm9yZSI6IiIsImFmdGVyIjoiIn19@[\/et_pb_text][\/et_pb_column][et_pb_column type=&#8221;1_2&#8243; _builder_version=&#8221;4.16&#8243; custom_padding=&#8221;2%||2%||true|false&#8221; global_colors_info=&#8221;{}&#8221;][\/et_pb_column][\/et_pb_row][\/et_pb_section][et_pb_section fb_built=&#8221;1&#8243; _builder_version=&#8221;4.3.3&#8243; custom_padding=&#8221;0px||0px||false|false&#8221; global_module=&#8221;920&#8243; saved_tabs=&#8221;all&#8221; global_colors_info=&#8221;{}&#8221; da_is_popup=&#8221;off&#8221; da_exit_intent=&#8221;off&#8221; da_has_close=&#8221;on&#8221; da_alt_close=&#8221;off&#8221; da_dark_close=&#8221;off&#8221; da_not_modal=&#8221;on&#8221; da_is_singular=&#8221;off&#8221; da_with_loader=&#8221;off&#8221; da_has_shadow=&#8221;on&#8221; da_disable_devices=&#8221;off|off|off&#8221;][et_pb_row use_custom_gutter=&#8221;on&#8221; gutter_width=&#8221;2&#8243; _builder_version=&#8221;4.16&#8243; background_color=&#8221;#3a3839&#8243; width=&#8221;100%&#8221; max_width=&#8221;100%&#8221; custom_margin=&#8221;0px||0px||true|false&#8221; custom_padding=&#8221;0px||0px||true|false&#8221; global_colors_info=&#8221;{}&#8221;][et_pb_column type=&#8221;4_4&#8243; _builder_version=&#8221;4.16&#8243; background_enable_image=&#8221;off&#8221; background_size=&#8221;contain&#8221; custom_padding=&#8221;0%||0%||true|false&#8221; global_colors_info=&#8221;{}&#8221;][et_pb_image src=&#8221;@ET-DC@eyJkeW5hbWljIjp0cnVlLCJjb250ZW50IjoicG9zdF9mZWF0dXJlZF9pbWFnZSIsInNldHRpbmdzIjp7fX0=@&#8221; align=&#8221;center&#8221; force_fullwidth=&#8221;on&#8221; _builder_version=&#8221;4.16&#8243; _dynamic_attributes=&#8221;src&#8221; global_colors_info=&#8221;{}&#8221;][\/et_pb_image][\/et_pb_column][\/et_pb_row][\/et_pb_section][et_pb_section fb_built=&#8221;1&#8243; _builder_version=&#8221;4.16&#8243; custom_margin=&#8221;||40px||false|false&#8221; custom_padding=&#8221;0px||0px||false|false&#8221; global_colors_info=&#8221;{}&#8221; da_is_popup=&#8221;off&#8221; da_exit_intent=&#8221;off&#8221; da_has_close=&#8221;on&#8221; da_alt_close=&#8221;off&#8221; da_dark_close=&#8221;off&#8221; da_not_modal=&#8221;on&#8221; da_is_singular=&#8221;off&#8221; da_with_loader=&#8221;off&#8221; da_has_shadow=&#8221;on&#8221; da_disable_devices=&#8221;off|off|off&#8221;][et_pb_row column_structure=&#8221;1_5,1_5,1_5,1_5,1_5&#8243; use_custom_gutter=&#8221;on&#8221; gutter_width=&#8221;1&#8243; _builder_version=&#8221;4.16&#8243; width=&#8221;100%&#8221; max_width=&#8221;100%&#8221; module_alignment=&#8221;center&#8221; global_colors_info=&#8221;{}&#8221;][et_pb_column type=&#8221;1_5&#8243; _builder_version=&#8221;4.16&#8243; global_colors_info=&#8221;{}&#8221;][et_pb_button button_url=&#8221;#i\u015flemler&#8221; button_text=&#8221;\u0130\u015eLEMLER&#8221; button_alignment=&#8221;center&#8221; _builder_version=&#8221;4.16&#8243; custom_button=&#8221;on&#8221; button_text_size=&#8221;16px&#8221; button_text_color=&#8221;#210454&#8243; button_border_width=&#8221;0px&#8221; button_letter_spacing=&#8221;0px&#8221; button_font=&#8221;|600|||||||&#8221; button_use_icon=&#8221;off&#8221; global_colors_info=&#8221;{}&#8221;][\/et_pb_button][\/et_pb_column][et_pb_column type=&#8221;1_5&#8243; _builder_version=&#8221;4.16&#8243; global_colors_info=&#8221;{}&#8221;][et_pb_button button_url=&#8221;#kim&#8221; button_text=&#8221;K\u0130MLER YARARLANAB\u0130L\u0130R&#8221; button_alignment=&#8221;center&#8221; _builder_version=&#8221;4.16&#8243; custom_button=&#8221;on&#8221; button_text_size=&#8221;16px&#8221; button_text_color=&#8221;#210454&#8243; button_border_width=&#8221;0px&#8221; button_letter_spacing=&#8221;0px&#8221; button_font=&#8221;|600|||||||&#8221; button_use_icon=&#8221;off&#8221; global_colors_info=&#8221;{}&#8221;][\/et_pb_button][\/et_pb_column][et_pb_column type=&#8221;1_5&#8243; _builder_version=&#8221;4.16&#8243; global_colors_info=&#8221;{}&#8221;][et_pb_button button_url=&#8221;#beklenti&#8221; button_text=&#8221;BEKLENT\u0130LER\u0130N\u0130Z NELER&#8221; button_alignment=&#8221;center&#8221; _builder_version=&#8221;4.16&#8243; custom_button=&#8221;on&#8221; button_text_size=&#8221;16px&#8221; button_text_color=&#8221;#210454&#8243; button_border_width=&#8221;0px&#8221; button_letter_spacing=&#8221;0px&#8221; button_font=&#8221;|600|||||||&#8221; button_use_icon=&#8221;off&#8221; global_colors_info=&#8221;{}&#8221;][\/et_pb_button][\/et_pb_column][et_pb_column type=&#8221;1_5&#8243; _builder_version=&#8221;4.16&#8243; global_colors_info=&#8221;{}&#8221;][et_pb_button button_url=&#8221;#ka\u00e7\u0131n\u0131n&#8221; button_text=&#8221;KA\u00c7INILMASI GEREKENLER&#8221; button_alignment=&#8221;center&#8221; _builder_version=&#8221;4.16&#8243; custom_button=&#8221;on&#8221; button_text_size=&#8221;16px&#8221; button_text_color=&#8221;#210454&#8243; button_border_width=&#8221;0px&#8221; button_letter_spacing=&#8221;0px&#8221; button_font=&#8221;|600|||||||&#8221; button_use_icon=&#8221;off&#8221; global_colors_info=&#8221;{}&#8221;][\/et_pb_button][\/et_pb_column][et_pb_column type=&#8221;1_5&#8243; _builder_version=&#8221;4.16&#8243; global_colors_info=&#8221;{}&#8221;][et_pb_button button_url=&#8221;#uluslararas\u0131&#8221; button_text=&#8221;ULUSLARARASI HASTALAR \u0130\u00c7\u0130N&#8221; button_alignment=&#8221;center&#8221; _builder_version=&#8221;4.16&#8243; custom_button=&#8221;on&#8221; button_text_size=&#8221;16px&#8221; button_text_color=&#8221;#210454&#8243; button_border_width=&#8221;0px&#8221; button_letter_spacing=&#8221;0px&#8221; button_font=&#8221;|600|||||||&#8221; button_use_icon=&#8221;off&#8221; global_colors_info=&#8221;{}&#8221;][\/et_pb_button][\/et_pb_column][\/et_pb_row][et_pb_row use_custom_gutter=&#8221;on&#8221; gutter_width=&#8221;2&#8243; module_id=&#8221;procedure&#8221; _builder_version=&#8221;4.16&#8243; max_width=&#8221;80%&#8221; border_width_top=&#8221;4px&#8221; border_color_top=&#8221;#210454&#8243; border_style_top=&#8221;double&#8221; global_colors_info=&#8221;{}&#8221;][et_pb_column type=&#8221;4_4&#8243; _builder_version=&#8221;4.16&#8243; global_colors_info=&#8221;{}&#8221;][et_pb_text _builder_version=&#8221;4.16&#8243; text_font_size=&#8221;18px&#8221; header_2_font=&#8221;|600|||||||&#8221; header_2_text_color=&#8221;#2a7cc8&#8243; header_2_line_height=&#8221;1.7em&#8221; locked=&#8221;off&#8221; global_colors_info=&#8221;{}&#8221;]<\/p>\n<h2>G\u00f6z Kapa\u011f\u0131 Cerrahisi veya Blefaroplasti nedir?<\/h2>\n<p>Blefaroplasti veya &#8216;g\u00f6z kapa\u011f\u0131n\u0131n azalt\u0131lmas\u0131&#8217; veya &#8216;g\u00f6z kapa\u011f\u0131n\u0131n \u00e7\u0131kar\u0131lmas\u0131&#8217; en yayg\u0131n be\u015f kozmetik cerrahi prosed\u00fcr\u00fcnden biridir.<\/p>\n<p>Ya\u015fland\u0131k\u00e7a g\u00f6zlerimizin etraf\u0131ndaki deri esnekli\u011fini kaybetmeye ba\u015flar ve kaslar\u0131m\u0131z gev\u015fer. Bu, hem \u00fcst hem de alt g\u00f6z kapaklar\u0131n\u0131n sarkmas\u0131na neden olur ve g\u00f6z kapaklar\u0131n\u0131n geli\u015fmesi ve\u00a0 sarkmaya ba\u015flamas\u0131 nadir de\u011fildir.<\/p>\n<p>Kaz\u00a0 aya\u011f\u0131 veya di\u011fer k\u0131r\u0131\u015f\u0131kl\u0131klar\u0131n\u0131n\u00a0 d\u00fczeltilemeyece\u011fini, g\u00f6zlerinizin alt\u0131ndaki koyu halkalar\u0131 ortadan kald\u0131r\u0131lamayaca\u011f\u0131n\u0131 bilmek \u00f6nemlidir.<\/p>\n<p>Blefaroplasti, g\u00f6z \u00e7evresindeki gev\u015fek cildin ve fazla ya\u011fl\u0131 dokular\u0131n \u00e7\u0131kar\u0131lmas\u0131n\u0131, gev\u015femi\u015f kaslar\u0131n s\u0131k\u0131la\u015ft\u0131r\u0131lmas\u0131n\u0131 ve cilde daha s\u0131k\u0131 ve daha gen\u00e7 bir g\u00f6r\u00fcn\u00fcm kazand\u0131r\u0131lmas\u0131n\u0131 i\u00e7erir.[\/et_pb_text][\/et_pb_column][\/et_pb_row][\/et_pb_section][et_pb_section fb_built=&#8221;1&#8243; _builder_version=&#8221;4.16&#8243; use_background_color_gradient=&#8221;on&#8221; background_color_gradient_direction=&#8221;90deg&#8221; background_color_gradient_stops=&#8221;#2a7cc8 0%|#210454 100%&#8221; background_color_gradient_start=&#8221;#2a7cc8&#8243; background_color_gradient_end=&#8221;#210454&#8243; global_colors_info=&#8221;{}&#8221; da_is_popup=&#8221;off&#8221; da_exit_intent=&#8221;off&#8221; da_has_close=&#8221;on&#8221; da_alt_close=&#8221;off&#8221; da_dark_close=&#8221;off&#8221; da_not_modal=&#8221;on&#8221; da_is_singular=&#8221;off&#8221; da_with_loader=&#8221;off&#8221; da_has_shadow=&#8221;on&#8221; da_disable_devices=&#8221;off|off|off&#8221;][et_pb_row column_structure=&#8221;1_2,1_2&#8243; _builder_version=&#8221;4.16&#8243; max_width=&#8221;80%&#8221; global_colors_info=&#8221;{}&#8221;][et_pb_column type=&#8221;1_2&#8243; _builder_version=&#8221;4.16&#8243; global_colors_info=&#8221;{}&#8221;][divienhancer_image_comparison before_upload=&#8221;https:\/\/drfatihirmak.com\/wp-content\/uploads\/2020\/04\/1-before-eyelid.jpg&#8221; before_text=&#8221;\u00d6ncesi&#8221; after_upload=&#8221;https:\/\/drfatihirmak.com\/wp-content\/uploads\/2020\/04\/1-after-eyelid.jpg&#8221; after_text=&#8221;Sonras\u0131&#8221; _builder_version=&#8221;4.16&#8243; background_color=&#8221;#88959e&#8221; custom_padding=&#8221;||||true|false&#8221; global_colors_info=&#8221;{}&#8221;][\/divienhancer_image_comparison][\/et_pb_column][et_pb_column type=&#8221;1_2&#8243; _builder_version=&#8221;4.16&#8243; global_colors_info=&#8221;{}&#8221;][divienhancer_image_comparison before_upload=&#8221;https:\/\/drfatihirmak.com\/wp-content\/uploads\/2020\/04\/2-before-eyelid.jpg&#8221; before_text=&#8221;\u00d6ncesi&#8221; after_upload=&#8221;https:\/\/drfatihirmak.com\/wp-content\/uploads\/2020\/04\/2-after-eyelid.jpg&#8221; after_text=&#8221;Sonras\u0131&#8221; _builder_version=&#8221;4.16&#8243; background_color=&#8221;#88959e&#8221; custom_padding=&#8221;||||true|false&#8221; global_colors_info=&#8221;{}&#8221;][\/divienhancer_image_comparison][\/et_pb_column][\/et_pb_row][\/et_pb_section][et_pb_section fb_built=&#8221;1&#8243; _builder_version=&#8221;4.16&#8243; custom_padding=&#8221;||0px|||&#8221; global_colors_info=&#8221;{}&#8221; da_is_popup=&#8221;off&#8221; da_exit_intent=&#8221;off&#8221; da_has_close=&#8221;on&#8221; da_alt_close=&#8221;off&#8221; da_dark_close=&#8221;off&#8221; da_not_modal=&#8221;on&#8221; da_is_singular=&#8221;off&#8221; da_with_loader=&#8221;off&#8221; da_has_shadow=&#8221;on&#8221; da_disable_devices=&#8221;off|off|off&#8221;][et_pb_row use_custom_gutter=&#8221;on&#8221; gutter_width=&#8221;2&#8243; module_id=&#8221;whocan&#8221; _builder_version=&#8221;4.16&#8243; max_width=&#8221;80%&#8221; border_color_top=&#8221;#210454&#8243; border_style_top=&#8221;double&#8221; global_colors_info=&#8221;{}&#8221;][et_pb_column type=&#8221;4_4&#8243; _builder_version=&#8221;4.16&#8243; global_colors_info=&#8221;{}&#8221;][et_pb_text _builder_version=&#8221;4.16&#8243; text_font_size=&#8221;18px&#8221; header_2_font=&#8221;|600|||||||&#8221; header_2_text_color=&#8221;#2a7cc8&#8243; header_2_line_height=&#8221;1.7em&#8221; locked=&#8221;off&#8221; global_colors_info=&#8221;{}&#8221;]<\/p>\n<h2>Kimler yararlanabilir?<\/h2>\n<p>Blefaroplasti, \u00e7ok az kesi ile de\u011fi\u015fikli\u011fi ba\u015farabilen k\u0131sa ve olduk\u00e7a etkili bir prosed\u00fcrd\u00fcr ve tedavi hem fiziksel hem de psikolojik refah duygusu sa\u011flar.<\/p>\n<p>G\u00f6z kapa\u011f\u0131 cerrahisini d\u00fc\u015f\u00fcn\u00fcyorsan\u0131z, a\u015fa\u011f\u0131daki kategorilerden birine veya daha fazlas\u0131na uygun olmal\u0131s\u0131n\u0131z .<\/p>\n<ul>\n<li>G\u00f6zlerin alt\u0131nda kabar\u0131k alanlar veya &#8221; torbalar\u201d<\/li>\n<li>\u00dcst g\u00f6z kapaklar\u0131n\u0131zda fazla deri<\/li>\n<li>Alt g\u00f6z kapaklar\u0131n\u0131zda fazla deri<\/li>\n<li>Do\u011fal \u00fcst g\u00f6z kapa\u011f\u0131 \u00e7izgisinin kaybolmas\u0131<\/li>\n<\/ul>\n<h2>G\u00f6z kapa\u011f\u0131 ameliyat\u0131 i\u00e7in iyi bir aday kimdir (Blefaroplasti)?<\/h2>\n<p>Prof. Dr. Fatih Irmak, a\u015fa\u011f\u0131daki sorunlardan birini ya\u015fayan bireyleri prosed\u00fcre uygun g\u00f6r\u00fcr:<\/p>\n<ul>\n<li>Fiziksel ve psikolojik olarak zinde ve sa\u011fl\u0131kl\u0131<\/li>\n<li>Y\u00fcz\u00fcn g\u00f6z b\u00f6lgesinde ya\u015flanma belirtileri veya g\u00f6r\u00fcn\u00fcm\u00fc ile rahats\u0131z olanlar<\/li>\n<li>Ameliyatla elde edilecek sonu\u00e7lara dair\u00a0 ger\u00e7ek\u00e7i beklentileri olanlar<\/li>\n<\/ul>\n<p>G\u00f6z kapa\u011f\u0131 kald\u0131rma i\u00e7in ideal bir aday, genel sa\u011fl\u0131k a\u00e7\u0131s\u0131ndan iyi, prosed\u00fcr hakk\u0131nda ger\u00e7ek\u00e7i beklentileri olan ve yukar\u0131da yaz\u0131l\u0131 \u00f6zelliklerden bir veya daha fazlas\u0131na sahip olan ki\u015fidir. Adaylar\u0131n \u00e7o\u011fu 35 ya\u015f\u0131nda veya daha b\u00fcy\u00fckt\u00fcr, ancak sark\u0131k g\u00f6z kapaklar\u0131n\u0131z kal\u0131tsal bir durumsa, daha gen\u00e7 ya\u015fta ameliyat olmaya karar verebilirsiniz.[\/et_pb_text][\/et_pb_column][\/et_pb_row][et_pb_row use_custom_gutter=&#8221;on&#8221; gutter_width=&#8221;2&#8243; _builder_version=&#8221;4.16&#8243; max_width=&#8221;80%&#8221; border_color_top=&#8221;#210454&#8243; border_style_top=&#8221;double&#8221; global_colors_info=&#8221;{}&#8221;][et_pb_column type=&#8221;4_4&#8243; _builder_version=&#8221;4.16&#8243; global_colors_info=&#8221;{}&#8221;][et_pb_accordion _builder_version=&#8221;4.16&#8243; global_colors_info=&#8221;{}&#8221;][et_pb_accordion_item title=&#8221;Prof. Dr. Fatih Irmak bu prosed\u00fcr\u00fc nerede yap\u0131yor?&#8221; open=&#8221;on&#8221; open_toggle_text_color=&#8221;#f4f4f3&#8243; open_toggle_background_color=&#8221;#ffffff&#8221; closed_toggle_background_color=&#8221;#6bffff&#8221; icon_color=&#8221;#6bffff&#8221; _builder_version=&#8221;4.16&#8243; body_text_color=&#8221;#f4f4f3&#8243; use_background_color_gradient=&#8221;on&#8221; background_color_gradient_direction=&#8221;90deg&#8221; background_color_gradient_stops=&#8221;#2a7cc8 0%|#210454 100%&#8221; background_color_gradient_start=&#8221;#2a7cc8&#8243; background_color_gradient_end=&#8221;#210454&#8243; custom_margin=&#8221;0px||0px||false|false&#8221; global_colors_info=&#8221;{}&#8221; toggle_text_color=&#8221;#6bffff&#8221; toggle_level=&#8221;h5&#8243; toggle_font=&#8221;|700|||||||&#8221; toggle_font_size=&#8221;18px&#8221; closed_toggle_font=&#8221;|600|||||||&#8221; closed_toggle_text_align=&#8221;left&#8221; background__hover_enabled=&#8221;on|desktop&#8221;]Fatih Irmak, uluslararas\u0131 onayl\u0131 bir hastanede ve mevcut en ileri teknolojilerle donat\u0131lm\u0131\u015f cerrahi merkezinde poliklinik\u00a0 olarak uygulamaktad\u0131r.[\/et_pb_accordion_item][et_pb_accordion_item title=&#8221;Blefaroplasti i\u00e7in ne t\u00fcr bir anestezi kullan\u0131l\u0131r?&#8221; open_toggle_text_color=&#8221;#f4f4f3&#8243; open_toggle_background_color=&#8221;#ffffff&#8221; closed_toggle_background_color=&#8221;#6bffff&#8221; icon_color=&#8221;#6bffff&#8221; _builder_version=&#8221;4.16&#8243; body_text_color=&#8221;#f4f4f3&#8243; use_background_color_gradient=&#8221;on&#8221; background_color_gradient_direction=&#8221;90deg&#8221; background_color_gradient_stops=&#8221;#2a7cc8 0%|#210454 100%&#8221; background_color_gradient_start=&#8221;#2a7cc8&#8243; background_color_gradient_end=&#8221;#210454&#8243; custom_margin=&#8221;0px||0px||false|false&#8221; global_colors_info=&#8221;{}&#8221; toggle_text_color=&#8221;#6bffff&#8221; toggle_level=&#8221;h5&#8243; toggle_font=&#8221;|700|||||||&#8221; toggle_font_size=&#8221;18px&#8221; closed_toggle_font=&#8221;|600|||||||&#8221; closed_toggle_text_align=&#8221;left&#8221; background__hover_enabled=&#8221;on|desktop&#8221; open=&#8221;off&#8221;]G\u00f6z kapa\u011f\u0131 cerrahisi tipik olarak lokal anestezi alt\u0131nda yap\u0131l\u0131r, ancak hastan\u0131n sa\u011fl\u0131k durumuna ve tercihlerine ba\u011fl\u0131 olarak genel anestezi kullan\u0131labilir.[\/et_pb_accordion_item][et_pb_accordion_item title=&#8221;G\u00f6z kapa\u011f\u0131 ameliyat\u0131 ne kadar s\u00fcrer?&#8221; open_toggle_text_color=&#8221;#f4f4f3&#8243; open_toggle_background_color=&#8221;#ffffff&#8221; closed_toggle_background_color=&#8221;#6bffff&#8221; icon_color=&#8221;#6bffff&#8221; _builder_version=&#8221;4.16&#8243; body_text_color=&#8221;#f4f4f3&#8243; use_background_color_gradient=&#8221;on&#8221; background_color_gradient_direction=&#8221;90deg&#8221; background_color_gradient_stops=&#8221;#2a7cc8 0%|#210454 100%&#8221; background_color_gradient_start=&#8221;#2a7cc8&#8243; background_color_gradient_end=&#8221;#210454&#8243; custom_margin=&#8221;0px||0px||false|false&#8221; global_colors_info=&#8221;{}&#8221; toggle_text_color=&#8221;#6bffff&#8221; toggle_level=&#8221;h5&#8243; toggle_font=&#8221;|700|||||||&#8221; toggle_font_size=&#8221;18px&#8221; closed_toggle_font=&#8221;|600|||||||&#8221; closed_toggle_text_align=&#8221;left&#8221; background__hover_enabled=&#8221;on|desktop&#8221; open=&#8221;off&#8221;]Prosed\u00fcr\u00fcn ne kadar geni\u015f oldu\u011funa ba\u011fl\u0131 olarak tamamlanmas\u0131 genellikle 1 ila 3 saat s\u00fcrer.[\/et_pb_accordion_item][\/et_pb_accordion][\/et_pb_column][\/et_pb_row][et_pb_row use_custom_gutter=&#8221;on&#8221; gutter_width=&#8221;2&#8243; module_id=&#8221;expect&#8221; _builder_version=&#8221;4.16&#8243; max_width=&#8221;80%&#8221; border_color_top=&#8221;#210454&#8243; border_style_top=&#8221;double&#8221; global_colors_info=&#8221;{}&#8221;][et_pb_column type=&#8221;4_4&#8243; _builder_version=&#8221;4.16&#8243; global_colors_info=&#8221;{}&#8221;][et_pb_text _builder_version=&#8221;4.16&#8243; text_font_size=&#8221;18px&#8221; header_2_font=&#8221;|600|||||||&#8221; header_2_text_color=&#8221;#2a7cc8&#8243; header_2_line_height=&#8221;1.7em&#8221; locked=&#8221;off&#8221; global_colors_info=&#8221;{}&#8221;]<\/p>\n<h2>G\u00f6z kapa\u011f\u0131 ameliyat\u0131ndan sonra ne beklenir?<\/h2>\n<p>&nbsp;<\/p>\n<table width=\"100%\">\n<tbody>\n<tr>\n<td><strong>Aktivite\u00a0<\/strong><\/td>\n<td>Ne zaman<\/td>\n<\/tr>\n<tr>\n<td>Televizyon seyretme veya okuma<\/td>\n<td>Ameliyattan iki ila \u00fc\u00e7 g\u00fcn sonra<\/td>\n<\/tr>\n<tr>\n<td>G\u00f6z makyaj\u0131<\/td>\n<td>Ameliyattan yedi ila on g\u00fcn nsonra<\/td>\n<\/tr>\n<tr>\n<td>Diki\u015flerin al\u0131nmas\u0131<\/td>\n<td>Ameliyattan iki ila 7 g\u00fcn sonra<\/td>\n<\/tr>\n<tr>\n<td>\u0130\u015fe veya okula d\u00f6n\u00fc\u015f<\/td>\n<td>Ameliyattan yedi ila on g\u00fcn sonra<\/td>\n<\/tr>\n<tr>\n<td>Araba kullanma<\/td>\n<td>Kendinizi iyi hissederhissetmez<\/td>\n<\/tr>\n<tr>\n<td>Kontakt lense kullan\u0131m\u0131<\/td>\n<td>Ameliyattan\u00a0 iki ila \u00fc\u00e7 hafta sonra<\/td>\n<\/tr>\n<tr>\n<td>Yorucu aktiviteler<\/td>\n<td>Ameliyattan \u00fc\u00e7 hafta sonra<\/td>\n<\/tr>\n<tr>\n<td>\u0130zlerin solmas\u0131<\/td>\n<td>bir ka\u00e7 ay ile bir y\u0131l<\/td>\n<\/tr>\n<\/tbody>\n<\/table>\n<p>[\/et_pb_text][\/et_pb_column][\/et_pb_row][et_pb_row use_custom_gutter=&#8221;on&#8221; gutter_width=&#8221;2&#8243; module_id=&#8221;aware&#8221; _builder_version=&#8221;4.16&#8243; max_width=&#8221;80%&#8221; border_color_top=&#8221;#210454&#8243; border_style_top=&#8221;double&#8221; global_colors_info=&#8221;{}&#8221;][et_pb_column type=&#8221;4_4&#8243; _builder_version=&#8221;4.16&#8243; global_colors_info=&#8221;{}&#8221;][et_pb_text _builder_version=&#8221;4.24.2&#8243; text_font_size=&#8221;18px&#8221; header_2_font=&#8221;|600|||||||&#8221; header_2_text_color=&#8221;#2a7cc8&#8243; header_2_line_height=&#8221;1.7em&#8221; locked=&#8221;off&#8221; global_colors_info=&#8221;{}&#8221;]<\/p>\n<h2>G\u00f6z Kapa\u011f\u0131 Ameliyat\u0131ndan Sonra Dikkat Edilmesi Gerekenler<\/h2>\n<ul>\n<li>G\u00f6z kapa\u011f\u0131 prosed\u00fcr\u00fcn\u00fczden birka\u00e7 g\u00fcn sonra bulan\u0131k veya \u00e7ift g\u00f6rme normaldir.<\/li>\n<li>Ameliyattan sonra, baz\u0131 insanlar uykuya dalmakta k\u00fc\u00e7\u00fck sorunlar ya\u015far .<\/li>\n<li>Alt g\u00f6z kapa\u011f\u0131n\u0131n sinirleri ameliyattan ge\u00e7ici olarak etkilenebilir ve g\u00f6z kapa\u011f\u0131n\u0131n kenar\u0131n\u0131n sarkmas\u0131na neden olabilir. Bu durum genellikle birka\u00e7 g\u00fcn veya hafta i\u00e7inde d\u00fczelir. Yukar\u0131 do\u011fru masaj ve g\u00f6z kapa\u011f\u0131n\u0131n bantla desteklenmesi iyile\u015fme s\u00fcrecine yard\u0131mc\u0131 olabilir.<\/li>\n<\/ul>\n<p>[\/et_pb_text][\/et_pb_column][\/et_pb_row][\/et_pb_section]<\/p>\n","protected":false},"excerpt":{"rendered":"<p>G\u00f6z Kapa\u011f\u0131 Cerrahisi veya Blefaroplasti nedir? Blefaroplasti veya &#8216;g\u00f6z kapa\u011f\u0131n\u0131n azalt\u0131lmas\u0131&#8217; veya &#8216;g\u00f6z kapa\u011f\u0131n\u0131n \u00e7\u0131kar\u0131lmas\u0131&#8217; en yayg\u0131n be\u015f kozmetik cerrahi prosed\u00fcr\u00fcnden biridir. Ya\u015fland\u0131k\u00e7a g\u00f6zlerimizin etraf\u0131ndaki deri esnekli\u011fini kaybetmeye ba\u015flar ve kaslar\u0131m\u0131z gev\u015fer. Bu, hem \u00fcst hem de alt g\u00f6z kapaklar\u0131n\u0131n sarkmas\u0131na neden olur ve g\u00f6z kapaklar\u0131n\u0131n geli\u015fmesi ve\u00a0 sarkmaya ba\u015flamas\u0131 nadir de\u011fildir. Kaz\u00a0 aya\u011f\u0131 veya [&hellip;]<\/p>\n","protected":false},"author":1,"featured_media":2863,"parent":2278,"menu_order":0,"comment_status":"closed","ping_status":"closed","template":"","meta":{"_et_pb_use_builder":"on","_et_pb_old_content":"","_et_gb_content_width":"","footnotes":""},"class_list":["post-2288","page","type-page","status-publish","has-post-thumbnail","hentry"],"_links":{"self":[{"href":"https:\/\/www.drfatihirmak.com\/en\/wp-json\/wp\/v2\/pages\/2288","targetHints":{"allow":["GET"]}}],"collection":[{"href":"https:\/\/www.drfatihirmak.com\/en\/wp-json\/wp\/v2\/pages"}],"about":[{"href":"https:\/\/www.drfatihirmak.com\/en\/wp-json\/wp\/v2\/types\/page"}],"author":[{"embeddable":true,"href":"https:\/\/www.drfatihirmak.com\/en\/wp-json\/wp\/v2\/users\/1"}],"replies":[{"embeddable":true,"href":"https:\/\/www.drfatihirmak.com\/en\/wp-json\/wp\/v2\/comments?post=2288"}],"version-history":[{"count":1,"href":"https:\/\/www.drfatihirmak.com\/en\/wp-json\/wp\/v2\/pages\/2288\/revisions"}],"predecessor-version":[{"id":4041,"href":"https:\/\/www.drfatihirmak.com\/en\/wp-json\/wp\/v2\/pages\/2288\/revisions\/4041"}],"up":[{"embeddable":true,"href":"https:\/\/www.drfatihirmak.com\/en\/wp-json\/wp\/v2\/pages\/2278"}],"wp:featuredmedia":[{"embeddable":true,"href":"https:\/\/www.drfatihirmak.com\/en\/wp-json\/wp\/v2\/media\/2863"}],"wp:attachment":[{"href":"https:\/\/www.drfatihirmak.com\/en\/wp-json\/wp\/v2\/media?parent=2288"}],"curies":[{"name":"wp","href":"https:\/\/api.w.org\/{rel}","templated":true}]}}