{"id":2260,"date":"2020-06-10T22:45:23","date_gmt":"2020-06-10T19:45:23","guid":{"rendered":"https:\/\/www.drfatihirmak.com\/meme-kucultmegynaecomastia\/"},"modified":"2024-11-19T20:15:24","modified_gmt":"2024-11-19T17:15:24","slug":"breast-reduction-gynaecomastia","status":"publish","type":"page","link":"https:\/\/www.drfatihirmak.com\/en\/erkekler-icin\/meme-kucultme-gynaecomastia","title":{"rendered":"Male Breast Reduction (Gynaecomastia)"},"content":{"rendered":"<p>[et_pb_section fb_built=&#8221;1&#8243; _builder_version=&#8221;4.16&#8243; custom_padding=&#8221;1%||1%||true|false&#8221; global_colors_info=&#8221;{}&#8221; da_is_popup=&#8221;off&#8221; da_exit_intent=&#8221;off&#8221; da_has_close=&#8221;on&#8221; da_alt_close=&#8221;off&#8221; da_dark_close=&#8221;off&#8221; da_not_modal=&#8221;on&#8221; da_is_singular=&#8221;off&#8221; da_with_loader=&#8221;off&#8221; da_has_shadow=&#8221;on&#8221; da_disable_devices=&#8221;off|off|off&#8221;][et_pb_row use_custom_gutter=&#8221;on&#8221; gutter_width=&#8221;2&#8243; _builder_version=&#8221;4.16&#8243; width=&#8221;90%&#8221; max_width=&#8221;88%&#8221; custom_margin=&#8221;0px||0px||true|false&#8221; custom_padding=&#8221;0px||0px||false|false&#8221; global_colors_info=&#8221;{}&#8221;][et_pb_column type=&#8221;4_4&#8243; _builder_version=&#8221;4.16&#8243; background_enable_image=&#8221;off&#8221; background_size=&#8221;contain&#8221; custom_padding=&#8221;2%||2%||true|false&#8221; global_colors_info=&#8221;{}&#8221;][et_pb_text _builder_version=&#8221;4.19.4&#8243; _dynamic_attributes=&#8221;content&#8221; text_font=&#8221;|700|||||||&#8221; text_font_size=&#8221;35px&#8221; text_line_height=&#8221;0.8em&#8221; background_image=&#8221;https:\/\/drfatihirmak.com\/wp-content\/uploads\/2020\/02\/icon-bg.png&#8221; background_size=&#8221;contain&#8221; global_colors_info=&#8221;{}&#8221;]@ET-DC@eyJkeW5hbWljIjp0cnVlLCJjb250ZW50IjoicG9zdF90aXRsZSIsInNldHRpbmdzIjp7ImJlZm9yZSI6IiIsImFmdGVyIjoiIn19@[\/et_pb_text][\/et_pb_column][\/et_pb_row][\/et_pb_section][et_pb_section fb_built=&#8221;1&#8243; _builder_version=&#8221;4.3.3&#8243; custom_padding=&#8221;0px||0px||false|false&#8221; global_module=&#8221;920&#8243; global_colors_info=&#8221;{}&#8221; da_is_popup=&#8221;off&#8221; da_exit_intent=&#8221;off&#8221; da_has_close=&#8221;on&#8221; da_alt_close=&#8221;off&#8221; da_dark_close=&#8221;off&#8221; da_not_modal=&#8221;on&#8221; da_is_singular=&#8221;off&#8221; da_with_loader=&#8221;off&#8221; da_has_shadow=&#8221;on&#8221; da_disable_devices=&#8221;off|off|off&#8221;][et_pb_row use_custom_gutter=&#8221;on&#8221; gutter_width=&#8221;2&#8243; _builder_version=&#8221;4.16&#8243; background_color=&#8221;#3a3839&#8243; width=&#8221;100%&#8221; max_width=&#8221;100%&#8221; custom_margin=&#8221;0px||0px||true|false&#8221; custom_padding=&#8221;0px||0px||true|false&#8221; global_colors_info=&#8221;{}&#8221;][et_pb_column type=&#8221;4_4&#8243; _builder_version=&#8221;4.16&#8243; background_enable_image=&#8221;off&#8221; background_size=&#8221;contain&#8221; custom_padding=&#8221;0%||0%||true|false&#8221; global_colors_info=&#8221;{}&#8221;][et_pb_image src=&#8221;@ET-DC@eyJkeW5hbWljIjp0cnVlLCJjb250ZW50IjoicG9zdF9mZWF0dXJlZF9pbWFnZSIsInNldHRpbmdzIjp7fX0=@&#8221; align=&#8221;center&#8221; force_fullwidth=&#8221;on&#8221; _builder_version=&#8221;4.16&#8243; _dynamic_attributes=&#8221;src&#8221; global_colors_info=&#8221;{}&#8221;][\/et_pb_image][\/et_pb_column][\/et_pb_row][\/et_pb_section][et_pb_section fb_built=&#8221;1&#8243; _builder_version=&#8221;4.16&#8243; custom_margin=&#8221;||40px||false|false&#8221; custom_padding=&#8221;0px||0px||false|false&#8221; global_colors_info=&#8221;{}&#8221; da_is_popup=&#8221;off&#8221; da_exit_intent=&#8221;off&#8221; da_has_close=&#8221;on&#8221; da_alt_close=&#8221;off&#8221; da_dark_close=&#8221;off&#8221; da_not_modal=&#8221;on&#8221; da_is_singular=&#8221;off&#8221; da_with_loader=&#8221;off&#8221; da_has_shadow=&#8221;on&#8221; da_disable_devices=&#8221;off|off|off&#8221;][et_pb_row column_structure=&#8221;1_3,1_3,1_3&#8243; use_custom_gutter=&#8221;on&#8221; gutter_width=&#8221;1&#8243; _builder_version=&#8221;4.16&#8243; width=&#8221;100%&#8221; max_width=&#8221;100%&#8221; module_alignment=&#8221;center&#8221; global_colors_info=&#8221;{}&#8221;][et_pb_column type=&#8221;1_3&#8243; _builder_version=&#8221;4.16&#8243; global_colors_info=&#8221;{}&#8221;][et_pb_button button_url=&#8221;#procedure&#8221; button_text=&#8221;\u0130\u015eLEMLER&#8221; button_alignment=&#8221;center&#8221; _builder_version=&#8221;4.16&#8243; custom_button=&#8221;on&#8221; button_text_size=&#8221;16px&#8221; button_text_color=&#8221;#210454&#8243; button_border_width=&#8221;0px&#8221; button_letter_spacing=&#8221;0px&#8221; button_font=&#8221;|600|||||||&#8221; button_use_icon=&#8221;off&#8221; global_colors_info=&#8221;{}&#8221;][\/et_pb_button][\/et_pb_column][et_pb_column type=&#8221;1_3&#8243; _builder_version=&#8221;4.16&#8243; global_colors_info=&#8221;{}&#8221;][et_pb_button button_url=&#8221;#whocan&#8221; button_text=&#8221;K\u0130MLER YARARLANAB\u0130L\u0130R&#8221; button_alignment=&#8221;center&#8221; _builder_version=&#8221;4.16&#8243; custom_button=&#8221;on&#8221; button_text_size=&#8221;16px&#8221; button_text_color=&#8221;#210454&#8243; button_border_width=&#8221;0px&#8221; button_letter_spacing=&#8221;0px&#8221; button_font=&#8221;|600|||||||&#8221; button_use_icon=&#8221;off&#8221; global_colors_info=&#8221;{}&#8221;][\/et_pb_button][\/et_pb_column][et_pb_column type=&#8221;1_3&#8243; _builder_version=&#8221;4.16&#8243; global_colors_info=&#8221;{}&#8221;][et_pb_button button_url=&#8221;#international&#8221; button_text=&#8221;ULUSLARARASI HASTALAR \u0130\u00c7\u0130N&#8221; button_alignment=&#8221;center&#8221; _builder_version=&#8221;4.16&#8243; custom_button=&#8221;on&#8221; button_text_size=&#8221;16px&#8221; button_text_color=&#8221;#210454&#8243; button_border_width=&#8221;0px&#8221; button_letter_spacing=&#8221;0px&#8221; button_font=&#8221;|600|||||||&#8221; button_use_icon=&#8221;off&#8221; global_colors_info=&#8221;{}&#8221;][\/et_pb_button][\/et_pb_column][\/et_pb_row][et_pb_row use_custom_gutter=&#8221;on&#8221; gutter_width=&#8221;2&#8243; module_id=&#8221;procedure&#8221; _builder_version=&#8221;4.16&#8243; max_width=&#8221;80%&#8221; border_width_top=&#8221;4px&#8221; border_color_top=&#8221;#210454&#8243; border_style_top=&#8221;double&#8221; global_colors_info=&#8221;{}&#8221;][et_pb_column type=&#8221;4_4&#8243; _builder_version=&#8221;4.16&#8243; global_colors_info=&#8221;{}&#8221;][et_pb_text _builder_version=&#8221;4.19.5&#8243; text_font_size=&#8221;18px&#8221; header_2_font=&#8221;|600|||||||&#8221; header_2_text_color=&#8221;#2a7cc8&#8243; header_2_line_height=&#8221;1.7em&#8221; locked=&#8221;off&#8221; global_colors_info=&#8221;{}&#8221;]<\/p>\n<h2>Erkek Meme K\u00fc\u00e7\u00fcltme nedir ?<\/h2>\n<p>Erkeklerde meme k\u00fc\u00e7\u00fcltme di\u011fer ad\u0131yla jinekomasti, erkek g\u00f6\u011fs\u00fcnde a\u015f\u0131r\u0131 meme geli\u015fimi ile m\u00fccadele etmek i\u00e7in tasarlanm\u0131\u015f, &#8220;erkek g\u00f6\u011f\u00fcsleri&#8221; veya &#8220;memeleri &#8221; olarak bilinen bir liposuction tekni\u011fidir. Jinekomasti, erkeklerde olduk\u00e7a yayg\u0131nd\u0131r. \u00d6zellikle yaz aylar\u0131nda k\u0131yafet se\u00e7imi ve denize\/havuza girerken s\u0131k\u0131nt\u0131l\u0131 durumlara yol a\u00e7abilmektedir. Ancak Jinekomasti Cerrahisi olduk\u00e7a etkili bir bi\u00e7imde bu sorunu ortadan kald\u0131rmaktad\u0131r. Bu, erkekler i\u00e7in en yayg\u0131n kozmetik prosed\u00fcrlerden biridir.<\/p>\n<p>Belirgin ve keskin\u00a0 pektoral kontur, bir\u00e7ok erkek i\u00e7in ideal g\u00f6\u011f\u00fcs g\u00f6r\u00fcn\u00fcm\u00fcd\u00fcr. G\u00f6\u011f\u00fcs b\u00f6lgesinde fazla doku olu\u015fmaya ba\u015flad\u0131\u011f\u0131nda, kad\u0131n benzeri memeler\u00a0 olu\u015fturabilir. Erkek meme k\u00fc\u00e7\u00fcltme ameliyat\u0131, daha s\u0131k\u0131, daha erkeksi pektoral kontur yaratmak\u00a0 i\u00e7in \u00e7e\u015fitli sebeplerle b\u00fcy\u00fcm\u00fc\u015f memelerin daha erkeksi g\u00f6r\u00fcn\u00fcm\u00a0 i\u00e7in tekrar yap\u0131land\u0131r\u0131lmas\u0131d\u0131r .<\/p>\n<p>[\/et_pb_text][\/et_pb_column][\/et_pb_row][\/et_pb_section][et_pb_section fb_built=&#8221;1&#8243; _builder_version=&#8221;4.16&#8243; use_background_color_gradient=&#8221;on&#8221; background_color_gradient_direction=&#8221;90deg&#8221; background_color_gradient_stops=&#8221;#2a7cc8 0%|#210454 100%&#8221; background_color_gradient_start=&#8221;#2a7cc8&#8243; background_color_gradient_end=&#8221;#210454&#8243; global_colors_info=&#8221;{}&#8221; da_is_popup=&#8221;off&#8221; da_exit_intent=&#8221;off&#8221; da_has_close=&#8221;on&#8221; da_alt_close=&#8221;off&#8221; da_dark_close=&#8221;off&#8221; da_not_modal=&#8221;on&#8221; da_is_singular=&#8221;off&#8221; da_with_loader=&#8221;off&#8221; da_has_shadow=&#8221;on&#8221; da_disable_devices=&#8221;off|off|off&#8221;][et_pb_row column_structure=&#8221;1_2,1_2&#8243; _builder_version=&#8221;4.16&#8243; max_width=&#8221;80%&#8221; global_colors_info=&#8221;{}&#8221;][et_pb_column type=&#8221;1_2&#8243; _builder_version=&#8221;4.16&#8243; global_colors_info=&#8221;{}&#8221;][divienhancer_image_comparison before_upload=&#8221;https:\/\/drfatihirmak.com\/wp-content\/uploads\/2020\/04\/1-before-gynaecomastia.jpg&#8221; before_text=&#8221;\u00d6ncesi&#8221; after_upload=&#8221;https:\/\/drfatihirmak.com\/wp-content\/uploads\/2020\/04\/1-after-gynaecomastia.jpg&#8221; after_text=&#8221;Sonras\u0131&#8221; _builder_version=&#8221;4.16&#8243; background_color=&#8221;#88959e&#8221; custom_padding=&#8221;||||true|false&#8221; global_colors_info=&#8221;{}&#8221;][\/divienhancer_image_comparison][\/et_pb_column][et_pb_column type=&#8221;1_2&#8243; _builder_version=&#8221;4.16&#8243; global_colors_info=&#8221;{}&#8221;][divienhancer_image_comparison before_upload=&#8221;https:\/\/drfatihirmak.com\/wp-content\/uploads\/2020\/04\/2-before-gynaecomastia.jpg&#8221; before_text=&#8221;\u00d6ncesi&#8221; after_upload=&#8221;https:\/\/drfatihirmak.com\/wp-content\/uploads\/2020\/04\/2-after-gynaecomastia.jpg&#8221; after_text=&#8221;Sonras\u0131&#8221; _builder_version=&#8221;4.16&#8243; background_color=&#8221;#88959e&#8221; custom_padding=&#8221;||||true|false&#8221; global_colors_info=&#8221;{}&#8221;][\/divienhancer_image_comparison][\/et_pb_column][\/et_pb_row][et_pb_row column_structure=&#8221;1_2,1_2&#8243; _builder_version=&#8221;4.16&#8243; max_width=&#8221;80%&#8221; global_colors_info=&#8221;{}&#8221;][et_pb_column type=&#8221;1_2&#8243; _builder_version=&#8221;4.16&#8243; global_colors_info=&#8221;{}&#8221;][divienhancer_image_comparison before_upload=&#8221;https:\/\/drfatihirmak.com\/wp-content\/uploads\/2020\/04\/3-before-gynaecomastia.jpg&#8221; before_text=&#8221;\u00d6ncesi&#8221; after_upload=&#8221;https:\/\/drfatihirmak.com\/wp-content\/uploads\/2020\/04\/3-after-gynaecomastia.jpg&#8221; after_text=&#8221;Sonras\u0131&#8221; _builder_version=&#8221;4.16&#8243; background_color=&#8221;#88959e&#8221; custom_padding=&#8221;||||true|false&#8221; global_colors_info=&#8221;{}&#8221;][\/divienhancer_image_comparison][\/et_pb_column][et_pb_column type=&#8221;1_2&#8243; _builder_version=&#8221;4.16&#8243; global_colors_info=&#8221;{}&#8221;][divienhancer_image_comparison before_upload=&#8221;https:\/\/drfatihirmak.com\/wp-content\/uploads\/2020\/04\/4-before-gynaecomastia.jpg&#8221; before_text=&#8221;\u00d6ncesi&#8221; after_upload=&#8221;https:\/\/drfatihirmak.com\/wp-content\/uploads\/2020\/04\/4-after-gynaecomastia.jpg&#8221; after_text=&#8221;Sonras\u0131&#8221; _builder_version=&#8221;4.16&#8243; background_color=&#8221;#88959e&#8221; custom_padding=&#8221;||||true|false&#8221; global_colors_info=&#8221;{}&#8221;][\/divienhancer_image_comparison][\/et_pb_column][\/et_pb_row][\/et_pb_section][et_pb_section fb_built=&#8221;1&#8243; _builder_version=&#8221;4.16&#8243; custom_padding=&#8221;||0px|||&#8221; global_colors_info=&#8221;{}&#8221; da_is_popup=&#8221;off&#8221; da_exit_intent=&#8221;off&#8221; da_has_close=&#8221;on&#8221; da_alt_close=&#8221;off&#8221; da_dark_close=&#8221;off&#8221; da_not_modal=&#8221;on&#8221; da_is_singular=&#8221;off&#8221; da_with_loader=&#8221;off&#8221; da_has_shadow=&#8221;on&#8221; da_disable_devices=&#8221;off|off|off&#8221;][et_pb_row use_custom_gutter=&#8221;on&#8221; gutter_width=&#8221;2&#8243; module_id=&#8221;whocan&#8221; _builder_version=&#8221;4.16&#8243; max_width=&#8221;80%&#8221; border_color_top=&#8221;#210454&#8243; border_style_top=&#8221;double&#8221; global_colors_info=&#8221;{}&#8221;][et_pb_column type=&#8221;4_4&#8243; _builder_version=&#8221;4.16&#8243; global_colors_info=&#8221;{}&#8221;][et_pb_text _builder_version=&#8221;4.16&#8243; text_font_size=&#8221;18px&#8221; header_2_font=&#8221;|600|||||||&#8221; header_2_text_color=&#8221;#2a7cc8&#8243; header_2_line_height=&#8221;1.7em&#8221; locked=&#8221;off&#8221; global_colors_info=&#8221;{}&#8221;]<\/p>\n<h2><span style=\"font-size: 26px;\">Kimler faydalanabilir?<\/span><\/h2>\n<p><strong>Jinekomastisi olan erkekler<\/strong><\/p>\n<p>Jinekomasti, gen\u00e7 ve yeti\u015fkin\u00a0 erkeklerin a\u015f\u0131r\u0131 meme dokusu geli\u015ftirmeye ba\u015flad\u0131\u011f\u0131 t\u0131bbi bir durumdur. Ergenlik d\u00f6neminde erkek \u00e7ocuklarda yayg\u0131nd\u0131r ve ayr\u0131ca Klinefelter Sendromu, Gilbert Sendromu ve zay\u0131f testik\u00fcler hormon \u00fcretimi gibi t\u0131bbi problemlerle ba\u011flant\u0131l\u0131 olabilir. Uyu\u015fturucu kullan\u0131m\u0131, alkol t\u00fcketimi ve anabolik steroidlerin k\u00f6t\u00fcye kullan\u0131lmas\u0131 durumlarda\u00a0 da\u00a0 jinekomastiye neden olabilir. Jinekomasti olan erkekler genellikle fazla gland\u00fcler meme dokusuna ba\u011fl\u0131 olarak kad\u0131n benzeri memelere sahiptir.<\/p>\n<p><strong>B\u00dcY\u00dcK ORANDA K\u0130LO KAYBETM\u0130\u015e ERKEKLER<\/strong><\/p>\n<p>\u00d6nemli miktarda kilo veren erkekler, meme de\u00a0 dahil olmak \u00fczere t\u00fcm v\u00fccutlar\u0131nda a\u015f\u0131r\u0131 deri\u00a0 sarkmas\u0131 g\u00f6r\u00fcl\u00fcr. Bir\u00e7ok erkek i\u00e7in bu istenmeyen\u00a0 geli\u015fim endi\u015fe ve hayal k\u0131r\u0131kl\u0131\u011f\u0131 kayna\u011f\u0131d\u0131r, \u00e7\u00fcnk\u00fc istedikleri erkeksi\u00a0 g\u00f6r\u00fcn\u00fcme ula\u015fmalar\u0131n\u0131 engeller. Diyet ve egzersiz deri sarkmas\u0131\u00a0 olan hastalar i\u00e7in \u00e7ok az d\u00fczelme sa\u011flar . Erkek g\u00f6\u011fs\u00fcn\u00fcn azalt\u0131lmas\u0131, erkeklerin kilo kayb\u0131ndan sonra istenilen\u00a0 g\u00f6r\u00fcn\u00fcm\u00fcne ula\u015fmalar\u0131na yard\u0131mc\u0131 olur.<\/p>\n<p><strong>YA\u011eLI MEME DOKUSU OLAN ERKEKLER<\/strong><\/p>\n<p>Genetik sebepler, erkekleri g\u00f6\u011f\u00fcslerinde ya\u011f depolamaya yatk\u0131n hale getirebilir. Ergenlik d\u00f6neminde\u00a0 a\u015f\u0131r\u0131 kilolu veya obez erkekler, memelerinde\u00a0 a\u015f\u0131r\u0131 ya\u011f dokusuna sahip olabilirler. Sa\u011fl\u0131\u011f\u0131 iyi olan erkeklerde ya\u011fl\u0131 meme dokusu da geli\u015febilir. G\u00f6r\u00fcn\u00fc\u015f jinekomasti ile benzer olsa da, ya\u011fl\u0131 g\u00f6\u011f\u00fcs dokusu olan hastalarda gland\u00fcler doku geli\u015fmez. G\u00f6\u011f\u00fcs \u00e7evresindeki bu istenmeyen ya\u011flar\u0131 ortadan kald\u0131rmak, daha dengeli ve toparlanm\u0131\u015f bir g\u00f6\u011f\u00fcs g\u00f6r\u00fcn\u00fcm\u00fcn\u00fc geri kazand\u0131rmak m\u00fcmk\u00fcnd\u00fcr .[\/et_pb_text][\/et_pb_column][\/et_pb_row][et_pb_row use_custom_gutter=&#8221;on&#8221; gutter_width=&#8221;2&#8243; module_id=&#8221;aware&#8221; _builder_version=&#8221;4.16&#8243; max_width=&#8221;80%&#8221; custom_padding=&#8221;0px|||||&#8221; border_color_top=&#8221;#210454&#8243; border_style_top=&#8221;double&#8221; global_colors_info=&#8221;{}&#8221;][et_pb_column type=&#8221;4_4&#8243; _builder_version=&#8221;4.16&#8243; global_colors_info=&#8221;{}&#8221;][et_pb_accordion _builder_version=&#8221;4.16&#8243; global_colors_info=&#8221;{}&#8221;][et_pb_accordion_item title=&#8221;Erkeklerde meme k\u00fc\u00e7\u00fcltme (jinekomasti) i\u00e7in iyi aday kimdir?&#8221; open=&#8221;on&#8221; open_toggle_text_color=&#8221;#f4f4f3&#8243; open_toggle_background_color=&#8221;#ffffff&#8221; closed_toggle_background_color=&#8221;#6bffff&#8221; icon_color=&#8221;#6bffff&#8221; _builder_version=&#8221;4.16&#8243; body_text_color=&#8221;#f4f4f3&#8243; use_background_color_gradient=&#8221;on&#8221; background_color_gradient_direction=&#8221;90deg&#8221; background_color_gradient_stops=&#8221;#2a7cc8 0%|#210454 100%&#8221; background_color_gradient_start=&#8221;#2a7cc8&#8243; background_color_gradient_end=&#8221;#210454&#8243; custom_margin=&#8221;0px||0px||false|false&#8221; global_colors_info=&#8221;{}&#8221; toggle_text_color=&#8221;#6bffff&#8221; toggle_level=&#8221;h5&#8243; toggle_font=&#8221;|700|||||||&#8221; toggle_font_size=&#8221;18px&#8221; closed_toggle_font=&#8221;|600|||||||&#8221; closed_toggle_text_align=&#8221;left&#8221; background__hover_enabled=&#8221;on|desktop&#8221;]Meme k\u00fc\u00e7\u00fcltme ameliyat\u0131 d\u00fc\u015f\u00fcnen erkekler sa\u011fl\u0131kl\u0131, duygusal ve sosyal olarak uygun olmal\u0131d\u0131r. Adaylar gland\u00fcler dokuya veya memelerde fazla deri ve ya\u011fa sahip olmal\u0131d\u0131r. Tek ba\u015f\u0131na liposuction prosed\u00fcr\u00fc d\u00fc\u015f\u00fcn\u00fcyorsan\u0131z, iyi cilt elastikiyetiniz olmal\u0131d\u0131r.[\/et_pb_accordion_item][\/et_pb_accordion][\/et_pb_column][\/et_pb_row][\/et_pb_section]<\/p>\n","protected":false},"excerpt":{"rendered":"<p>Erkek Meme K\u00fc\u00e7\u00fcltme nedir ? Erkeklerde meme k\u00fc\u00e7\u00fcltme di\u011fer ad\u0131yla jinekomasti, erkek g\u00f6\u011fs\u00fcnde a\u015f\u0131r\u0131 meme geli\u015fimi ile m\u00fccadele etmek i\u00e7in tasarlanm\u0131\u015f, &#8220;erkek g\u00f6\u011f\u00fcsleri&#8221; veya &#8220;memeleri &#8221; olarak bilinen bir liposuction tekni\u011fidir. Jinekomasti, erkeklerde olduk\u00e7a yayg\u0131nd\u0131r. \u00d6zellikle yaz aylar\u0131nda k\u0131yafet se\u00e7imi ve denize\/havuza girerken s\u0131k\u0131nt\u0131l\u0131 durumlara yol a\u00e7abilmektedir. Ancak Jinekomasti Cerrahisi olduk\u00e7a etkili bir bi\u00e7imde bu [&hellip;]<\/p>\n","protected":false},"author":1,"featured_media":2884,"parent":2262,"menu_order":0,"comment_status":"closed","ping_status":"closed","template":"","meta":{"_et_pb_use_builder":"on","_et_pb_old_content":"","_et_gb_content_width":"","footnotes":""},"class_list":["post-2260","page","type-page","status-publish","has-post-thumbnail","hentry"],"_links":{"self":[{"href":"https:\/\/www.drfatihirmak.com\/en\/wp-json\/wp\/v2\/pages\/2260","targetHints":{"allow":["GET"]}}],"collection":[{"href":"https:\/\/www.drfatihirmak.com\/en\/wp-json\/wp\/v2\/pages"}],"about":[{"href":"https:\/\/www.drfatihirmak.com\/en\/wp-json\/wp\/v2\/types\/page"}],"author":[{"embeddable":true,"href":"https:\/\/www.drfatihirmak.com\/en\/wp-json\/wp\/v2\/users\/1"}],"replies":[{"embeddable":true,"href":"https:\/\/www.drfatihirmak.com\/en\/wp-json\/wp\/v2\/comments?post=2260"}],"version-history":[{"count":1,"href":"https:\/\/www.drfatihirmak.com\/en\/wp-json\/wp\/v2\/pages\/2260\/revisions"}],"predecessor-version":[{"id":4071,"href":"https:\/\/www.drfatihirmak.com\/en\/wp-json\/wp\/v2\/pages\/2260\/revisions\/4071"}],"up":[{"embeddable":true,"href":"https:\/\/www.drfatihirmak.com\/en\/wp-json\/wp\/v2\/pages\/2262"}],"wp:featuredmedia":[{"embeddable":true,"href":"https:\/\/www.drfatihirmak.com\/en\/wp-json\/wp\/v2\/media\/2884"}],"wp:attachment":[{"href":"https:\/\/www.drfatihirmak.com\/en\/wp-json\/wp\/v2\/media?parent=2260"}],"curies":[{"name":"wp","href":"https:\/\/api.w.org\/{rel}","templated":true}]}}