{"id":2931,"date":"2020-09-14T23:33:42","date_gmt":"2020-09-14T20:33:42","guid":{"rendered":"https:\/\/www.drfatihirmak.com\/?page_id=2931"},"modified":"2023-01-14T23:03:09","modified_gmt":"2023-01-14T20:03:09","slug":"brustvergroserung-istanbul","status":"publish","type":"page","link":"https:\/\/www.drfatihirmak.com\/de\/meme-buyutme-istanbul","title":{"rendered":"Brustvergr\u00f6\u00dferung Istanbul"},"content":{"rendered":"<p><strong>Brustvergr\u00f6\u00dferung<\/strong> ist eine Operation, die heute zu den am h\u00e4ufigsten durchgef\u00fchrten Eingriffen z\u00e4hlt. Frauen, die mit ihrem Brustvolumen unzufrieden sind, k\u00f6nnen mit diesem Eingriff bei einem plastischen Chirurgen die gew\u00fcnschte Brustgr\u00f6\u00dfe erhalten.<br \/>\n<strong>Brustvergr\u00f6\u00dferung<\/strong> Die Operationen k\u00f6nnen nun mit verschiedenen Methoden durchgef\u00fchrt werden. Einige \u00c4rzte verwenden Silikon, andere das Fett aus dem eigenen K\u00f6rper. Die am h\u00e4ufigsten verwendete Methode ist jedoch Silikon. Auch bei der Herstellung von Silikon gibt es verschiedene Methoden. Einige Chirurgen k\u00f6nnen von der Brustwarze aus operieren, andere von unter der Brust oder unter der Achselh\u00f6hle. Die am h\u00e4ufigsten verwendete Methode ist der Eingriff unter der Brust. Silikon ist ein Material, das aus einem speziellen Werkstoff hergestellt wird und in verschiedenen Gr\u00f6\u00dfen erh\u00e4ltlich ist. Zun\u00e4chst sollte der Arzt die K\u00f6rpereigenschaften der Person untersuchen und ihr sagen, welche Gr\u00f6\u00dfe und welche Art von Brust gemacht werden soll.<\/p>\n<p>K\u00f6rperma\u00dfe, Gewicht und Gr\u00f6\u00dfe sind sehr wichtige Faktoren. Da eine sehr gro\u00dfe Brust bei einer kleinen und zierlichen Frau sehr unvorteilhaft aussehen w\u00fcrde, ist die Untersuchung durch den Arzt in dieser Phase sehr wichtig. Die Brustprothese wird bei der sp\u00e4ter durchzuf\u00fchrenden Operation in diesem Bereich eingesetzt. Es ist sehr wichtig, nach der Operation nicht zu viel Gewicht zu tragen, nicht auf den Prothesen zu liegen und die Empfehlungen des Arztes zu befolgen.<br \/>\nOperation zur Brustverkleinerung<br \/>\nManche Frauen haben auch Probleme mit sehr gro\u00dfen Br\u00fcsten. In diesen F\u00e4llen f\u00fchren Chirurgen eine Brustverkleinerungsoperation durch, um die Br\u00fcste auf eine normale Gr\u00f6\u00dfe zu bringen, die dem K\u00f6rper entspricht. Bei diesen Operationen wird die Brust auf eine normale Gr\u00f6\u00dfe gebracht, indem man unter die Brust geht und \u00fcbersch\u00fcssiges Fett und Brustgewebe an den R\u00e4ndern und im Inneren der Brust entfernt.<br \/>\nBrustverkleinerung und <strong>Brustvergr\u00f6\u00dferung<\/strong> Operationen sind effektive Eingriffe, die in unserer Zeit sehr h\u00e4ufig durchgef\u00fchrt werden. Nach der Operation sollte sich der Patient 15 Tage lang ausruhen, nicht auf den Brustbereich schlagen und keinen anstrengenden Sport treiben. Au\u00dferdem sollte nach diesen Operationen eine Zeit lang kein normaler BH getragen werden, sondern der chirurgische BH, der w\u00e4hrend der Operation angelegt wurde. Er sollte f\u00fcr 4-6 Wochen getragen werden.<\/p>\n<h2>Brustvergr\u00f6\u00dferung Istanbul<\/h2>\n<p>Da die Brust ein Organ ist, das sowohl die Mutterschaft als auch die Weiblichkeit einer Frau zum Ausdruck bringt, ist ein sch\u00f6nes Aussehen f\u00fcr Frauen sehr wichtig. Eine Frau, deren Br\u00fcste zu gro\u00df oder zu klein sind, als sie sein sollten, kann aufgrund dieser Situation ernsthafte Probleme bekommen. W\u00e4hrend Frauen mit gro\u00dfen Br\u00fcsten Probleme haben, wie z. B. keine Kleidung zu finden, R\u00fcckenschmerzen, R\u00f6tungen und Ausschlag unter der Brust, haben Frauen mit kleinen Br\u00fcsten psychologische Probleme, wie z. B. sich nicht als Frau zu f\u00fchlen.<\/p>\n<p>Heute k\u00f6nnen diese beiden Probleme in sehr kurzer Zeit gel\u00f6st werden. <strong>Brustvergr\u00f6\u00dferung<\/strong> Operationen sind zu einem Eingriff geworden, den Frauen sehr h\u00e4ufig durchf\u00fchren lassen. Daf\u00fcr sollte sie zun\u00e4chst einen guten Arzt und ein gutes Krankenhaus finden und sich f\u00fcr die Operation bereit f\u00fchlen. Nach der Operation sollte sie sich eine Zeit lang von ihrer Arbeit beurlauben lassen und diese Zeit zur Erholung nutzen. <strong>Brustvergr\u00f6\u00dferung<\/strong> Die Operationen werden sowohl mit Brustprothesen als auch durch die Entnahme von k\u00f6rpereigenem Fettgewebe und dessen Transplantation in die Brust durchgef\u00fchrt. Die Brustimplantation ist ein viel h\u00e4ufigerer Eingriff. Bei diesem Verfahren greift der Arzt je nach Wunsch unter die Brust oder durch die Brustwarze ein. Dank des medizinischen Fortschritts werden auch bei diesem Eingriff die Milchg\u00e4nge nicht besch\u00e4digt, und Frauen k\u00f6nnen nach diesen Eingriffen sogar Kinder stillen. Nach diesen Eingriffen verabreicht der Arzt Schmerzmittel und Antibiotika und spricht einige Empfehlungen aus. Schwellungen und Bluterg\u00fcsse, die in den ersten Tagen auftreten k\u00f6nnen, sollten nicht ignoriert werden und verschwinden von selbst.<\/p>\n<p>Bei Brustverkleinerungsoperationen entfernt der Arzt an den Stellen, an denen ein \u00dcbergewicht besteht, \u00fcbersch\u00fcssiges Fett und Brustgewebe und bringt die Brust in eine normale Form, wodurch sie sowohl verkleinert als auch ihr \u00fcbliches Aussehen beseitigt wird. Nach diesen Eingriffen sollte sich die Patientin 15 Tage lang ausruhen und spezielle BHs tragen.<\/p>\n<p><strong>Operation Bruststraffung (Mastopexie)<\/strong><\/p>\n<p><strong>Risiken<\/strong><\/p>\n<p>Nach einer Bruststraffung kann es vorkommen, dass die Br\u00fcste nicht perfekt symmetrisch sind und die H\u00f6he der Brustwarzen leicht variiert, so dass sp\u00e4ter kleinere Korrekturen vorgenommen werden k\u00f6nnen.<\/p>\n<p><strong>Operation Prozess<\/strong><\/p>\n<p>Da dieser Eingriff ambulant durchgef\u00fchrt wird, ist es sinnvoll, eine Begleitperson zu organisieren, die Sie nach der Operation nach Hause bringt und zumindest in der ersten Nacht bei Ihnen bleibt.<\/p>\n<p>Aspirin und verschiedene Kr\u00e4utertees k\u00f6nnen das Blutungsrisiko erh\u00f6hen. Deshalb sollten Sie diese Medikamente eine bestimmte Zeit lang vor der Operation nicht einnehmen. Ihr Arzt wird Sie ausf\u00fchrlich dar\u00fcber informieren, was Sie vor der Operation tun und lassen sollten.<\/p>\n<p><strong>Operation Bruststraffung (Mastopexie)<\/strong><\/p>\n<p><strong>Postoperative Aktivit\u00e4ten<\/strong><\/p>\n<p>In der Regel k\u00f6nnen die Patienten bereits am Tag nach der Operation wieder ihren normalen t\u00e4glichen Aktivit\u00e4ten nachgehen. Sie sollten jedoch noch mindestens eine Woche lang bestimmte anstrengende Aktivit\u00e4ten vermeiden und in den ersten zwei Wochen nichts heben, was schwerer ist als 5 kg. \u00dcbungen, die die Brustmuskeln beanspruchen, sowie Laufen und Springen sind f\u00fcr etwa sechs Wochen riskant.<\/p>\n<p><strong>Postoperative Erwartungen<\/strong><\/p>\n<p>Es wird zu Schwellungen und Bluterg\u00fcssen kommen, und es wird einige Zeit dauern, bis die Br\u00fcste wieder in ihre nat\u00fcrliche Position zur\u00fcckkehren. Dies kann bis zu mehreren Wochen dauern, und das genaue Ergebnis der Operation wird erst nach dem Heilungsprozess sichtbar sein.<\/p>\n<p>Es kann zu einem Gef\u00fchlsverlust in der Brustwarze kommen, der sich innerhalb eines Monats wieder normalisiert. Dieser Gef\u00fchlsverlust kann, wenn auch sehr selten, dauerhaft sein.<\/p>\n<p><strong>Schlussfolgerungen<\/strong><\/p>\n<p>Ziel der Bruststraffung ist es, die Br\u00fcste straffer und aufrechter zu machen und die Brustwarze und den Warzenhof in eine \u00e4sthetischere Position zu bringen, um ein besseres Aussehen zu erreichen.<\/p>\n<p>Die Einschnitte heilen und verblassen im Laufe der Zeit, aber man sollte sich dar\u00fcber im Klaren sein, dass die Narben dauerhaft sind. In manchen F\u00e4llen bleiben sie nur als schwache Narbe zur\u00fcck, bei manchen Patienten k\u00f6nnen sie jedoch st\u00e4rker hervortreten.<\/p>\n<p>Das Ergebnis einer Bruststraffung ist von Dauer, es sei denn, Sie haben Ihr Gewicht stark ver\u00e4ndert oder sind schwanger, aber die Schwerkraft und der Alterungsprozess wirken sich nat\u00fcrlich mit der Zeit auf Ihre neue Brustform aus.<\/p>","protected":false},"excerpt":{"rendered":"<p>Meme b\u00fcy\u00fctme i\u015flemi g\u00fcn\u00fcm\u00fczde en s\u0131k yap\u0131lan operasyonlar aras\u0131nda \u00fcst s\u0131ralarda yer alan bir operasyondur. Meme hacminden memnun olmayan kad\u0131nlar art\u0131k estetik cerrah arac\u0131l\u0131\u011f\u0131 ile bu i\u015flemi yapt\u0131rarak istedi\u011fi meme boyutlar\u0131na sahip olabilmektedir. Meme b\u00fcy\u00fctme i\u015flemleri art\u0131k farkl\u0131 y\u00f6ntemler ile yap\u0131labilmektedir. Baz\u0131 hekimler silikon ile bunu yapar iken baz\u0131 hekimlerde ki\u015finin kendi v\u00fccudundan alm\u0131\u015f oldu\u011fu [&hellip;]<\/p>\n","protected":false},"author":1,"featured_media":0,"parent":0,"menu_order":0,"comment_status":"closed","ping_status":"closed","template":"","meta":{"_et_pb_use_builder":"","_et_pb_old_content":"","_et_gb_content_width":"","footnotes":""},"class_list":["post-2931","page","type-page","status-publish","hentry"],"_links":{"self":[{"href":"https:\/\/www.drfatihirmak.com\/de\/wp-json\/wp\/v2\/pages\/2931","targetHints":{"allow":["GET"]}}],"collection":[{"href":"https:\/\/www.drfatihirmak.com\/de\/wp-json\/wp\/v2\/pages"}],"about":[{"href":"https:\/\/www.drfatihirmak.com\/de\/wp-json\/wp\/v2\/types\/page"}],"author":[{"embeddable":true,"href":"https:\/\/www.drfatihirmak.com\/de\/wp-json\/wp\/v2\/users\/1"}],"replies":[{"embeddable":true,"href":"https:\/\/www.drfatihirmak.com\/de\/wp-json\/wp\/v2\/comments?post=2931"}],"version-history":[{"count":0,"href":"https:\/\/www.drfatihirmak.com\/de\/wp-json\/wp\/v2\/pages\/2931\/revisions"}],"wp:attachment":[{"href":"https:\/\/www.drfatihirmak.com\/de\/wp-json\/wp\/v2\/media?parent=2931"}],"curies":[{"name":"wp","href":"https:\/\/api.w.org\/{rel}","templated":true}]}}