{"id":2928,"date":"2020-09-14T01:21:52","date_gmt":"2020-09-13T22:21:52","guid":{"rendered":"https:\/\/www.drfatihirmak.com\/?page_id=2928"},"modified":"2023-01-14T23:03:09","modified_gmt":"2023-01-14T20:03:09","slug":"rhinoplastik-in-der-turkei","status":"publish","type":"page","link":"https:\/\/www.drfatihirmak.com\/de\/rhinoplasty-in-turkey","title":{"rendered":"Rhinoplastik in der T\u00fcrkei"},"content":{"rendered":"<p>Von der Heilung von Kampfwunden bis zur Linderung von Atemproblemen - die Kunst und Wissenschaft der <strong>Nasenplastik<\/strong> wurde \u00fcber Hunderte von Jahren verfeinert. Die alten \u00c4gypter waren die ersten, die mit der chirurgischen Umformung der Nase experimentierten, und indische Schriften aus dem Jahr 500 v. Chr. belegen eine fr\u00fche Expertise in der Formung von Nasenknorpel und -knochen. Die moderne Wissenschaft, die erst vor 200 Jahren begann, erm\u00f6glichte eine rasche Weiterentwicklung der bew\u00e4hrten chirurgischen Techniken. Jetzt geht es schneller, sicherer und mit weniger Ausfallzeiten als je zuvor.<\/p>\n<p>Die Wahl eines plastischen Chirurgen ist m\u00f6glicherweise der wichtigste Schritt auf dem Weg zu einer Nasenkorrektur. Wie bei allen medizinischen Verfahren ben\u00f6tigen Chirurgen eine solide, wissenschaftlich und medizinisch fundierte Ausbildung. Ein sicheres Zeichen f\u00fcr einen qualifizierten Chirurgen ist die Zertifizierung durch ein angesehenes Gremium, wie die American Society of Plastic Surgeons. Es ist wichtig zu wissen, dass jeder zugelassene Arzt legal als \"plastischer Chirurg\" oder \"kosmetischer Chirurg\" werben kann. Es ist wichtig, einen Arzt zu finden, der auf dem Gebiet der plastischen Chirurgie eine anerkannte Spezialausbildung hat.<\/p>\n<h2>Rhinoplastik in der T\u00fcrkei<\/h2>\n<p>Im Gegensatz zu anderen einfachen kosmetischen Eingriffen, wie z. B. der Brustvergr\u00f6\u00dferung, erfordert die Nasenkorrektur viel Fingerspitzengef\u00fchl und den Blick eines K\u00fcnstlers f\u00fcr Details und ist eine der schwierigsten plastischen Operationen \u00fcberhaupt. Die Nase in die perfekte Wunschform zu bringen, ist dem Herausarbeiten eines Kunstwerks aus Stein nicht un\u00e4hnlich. Deshalb ist es wichtig, sich zu informieren <strong>Nasenplastik<\/strong> Spezialisten nicht nur nach ihrer Ausbildung und ihrer Zertifizierung, sondern auch nach ihrem Arbeitsportfolio. Die Chirurgen verf\u00fcgen \u00fcber eine Reihe von Vorher-Nachher-Fotos fr\u00fcherer Patienten, von denen viele auf der Website der Praxis zu finden sind. Man sollte sich nach fr\u00fcheren Patienten umsehen, die eine \u00e4hnliche Nasengr\u00f6\u00dfe und -form hatten, um die Arbeit eines plastischen Chirurgen am besten beurteilen zu k\u00f6nnen.<\/p>\n<p>Die Vernetzung mit anderen Betroffenen spielt bei der Forschung ebenfalls eine Rolle. Einige haben vielleicht Beschwerden \u00fcber die Ergebnisse ihres Eingriffs, w\u00e4hrend anderen die Art und Weise, wie der Arzt mit den Patienten umgeht, nicht gef\u00e4llt. Auf diese Weise k\u00f6nnen Sie eine fundierte Entscheidung bei der Wahl eines plastischen Chirurgen treffen. Denken Sie daran, dass der am besten geeignete Chirurg m\u00f6glicherweise nicht in einem Umkreis von 50 Meilen von Ihrem Wohnort wohnt. Die Kontaktaufnahme mit Patienten aus dem ganzen Land erweitert die Suche und erh\u00f6ht die Chancen, den richtigen Arzt zu finden. Der Aufwand und die Kosten f\u00fcr die Reise sollten gegen die Bedeutung eines guten Ergebnisses abgewogen werden. Veteranen des Verfahrens haben vielleicht auch hilfreiche Tipps, was vor, w\u00e4hrend und nach dem Eingriff zu erwarten ist.<\/p>\n<p>Jede Nasenkorrektur beginnt mit einer \u00e4rztlichen Beratung. Im Gespr\u00e4ch mit einem plastischen Chirurgen werden in der Regel der Grund f\u00fcr die Behandlung, das gew\u00fcnschte Ergebnis und eine Reihe von Behandlungsoptionen besprochen. Gr\u00fcnde f\u00fcr eine Behandlung k\u00f6nnen die Begradigung des Nasenr\u00fcckens, die Symmetrisierung der Nasenl\u00f6cher oder eine Vielzahl anderer \u00e4sthetischer Gr\u00fcnde sein, aber auch eine medizinische Notwendigkeit, z. B. eine Verletzung und\/oder Atembeschwerden. Der Arzt muss dem Patienten helfen, ein klares Ziel zu formulieren. Dies geschieht manchmal dadurch, dass der Patient Bilder von Nasen mitbringt, die zu seinem Gesicht passen k\u00f6nnten; zus\u00e4tzlich, <strong>Nasenkorrektur in derT\u00fcrkei<\/strong> Spezialisten verwenden oft computergenerierte Bilder, um dem Patienten zu zeigen, wie er nach der Operation aussehen k\u00f6nnte. Letztlich muss der Arzt feststellen, ob die W\u00fcnsche des Patienten realistisch sind und ob er geistig f\u00fcr eine plastische Operation geeignet ist. Gute Kandidaten f\u00fcr einen chirurgischen Eingriff k\u00f6nnen Probleme mit dem Selbstvertrauen oder Mobbing anf\u00fchren, aber eindeutige Anzeichen von Problemen wie K\u00f6rperdysmorphie k\u00f6nnen f\u00fcr den Chirurgen ein Grund sein, die Behandlung des Patienten abzulehnen. Sobald sich der Arzt und der Patient \u00fcber die beste Behandlungsoption geeinigt haben und ein Zahlungsplan vereinbart wurde, kann ein Operationstermin festgelegt werden.<\/p>\n<p>W\u00e4hrend <strong>Nasenplastik <\/strong>Bei der Operation wendet der Chirurg eine von zwei Hauptmethoden an. Bei vielen Patienten werden die meisten Schnitte im Inneren der Nase, durch das Nasenloch, vorgenommen, um die Narbenbildung zu verringern. Diese Technik wird als \"geschlossenes Verfahren\" bezeichnet. Je nach den Bed\u00fcrfnissen des Patienten kann der Chirurg auch einen Schnitt an der Haut zwischen den Nasenl\u00f6chern, der so genannten Columella, vornehmen. Durch diese \"\u00d6ffnung\" kann die Haut angehoben werden, um einen vollst\u00e4ndigen Zugang darunter zu erm\u00f6glichen. Anschlie\u00dfend formt der Chirurg die Nase sorgf\u00e4ltig, indem er Knorpel und\/oder Knochen einf\u00fcgt oder entfernt, bevor er die Nase zun\u00e4ht. Moderne N\u00e4hte sind so konzipiert, dass sie aufl\u00f6sbar sind und unsch\u00e4dlich vom K\u00f6rper resorbiert werden, so dass man nicht mehr zum Arzt gehen muss, um die F\u00e4den entfernen zu lassen. Die vollst\u00e4ndige Heilung kann bis zu einem Jahr dauern, w\u00e4hrend Schwellungen und Bluterg\u00fcsse innerhalb weniger Tage abklingen sollten. Es ist \u00e4u\u00dferst wichtig, die Nase mit Schienen an Ort und Stelle zu halten und Verletzungen in diesem Bereich zu vermeiden, bis sie ausgeh\u00e4rtet ist. Selbst die Bevorzugung einer Seite beim Schlafen kann dazu f\u00fchren, dass sich die Nase verschiebt und nicht richtig heilt. Die postoperative Versorgung sollte mit dem Arzt besprochen und schriftlich festgehalten werden, um die besten Ergebnisse zu erzielen.<\/p>\n<p>Keine \u00dcberlegung \u00fcber eine Nasenkorrektur ist vollst\u00e4ndig, ohne die Kosten zu ber\u00fccksichtigen. Die meisten Versicherungsgesellschaften \u00fcbernehmen keine Kosten f\u00fcr kosmetische oder freiwillige Operationen. Bestimmte Nasenoperationen wie Septumplastiken werden als medizinische Behandlung zur Linderung von chronischen Nasennebenh\u00f6hlenentz\u00fcndungen, Atemproblemen, Geburtsfehlern und anderen \u00e4hnlichen Erkrankungen \u00fcbernommen. Da viele Patienten f\u00fcr kleinere \u00e4sthetische Korrekturen aus eigener Tasche zahlen, neigen sie dazu, sich an weniger teure Chirurgen zu wenden. Solche Investitionen zahlen sich jedoch auf lange Sicht oft nicht aus. Ein gro\u00dfer Teil der Nasenkorrekturen sind Korrektureingriffe, d. h. die Chirurgen korrigieren, was andere \u00c4rzte gemacht haben, weil der Patient mit dem urspr\u00fcnglichen Ergebnis unzufrieden war. Die Kosten f\u00fcr mehrere Sch\u00f6nheitsoperationen k\u00f6nnen in die H\u00f6he schie\u00dfen. Daher ist es unerl\u00e4sslich, dass die erste Operation das bestm\u00f6gliche Ergebnis bringt, auch wenn das bedeutet, dass man im Voraus etwas mehr bezahlen muss. Ein qualifizierter, erfahrener plastischer Chirurg mit Fachkenntnissen in <strong>Nasenplastik<\/strong> macht den entscheidenden Unterschied.<\/p>","protected":false},"excerpt":{"rendered":"<p>From correcting battle wounds to alleviating breathing problems, the art and science of rhinoplasty has been refined over hundreds of years. Ancient Egyptians were the first known to experiment in reformation of the nose through surgery, and Indian writings from 500 B.C. depict an early expertise in the shaping of nasal cartilage and bone. Modern [&hellip;]<\/p>\n","protected":false},"author":1,"featured_media":0,"parent":0,"menu_order":0,"comment_status":"closed","ping_status":"closed","template":"","meta":{"_et_pb_use_builder":"","_et_pb_old_content":"","_et_gb_content_width":"","footnotes":""},"class_list":["post-2928","page","type-page","status-publish","hentry"],"_links":{"self":[{"href":"https:\/\/www.drfatihirmak.com\/de\/wp-json\/wp\/v2\/pages\/2928","targetHints":{"allow":["GET"]}}],"collection":[{"href":"https:\/\/www.drfatihirmak.com\/de\/wp-json\/wp\/v2\/pages"}],"about":[{"href":"https:\/\/www.drfatihirmak.com\/de\/wp-json\/wp\/v2\/types\/page"}],"author":[{"embeddable":true,"href":"https:\/\/www.drfatihirmak.com\/de\/wp-json\/wp\/v2\/users\/1"}],"replies":[{"embeddable":true,"href":"https:\/\/www.drfatihirmak.com\/de\/wp-json\/wp\/v2\/comments?post=2928"}],"version-history":[{"count":0,"href":"https:\/\/www.drfatihirmak.com\/de\/wp-json\/wp\/v2\/pages\/2928\/revisions"}],"wp:attachment":[{"href":"https:\/\/www.drfatihirmak.com\/de\/wp-json\/wp\/v2\/media?parent=2928"}],"curies":[{"name":"wp","href":"https:\/\/api.w.org\/{rel}","templated":true}]}}