{"id":2330,"date":"2020-06-12T22:00:17","date_gmt":"2020-06-12T19:00:17","guid":{"rendered":"https:\/\/www.drfatihirmak.com\/gizlilik-politikasi\/"},"modified":"2024-03-03T06:32:35","modified_gmt":"2024-03-03T03:32:35","slug":"datenschutzbestimmungen","status":"publish","type":"page","link":"https:\/\/www.drfatihirmak.com\/de\/gizlilik-politikasi","title":{"rendered":"Datenschutzbestimmungen"},"content":{"rendered":"<p>[et_pb_section fb_built=&#8221;1&#8243; _builder_version=&#8221;4.16&#8243; custom_padding=&#8221;||0px|||&#8221; global_colors_info=&#8221;{}&#8221;][et_pb_row _builder_version=&#8221;4.16&#8243; custom_margin=&#8221;||||false|false&#8221; box_shadow_style=&#8221;preset4&#8243; box_shadow_horizontal=&#8221;-5vw&#8221; box_shadow_vertical=&#8221;0px&#8221; box_shadow_color=&#8221;#6bffff&#8221; global_colors_info=&#8221;{}&#8221;][et_pb_column type=&#8221;4_4&#8243; _builder_version=&#8221;4.16&#8243; global_colors_info=&#8221;{}&#8221;][et_pb_text ul_type=&#8221;square&#8221; ul_position=&#8221;inside&#8221; ul_item_indent=&#8221;5vw&#8221; module_class=&#8221;column-list&#8221; _builder_version=&#8221;4.16&#8243; text_font=&#8221;Montserrat|700|||||||&#8221; link_text_color=&#8221;#333333&#8243; ul_text_color=&#8221;#c5e0dc&#8221; header_2_font=&#8221;Montserrat|700|||||||&#8221; header_2_font_size=&#8221;3vw&#8221; header_2_line_height=&#8221;1.8em&#8221; custom_margin=&#8221;|||-2vw|false|false&#8221; header_2_font_size_tablet=&#8221;36px&#8221; header_2_font_size_phone=&#8221;&#8221; header_2_font_size_last_edited=&#8221;on|desktop&#8221; global_colors_info=&#8221;{}&#8221;]<\/p>\n<h2>DRFATIHIRMAK.COM G\u0130ZL\u0130L\u0130K POL\u0130T\u0130KASI<\/h2>\n<p>[\/et_pb_text][\/et_pb_column][\/et_pb_row][et_pb_row _builder_version=&#8221;4.16&#8243; width=&#8221;90%&#8221; max_width=&#8221;80%&#8221; custom_padding=&#8221;0px||0px|||&#8221; global_colors_info=&#8221;{}&#8221;][et_pb_column type=&#8221;4_4&#8243; _builder_version=&#8221;4.16&#8243; global_colors_info=&#8221;{}&#8221;][et_pb_text _builder_version=&#8221;4.16&#8243; text_font_size=&#8221;17px&#8221; custom_padding=&#8221;50px|||||&#8221; global_colors_info=&#8221;{}&#8221;]<\/p>\n<p>Bu gizlilik politikas\u0131 (&#8220;Politika&#8221;), Web Sitesi Operat\u00f6r\u00fcn\u00fcn (&#8220;Web Sitesi Operat\u00f6r\u00fc&#8221;, &#8220;biz&#8221; veya &#8220;bizim&#8221;), sizin (\u201cKullan\u0131c\u0131\u201d, &#8220;siz&#8221; veya &#8220;sizin&#8221;) drfatihirmak.com web sitesine ve herhangi bir \u00fcr\u00fcn veya hizmetine (topluca &#8220;Web Sitesi&#8221; veya &#8220;Hizmetler&#8221;) temin etti\u011finiz \u015fahs\u00ee tan\u0131t\u0131c\u0131 bilgileri (&#8220;Ki\u015fisel Bilgiler&#8221;) nas\u0131l toplad\u0131\u011f\u0131n\u0131, korudu\u011funu ve kulland\u0131\u011f\u0131n\u0131 a\u00e7\u0131klar.<\/p>\n<p>Ayr\u0131ca Ki\u015fisel Bilgilerinizi kullan\u0131m\u0131m\u0131z ve bu bilgilere ne \u015fekilde eri\u015febilece\u011finiz ve bu bilgileri nas\u0131l g\u00fcncelleyebilece\u011finizle ilgili olarak kullanabilece\u011finiz se\u00e7enekleri de a\u00e7\u0131klar. Bu Politika, sahibi olmad\u0131\u011f\u0131m\u0131z veya kontrol etmedi\u011fimiz \u015firketlerin uygulamalar\u0131 veya istihdam etmedi\u011fimiz veya y\u00f6netmedi\u011fimiz bireyler i\u00e7in ge\u00e7erli de\u011fildir.<\/p>\n<p>Otomatik bilgi toplama<\/p>\n<p>En b\u00fcy\u00fck \u00f6nceli\u011fimiz m\u00fc\u015fteri veri g\u00fcvenli\u011fidir ve bu nedenle g\u00fcnl\u00fck tutmama politikas\u0131 uygular\u0131z. Web Sitesinin veya Hizmetlerin bak\u0131m\u0131n\u0131n kesinlikle gerektirdi\u011fi kadar ve yaln\u0131zca minimum kullan\u0131c\u0131 verilerini i\u015flemekteyiz. Otomatik olarak toplanan bilgiler yaln\u0131zca olas\u0131 k\u00f6t\u00fcye kullan\u0131m durumlar\u0131n\u0131 tan\u0131mlamak ve Web sitesi kullan\u0131m\u0131 ile ilgili istatistiksel bilgiler olu\u015fturmak i\u00e7in kullan\u0131l\u0131r. Bu istatistiksel bilgi, sistemin belirli bir kullan\u0131c\u0131s\u0131n\u0131 tan\u0131mlayacak \u015fekilde birle\u015ftirilmez.<\/p>\n<p>Ki\u015fisel bilgilerin toplanmas\u0131<\/p>\n<p>Bize kim oldu\u011funuzu s\u00f6ylemeden veya birisinin sizi belirli, tan\u0131nabilir bir birey olarak kimliklendirebilece\u011fi bilgileri a\u00e7\u0131klamadan Web Sitesini ziyaret edebilirsiniz. Bununla birlikte, Web Sitesinin baz\u0131 \u00f6zelliklerini kullanmak isterseniz, belirli Ki\u015fisel Bilgileri (\u00f6rne\u011fin ad\u0131n\u0131z ve e-posta adresiniz) sa\u011flaman\u0131z istenecektir. Web Sitesindeki herhangi bir \u00e7evrimi\u00e7i formu doldurdu\u011funuzda bize bilginiz dahilinde verdi\u011finiz bilgileri al\u0131r ve saklar\u0131z. Gerekti\u011finde, bu bilgiler a\u015fa\u011f\u0131dakileri i\u00e7erebilir:<\/p>\n<p>&#8211; \u0130sim, ikamet etti\u011fi \u00fclke vb. Ki\u015fisel bilgiler.<br \/>&#8211; E-posta adresi, adres vb. \u0130leti\u015fim bilgileri<\/p>\n<p>Bize Ki\u015fisel Bilgilerinizi vermemeyi se\u00e7ebilirsiniz, ancak o zaman Web Sitesinin baz\u0131 \u00f6zelliklerinden yararlanamayabilirsiniz. Hangi bilgilerin zorunlu oldu\u011fu konusunda emin olmayan kullan\u0131c\u0131lar bizimle ileti\u015fime ge\u00e7ebilirler.<\/p>\n<p>Ki\u015fisel bilgileri saklama<\/p>\n<p>Ki\u015fisel Bilgilerinizi yasal y\u00fck\u00fcml\u00fcl\u00fcklerimize uymak, anla\u015fmazl\u0131klar\u0131 \u00e7\u00f6zmek ve s\u00f6zle\u015fmelerimizi y\u00fcr\u00fcrl\u00fc\u011fe koymak i\u00e7in yasalarca daha uzun bir saklama s\u00fcresi gerekmedi\u011fi veya buna izin verilmedi\u011fi s\u00fcrece, gereken s\u00fcre boyunca saklay\u0131p kullanaca\u011f\u0131z. Ki\u015fisel Bilgilerinizi g\u00fcncelledikten veya sildikten sonra bunlardan elde edilmi\u015f veya bunlar\u0131n dahil edildi\u011fi herhangi bir birle\u015ftirilmi\u015f veriyi kullanabiliriz, ancak sizi ki\u015fisel olarak tan\u0131mlayacak \u015fekilde kullanmay\u0131z. Saklama s\u00fcresi sona erdi\u011finde, Ki\u015fisel Bilgiler silinecektir. Bu nedenle, saklama hakk\u0131 sona erdikten sonra eri\u015fim hakk\u0131, silme hakk\u0131, d\u00fczeltme hakk\u0131 ve veri ta\u015f\u0131nabilirli\u011fi hakk\u0131 uygulanamaz.<\/p>\n<p>Toplanan bilgilerin kullan\u0131m\u0131 ve i\u015flenmesi<\/p>\n<p>Web Sitemizi ve Hizmetlerimizi sizin i\u00e7in kullan\u0131labilir hale getirmek veya yasal bir y\u00fck\u00fcml\u00fcl\u00fc\u011f\u00fc yerine getirmek i\u00e7in belirli Ki\u015fisel Bilgileri toplamam\u0131z ve kullanmam\u0131z gerekir. \u0130stedi\u011fimiz bilgileri sa\u011flamazsan\u0131z, size istenen \u00fcr\u00fcn veya hizmetleri sa\u011flayamayabiliriz. Baz\u0131 bilgileri Web Sitemiz arac\u0131l\u0131\u011f\u0131yla do\u011frudan sizden toplar\u0131z. Ancak, sizinle ilgili Ki\u015fisel Bilgileri ba\u015fka kaynaklardan da toplayabiliriz. Sizden toplad\u0131\u011f\u0131m\u0131z bilgilerden herhangi biri a\u015fa\u011f\u0131daki ama\u00e7lar i\u00e7in kullan\u0131labilir:<\/p>\n<p>&#8211; Sorulara yan\u0131t vermek ve destek sunmak<br \/>&#8211; Kullan\u0131c\u0131 geri bildirimi istemek<br \/>&#8211; Kullan\u0131c\u0131 deneyimini geli\u015ftirmek<br \/>&#8211; H\u00fck\u00fcm ve ko\u015fullar\u0131 ve politikalar\u0131 uygulamak<br \/>&#8211; Web Sitemizi ve Hizmetlerimizi i\u015fletmek ve y\u00fcr\u00fctmek<\/p>\n<p>Ki\u015fisel Bilgilerinizin i\u015flenmesi, d\u00fcnyan\u0131n neresinde bulundu\u011funuz, Web Sitemizle nas\u0131l etkile\u015fime girdi\u011finiz ve a\u015fa\u011f\u0131dakilerden birinin ge\u00e7erli olup olmad\u0131\u011f\u0131na ba\u011fl\u0131d\u0131r: (i) Bir veya daha fazla belirli ama\u00e7 i\u00e7in buna onay vermi\u015f oldu\u011funuz durumda. Bununla birlikte bu \u015fart, Ki\u015fisel Bilgilerin i\u015flenmesi e\u011fer Kaliforniya T\u00fcketici Gizlilik Yasas\u0131&#8217;na veya Avrupa Veri Koruma Kanununa tabi ise ge\u00e7erli de\u011fildir; (ii) Sizinle yap\u0131lan bir anla\u015fman\u0131n yerine getirilmesi ve \/ veya s\u00f6zle\u015fme \u00f6ncesi y\u00fck\u00fcml\u00fcl\u00fckleri i\u00e7in bilgi sa\u011flanmas\u0131n\u0131n gerekli oldu\u011fu; (iii) \u0130\u015flemenin, t\u00e2bi oldu\u011funuz yasal bir y\u00fck\u00fcml\u00fcl\u00fc\u011fe uymak i\u00e7in gerekli<br \/>oldu\u011fu; (iv) \u0130\u015flemenin, kamu yarar\u0131na y\u00fcr\u00fct\u00fclen veya resmi \u015fekilde yetkilendirildi\u011fimiz bir g\u00f6revle ba\u011flant\u0131l\u0131 oldu\u011fu; (v) \u0130\u015flemenin, taraf\u0131m\u0131zca veya \u00fc\u00e7\u00fcnc\u00fc bir \u015fah\u0131s\u00e7a g\u00fcd\u00fclen me\u015fru menfaatler i\u00e7in gerekli oldu\u011fu durumlarda.<\/p>\n<p>Baz\u0131 mevzuatlara g\u00f6re, bu t\u00fcr i\u015flemlere itiraz edene kadar (kapsam d\u0131\u015f\u0131nda kalmay\u0131 se\u00e7erek), a\u015fa\u011f\u0131daki onaylara veya a\u015fa\u011f\u0131daki yasal dayanaklara dayanmak zorunda kalmadan bilgileri i\u015flememize izin verilebilece\u011fini unutmay\u0131n. Her hal\u00fckarda, i\u015flem i\u00e7in ge\u00e7erli olan spesifik yasal temeli ve \u00f6zellikle<br \/>Ki\u015fisel Bilgilerin sa\u011flanmas\u0131n\u0131n kanundan veya s\u00f6zle\u015fmeden do\u011fan bir k\u00fclfet veya s\u00f6zle\u015fmeye girmesine ihtiya\u00e7 duyulan bir gereklilik olup olmad\u0131\u011f\u0131n\u0131 a\u00e7\u0131kl\u0131\u011fa kavu\u015fturmaktan memnuniyet duyar\u0131z.<\/p>\n<p>Bilgi aktar\u0131m\u0131 ve depolama<\/p>\n<p>Bulundu\u011funuz yere ba\u011fl\u0131 olarak veri aktar\u0131mlar\u0131, bilgilerinizi kendi \u00fclkeniz d\u0131\u015f\u0131nda bir \u00fclkede aktarmay\u0131 ve depolamay\u0131 i\u00e7erebilir. Avrupa Birli\u011fi d\u0131\u015f\u0131ndaki bir \u00fclkeye veya uluslararas\u0131 kamu hukuku ile y\u00f6netilen veya BM gibi iki veya daha fazla \u00fclke taraf\u0131ndan kurulan herhangi bir uluslararas\u0131<br \/>kurulu\u015fa bilgi aktar\u0131m\u0131n\u0131n yasal dayana\u011f\u0131 ve bilgilerinizi korumak i\u00e7in ald\u0131\u011f\u0131m\u0131z g\u00fcvenlik \u00f6nlemleri hakk\u0131nda bilgi edinme hakk\u0131n\u0131z vard\u0131r. Bu t\u00fcr bir aktar\u0131m ger\u00e7ekle\u015firse, bu belgenin ilgili b\u00f6l\u00fcmlerini kontrol ederek daha fazla bilgi edinebilir veya ileti\u015fim b\u00f6l\u00fcm\u00fcnde verilen bilgileri kullanarak bize<br \/>dan\u0131\u015fabilirsiniz.<\/p>\n<p>Kullan\u0131c\u0131lar\u0131n haklar\u0131<\/p>\n<p>Taraf\u0131m\u0131zdan i\u015flenen bilgilerinizle ilgili belirli haklar kullanabilirsiniz. \u00d6zellikle, a\u015fa\u011f\u0131dakileri yapma hakk\u0131na sahipsiniz: (i) bilgilerinizin i\u015flenmesi i\u00e7in daha \u00f6nce onay verdi\u011finiz durumlarda onay\u0131n\u0131z\u0131 geri \u00e7ekme hakk\u0131na sahipsiniz; (ii) i\u015flem, r\u0131za d\u0131\u015f\u0131nda yasal bir temelde ger\u00e7ekle\u015ftiriliyorsa, bilgilerinizin i\u015flenmesine itiraz etme hakk\u0131n\u0131z vard\u0131r; (iii) bilginin bizim taraf\u0131m\u0131zdan i\u015flenip i\u015flenmedi\u011fini \u00f6\u011frenme, i\u015flemenin belirli y\u00f6nleri hakk\u0131nda a\u00e7\u0131klama alma ve i\u015fleme tabi tutulan bilgilerin bir kopyas\u0131n\u0131 edinme hakk\u0131n\u0131z vard\u0131r; (iv) bilgilerinizin ge\u00e7erlili\u011fini do\u011frulama ve bunlar\u0131n g\u00fcncellenmesini veya<br \/>d\u00fczeltilmesini isteme hakk\u0131n\u0131z vard\u0131r; (v) belirli ko\u015fullar alt\u0131nda bilgilerinizin i\u015flenmesini k\u0131s\u0131tlama hakk\u0131na sahip olursan\u0131z, bu durumda bilgilerinizi depolama d\u0131\u015f\u0131nda ba\u015fka bir ama\u00e7 i\u00e7in i\u015flemeyece\u011fiz; (vi) belirli ko\u015fullar alt\u0131nda Ki\u015fisel Bilgilerinizi bizden silmeye hakk\u0131n\u0131z vard\u0131r; (vii) bilgilerinizi yap\u0131land\u0131r\u0131lm\u0131\u015f, yayg\u0131n olarak kullan\u0131lan ve makine taraf\u0131ndan okunabilir bir formatta alma ve teknik olarak uygunsa herhangi bir engel olmaks\u0131z\u0131n ba\u015fka bir denetleyiciye aktarma hakk\u0131na sahipsiniz. Bu h\u00fck\u00fcm, bilgilerinizin otomatik yollarla i\u015flenmesi ve i\u015flemin sizin izninize, par\u00e7as\u0131 oldu\u011funuz bir<br \/>s\u00f6zle\u015fmeye veya s\u00f6zle\u015fme \u00f6ncesi y\u00fck\u00fcml\u00fcl\u00fcklerine dayanmas\u0131 ko\u015fuluyla ge\u00e7erlidir.<\/p>\n<p>\u0130\u015fleme itiraz hakk\u0131<\/p>\n<p>Ki\u015fisel Bilgilerin kamu yarar\u0131na, resmi \u015fekilde yetkilendirildi\u011fimiz veya bizim taraf\u0131m\u0131zdan takip edilen me\u015fru menfaatler amac\u0131yla i\u015flenmesi durumunda \u00f6zel durumunuzla ilgili itiraz\u0131n\u0131z\u0131 hakl\u0131 k\u0131lacak bir zemin sunarak bu t\u00fcr i\u015flemlere itiraz edebilirsiniz. Bununla birlikte, Ki\u015fisel Bilgilerinizin do\u011frudan pazarlama ama\u00e7lar\u0131 i\u00e7in i\u015flenmesi durumunda, herhangi bir gerek\u00e7e sunmadan bu i\u015fleme herhangi bir zamanda itiraz edebilece\u011finizi bilmelisiniz. Ki\u015fisel Bilgileri do\u011frudan pazarlama amac\u0131yla i\u015fleyip i\u015flemedi\u011fimizi \u00f6\u011frenmek i\u00e7in bu belgenin ilgili b\u00f6l\u00fcmlerine ba\u015fvurabilirsiniz.<\/p>\n<p>Bu haklar nas\u0131l kullan\u0131l\u0131r?<\/p>\n<p>Kullan\u0131c\u0131 haklar\u0131n\u0131 kullanmak i\u00e7in herhangi bir talep, bu belgede sa\u011flanan ileti\u015fim bilgileri arac\u0131l\u0131\u011f\u0131yla Sahipe y\u00f6nlendirilebilir. Bu talepler \u00fccretsiz olarak ger\u00e7ekle\u015ftirilebilir ve Sahibi taraf\u0131ndan m\u00fcmk\u00fcn olan en erken zamanda ele al\u0131nacakt\u0131r.<\/p>\n<p>California gizlilik haklar\u0131<\/p>\n<p>Bu Gizlilik Politikas\u0131nda a\u00e7\u0131klanan haklara ek olarak, ki\u015fisel, aile veya hanehalk\u0131 kullan\u0131m\u0131 i\u00e7in \u00fcr\u00fcn veya hizmet elde etmek \u00fczere Ki\u015fisel Bilgilerini (t\u00fcz\u00fckte tan\u0131mland\u0131\u011f\u0131 gibi) temin eden Kaliforniya sakinleri, bir takvim y\u0131l\u0131nda bir defa olmak \u00fczere, e\u011fer varsa pazarlama ama\u00e7l\u0131 di\u011fer i\u015fletmelerle<br \/>payla\u015ft\u0131\u011f\u0131m\u0131z Ki\u015fisel Bilgiler hakk\u0131nda bilgi talebinde bulunma ve bizden alma hakk\u0131na sahiptir. M\u00fcmk\u00fcnse, bu bilgiler Ki\u015fisel Bilgiler kategorilerini ve bir \u00f6nceki takvim y\u0131l\u0131 i\u00e7in bu ki\u015fisel bilgileri payla\u015ft\u0131\u011f\u0131m\u0131z i\u015fletmelerin adlar\u0131n\u0131 ve adreslerini i\u00e7erecektir (\u00f6rne\u011fin, cari y\u0131lda yap\u0131lan talepler \u00f6nceki y\u0131la ili\u015fkin bilgi alacakt\u0131r) . Bu bilgiyi edinmek i\u00e7in l\u00fctfen bizimle ileti\u015fime ge\u00e7in.<\/p>\n<p>\u00c7ocuklar\u0131n mahremiyeti<\/p>\n<p>13 ya\u015f\u0131n alt\u0131ndaki \u00e7ocuklardan bilerek herhangi bir Ki\u015fisel Bilgi toplam\u0131yoruz. 13 ya\u015f\u0131n alt\u0131ndaysan\u0131z, l\u00fctfen Web Sitemiz veya Hizmetimiz arac\u0131l\u0131\u011f\u0131yla herhangi bir Ki\u015fisel Bilgi g\u00f6ndermeyin. Ebeveynleri ve yasal vasileri \u00e7ocuklar\u0131n\u0131n \u0130nternet kullan\u0131m\u0131n\u0131 izlemeye ve \u00e7ocuklar\u0131na izinleri olmadan asla Web<br \/>Sitemiz veya Hizmetimiz arac\u0131l\u0131\u011f\u0131yla Ki\u015fisel Bilgi vermemelerini s\u00f6yleyerek bu Politikan\u0131n uygulanmas\u0131na yard\u0131mc\u0131 olmaya te\u015fvik ediyoruz.<br \/>13 ya\u015f\u0131n alt\u0131ndaki bir \u00e7ocu\u011fun Web Sitemiz veya Hizmetimiz arac\u0131l\u0131\u011f\u0131yla bize Ki\u015fisel Bilgiler temin etti\u011fine inanmak i\u00e7in nedeniniz varsa, l\u00fctfen bizimle ileti\u015fime ge\u00e7in. \u00dclkenizde Ki\u015fisel Bilgilerinizin i\u015flenmesine onay verebilmek i\u00e7in en az 16 ya\u015f\u0131nda olmal\u0131s\u0131n\u0131z (baz\u0131 \u00fclkelerde ebeveyninizin veya<br \/>velinizin sizin ad\u0131n\u0131za bunu yapmas\u0131na izin verebiliriz).<\/p>\n<p>Haber b\u00fcltenleri<\/p>\n<p>\u0130stedi\u011finiz zaman g\u00f6n\u00fcll\u00fc olarak abone olabilece\u011finiz elektronik b\u00fcltenler sunuyoruz. E-posta adresinizi gizli tutmaya kararl\u0131y\u0131z ve e-posta adresinizi, bilgi kullan\u0131m\u0131 ve i\u015fleme b\u00f6l\u00fcm\u00fcnde izin verilmedik\u00e7e veya bu t\u00fcr e-postalar g\u00f6ndermek i\u00e7in \u00fc\u00e7\u00fcnc\u00fc taraf bir sa\u011flay\u0131c\u0131 kullanma amac\u0131 d\u0131\u015f\u0131nda<br \/>hi\u00e7bir \u00fc\u00e7\u00fcnc\u00fc tarafa if\u015fa etmeyece\u011fiz. E-posta ile g\u00f6nderilen bilgileri y\u00fcr\u00fcrl\u00fckteki yasa ve y\u00f6netmeliklere uygun olarak saklayaca\u011f\u0131z.<br \/>CAN-SPAM Yasas\u0131&#8217;na uygun olarak, bizden g\u00f6nderilen t\u00fcm e-postalar, e-postan\u0131n kimden geldi\u011fini a\u00e7\u0131k\u00e7a belirtecek ve g\u00f6nderene nas\u0131l ula\u015f\u0131laca\u011f\u0131 hakk\u0131nda a\u00e7\u0131k bilgi sa\u011flayacakt\u0131r. Bu e-postalarda yer alan abonelikten \u00e7\u0131kma talimatlar\u0131n\u0131 uygulayarak veya bizimle ileti\u015fime ge\u00e7erek b\u00fcltenimizi veya pazarlama e-postalar\u0131m\u0131z\u0131 almay\u0131 b\u0131rakmay\u0131 se\u00e7ebilirsiniz.<\/p>\n<p>\u00c7erezler<\/p>\n<p>Web Sitesi, \u00e7evrimi\u00e7i deneyiminizi ki\u015fiselle\u015ftirmek i\u00e7in &#8220;\u00e7erezler&#8221; kullan\u0131r. \u00c7erez, bir web sayfas\u0131 sunucusu taraf\u0131ndan sabit diskinize yerle\u015ftirilen bir metin dosyas\u0131d\u0131r. \u00c7erezler, programlar\u0131 \u00e7al\u0131\u015ft\u0131rmak veya bilgisayar\u0131n\u0131za vir\u00fcs bula\u015ft\u0131rmak i\u00e7in kullan\u0131lamaz. \u00c7erezler size benzersiz bir \u015fekilde atan\u0131r ve yaln\u0131zca \u00e7erezi size veren alan ad\u0131ndaki bir web sunucusu taraf\u0131ndan okunabilir. Web Sitemizi ve Hizmetlerimizi i\u015fletmek i\u00e7in istatistiksel ama\u00e7larla bilgi toplamak, saklamak ve izlemek i\u00e7in \u00e7erezleri kullanabiliriz. \u00c7erezleri kabul etme veya reddetme hakk\u0131na sahipsiniz. \u00c7o\u011fu web taray\u0131c\u0131s\u0131 \u00e7erezleri otomatik olarak kabul eder, ancak isterseniz taray\u0131c\u0131 ayarlar\u0131n\u0131z\u0131 genellikle \u00e7erezleri reddetmek i\u00e7in de\u011fi\u015ftirebilirsiniz. \u00c7erezler ve \u00e7erezlerin nas\u0131l y\u00f6netilece\u011fi hakk\u0131nda daha fazla bilgi edinmek i\u00e7in internetcookies.org adresini ziyaret edin<\/p>\n<p>Sinyalleri Takip Etme<\/p>\n<p>Baz\u0131 taray\u0131c\u0131larda, ziyaret etti\u011finiz web sitelerine \u00e7evrimi\u00e7i etkinli\u011finizin izlenmesini istemedi\u011finizi g\u00f6steren bir Takip Etme \u00f6zelli\u011fi bulunur. \u0130zleme, bir web sitesi ile ba\u011flant\u0131l\u0131 olarak bilgi kullanmak veya toplamakla ayn\u0131 \u015fey de\u011fildir. Bu ama\u00e7lar i\u00e7in izleme, bir web sitesini veya \u00e7evrimi\u00e7i hizmeti kullan\u0131rken veya zaman i\u00e7inde farkl\u0131 web siteleri aras\u0131nda dola\u015f\u0131rken siteyi ziyaret eden t\u00fcketicilerden ki\u015fisel olarak tan\u0131mlay\u0131c\u0131 bilgilerin toplanmas\u0131n\u0131 ifade eder. Web Sitemiz, zaman i\u00e7inde ve \u00fc\u00e7\u00fcnc\u00fc taraf web sitelerinde ziyaret\u00e7ilerini izlememektedir. Bununla birlikte, baz\u0131 \u00fc\u00e7\u00fcnc\u00fc taraf siteleri size i\u00e7erik sunduklar\u0131nda tarama etkinliklerinizi izleyebilir ve bu da size sunduklar\u0131n\u0131 uyarlamalar\u0131n\u0131 sa\u011flar.<\/p>\n<p>Di\u011fer web sitelerine ba\u011flant\u0131lar<\/p>\n<p>Web Sitemiz, bize ait olmayan veya bizim taraf\u0131m\u0131zdan kontrol edilmeyen di\u011fer web sitelerine ba\u011flant\u0131lar i\u00e7erir. Bu t\u00fcr di\u011fer web sitelerinin veya \u00fc\u00e7\u00fcnc\u00fc taraflar\u0131n gizlilik uygulamalar\u0131ndan sorumlu olmad\u0131\u011f\u0131m\u0131z\u0131 l\u00fctfen unutmay\u0131n. Web Sitemizden ayr\u0131ld\u0131\u011f\u0131n\u0131zda bunun fark\u0131nda olman\u0131z\u0131 ve Ki\u015fisel Bilgi toplayabilecek her bir web sitesinin gizlilik bildirimlerini okuman\u0131z\u0131 \u00f6neririz.<\/p>\n<p>Bilgi G\u00fcvenli\u011fi<\/p>\n<p>Bilgisayar sunucular\u0131nda sa\u011flad\u0131\u011f\u0131n\u0131z bilgileri, yetkisiz eri\u015fime, kullan\u0131ma veya if\u015faya kar\u015f\u0131 korumal\u0131, kontroll\u00fc ve g\u00fcvenli bir ortamda sakl\u0131yoruz. Ki\u015fisel Bilgilerin kontrol\u00fcnde ve g\u00f6zetiminde yetkisiz eri\u015fime, kullan\u0131ma, de\u011fi\u015ftirilmeye ve if\u015fa edilmeye kar\u015f\u0131 korunma \u00e7abas\u0131yla makul idari, teknik ve<br \/>fiziksel g\u00fcvenceler sa\u011fl\u0131yoruz. Ancak, \u0130nternet veya kablosuz a\u011f \u00fczerinden veri aktar\u0131m\u0131 garanti edilemez. Bu nedenle, Ki\u015fisel Bilgilerinizi korumaya \u00e7al\u0131\u015f\u0131rken, (i) \u0130nternet&#8217;in kontrol\u00fcm\u00fcz\u00fcn \u00f6tesinde g\u00fcvenlik ve gizlilik s\u0131n\u0131rlamalar\u0131 mevcut; (ii) sizinle Web sitemiz aras\u0131nda al\u0131n\u0131p verilen bilgi ve verilerin g\u00fcvenli\u011fi, b\u00fct\u00fcnl\u00fc\u011f\u00fc ve gizlili\u011finin garanti edilemez; ve (iii) bu t\u00fcr bilgi ve verilerin, en y\u00fcksek \u00e7abaya ra\u011fmen, \u00fc\u00e7\u00fcnc\u00fc bir taraf\u00e7a transit olarak g\u00f6r\u00fcnt\u00fclenebilir veya de\u011fi\u015ftirilebilir oldu\u011fu hakk\u0131nda sizi bilgilendiririz.<\/p>\n<p>Veri ihlali<\/p>\n<p>Web Sitesinin g\u00fcvenli\u011finin tehlikeye girdi\u011finin veya kullan\u0131c\u0131lar\u0131n Ki\u015fisel Bilgilerin, g\u00fcvenlik sald\u0131r\u0131lar\u0131 veya sahtekarl\u0131k da dahil, ancak bunlarla s\u0131n\u0131rl\u0131 olmamak \u00fczere harici faaliyetlerin bir sonucu olarak ilgisiz \u00fc\u00e7\u00fcnc\u00fc taraflara if\u015fa edildi\u011finin fark\u0131na var\u0131lmas\u0131 durumunda, soru\u015fturma ve raporlaman\u0131n yan\u0131 s\u0131ra kolluk kuvvetlerine bildirim ve i\u015fbirli\u011fi de dahil olmak, ancak bunlarla s\u0131n\u0131rl\u0131 olmamak \u00fczere, makul \u00f6nlemleri alma hakk\u0131m\u0131z\u0131 sakl\u0131 tutar\u0131z. Veri ihlali durumunda, ihlalin sonucu olarak kullan\u0131c\u0131 i\u00e7in mant\u0131kl\u0131 bir zarar riski oldu\u011funa inan\u0131rsak etkilenen ki\u015filere bildirimde veya kanunen ba\u015fka t\u00fcrl\u00fc<br \/>ihtarda bulunulmas\u0131 gerekiyorsa o \u015fekilde uyar\u0131da bulunmak i\u00e7in makul \u00e7aba g\u00f6sterece\u011fiz. Bunu yapt\u0131\u011f\u0131m\u0131zda, Web Sitesinde bir bildirim yay\u0131nlayaca\u011f\u0131z.<\/p>\n<p>Yasal a\u00e7\u0131klama<\/p>\n<p>Mahkeme celbine riayet etme veya benzeri bir yasal s\u00fcrece uymak ve haklar\u0131m\u0131z\u0131, sizin ya da ba\u015fkalar\u0131n\u0131n g\u00fcvenli\u011fini korumak i\u00e7in a\u00e7\u0131klaman\u0131n gerekli oldu\u011funa inand\u0131\u011f\u0131m\u0131zda ve doland\u0131r\u0131c\u0131l\u0131k soru\u015fturmas\u0131 veya bir h\u00fck\u00fcmet talebine yan\u0131t vermek gibi kanunen gereken ya da izin verilen<br \/>durumlarda toplad\u0131\u011f\u0131m\u0131z, kulland\u0131\u011f\u0131m\u0131z veya ald\u0131\u011f\u0131m\u0131z bilgileri a\u00e7\u0131klayaca\u011f\u0131z.<\/p>\n<p>De\u011fi\u015fiklikler ve d\u00fczeltmeler<\/p>\n<p>Bu Gizlilik Politikas\u0131n\u0131 kendi takdirimize ba\u011fl\u0131 olarak zaman zaman g\u00fcncelleyebiliriz ve Ki\u015fisel Bilgileri i\u015fleme bi\u00e7imimizdeki \u00f6nemli de\u011fi\u015fiklikleri size bildiririz. De\u011fi\u015fiklikler yap\u0131ld\u0131\u011f\u0131nda, Web sitemizin ana sayfas\u0131nda bir bildirim yay\u0131nlayaca\u011f\u0131z. Ayr\u0131ca, sa\u011flad\u0131\u011f\u0131n\u0131z ileti\u015fim bilgileri \u00fczerinden olmak gibi<br \/>takdirimize ba\u011fl\u0131 olarak size ba\u015fka \u015fekillerde de bildirimde bulunabiliriz. Bu Gizlilik Politikas\u0131n\u0131n g\u00fcncellenmi\u015f herhangi bir s\u00fcr\u00fcm\u00fc, aksi belirtilmedik\u00e7e, g\u00f6zden ge\u00e7irilmi\u015f Gizlilik Politikas\u0131n\u0131n yay\u0131nlanmas\u0131ndan hemen sonra ge\u00e7erli olacakt\u0131r. G\u00f6zden Ge\u00e7irilmi\u015f Gizlilik Politikas\u0131n\u0131n y\u00fcr\u00fcrl\u00fck tarihinden (veya o tarihte belirtilen ba\u015fka bir i\u015flemden) sonra Web Sitesini veya Hizmetleri kullanmaya devam etmeniz, bu de\u011fi\u015fikliklere r\u0131za g\u00f6stermeniz anlam\u0131na gelecektir. Ancak, sizin izniniz olmadan, Ki\u015fisel Verilerinizi, Ki\u015fisel Verilerinizin topland\u0131\u011f\u0131 tarihte belirtilenden farkl\u0131 bir \u015fekilde<br \/>kullanmayaca\u011f\u0131z. Politika\u00a0 https:\/\/www.WebsitePolicies.com ile olu\u015fturuldu<\/p>\n<p>Bu politikan\u0131n kabul\u00fc<\/p>\n<p>Bu Politikay\u0131 okudu\u011funuzu ve t\u00fcm h\u00fck\u00fcm ve ko\u015fullar\u0131n\u0131 kabul etti\u011finizi onaylars\u0131n\u0131z. Web Sitesini veya Hizmetlerini kullanarak bu Politikaya tabi olmay\u0131 kabul etmi\u015f olursunuz. Bu Politikan\u0131n \u015fartlar\u0131na uymay\u0131 kabul etmiyorsan\u0131z, Web Sitesini ve Hizmetlerini kullanma veya bunlara eri\u015fim yetkiniz yoktur.<\/p>\n<p>Bize ula\u015fma<\/p>\n<p>Bu Politika hakk\u0131nda daha fazla bilgi edinmek i\u00e7in bizimle ileti\u015fime ge\u00e7meyi ister veya ki\u015fisel haklar\u0131n\u0131z ve Ki\u015fisel Bilgileriniz ile ilgili herhangi bir konuda bizimle temas etmeyi arzu ederseniz, info@drfatihirmak.com adresine bir e-posta g\u00f6nderebilirsiniz.<\/p>\n<p>Bu belge en son 22 Nisan 2020 tarihinde g\u00fcncellenmi\u015ftir.<\/p>\n<p>[\/et_pb_text][\/et_pb_column][\/et_pb_row][\/et_pb_section]<\/p>\n","protected":false},"excerpt":{"rendered":"<p>DRFATIHIRMAK.COM G\u0130ZL\u0130L\u0130K POL\u0130T\u0130KASIBu gizlilik politikas\u0131 (&#8220;Politika&#8221;), Web Sitesi Operat\u00f6r\u00fcn\u00fcn (&#8220;Web Sitesi Operat\u00f6r\u00fc&#8221;, &#8220;biz&#8221; veya &#8220;bizim&#8221;), sizin (\u201cKullan\u0131c\u0131\u201d, &#8220;siz&#8221; veya &#8220;sizin&#8221;) drfatihirmak.com web sitesine ve herhangi bir \u00fcr\u00fcn veya hizmetine (topluca &#8220;Web Sitesi&#8221; veya &#8220;Hizmetler&#8221;) temin etti\u011finiz \u015fahs\u00ee tan\u0131t\u0131c\u0131 bilgileri (&#8220;Ki\u015fisel Bilgiler&#8221;) nas\u0131l toplad\u0131\u011f\u0131n\u0131, korudu\u011funu ve kulland\u0131\u011f\u0131n\u0131 a\u00e7\u0131klar. Ayr\u0131ca Ki\u015fisel Bilgilerinizi kullan\u0131m\u0131m\u0131z ve bu bilgilere ne [&hellip;]<\/p>\n","protected":false},"author":1,"featured_media":0,"parent":0,"menu_order":10,"comment_status":"closed","ping_status":"closed","template":"","meta":{"_et_pb_use_builder":"on","_et_pb_old_content":"","_et_gb_content_width":"","footnotes":""},"class_list":["post-2330","page","type-page","status-publish","hentry"],"_links":{"self":[{"href":"https:\/\/www.drfatihirmak.com\/de\/wp-json\/wp\/v2\/pages\/2330","targetHints":{"allow":["GET"]}}],"collection":[{"href":"https:\/\/www.drfatihirmak.com\/de\/wp-json\/wp\/v2\/pages"}],"about":[{"href":"https:\/\/www.drfatihirmak.com\/de\/wp-json\/wp\/v2\/types\/page"}],"author":[{"embeddable":true,"href":"https:\/\/www.drfatihirmak.com\/de\/wp-json\/wp\/v2\/users\/1"}],"replies":[{"embeddable":true,"href":"https:\/\/www.drfatihirmak.com\/de\/wp-json\/wp\/v2\/comments?post=2330"}],"version-history":[{"count":0,"href":"https:\/\/www.drfatihirmak.com\/de\/wp-json\/wp\/v2\/pages\/2330\/revisions"}],"wp:attachment":[{"href":"https:\/\/www.drfatihirmak.com\/de\/wp-json\/wp\/v2\/media?parent=2330"}],"curies":[{"name":"wp","href":"https:\/\/api.w.org\/{rel}","templated":true}]}}